{"id":1652,"date":"2024-04-16T07:25:23","date_gmt":"2024-04-16T07:25:23","guid":{"rendered":"https:\/\/dev4.acvision.ro\/store\/produs\/patona-protect-baterie-pt-lp-e6nh-pt-canon-eos-r5-eos-r6-r6ii-r7\/"},"modified":"2024-06-17T06:34:12","modified_gmt":"2024-06-17T06:34:12","slug":"patona-protect-baterie-pt-lp-e6nh-pt-canon-eos-r5-eos-r6-r6ii-r7","status":"publish","type":"product","link":"https:\/\/all4laptop.ro\/store\/produs\/patona-protect-baterie-pt-lp-e6nh-pt-canon-eos-r5-eos-r6-r6ii-r7\/","title":{"rendered":"PATONA PROTECT Baterie pt. LP-E6NH pt. Canon EOS R5 EOS R6 R6II R7"},"content":{"rendered":"<h2>PATONA PROTECT Baterie pt. LP-E6NH pt. Canon EOS R5 EOS R6 R6II R7<\/h2>\n<p>Bateriile noastre din seria <strong>PATONA PROTECT <\/strong>sunt noi \u0219i exclusive. Acestea se caracterizeaz\u0103 printr-o carcas\u0103 extrem de rezistent\u0103 la c\u0103ldur\u0103 \u0219i foc. A fost dezvoltat special pentru utilizare continu\u0103 extrem\u0103.<br \/>Carcasa bateriei realizat\u0103 din material ignifug V1 asigur\u0103 c\u0103 temperaturile carcasei chiar \u0219i p\u00e2n\u0103 la 90 de grade pot fi suportate f\u0103r\u0103 a se deforma. <br \/> \u00cen plus, pentru aceast\u0103 baterie sunt folosite doar celule de \u00eenalt\u0103 performan\u021b\u0103 de marc\u0103 selectate. <strong>Seria PATONA PROTECT <\/strong>este noua revolu\u021bie pe pia\u021ba bateriilor, care combin\u0103 securitatea \u0219i performan\u021ba extrem de ridicate cu durabilitatea.<br \/> Ca \u0219i \u00een cazul bateriei originale, rezisten\u021be NTC (coeficient de temperatur\u0103 negativ) sunt ata\u0219ate la placa de circuit a bateriei, care controleaz\u0103 controlul temperaturii \u0219i se opresc automat \u00een caz de supra\u00eenc\u0103lzire.<\/p>\n<p><iframe loading=\"lazy\" frameborder=\"0\" src=\"https:\/\/www.youtube. com\/embed\/-jWX-9oNilI?si=oRbz3gxKpmRv2PY1\" width=\"560\" height=\"315\" allowfullscreen=\"\"><\/iframe><\/p>\n<p><strong>Date tehnice:<\/p>\n<p> strong>Capacitate: 2400mAh \/ 17,28Wh<br \/> Tensiune: 7,2 Vol\u021bi<br \/> Tipul celulei: Li-Ion<br \/> Marca: PATONA PROTECT<\/p>\n<p><strong>Bateria este potrivit\u0103 pentru urm\u0103toarele modele:<\/strong><\/p>\n<p><strong>Canon<\/strong><br \/> EOS R5, R6, R6II, R7<\/p>\n<p> <strong>Aceast\u0103 baterie \u00eenlocuie\u0219te urm\u0103toarele tipuri de baterii originale:<\/strong><\/p>\n<p>LP-E6NH<\/p>\n<p>[Image id=&#8221;48832&#8243; lightbox=&#8221;true&#8221; alt=&#8221;PATONA PROTECT Baterie pt. Canon EOS R5 EOS R6 R7&#8243; ]<br \/>[Imagine id=&#8221;48833&#8243; lightbox=&#8221;true&#8221; alt=&#8221;PATONA PROTECT Baterie pt. Canon EOS R5 EOS R6 R7&#8243; ][Image id=&#8221;48834&#8243; lightbox=&#8221;true&#8221; alt=&#8221;PATONA PROTECT Baterie pt. Canon EOS R5 EOS R6 R7&#8243; ]<\/p>\n<p><strong> Informa\u021bii utile:<br \/><\/strong>Cu aceast\u0103 baterie Li-ion, achizi\u021biona\u021bi un <strong>produs de calitate. <\/strong> >Bateria este 100% identic\u0103 cu bateria original\u0103.<br \/>Toate bateriile sunt fabricate conform celor mai \u00eenalte standarde europene de calitate \u0219i se caracterizeaz\u0103 prin <strong>durabilitatea lor extrem\u0103<\/strong>.<br \/> \u00cen plus, bateriile noastre au cea mai mare stabilitate a ciclului, ceea ce \u00eenseamn\u0103 un num\u0103r mare de cicluri de \u00eenc\u0103rcare-desc\u0103rcare posibile.<br \/>Autodesc\u0103rcarea sc\u0103zut\u0103 a bateriilor asigur\u0103 pierderi reduse de energie atunci c\u00e2nd nu sunt utilizate.<br \/> Replic\u0103 bateriile compatibile au toate m\u0103surile de siguran\u021b\u0103 electronice din bateriile originale \u0219i, desigur, pot fi \u00eenc\u0103rcate cu acumulatorul original.<\/p>\n<p><span style=\"color: #ff0000;\"><strong>Reduceri atractive disponibile pentru dealeri &#8211; v\u0103 rug\u0103m s\u0103 contacta\u021bi managerul de cont pentru detalii.<\/strong><\/span><br \/><span style=\"color: #ff0000;\"><strong>Not\u0103 pentru distribuitorii no\u0219tri: seria de baterii PROTECT este posibil s\u0103 nu fie oferit\u0103 spre v\u00e2nzare pe eBay, Amazon, Otto \u0219i Kaufland.<\/strong><\/span><\/p>\n","protected":false},"excerpt":{"rendered":"<p>PATONA PROTECT Baterie pt. LP-E6NH pt. Canon EOS R5 EOS R6 R6II R7 Bateriile noastre din seria PATONA PROTECT sunt noi \u0219i exclusive. Acestea se caracterizeaz\u0103 printr-o carcas\u0103 extrem de rezistent\u0103 la c\u0103ldur\u0103 \u0219i foc. A fost dezvoltat special pentru utilizare continu\u0103 extrem\u0103.Carcasa bateriei realizat\u0103 din material ignifug V1 asigur\u0103 c\u0103 temperaturile carcasei chiar \u0219i [&hellip;]<\/p>\n","protected":false},"featured_media":1531,"comment_status":"open","ping_status":"closed","template":"","meta":{"_joinchat":[]},"product_cat":[192],"product_tag":[5595],"class_list":{"0":"post-1652","1":"product","2":"type-product","3":"status-publish","4":"has-post-thumbnail","6":"product_cat-baterii-camere-foto-video","7":"product_tag-a4lrop-13435","8":"product_shipping_class-valoare","10":"first","11":"instock","12":"shipping-taxable","13":"purchasable","14":"product-type-simple"},"yoast_head":"<!-- This site is optimized with the Yoast SEO plugin v22.7 - https:\/\/yoast.com\/wordpress\/plugins\/seo\/ -->\n<title>PATONA PROTECT Baterie pt. LP-E6NH pt. Canon EOS R5 EOS R6 R6II R7 - All4Laptop.ro<\/title>\n<meta name=\"robots\" content=\"index, follow, max-snippet:-1, max-image-preview:large, max-video-preview:-1\" \/>\n<link rel=\"canonical\" href=\"https:\/\/all4laptop.ro\/store\/produs\/patona-protect-baterie-pt-lp-e6nh-pt-canon-eos-r5-eos-r6-r6ii-r7\/\" \/>\n<meta property=\"og:locale\" content=\"ro_RO\" \/>\n<meta property=\"og:type\" content=\"article\" \/>\n<meta property=\"og:title\" content=\"PATONA PROTECT Baterie pt. LP-E6NH pt. Canon EOS R5 EOS R6 R6II R7 - All4Laptop.ro\" \/>\n<meta property=\"og:description\" content=\"PATONA PROTECT Baterie pt. LP-E6NH pt. Canon EOS R5 EOS R6 R6II R7 Bateriile noastre din seria PATONA PROTECT sunt noi \u0219i exclusive. Acestea se caracterizeaz\u0103 printr-o carcas\u0103 extrem de rezistent\u0103 la c\u0103ldur\u0103 \u0219i foc. A fost dezvoltat special pentru utilizare continu\u0103 extrem\u0103.Carcasa bateriei realizat\u0103 din material ignifug V1 asigur\u0103 c\u0103 temperaturile carcasei chiar \u0219i [&hellip;]\" \/>\n<meta property=\"og:url\" content=\"https:\/\/all4laptop.ro\/store\/produs\/patona-protect-baterie-pt-lp-e6nh-pt-canon-eos-r5-eos-r6-r6ii-r7\/\" \/>\n<meta property=\"og:site_name\" content=\"All4Laptop.ro\" \/>\n<meta property=\"article:publisher\" content=\"https:\/\/www.facebook.com\/all4laptop.ro\" \/>\n<meta property=\"article:modified_time\" content=\"2024-06-17T06:34:12+00:00\" \/>\n<meta property=\"og:image\" content=\"https:\/\/all4laptop.ro\/store\/wp-content\/uploads\/2024\/04\/13435-1_1280x1280.jpg\" \/>\n\t<meta property=\"og:image:width\" content=\"1090\" \/>\n\t<meta property=\"og:image:height\" content=\"1280\" \/>\n\t<meta property=\"og:image:type\" content=\"image\/jpeg\" \/>\n<meta name=\"twitter:card\" content=\"summary_large_image\" \/>\n<meta name=\"twitter:label1\" content=\"Timp estimat pentru citire\" \/>\n\t<meta name=\"twitter:data1\" content=\"2 minute\" \/>\n<script type=\"application\/ld+json\" class=\"yoast-schema-graph\">{\"@context\":\"https:\/\/schema.org\",\"@graph\":[{\"@type\":\"WebPage\",\"@id\":\"https:\/\/all4laptop.ro\/store\/produs\/patona-protect-baterie-pt-lp-e6nh-pt-canon-eos-r5-eos-r6-r6ii-r7\/\",\"url\":\"https:\/\/all4laptop.ro\/store\/produs\/patona-protect-baterie-pt-lp-e6nh-pt-canon-eos-r5-eos-r6-r6ii-r7\/\",\"name\":\"PATONA PROTECT Baterie pt. LP-E6NH pt. Canon EOS R5 EOS R6 R6II R7 - All4Laptop.ro\",\"isPartOf\":{\"@id\":\"https:\/\/all4laptop.ro\/store\/#website\"},\"primaryImageOfPage\":{\"@id\":\"https:\/\/all4laptop.ro\/store\/produs\/patona-protect-baterie-pt-lp-e6nh-pt-canon-eos-r5-eos-r6-r6ii-r7\/#primaryimage\"},\"image\":{\"@id\":\"https:\/\/all4laptop.ro\/store\/produs\/patona-protect-baterie-pt-lp-e6nh-pt-canon-eos-r5-eos-r6-r6ii-r7\/#primaryimage\"},\"thumbnailUrl\":\"https:\/\/all4laptop.ro\/store\/wp-content\/uploads\/2024\/04\/13435-1_1280x1280.jpg\",\"datePublished\":\"2024-04-16T07:25:23+00:00\",\"dateModified\":\"2024-06-17T06:34:12+00:00\",\"breadcrumb\":{\"@id\":\"https:\/\/all4laptop.ro\/store\/produs\/patona-protect-baterie-pt-lp-e6nh-pt-canon-eos-r5-eos-r6-r6ii-r7\/#breadcrumb\"},\"inLanguage\":\"ro-RO\",\"potentialAction\":[{\"@type\":\"ReadAction\",\"target\":[\"https:\/\/all4laptop.ro\/store\/produs\/patona-protect-baterie-pt-lp-e6nh-pt-canon-eos-r5-eos-r6-r6ii-r7\/\"]}]},{\"@type\":\"ImageObject\",\"inLanguage\":\"ro-RO\",\"@id\":\"https:\/\/all4laptop.ro\/store\/produs\/patona-protect-baterie-pt-lp-e6nh-pt-canon-eos-r5-eos-r6-r6ii-r7\/#primaryimage\",\"url\":\"https:\/\/all4laptop.ro\/store\/wp-content\/uploads\/2024\/04\/13435-1_1280x1280.jpg\",\"contentUrl\":\"https:\/\/all4laptop.ro\/store\/wp-content\/uploads\/2024\/04\/13435-1_1280x1280.jpg\",\"width\":1090,\"height\":1280},{\"@type\":\"BreadcrumbList\",\"@id\":\"https:\/\/all4laptop.ro\/store\/produs\/patona-protect-baterie-pt-lp-e6nh-pt-canon-eos-r5-eos-r6-r6ii-r7\/#breadcrumb\",\"itemListElement\":[{\"@type\":\"ListItem\",\"position\":1,\"name\":\"Prima pagin\u0103\",\"item\":\"https:\/\/all4laptop.ro\/store\/\"},{\"@type\":\"ListItem\",\"position\":2,\"name\":\"Magazin\",\"item\":\"https:\/\/all4laptop.ro\/store\/\"},{\"@type\":\"ListItem\",\"position\":3,\"name\":\"PATONA PROTECT Baterie pt. LP-E6NH pt. Canon EOS R5 EOS R6 R6II R7\"}]},{\"@type\":\"WebSite\",\"@id\":\"https:\/\/all4laptop.ro\/store\/#website\",\"url\":\"https:\/\/all4laptop.ro\/store\/\",\"name\":\"All4Laptop.ro\",\"description\":\"Baterii, tastaturi, incarcatoare, display-uri, coolere, balamale si piese laptop\",\"publisher\":{\"@id\":\"https:\/\/all4laptop.ro\/store\/#organization\"},\"alternateName\":\"All4Laptop by Mado Solutions\",\"potentialAction\":[{\"@type\":\"SearchAction\",\"target\":{\"@type\":\"EntryPoint\",\"urlTemplate\":\"https:\/\/all4laptop.ro\/store\/?s={search_term_string}\"},\"query-input\":\"required name=search_term_string\"}],\"inLanguage\":\"ro-RO\"},{\"@type\":\"Organization\",\"@id\":\"https:\/\/all4laptop.ro\/store\/#organization\",\"name\":\"Mado Solutions SRL\",\"alternateName\":\"All4Laptop.ro by Mado Solutions SRL\",\"url\":\"https:\/\/all4laptop.ro\/store\/\",\"logo\":{\"@type\":\"ImageObject\",\"inLanguage\":\"ro-RO\",\"@id\":\"https:\/\/all4laptop.ro\/store\/#\/schema\/logo\/image\/\",\"url\":\"https:\/\/all4laptop.ro\/store\/wp-content\/uploads\/2024\/05\/2.jpg\",\"contentUrl\":\"https:\/\/all4laptop.ro\/store\/wp-content\/uploads\/2024\/05\/2.jpg\",\"width\":408,\"height\":318,\"caption\":\"Mado Solutions SRL\"},\"image\":{\"@id\":\"https:\/\/all4laptop.ro\/store\/#\/schema\/logo\/image\/\"},\"sameAs\":[\"https:\/\/www.facebook.com\/all4laptop.ro\"]}]}<\/script>\n<!-- \/ Yoast SEO plugin. -->","yoast_head_json":{"title":"PATONA PROTECT Baterie pt. LP-E6NH pt. Canon EOS R5 EOS R6 R6II R7 - All4Laptop.ro","robots":{"index":"index","follow":"follow","max-snippet":"max-snippet:-1","max-image-preview":"max-image-preview:large","max-video-preview":"max-video-preview:-1"},"canonical":"https:\/\/all4laptop.ro\/store\/produs\/patona-protect-baterie-pt-lp-e6nh-pt-canon-eos-r5-eos-r6-r6ii-r7\/","og_locale":"ro_RO","og_type":"article","og_title":"PATONA PROTECT Baterie pt. LP-E6NH pt. Canon EOS R5 EOS R6 R6II R7 - All4Laptop.ro","og_description":"PATONA PROTECT Baterie pt. LP-E6NH pt. Canon EOS R5 EOS R6 R6II R7 Bateriile noastre din seria PATONA PROTECT sunt noi \u0219i exclusive. Acestea se caracterizeaz\u0103 printr-o carcas\u0103 extrem de rezistent\u0103 la c\u0103ldur\u0103 \u0219i foc. A fost dezvoltat special pentru utilizare continu\u0103 extrem\u0103.Carcasa bateriei realizat\u0103 din material ignifug V1 asigur\u0103 c\u0103 temperaturile carcasei chiar \u0219i [&hellip;]","og_url":"https:\/\/all4laptop.ro\/store\/produs\/patona-protect-baterie-pt-lp-e6nh-pt-canon-eos-r5-eos-r6-r6ii-r7\/","og_site_name":"All4Laptop.ro","article_publisher":"https:\/\/www.facebook.com\/all4laptop.ro","article_modified_time":"2024-06-17T06:34:12+00:00","og_image":[{"width":1090,"height":1280,"url":"https:\/\/all4laptop.ro\/store\/wp-content\/uploads\/2024\/04\/13435-1_1280x1280.jpg","type":"image\/jpeg"}],"twitter_card":"summary_large_image","twitter_misc":{"Timp estimat pentru citire":"2 minute"},"schema":{"@context":"https:\/\/schema.org","@graph":[{"@type":"WebPage","@id":"https:\/\/all4laptop.ro\/store\/produs\/patona-protect-baterie-pt-lp-e6nh-pt-canon-eos-r5-eos-r6-r6ii-r7\/","url":"https:\/\/all4laptop.ro\/store\/produs\/patona-protect-baterie-pt-lp-e6nh-pt-canon-eos-r5-eos-r6-r6ii-r7\/","name":"PATONA PROTECT Baterie pt. LP-E6NH pt. Canon EOS R5 EOS R6 R6II R7 - All4Laptop.ro","isPartOf":{"@id":"https:\/\/all4laptop.ro\/store\/#website"},"primaryImageOfPage":{"@id":"https:\/\/all4laptop.ro\/store\/produs\/patona-protect-baterie-pt-lp-e6nh-pt-canon-eos-r5-eos-r6-r6ii-r7\/#primaryimage"},"image":{"@id":"https:\/\/all4laptop.ro\/store\/produs\/patona-protect-baterie-pt-lp-e6nh-pt-canon-eos-r5-eos-r6-r6ii-r7\/#primaryimage"},"thumbnailUrl":"https:\/\/all4laptop.ro\/store\/wp-content\/uploads\/2024\/04\/13435-1_1280x1280.jpg","datePublished":"2024-04-16T07:25:23+00:00","dateModified":"2024-06-17T06:34:12+00:00","breadcrumb":{"@id":"https:\/\/all4laptop.ro\/store\/produs\/patona-protect-baterie-pt-lp-e6nh-pt-canon-eos-r5-eos-r6-r6ii-r7\/#breadcrumb"},"inLanguage":"ro-RO","potentialAction":[{"@type":"ReadAction","target":["https:\/\/all4laptop.ro\/store\/produs\/patona-protect-baterie-pt-lp-e6nh-pt-canon-eos-r5-eos-r6-r6ii-r7\/"]}]},{"@type":"ImageObject","inLanguage":"ro-RO","@id":"https:\/\/all4laptop.ro\/store\/produs\/patona-protect-baterie-pt-lp-e6nh-pt-canon-eos-r5-eos-r6-r6ii-r7\/#primaryimage","url":"https:\/\/all4laptop.ro\/store\/wp-content\/uploads\/2024\/04\/13435-1_1280x1280.jpg","contentUrl":"https:\/\/all4laptop.ro\/store\/wp-content\/uploads\/2024\/04\/13435-1_1280x1280.jpg","width":1090,"height":1280},{"@type":"BreadcrumbList","@id":"https:\/\/all4laptop.ro\/store\/produs\/patona-protect-baterie-pt-lp-e6nh-pt-canon-eos-r5-eos-r6-r6ii-r7\/#breadcrumb","itemListElement":[{"@type":"ListItem","position":1,"name":"Prima pagin\u0103","item":"https:\/\/all4laptop.ro\/store\/"},{"@type":"ListItem","position":2,"name":"Magazin","item":"https:\/\/all4laptop.ro\/store\/"},{"@type":"ListItem","position":3,"name":"PATONA PROTECT Baterie pt. LP-E6NH pt. Canon EOS R5 EOS R6 R6II R7"}]},{"@type":"WebSite","@id":"https:\/\/all4laptop.ro\/store\/#website","url":"https:\/\/all4laptop.ro\/store\/","name":"All4Laptop.ro","description":"Baterii, tastaturi, incarcatoare, display-uri, coolere, balamale si piese laptop","publisher":{"@id":"https:\/\/all4laptop.ro\/store\/#organization"},"alternateName":"All4Laptop by Mado Solutions","potentialAction":[{"@type":"SearchAction","target":{"@type":"EntryPoint","urlTemplate":"https:\/\/all4laptop.ro\/store\/?s={search_term_string}"},"query-input":"required name=search_term_string"}],"inLanguage":"ro-RO"},{"@type":"Organization","@id":"https:\/\/all4laptop.ro\/store\/#organization","name":"Mado Solutions SRL","alternateName":"All4Laptop.ro by Mado Solutions SRL","url":"https:\/\/all4laptop.ro\/store\/","logo":{"@type":"ImageObject","inLanguage":"ro-RO","@id":"https:\/\/all4laptop.ro\/store\/#\/schema\/logo\/image\/","url":"https:\/\/all4laptop.ro\/store\/wp-content\/uploads\/2024\/05\/2.jpg","contentUrl":"https:\/\/all4laptop.ro\/store\/wp-content\/uploads\/2024\/05\/2.jpg","width":408,"height":318,"caption":"Mado Solutions SRL"},"image":{"@id":"https:\/\/all4laptop.ro\/store\/#\/schema\/logo\/image\/"},"sameAs":["https:\/\/www.facebook.com\/all4laptop.ro"]}]}},"_links":{"self":[{"href":"https:\/\/all4laptop.ro\/store\/wp-json\/wp\/v2\/product\/1652","targetHints":{"allow":["GET"]}}],"collection":[{"href":"https:\/\/all4laptop.ro\/store\/wp-json\/wp\/v2\/product"}],"about":[{"href":"https:\/\/all4laptop.ro\/store\/wp-json\/wp\/v2\/types\/product"}],"replies":[{"embeddable":true,"href":"https:\/\/all4laptop.ro\/store\/wp-json\/wp\/v2\/comments?post=1652"}],"wp:featuredmedia":[{"embeddable":true,"href":"https:\/\/all4laptop.ro\/store\/wp-json\/wp\/v2\/media\/1531"}],"wp:attachment":[{"href":"https:\/\/all4laptop.ro\/store\/wp-json\/wp\/v2\/media?parent=1652"}],"wp:term":[{"taxonomy":"product_cat","embeddable":true,"href":"https:\/\/all4laptop.ro\/store\/wp-json\/wp\/v2\/product_cat?post=1652"},{"taxonomy":"product_tag","embeddable":true,"href":"https:\/\/all4laptop.ro\/store\/wp-json\/wp\/v2\/product_tag?post=1652"}],"curies":[{"name":"wp","href":"https:\/\/api.w.org\/{rel}","templated":true}]}}