{"id":1654,"date":"2024-04-16T07:25:23","date_gmt":"2024-04-16T07:25:23","guid":{"rendered":"https:\/\/dev4.acvision.ro\/store\/produs\/patona-platinum-baterie-with-usb-c-input-pt-canon-lp-e17-eos-rp-77d-200d-750d-760d-8000d-kiss-x8i-m3-rebel-rebel-t6i\/"},"modified":"2024-06-17T06:33:34","modified_gmt":"2024-06-17T06:33:34","slug":"patona-platinum-baterie-with-usb-c-input-pt-canon-lp-e17-eos-rp-77d-200d-750d-760d-8000d-kiss-x8i-m3-rebel-rebel-t6i","status":"publish","type":"product","link":"https:\/\/all4laptop.ro\/store\/produs\/patona-platinum-baterie-with-usb-c-input-pt-canon-lp-e17-eos-rp-77d-200d-750d-760d-8000d-kiss-x8i-m3-rebel-rebel-t6i\/","title":{"rendered":"PATONA Platinum Baterie with USB-C Input pt. Canon LP-E17 EOS RP 77D 200D 750D 760D 8000D Kiss X8i M3 Rebel Rebel T6i"},"content":{"rendered":"<h2><span>Baterie PATONA Platinum cu intrare USB-C pt. Canon LP-E17 EOS RP 77D 200D 750D 760D 8000D Kiss X8i M3 Rebel Rebel T6i <\/span><\/h2>\n<p><strong>Date tehnice:<\/strong><br \/> Capacitate mare 1000mAh \/ 7,2V \/ 7 ,2Wh<br \/>Intrare USB-C: max. 1,2 A (Curen\u021bii de intrare mai mari sunt redusi automat prin controlul IC al bateriei).<br \/> Tip: Li-ion<br \/> Marca: PATONA Platinum<\/p>\n<p>Aceast\u0103 baterie are o intrare USB-C, deci poate fi \u00eenc\u0103rcat \u0219i cu un cablu USB-C (inclus \u00een pachetul de livrare) \u0219i adaptor de alimentare. Pute\u021bi g\u0103si un adaptor de alimentare corespunz\u0103tor \u00een fila \u201eAccesorii\u201d de mai jos.<\/p>\n<p><strong>Num\u0103r de pies\u0103 compatibil:<\/strong><br \/> <strong>Canon EOS <\/strong>EOS R10, RP, 77D, 200D, 750D, 760D, 8000D, Kiss X8i, M3, M5, M6, Rebel, Rebel T6i, Rebel T6s, T6i, T6s Kiss X8i<\/p>\n<p><strong>Model compatibil: <\/strong><strong> br> <strong>Canon<br \/><\/strong>9967B001, 9967B002, LPE17, LP-E17<\/p>\n<p><span>Imaginile sunt doar cu titlu ilustrativ &#8211; livrarea poate varia. Este oferit un produs al m\u0103rcii de calitate PATONA.<\/span><\/p>\n<p><span style=\"color: #ff0000;\"><strong>Not\u0103: aceast\u0103 baterie este par\u021bial decodificat\u0103. Bateria poate fi \u00eenc\u0103rcat\u0103 folosind adaptorul de alimentare USB-C sau incarcatorul PATONA. Bateria nu poate fi \u00eenc\u0103rcat\u0103 cu dispozitive Canon originale. \u00cencarcatorii compatibili pot fi g\u0103si\u021bi \u00een partea de jos a paginii. C\u00e2nd utiliza\u021bi bateria cu camerele Canon EOS RP M3 M5 \u0219i M6, nu este disponibil niciun indicator al duratei r\u0103mase a bateriei.<\/strong><\/span><\/p>\n","protected":false},"excerpt":{"rendered":"<p>Baterie PATONA Platinum cu intrare USB-C pt. Canon LP-E17 EOS RP 77D 200D 750D 760D 8000D Kiss X8i M3 Rebel Rebel T6i Date tehnice: Capacitate mare 1000mAh \/ 7,2V \/ 7 ,2WhIntrare USB-C: max. 1,2 A (Curen\u021bii de intrare mai mari sunt redusi automat prin controlul IC al bateriei). Tip: Li-ion Marca: PATONA Platinum Aceast\u0103 [&hellip;]<\/p>\n","protected":false},"featured_media":1535,"comment_status":"open","ping_status":"closed","template":"","meta":{"_joinchat":[]},"product_cat":[192],"product_tag":[5600],"class_list":{"0":"post-1654","1":"product","2":"type-product","3":"status-publish","4":"has-post-thumbnail","6":"product_cat-baterii-camere-foto-video","7":"product_tag-a4lrop-1352","8":"product_shipping_class-valoare","10":"first","11":"instock","12":"shipping-taxable","13":"purchasable","14":"product-type-simple"},"yoast_head":"<!-- This site is optimized with the Yoast SEO plugin v22.7 - https:\/\/yoast.com\/wordpress\/plugins\/seo\/ -->\n<title>PATONA Platinum Baterie with USB-C Input pt. Canon LP-E17 EOS RP 77D 200D 750D 760D 8000D Kiss X8i M3 Rebel Rebel T6i - All4Laptop.ro<\/title>\n<meta name=\"robots\" content=\"index, follow, max-snippet:-1, max-image-preview:large, max-video-preview:-1\" \/>\n<link rel=\"canonical\" href=\"https:\/\/all4laptop.ro\/store\/produs\/patona-platinum-baterie-with-usb-c-input-pt-canon-lp-e17-eos-rp-77d-200d-750d-760d-8000d-kiss-x8i-m3-rebel-rebel-t6i\/\" \/>\n<meta property=\"og:locale\" content=\"ro_RO\" \/>\n<meta property=\"og:type\" content=\"article\" \/>\n<meta property=\"og:title\" content=\"PATONA Platinum Baterie with USB-C Input pt. Canon LP-E17 EOS RP 77D 200D 750D 760D 8000D Kiss X8i M3 Rebel Rebel T6i - All4Laptop.ro\" \/>\n<meta property=\"og:description\" content=\"Baterie PATONA Platinum cu intrare USB-C pt. Canon LP-E17 EOS RP 77D 200D 750D 760D 8000D Kiss X8i M3 Rebel Rebel T6i Date tehnice: Capacitate mare 1000mAh \/ 7,2V \/ 7 ,2WhIntrare USB-C: max. 1,2 A (Curen\u021bii de intrare mai mari sunt redusi automat prin controlul IC al bateriei). Tip: Li-ion Marca: PATONA Platinum Aceast\u0103 [&hellip;]\" \/>\n<meta property=\"og:url\" content=\"https:\/\/all4laptop.ro\/store\/produs\/patona-platinum-baterie-with-usb-c-input-pt-canon-lp-e17-eos-rp-77d-200d-750d-760d-8000d-kiss-x8i-m3-rebel-rebel-t6i\/\" \/>\n<meta property=\"og:site_name\" content=\"All4Laptop.ro\" \/>\n<meta property=\"article:publisher\" content=\"https:\/\/www.facebook.com\/all4laptop.ro\" \/>\n<meta property=\"article:modified_time\" content=\"2024-06-17T06:33:34+00:00\" \/>\n<meta property=\"og:image\" content=\"https:\/\/all4laptop.ro\/store\/wp-content\/uploads\/2024\/04\/1352-1_1280x1280.jpg\" \/>\n\t<meta property=\"og:image:width\" content=\"1243\" \/>\n\t<meta property=\"og:image:height\" content=\"1280\" \/>\n\t<meta property=\"og:image:type\" content=\"image\/jpeg\" \/>\n<meta name=\"twitter:card\" content=\"summary_large_image\" \/>\n<meta name=\"twitter:label1\" content=\"Timp estimat pentru citire\" \/>\n\t<meta name=\"twitter:data1\" content=\"1 minut\" \/>\n<script type=\"application\/ld+json\" class=\"yoast-schema-graph\">{\"@context\":\"https:\/\/schema.org\",\"@graph\":[{\"@type\":\"WebPage\",\"@id\":\"https:\/\/all4laptop.ro\/store\/produs\/patona-platinum-baterie-with-usb-c-input-pt-canon-lp-e17-eos-rp-77d-200d-750d-760d-8000d-kiss-x8i-m3-rebel-rebel-t6i\/\",\"url\":\"https:\/\/all4laptop.ro\/store\/produs\/patona-platinum-baterie-with-usb-c-input-pt-canon-lp-e17-eos-rp-77d-200d-750d-760d-8000d-kiss-x8i-m3-rebel-rebel-t6i\/\",\"name\":\"PATONA Platinum Baterie with USB-C Input pt. Canon LP-E17 EOS RP 77D 200D 750D 760D 8000D Kiss X8i M3 Rebel Rebel T6i - All4Laptop.ro\",\"isPartOf\":{\"@id\":\"https:\/\/all4laptop.ro\/store\/#website\"},\"primaryImageOfPage\":{\"@id\":\"https:\/\/all4laptop.ro\/store\/produs\/patona-platinum-baterie-with-usb-c-input-pt-canon-lp-e17-eos-rp-77d-200d-750d-760d-8000d-kiss-x8i-m3-rebel-rebel-t6i\/#primaryimage\"},\"image\":{\"@id\":\"https:\/\/all4laptop.ro\/store\/produs\/patona-platinum-baterie-with-usb-c-input-pt-canon-lp-e17-eos-rp-77d-200d-750d-760d-8000d-kiss-x8i-m3-rebel-rebel-t6i\/#primaryimage\"},\"thumbnailUrl\":\"https:\/\/all4laptop.ro\/store\/wp-content\/uploads\/2024\/04\/1352-1_1280x1280.jpg\",\"datePublished\":\"2024-04-16T07:25:23+00:00\",\"dateModified\":\"2024-06-17T06:33:34+00:00\",\"breadcrumb\":{\"@id\":\"https:\/\/all4laptop.ro\/store\/produs\/patona-platinum-baterie-with-usb-c-input-pt-canon-lp-e17-eos-rp-77d-200d-750d-760d-8000d-kiss-x8i-m3-rebel-rebel-t6i\/#breadcrumb\"},\"inLanguage\":\"ro-RO\",\"potentialAction\":[{\"@type\":\"ReadAction\",\"target\":[\"https:\/\/all4laptop.ro\/store\/produs\/patona-platinum-baterie-with-usb-c-input-pt-canon-lp-e17-eos-rp-77d-200d-750d-760d-8000d-kiss-x8i-m3-rebel-rebel-t6i\/\"]}]},{\"@type\":\"ImageObject\",\"inLanguage\":\"ro-RO\",\"@id\":\"https:\/\/all4laptop.ro\/store\/produs\/patona-platinum-baterie-with-usb-c-input-pt-canon-lp-e17-eos-rp-77d-200d-750d-760d-8000d-kiss-x8i-m3-rebel-rebel-t6i\/#primaryimage\",\"url\":\"https:\/\/all4laptop.ro\/store\/wp-content\/uploads\/2024\/04\/1352-1_1280x1280.jpg\",\"contentUrl\":\"https:\/\/all4laptop.ro\/store\/wp-content\/uploads\/2024\/04\/1352-1_1280x1280.jpg\",\"width\":1243,\"height\":1280},{\"@type\":\"BreadcrumbList\",\"@id\":\"https:\/\/all4laptop.ro\/store\/produs\/patona-platinum-baterie-with-usb-c-input-pt-canon-lp-e17-eos-rp-77d-200d-750d-760d-8000d-kiss-x8i-m3-rebel-rebel-t6i\/#breadcrumb\",\"itemListElement\":[{\"@type\":\"ListItem\",\"position\":1,\"name\":\"Prima pagin\u0103\",\"item\":\"https:\/\/all4laptop.ro\/store\/\"},{\"@type\":\"ListItem\",\"position\":2,\"name\":\"Magazin\",\"item\":\"https:\/\/all4laptop.ro\/store\/\"},{\"@type\":\"ListItem\",\"position\":3,\"name\":\"PATONA Platinum Baterie with USB-C Input pt. Canon LP-E17 EOS RP 77D 200D 750D 760D 8000D Kiss X8i M3 Rebel Rebel T6i\"}]},{\"@type\":\"WebSite\",\"@id\":\"https:\/\/all4laptop.ro\/store\/#website\",\"url\":\"https:\/\/all4laptop.ro\/store\/\",\"name\":\"All4Laptop.ro\",\"description\":\"Baterii, tastaturi, incarcatoare, display-uri, coolere, balamale si piese laptop\",\"publisher\":{\"@id\":\"https:\/\/all4laptop.ro\/store\/#organization\"},\"alternateName\":\"All4Laptop by Mado Solutions\",\"potentialAction\":[{\"@type\":\"SearchAction\",\"target\":{\"@type\":\"EntryPoint\",\"urlTemplate\":\"https:\/\/all4laptop.ro\/store\/?s={search_term_string}\"},\"query-input\":\"required name=search_term_string\"}],\"inLanguage\":\"ro-RO\"},{\"@type\":\"Organization\",\"@id\":\"https:\/\/all4laptop.ro\/store\/#organization\",\"name\":\"Mado Solutions SRL\",\"alternateName\":\"All4Laptop.ro by Mado Solutions SRL\",\"url\":\"https:\/\/all4laptop.ro\/store\/\",\"logo\":{\"@type\":\"ImageObject\",\"inLanguage\":\"ro-RO\",\"@id\":\"https:\/\/all4laptop.ro\/store\/#\/schema\/logo\/image\/\",\"url\":\"https:\/\/all4laptop.ro\/store\/wp-content\/uploads\/2024\/05\/2.jpg\",\"contentUrl\":\"https:\/\/all4laptop.ro\/store\/wp-content\/uploads\/2024\/05\/2.jpg\",\"width\":408,\"height\":318,\"caption\":\"Mado Solutions SRL\"},\"image\":{\"@id\":\"https:\/\/all4laptop.ro\/store\/#\/schema\/logo\/image\/\"},\"sameAs\":[\"https:\/\/www.facebook.com\/all4laptop.ro\"]}]}<\/script>\n<!-- \/ Yoast SEO plugin. -->","yoast_head_json":{"title":"PATONA Platinum Baterie with USB-C Input pt. Canon LP-E17 EOS RP 77D 200D 750D 760D 8000D Kiss X8i M3 Rebel Rebel T6i - All4Laptop.ro","robots":{"index":"index","follow":"follow","max-snippet":"max-snippet:-1","max-image-preview":"max-image-preview:large","max-video-preview":"max-video-preview:-1"},"canonical":"https:\/\/all4laptop.ro\/store\/produs\/patona-platinum-baterie-with-usb-c-input-pt-canon-lp-e17-eos-rp-77d-200d-750d-760d-8000d-kiss-x8i-m3-rebel-rebel-t6i\/","og_locale":"ro_RO","og_type":"article","og_title":"PATONA Platinum Baterie with USB-C Input pt. Canon LP-E17 EOS RP 77D 200D 750D 760D 8000D Kiss X8i M3 Rebel Rebel T6i - All4Laptop.ro","og_description":"Baterie PATONA Platinum cu intrare USB-C pt. Canon LP-E17 EOS RP 77D 200D 750D 760D 8000D Kiss X8i M3 Rebel Rebel T6i Date tehnice: Capacitate mare 1000mAh \/ 7,2V \/ 7 ,2WhIntrare USB-C: max. 1,2 A (Curen\u021bii de intrare mai mari sunt redusi automat prin controlul IC al bateriei). Tip: Li-ion Marca: PATONA Platinum Aceast\u0103 [&hellip;]","og_url":"https:\/\/all4laptop.ro\/store\/produs\/patona-platinum-baterie-with-usb-c-input-pt-canon-lp-e17-eos-rp-77d-200d-750d-760d-8000d-kiss-x8i-m3-rebel-rebel-t6i\/","og_site_name":"All4Laptop.ro","article_publisher":"https:\/\/www.facebook.com\/all4laptop.ro","article_modified_time":"2024-06-17T06:33:34+00:00","og_image":[{"width":1243,"height":1280,"url":"https:\/\/all4laptop.ro\/store\/wp-content\/uploads\/2024\/04\/1352-1_1280x1280.jpg","type":"image\/jpeg"}],"twitter_card":"summary_large_image","twitter_misc":{"Timp estimat pentru citire":"1 minut"},"schema":{"@context":"https:\/\/schema.org","@graph":[{"@type":"WebPage","@id":"https:\/\/all4laptop.ro\/store\/produs\/patona-platinum-baterie-with-usb-c-input-pt-canon-lp-e17-eos-rp-77d-200d-750d-760d-8000d-kiss-x8i-m3-rebel-rebel-t6i\/","url":"https:\/\/all4laptop.ro\/store\/produs\/patona-platinum-baterie-with-usb-c-input-pt-canon-lp-e17-eos-rp-77d-200d-750d-760d-8000d-kiss-x8i-m3-rebel-rebel-t6i\/","name":"PATONA Platinum Baterie with USB-C Input pt. Canon LP-E17 EOS RP 77D 200D 750D 760D 8000D Kiss X8i M3 Rebel Rebel T6i - All4Laptop.ro","isPartOf":{"@id":"https:\/\/all4laptop.ro\/store\/#website"},"primaryImageOfPage":{"@id":"https:\/\/all4laptop.ro\/store\/produs\/patona-platinum-baterie-with-usb-c-input-pt-canon-lp-e17-eos-rp-77d-200d-750d-760d-8000d-kiss-x8i-m3-rebel-rebel-t6i\/#primaryimage"},"image":{"@id":"https:\/\/all4laptop.ro\/store\/produs\/patona-platinum-baterie-with-usb-c-input-pt-canon-lp-e17-eos-rp-77d-200d-750d-760d-8000d-kiss-x8i-m3-rebel-rebel-t6i\/#primaryimage"},"thumbnailUrl":"https:\/\/all4laptop.ro\/store\/wp-content\/uploads\/2024\/04\/1352-1_1280x1280.jpg","datePublished":"2024-04-16T07:25:23+00:00","dateModified":"2024-06-17T06:33:34+00:00","breadcrumb":{"@id":"https:\/\/all4laptop.ro\/store\/produs\/patona-platinum-baterie-with-usb-c-input-pt-canon-lp-e17-eos-rp-77d-200d-750d-760d-8000d-kiss-x8i-m3-rebel-rebel-t6i\/#breadcrumb"},"inLanguage":"ro-RO","potentialAction":[{"@type":"ReadAction","target":["https:\/\/all4laptop.ro\/store\/produs\/patona-platinum-baterie-with-usb-c-input-pt-canon-lp-e17-eos-rp-77d-200d-750d-760d-8000d-kiss-x8i-m3-rebel-rebel-t6i\/"]}]},{"@type":"ImageObject","inLanguage":"ro-RO","@id":"https:\/\/all4laptop.ro\/store\/produs\/patona-platinum-baterie-with-usb-c-input-pt-canon-lp-e17-eos-rp-77d-200d-750d-760d-8000d-kiss-x8i-m3-rebel-rebel-t6i\/#primaryimage","url":"https:\/\/all4laptop.ro\/store\/wp-content\/uploads\/2024\/04\/1352-1_1280x1280.jpg","contentUrl":"https:\/\/all4laptop.ro\/store\/wp-content\/uploads\/2024\/04\/1352-1_1280x1280.jpg","width":1243,"height":1280},{"@type":"BreadcrumbList","@id":"https:\/\/all4laptop.ro\/store\/produs\/patona-platinum-baterie-with-usb-c-input-pt-canon-lp-e17-eos-rp-77d-200d-750d-760d-8000d-kiss-x8i-m3-rebel-rebel-t6i\/#breadcrumb","itemListElement":[{"@type":"ListItem","position":1,"name":"Prima pagin\u0103","item":"https:\/\/all4laptop.ro\/store\/"},{"@type":"ListItem","position":2,"name":"Magazin","item":"https:\/\/all4laptop.ro\/store\/"},{"@type":"ListItem","position":3,"name":"PATONA Platinum Baterie with USB-C Input pt. Canon LP-E17 EOS RP 77D 200D 750D 760D 8000D Kiss X8i M3 Rebel Rebel T6i"}]},{"@type":"WebSite","@id":"https:\/\/all4laptop.ro\/store\/#website","url":"https:\/\/all4laptop.ro\/store\/","name":"All4Laptop.ro","description":"Baterii, tastaturi, incarcatoare, display-uri, coolere, balamale si piese laptop","publisher":{"@id":"https:\/\/all4laptop.ro\/store\/#organization"},"alternateName":"All4Laptop by Mado Solutions","potentialAction":[{"@type":"SearchAction","target":{"@type":"EntryPoint","urlTemplate":"https:\/\/all4laptop.ro\/store\/?s={search_term_string}"},"query-input":"required name=search_term_string"}],"inLanguage":"ro-RO"},{"@type":"Organization","@id":"https:\/\/all4laptop.ro\/store\/#organization","name":"Mado Solutions SRL","alternateName":"All4Laptop.ro by Mado Solutions SRL","url":"https:\/\/all4laptop.ro\/store\/","logo":{"@type":"ImageObject","inLanguage":"ro-RO","@id":"https:\/\/all4laptop.ro\/store\/#\/schema\/logo\/image\/","url":"https:\/\/all4laptop.ro\/store\/wp-content\/uploads\/2024\/05\/2.jpg","contentUrl":"https:\/\/all4laptop.ro\/store\/wp-content\/uploads\/2024\/05\/2.jpg","width":408,"height":318,"caption":"Mado Solutions SRL"},"image":{"@id":"https:\/\/all4laptop.ro\/store\/#\/schema\/logo\/image\/"},"sameAs":["https:\/\/www.facebook.com\/all4laptop.ro"]}]}},"_links":{"self":[{"href":"https:\/\/all4laptop.ro\/store\/wp-json\/wp\/v2\/product\/1654","targetHints":{"allow":["GET"]}}],"collection":[{"href":"https:\/\/all4laptop.ro\/store\/wp-json\/wp\/v2\/product"}],"about":[{"href":"https:\/\/all4laptop.ro\/store\/wp-json\/wp\/v2\/types\/product"}],"replies":[{"embeddable":true,"href":"https:\/\/all4laptop.ro\/store\/wp-json\/wp\/v2\/comments?post=1654"}],"wp:featuredmedia":[{"embeddable":true,"href":"https:\/\/all4laptop.ro\/store\/wp-json\/wp\/v2\/media\/1535"}],"wp:attachment":[{"href":"https:\/\/all4laptop.ro\/store\/wp-json\/wp\/v2\/media?parent=1654"}],"wp:term":[{"taxonomy":"product_cat","embeddable":true,"href":"https:\/\/all4laptop.ro\/store\/wp-json\/wp\/v2\/product_cat?post=1654"},{"taxonomy":"product_tag","embeddable":true,"href":"https:\/\/all4laptop.ro\/store\/wp-json\/wp\/v2\/product_tag?post=1654"}],"curies":[{"name":"wp","href":"https:\/\/api.w.org\/{rel}","templated":true}]}}