{"id":1680,"date":"2024-04-16T07:25:33","date_gmt":"2024-04-16T07:25:33","guid":{"rendered":"https:\/\/dev4.acvision.ro\/store\/produs\/patona-platinum-nano-v190-v-mount-189wh-pt-sony-dsr-600p-650p-652p-hdw-800p-pdw-850-bp-150w-red-arri\/"},"modified":"2024-06-17T06:34:08","modified_gmt":"2024-06-17T06:34:08","slug":"patona-platinum-nano-v190-v-mount-189wh-pt-sony-dsr-600p-650p-652p-hdw-800p-pdw-850-bp-150w-red-arri","status":"publish","type":"product","link":"https:\/\/all4laptop.ro\/store\/produs\/patona-platinum-nano-v190-v-mount-189wh-pt-sony-dsr-600p-650p-652p-hdw-800p-pdw-850-bp-150w-red-arri\/","title":{"rendered":"PATONA Platinum NANO V190 V-Mount 189Wh pt. Sony DSR 600P 650P 652P HDW 800P PDW 850 BP-150w RED ARRI"},"content":{"rendered":"<h2>Patona Platinum NANO V190 V-Mount 189Wh pt. Sony DSR 600P 650P 652P HDW 800P PDW 850 BP-150w RED ARRI<\/h2>\n<p>Noi pentru seria PATONA Platinum sunt bateriile noastre NANO V-Mount cu curent ridicat \u00eentr-o carcas\u0103 de \u00eenalt\u0103 calitate. Bateriile noastre sunt echipate cu cea mai recent\u0103 tehnologie celular\u0103 \u0219i au fost special concepute pentru a gestiona \u0219i men\u021bine un consum ridicat de energie. Circuitele de protec\u021bie monitorizeaz\u0103 echilibrul celulei, temperatura, supra\u00eenc\u0103rcarea \u0219i supradesc\u0103rcarea pentru a asigura o func\u021bionare sigur\u0103 \u0219i corespunz\u0103toare. \u00cen compara\u021bie cu bateriile normale V-Mount, noile baterii PATONA NANO V-Mount au un design cu aproximativ 30% mai mic, cu date de performan\u021b\u0103 mai ridicate. \u00cen plus, s-a pus un accent deosebit pe un design atr\u0103g\u0103tor \u0219i modern. Un afi\u0219aj LED cu 4 trepte v\u0103 arat\u0103 capacitatea r\u0103mas\u0103 \u00een orice moment. Ie\u0219irea P-Tap \/ D-Tap poate fi utilizat\u0103 pentru l\u0103mpi \u0219i multe alte dispozitive externe. \u00cen plus, ie\u0219irea USB poate fi folosit\u0103 \u0219i pentru a \u00eenc\u0103rca smartphone-uri \u0219i tablete, de exemplu. <\/p>\n<p><strong> Data tehnice:<br \/><\/strong> Tensiune: 14,8 Volt<br \/> Capacitate: 12000mAh \/ 189Wh<br \/> Tip celule: Li-Ion< br> Num\u0103r de celule: 16 x 18650 LG<br \/>Max. Putere nominal\u0103: 14A <br \/> Protec\u021bie la suprasarcin\u0103: 16A<br \/> Tensiune de ie\u0219ire P-Tap\/D-Tap: max. 100W, 12.0V\/8,3A \/ 16,8V\/5,95A<br \/>Conexiune USB: mod normal 5V\/2,4A \/ mod de \u00eenc\u0103rcare rapid\u0103: 9 V\/2A maxim<br \/>greutate: 959 gr<br \/> dimensiune: 75 x 105 x 83 mm<br \/> Marca: PATONA Platinum<\/p>\n<p><strong>Bateria este potrivit\u0103 pentru urm\u0103toarele tipuri de camere V-Mount:<\/strong><\/p >\n<p><strong>Sony<br \/><\/strong> Sony DSR 250P, 600P, 650P, 652P HDW 800P PDW 850 DSR-250P, DSR-600P, DSR-650P, DSR-652P, HDW-800P, PDW- 850, V-Mount<\/p>\n<p><strong>Aceast\u0103 baterie \u00eenlocuie\u0219te urm\u0103toarele baterii originale:<\/strong> <br \/><strong>Sony <\/strong>BP150w, BP-150w, BPFL75, BP-FL75, BPFLX75 , BP-FLX75, BPL40A, BP-L40A, BPL60, BP-L60, BPGL65, BP-GL65, BPGL95, BP-GL95, BPGL95A, BP-GL95A, RED V-mount \/ Bebob Vcine Akkus V155RM><-CINE<br \/><- br> <br \/> Seria PATONA Platinum a fost dezvoltat\u0103 pentru o fotografie \u0219i o pl\u0103cere de film senza\u021bional de lung\u0103 durat\u0103. Performan\u021ba celulelor \u00eencorporate este aproape inepuizabil\u0103. In seria PATONA Platinum au fost folosite cele mai avansate celule, care au o calitate nu doar extraordinara, dar si impresionanta in acelasi timp. Seria Platinum este cea mai de \u00eenalt\u0103 calitate, cea mai durabil\u0103 \u0219i cea mai inovatoare serie de la PATONA. Achizi\u021bion\u00e2nd o baterie din seria PATONA Platinum ob\u021bine\u021bi un produs excelent, rafinat, care v\u0103 va fascina. <\/p>\n<p> Aici ve\u021bi g\u0103si o prezentare general\u0103 a reglement\u0103rilor de transport aerian pentru bateriile Li-ion: https:\/\/www.iata.org\/whatwedo\/cargo\/dgr\/Documents\/passenger-lithium-battery.pdf<\/ p> <\/p>\n<p><span style=\"color: #ff0000;\">Aten\u021bie: <\/span><br \/> <span style=\"color: #ff0000;\">Aceast\u0103 baterie are mai mult de 100 Wh \u0219i este supus\u0103 ordonan\u021ba privind m\u0103rfurile periculoase GGBefG, GGVSEB, ADR, RID, IMDG-Code \u0219i IATA \u0219i pot fi transportate numai \u00een condi\u021bii speciale.<\/span><\/p>\n","protected":false},"excerpt":{"rendered":"<p>Patona Platinum NANO V190 V-Mount 189Wh pt. Sony DSR 600P 650P 652P HDW 800P PDW 850 BP-150w RED ARRI Noi pentru seria PATONA Platinum sunt bateriile noastre NANO V-Mount cu curent ridicat \u00eentr-o carcas\u0103 de \u00eenalt\u0103 calitate. Bateriile noastre sunt echipate cu cea mai recent\u0103 tehnologie celular\u0103 \u0219i au fost special concepute pentru a gestiona [&hellip;]<\/p>\n","protected":false},"featured_media":1587,"comment_status":"open","ping_status":"closed","template":"","meta":{"_joinchat":[]},"product_cat":[192],"product_tag":[6431],"class_list":{"0":"post-1680","1":"product","2":"type-product","3":"status-publish","4":"has-post-thumbnail","6":"product_cat-baterii-camere-foto-video","7":"product_tag-a4lrop-1301","8":"product_shipping_class-valoare","10":"first","11":"instock","12":"shipping-taxable","13":"purchasable","14":"product-type-simple"},"yoast_head":"<!-- This site is optimized with the Yoast SEO plugin v22.7 - https:\/\/yoast.com\/wordpress\/plugins\/seo\/ -->\n<title>PATONA Platinum NANO V190 V-Mount 189Wh pt. Sony DSR 600P 650P 652P HDW 800P PDW 850 BP-150w RED ARRI - All4Laptop.ro<\/title>\n<meta name=\"robots\" content=\"index, follow, max-snippet:-1, max-image-preview:large, max-video-preview:-1\" \/>\n<link rel=\"canonical\" href=\"https:\/\/all4laptop.ro\/store\/produs\/patona-platinum-nano-v190-v-mount-189wh-pt-sony-dsr-600p-650p-652p-hdw-800p-pdw-850-bp-150w-red-arri\/\" \/>\n<meta property=\"og:locale\" content=\"ro_RO\" \/>\n<meta property=\"og:type\" content=\"article\" \/>\n<meta property=\"og:title\" content=\"PATONA Platinum NANO V190 V-Mount 189Wh pt. Sony DSR 600P 650P 652P HDW 800P PDW 850 BP-150w RED ARRI - All4Laptop.ro\" \/>\n<meta property=\"og:description\" content=\"Patona Platinum NANO V190 V-Mount 189Wh pt. Sony DSR 600P 650P 652P HDW 800P PDW 850 BP-150w RED ARRI Noi pentru seria PATONA Platinum sunt bateriile noastre NANO V-Mount cu curent ridicat \u00eentr-o carcas\u0103 de \u00eenalt\u0103 calitate. Bateriile noastre sunt echipate cu cea mai recent\u0103 tehnologie celular\u0103 \u0219i au fost special concepute pentru a gestiona [&hellip;]\" \/>\n<meta property=\"og:url\" content=\"https:\/\/all4laptop.ro\/store\/produs\/patona-platinum-nano-v190-v-mount-189wh-pt-sony-dsr-600p-650p-652p-hdw-800p-pdw-850-bp-150w-red-arri\/\" \/>\n<meta property=\"og:site_name\" content=\"All4Laptop.ro\" \/>\n<meta property=\"article:publisher\" content=\"https:\/\/www.facebook.com\/all4laptop.ro\" \/>\n<meta property=\"article:modified_time\" content=\"2024-06-17T06:34:08+00:00\" \/>\n<meta property=\"og:image\" content=\"https:\/\/all4laptop.ro\/store\/wp-content\/uploads\/2024\/04\/1301-1hcNrENzwue2dw_1280x1280.jpg\" \/>\n\t<meta property=\"og:image:width\" content=\"1000\" \/>\n\t<meta property=\"og:image:height\" content=\"788\" \/>\n\t<meta property=\"og:image:type\" content=\"image\/jpeg\" \/>\n<meta name=\"twitter:card\" content=\"summary_large_image\" \/>\n<meta name=\"twitter:label1\" content=\"Timp estimat pentru citire\" \/>\n\t<meta name=\"twitter:data1\" content=\"2 minute\" \/>\n<script type=\"application\/ld+json\" class=\"yoast-schema-graph\">{\"@context\":\"https:\/\/schema.org\",\"@graph\":[{\"@type\":\"WebPage\",\"@id\":\"https:\/\/all4laptop.ro\/store\/produs\/patona-platinum-nano-v190-v-mount-189wh-pt-sony-dsr-600p-650p-652p-hdw-800p-pdw-850-bp-150w-red-arri\/\",\"url\":\"https:\/\/all4laptop.ro\/store\/produs\/patona-platinum-nano-v190-v-mount-189wh-pt-sony-dsr-600p-650p-652p-hdw-800p-pdw-850-bp-150w-red-arri\/\",\"name\":\"PATONA Platinum NANO V190 V-Mount 189Wh pt. Sony DSR 600P 650P 652P HDW 800P PDW 850 BP-150w RED ARRI - All4Laptop.ro\",\"isPartOf\":{\"@id\":\"https:\/\/all4laptop.ro\/store\/#website\"},\"primaryImageOfPage\":{\"@id\":\"https:\/\/all4laptop.ro\/store\/produs\/patona-platinum-nano-v190-v-mount-189wh-pt-sony-dsr-600p-650p-652p-hdw-800p-pdw-850-bp-150w-red-arri\/#primaryimage\"},\"image\":{\"@id\":\"https:\/\/all4laptop.ro\/store\/produs\/patona-platinum-nano-v190-v-mount-189wh-pt-sony-dsr-600p-650p-652p-hdw-800p-pdw-850-bp-150w-red-arri\/#primaryimage\"},\"thumbnailUrl\":\"https:\/\/all4laptop.ro\/store\/wp-content\/uploads\/2024\/04\/1301-1hcNrENzwue2dw_1280x1280.jpg\",\"datePublished\":\"2024-04-16T07:25:33+00:00\",\"dateModified\":\"2024-06-17T06:34:08+00:00\",\"breadcrumb\":{\"@id\":\"https:\/\/all4laptop.ro\/store\/produs\/patona-platinum-nano-v190-v-mount-189wh-pt-sony-dsr-600p-650p-652p-hdw-800p-pdw-850-bp-150w-red-arri\/#breadcrumb\"},\"inLanguage\":\"ro-RO\",\"potentialAction\":[{\"@type\":\"ReadAction\",\"target\":[\"https:\/\/all4laptop.ro\/store\/produs\/patona-platinum-nano-v190-v-mount-189wh-pt-sony-dsr-600p-650p-652p-hdw-800p-pdw-850-bp-150w-red-arri\/\"]}]},{\"@type\":\"ImageObject\",\"inLanguage\":\"ro-RO\",\"@id\":\"https:\/\/all4laptop.ro\/store\/produs\/patona-platinum-nano-v190-v-mount-189wh-pt-sony-dsr-600p-650p-652p-hdw-800p-pdw-850-bp-150w-red-arri\/#primaryimage\",\"url\":\"https:\/\/all4laptop.ro\/store\/wp-content\/uploads\/2024\/04\/1301-1hcNrENzwue2dw_1280x1280.jpg\",\"contentUrl\":\"https:\/\/all4laptop.ro\/store\/wp-content\/uploads\/2024\/04\/1301-1hcNrENzwue2dw_1280x1280.jpg\",\"width\":1000,\"height\":788},{\"@type\":\"BreadcrumbList\",\"@id\":\"https:\/\/all4laptop.ro\/store\/produs\/patona-platinum-nano-v190-v-mount-189wh-pt-sony-dsr-600p-650p-652p-hdw-800p-pdw-850-bp-150w-red-arri\/#breadcrumb\",\"itemListElement\":[{\"@type\":\"ListItem\",\"position\":1,\"name\":\"Prima pagin\u0103\",\"item\":\"https:\/\/all4laptop.ro\/store\/\"},{\"@type\":\"ListItem\",\"position\":2,\"name\":\"Magazin\",\"item\":\"https:\/\/all4laptop.ro\/store\/\"},{\"@type\":\"ListItem\",\"position\":3,\"name\":\"PATONA Platinum NANO V190 V-Mount 189Wh pt. Sony DSR 600P 650P 652P HDW 800P PDW 850 BP-150w RED ARRI\"}]},{\"@type\":\"WebSite\",\"@id\":\"https:\/\/all4laptop.ro\/store\/#website\",\"url\":\"https:\/\/all4laptop.ro\/store\/\",\"name\":\"All4Laptop.ro\",\"description\":\"Baterii, tastaturi, incarcatoare, display-uri, coolere, balamale si piese laptop\",\"publisher\":{\"@id\":\"https:\/\/all4laptop.ro\/store\/#organization\"},\"alternateName\":\"All4Laptop by Mado Solutions\",\"potentialAction\":[{\"@type\":\"SearchAction\",\"target\":{\"@type\":\"EntryPoint\",\"urlTemplate\":\"https:\/\/all4laptop.ro\/store\/?s={search_term_string}\"},\"query-input\":\"required name=search_term_string\"}],\"inLanguage\":\"ro-RO\"},{\"@type\":\"Organization\",\"@id\":\"https:\/\/all4laptop.ro\/store\/#organization\",\"name\":\"Mado Solutions SRL\",\"alternateName\":\"All4Laptop.ro by Mado Solutions SRL\",\"url\":\"https:\/\/all4laptop.ro\/store\/\",\"logo\":{\"@type\":\"ImageObject\",\"inLanguage\":\"ro-RO\",\"@id\":\"https:\/\/all4laptop.ro\/store\/#\/schema\/logo\/image\/\",\"url\":\"https:\/\/all4laptop.ro\/store\/wp-content\/uploads\/2024\/05\/2.jpg\",\"contentUrl\":\"https:\/\/all4laptop.ro\/store\/wp-content\/uploads\/2024\/05\/2.jpg\",\"width\":408,\"height\":318,\"caption\":\"Mado Solutions SRL\"},\"image\":{\"@id\":\"https:\/\/all4laptop.ro\/store\/#\/schema\/logo\/image\/\"},\"sameAs\":[\"https:\/\/www.facebook.com\/all4laptop.ro\"]}]}<\/script>\n<!-- \/ Yoast SEO plugin. -->","yoast_head_json":{"title":"PATONA Platinum NANO V190 V-Mount 189Wh pt. Sony DSR 600P 650P 652P HDW 800P PDW 850 BP-150w RED ARRI - All4Laptop.ro","robots":{"index":"index","follow":"follow","max-snippet":"max-snippet:-1","max-image-preview":"max-image-preview:large","max-video-preview":"max-video-preview:-1"},"canonical":"https:\/\/all4laptop.ro\/store\/produs\/patona-platinum-nano-v190-v-mount-189wh-pt-sony-dsr-600p-650p-652p-hdw-800p-pdw-850-bp-150w-red-arri\/","og_locale":"ro_RO","og_type":"article","og_title":"PATONA Platinum NANO V190 V-Mount 189Wh pt. Sony DSR 600P 650P 652P HDW 800P PDW 850 BP-150w RED ARRI - All4Laptop.ro","og_description":"Patona Platinum NANO V190 V-Mount 189Wh pt. Sony DSR 600P 650P 652P HDW 800P PDW 850 BP-150w RED ARRI Noi pentru seria PATONA Platinum sunt bateriile noastre NANO V-Mount cu curent ridicat \u00eentr-o carcas\u0103 de \u00eenalt\u0103 calitate. Bateriile noastre sunt echipate cu cea mai recent\u0103 tehnologie celular\u0103 \u0219i au fost special concepute pentru a gestiona [&hellip;]","og_url":"https:\/\/all4laptop.ro\/store\/produs\/patona-platinum-nano-v190-v-mount-189wh-pt-sony-dsr-600p-650p-652p-hdw-800p-pdw-850-bp-150w-red-arri\/","og_site_name":"All4Laptop.ro","article_publisher":"https:\/\/www.facebook.com\/all4laptop.ro","article_modified_time":"2024-06-17T06:34:08+00:00","og_image":[{"width":1000,"height":788,"url":"https:\/\/all4laptop.ro\/store\/wp-content\/uploads\/2024\/04\/1301-1hcNrENzwue2dw_1280x1280.jpg","type":"image\/jpeg"}],"twitter_card":"summary_large_image","twitter_misc":{"Timp estimat pentru citire":"2 minute"},"schema":{"@context":"https:\/\/schema.org","@graph":[{"@type":"WebPage","@id":"https:\/\/all4laptop.ro\/store\/produs\/patona-platinum-nano-v190-v-mount-189wh-pt-sony-dsr-600p-650p-652p-hdw-800p-pdw-850-bp-150w-red-arri\/","url":"https:\/\/all4laptop.ro\/store\/produs\/patona-platinum-nano-v190-v-mount-189wh-pt-sony-dsr-600p-650p-652p-hdw-800p-pdw-850-bp-150w-red-arri\/","name":"PATONA Platinum NANO V190 V-Mount 189Wh pt. Sony DSR 600P 650P 652P HDW 800P PDW 850 BP-150w RED ARRI - All4Laptop.ro","isPartOf":{"@id":"https:\/\/all4laptop.ro\/store\/#website"},"primaryImageOfPage":{"@id":"https:\/\/all4laptop.ro\/store\/produs\/patona-platinum-nano-v190-v-mount-189wh-pt-sony-dsr-600p-650p-652p-hdw-800p-pdw-850-bp-150w-red-arri\/#primaryimage"},"image":{"@id":"https:\/\/all4laptop.ro\/store\/produs\/patona-platinum-nano-v190-v-mount-189wh-pt-sony-dsr-600p-650p-652p-hdw-800p-pdw-850-bp-150w-red-arri\/#primaryimage"},"thumbnailUrl":"https:\/\/all4laptop.ro\/store\/wp-content\/uploads\/2024\/04\/1301-1hcNrENzwue2dw_1280x1280.jpg","datePublished":"2024-04-16T07:25:33+00:00","dateModified":"2024-06-17T06:34:08+00:00","breadcrumb":{"@id":"https:\/\/all4laptop.ro\/store\/produs\/patona-platinum-nano-v190-v-mount-189wh-pt-sony-dsr-600p-650p-652p-hdw-800p-pdw-850-bp-150w-red-arri\/#breadcrumb"},"inLanguage":"ro-RO","potentialAction":[{"@type":"ReadAction","target":["https:\/\/all4laptop.ro\/store\/produs\/patona-platinum-nano-v190-v-mount-189wh-pt-sony-dsr-600p-650p-652p-hdw-800p-pdw-850-bp-150w-red-arri\/"]}]},{"@type":"ImageObject","inLanguage":"ro-RO","@id":"https:\/\/all4laptop.ro\/store\/produs\/patona-platinum-nano-v190-v-mount-189wh-pt-sony-dsr-600p-650p-652p-hdw-800p-pdw-850-bp-150w-red-arri\/#primaryimage","url":"https:\/\/all4laptop.ro\/store\/wp-content\/uploads\/2024\/04\/1301-1hcNrENzwue2dw_1280x1280.jpg","contentUrl":"https:\/\/all4laptop.ro\/store\/wp-content\/uploads\/2024\/04\/1301-1hcNrENzwue2dw_1280x1280.jpg","width":1000,"height":788},{"@type":"BreadcrumbList","@id":"https:\/\/all4laptop.ro\/store\/produs\/patona-platinum-nano-v190-v-mount-189wh-pt-sony-dsr-600p-650p-652p-hdw-800p-pdw-850-bp-150w-red-arri\/#breadcrumb","itemListElement":[{"@type":"ListItem","position":1,"name":"Prima pagin\u0103","item":"https:\/\/all4laptop.ro\/store\/"},{"@type":"ListItem","position":2,"name":"Magazin","item":"https:\/\/all4laptop.ro\/store\/"},{"@type":"ListItem","position":3,"name":"PATONA Platinum NANO V190 V-Mount 189Wh pt. Sony DSR 600P 650P 652P HDW 800P PDW 850 BP-150w RED ARRI"}]},{"@type":"WebSite","@id":"https:\/\/all4laptop.ro\/store\/#website","url":"https:\/\/all4laptop.ro\/store\/","name":"All4Laptop.ro","description":"Baterii, tastaturi, incarcatoare, display-uri, coolere, balamale si piese laptop","publisher":{"@id":"https:\/\/all4laptop.ro\/store\/#organization"},"alternateName":"All4Laptop by Mado Solutions","potentialAction":[{"@type":"SearchAction","target":{"@type":"EntryPoint","urlTemplate":"https:\/\/all4laptop.ro\/store\/?s={search_term_string}"},"query-input":"required name=search_term_string"}],"inLanguage":"ro-RO"},{"@type":"Organization","@id":"https:\/\/all4laptop.ro\/store\/#organization","name":"Mado Solutions SRL","alternateName":"All4Laptop.ro by Mado Solutions SRL","url":"https:\/\/all4laptop.ro\/store\/","logo":{"@type":"ImageObject","inLanguage":"ro-RO","@id":"https:\/\/all4laptop.ro\/store\/#\/schema\/logo\/image\/","url":"https:\/\/all4laptop.ro\/store\/wp-content\/uploads\/2024\/05\/2.jpg","contentUrl":"https:\/\/all4laptop.ro\/store\/wp-content\/uploads\/2024\/05\/2.jpg","width":408,"height":318,"caption":"Mado Solutions SRL"},"image":{"@id":"https:\/\/all4laptop.ro\/store\/#\/schema\/logo\/image\/"},"sameAs":["https:\/\/www.facebook.com\/all4laptop.ro"]}]}},"_links":{"self":[{"href":"https:\/\/all4laptop.ro\/store\/wp-json\/wp\/v2\/product\/1680","targetHints":{"allow":["GET"]}}],"collection":[{"href":"https:\/\/all4laptop.ro\/store\/wp-json\/wp\/v2\/product"}],"about":[{"href":"https:\/\/all4laptop.ro\/store\/wp-json\/wp\/v2\/types\/product"}],"replies":[{"embeddable":true,"href":"https:\/\/all4laptop.ro\/store\/wp-json\/wp\/v2\/comments?post=1680"}],"wp:featuredmedia":[{"embeddable":true,"href":"https:\/\/all4laptop.ro\/store\/wp-json\/wp\/v2\/media\/1587"}],"wp:attachment":[{"href":"https:\/\/all4laptop.ro\/store\/wp-json\/wp\/v2\/media?parent=1680"}],"wp:term":[{"taxonomy":"product_cat","embeddable":true,"href":"https:\/\/all4laptop.ro\/store\/wp-json\/wp\/v2\/product_cat?post=1680"},{"taxonomy":"product_tag","embeddable":true,"href":"https:\/\/all4laptop.ro\/store\/wp-json\/wp\/v2\/product_tag?post=1680"}],"curies":[{"name":"wp","href":"https:\/\/api.w.org\/{rel}","templated":true}]}}