{"id":1685,"date":"2024-04-16T07:25:35","date_gmt":"2024-04-16T07:25:35","guid":{"rendered":"https:\/\/dev4.acvision.ro\/store\/produs\/patona-platinum-baterie-bp-u100-pt-sony-pmw-ex1-ex3-f3-f3k-f3l-fx5-fx7-fx9-pmw-150-with-2x-d-tap\/"},"modified":"2024-06-17T06:34:12","modified_gmt":"2024-06-17T06:34:12","slug":"patona-platinum-baterie-bp-u100-pt-sony-pmw-ex1-ex3-f3-f3k-f3l-fx5-fx7-fx9-pmw-150-with-2x-d-tap","status":"publish","type":"product","link":"https:\/\/all4laptop.ro\/store\/produs\/patona-platinum-baterie-bp-u100-pt-sony-pmw-ex1-ex3-f3-f3k-f3l-fx5-fx7-fx9-pmw-150-with-2x-d-tap\/","title":{"rendered":"PATONA Platinum Baterie BP-U100 pt. Sony PMW-EX1 EX3 F3 F3K F3L FX5 FX7 FX9 PMW-150 with 2x D-TAP"},"content":{"rendered":"<h2><span>Baterie PATONA Platinum BP-U100 pentru Sony PMW-EX1 EX3 F3 F3K F3L FX5 FX7 FX9 PMW-150 cu 2x D-TAP<\/span><\/h2>\n<p><span data- mce-mark=\"1\">Aceast\u0103 baterie de \u00eenalt\u0103 calitate pentru <strong>Sony BP-U100 <\/strong>este din <strong>Seria Platinum<\/strong>, populara marc\u0103 german\u0103 PATONA. Seria Platinum a fost dezvoltat\u0103 pentru o pl\u0103cere foto de lung\u0103 durat\u0103. Performanta celulelor incorporate este aproape inepuizabila.<br \/>In seria PATONA Platinum au fost folosite cele mai avansate celule, care au o calitate nu doar exceptionala, ci si impresionanta. Seria Platinum este cea mai de \u00eenalt\u0103 calitate, cea mai durabil\u0103 \u0219i cea mai inovatoare serie de la PATONA. Odat\u0103 cu achizi\u021bionarea unei baterii din seria PATONA Platinum, ob\u021bine\u021bi un produs excelent, rafinat, care v\u0103 va fascina. Suntem m\u00e2ndri s\u0103 v\u0103 oferim acest produs Platinum \u0219i v\u0103 dorim mult\u0103 pl\u0103cere c\u00e2nd \u00eel utiliza\u021bi.<\/p>\n<p> Aceast\u0103 baterie ofer\u0103 posibilitatea de a alimenta un dispozitiv extern prin USB \u0219i p\u00e2n\u0103 la 2 dispozitive prin D-Tap. Un afi\u0219aj LED \u00een 4 trepte v\u0103 arat\u0103 capacitatea r\u0103mas\u0103 \u00een orice moment. <\/p>\n<p><strong>Data tehnice:<\/strong><br \/>Tip: BP-U100<br \/>Capacitate: 6900mAh \/ 99.4Wh \/ 14.4V<br \/>conexiuni: 2xD-Tap: 14.4V \/ 2A, USB: 5 V \/ 2,1 A<br \/>Tip: Li-Ion<br \/>Marc\u0103: PATONA Platinum<\/p>\n<p><strong>Potrivit pentru urm\u0103toarele tipuri de camere:<br \/><\/strong>Sony PMW-EX1, PMW-EX1r <br \/>Sony PMW-EX3 <br \/>Sony PMW-F3, PMW-F3K, Sony PMW-F3L<br \/>Sony PMW-100<br \/>Sony PMW-150<br \/>Sony PMW-160<br \/> Sony PMW-200<br \/>\u0219i pentru toate camerele Sony cu conector U-Type<\/span><\/p>\n<p><span data-mce-mark=\"1\"><strong>\u00cenlocuie\u0219te urm\u0103toarele baterii originale:< \/strong><br \/><\/span><span data-mce-mark=\"1\">Sony BP-U30, BP-U50, BP-U60, BP-U67, BP-U90, BP-U95, BP-U100 <\/span><\/p>\n<p><span><strong>Fapte interesante:<\/strong><br \/>Bateriile marca PATONA sunt cunoscute de mul\u021bi ani pentru calitatea lor foarte bun\u0103. Clien\u021bii din toat\u0103 Europa sunt convin\u0219i de bateriile noastre cu cea mai mare stabilitate a ciclului \u0219i subliniaz\u0103 num\u0103rul mare de cicluri de \u00eenc\u0103rcare \u0219i desc\u0103rcare posibile.<\/span><\/p>\n<p><span>Aceast\u0103 baterie Li-Ion \u00eenlocuie\u0219te <strong>Sony. BP-U100 <\/strong>\u0219i prezint\u0103 o autodesc\u0103rcare sc\u0103zut\u0103 chiar \u0219i atunci c\u00e2nd nu este utilizat. Aceast\u0103 pierdere sc\u0103zut\u0103 de energie se pl\u0103te\u0219te \u00een trei moduri, deoarece:<br \/>1) bateria re\u00eenc\u0103rcabil\u0103 poate fi utilizat\u0103 rapid din nou, chiar \u0219i atunci c\u00e2nd nu este utilizat\u0103 pentru o perioad\u0103 mai lung\u0103 de timp<br \/>2) nu trebuie \u00eenc\u0103rcat\u0103 inutil de des, care afecteaz\u0103 durata de via\u021b\u0103 a bateriei \u00een sus \u0219i <br \/>3) mediul este, de asemenea, protejat datorit\u0103 pierderii minime de energie<\/span><\/p>\n<p><span>Preten\u021bia m\u0103rcii PATONA este cel mai \u00eenalt nivel de calitate . Acest lucru include, desigur, standarde extraordinare de siguran\u021b\u0103. Replicile bateriilor perfect compatibile includ \u00een mod natural caracteristici electronice de siguran\u021b\u0103, cum ar fi protec\u021bia la supra\u00eenc\u0103lzire \u0219i \u00eendeplinesc cele mai \u00eenalte standarde europene de calitate.<\/span><\/p>\n<p><span>PATONA ofer\u0103 \u00eentotdeauna calitate superioar\u0103 la pre\u021buri corecte. Chiar \u0219i noua serie de platin\u0103 a m\u0103rcii este disponibil\u0103 la pre\u021buri accesibile. <br \/>Cu noua serie de platin\u0103 a m\u0103rcii PATONA, toat\u0103 lumea, fie c\u0103 este fotograf profesionist sau hobby, poate dob\u00e2ndi o baterie extrem de puternic\u0103 \u0219i, astfel, o pies\u0103 de exclusivitate.<br \/><\/span><span><br \/>Imaginile sunt doar \u00een scop ilustrativ &#8211; livrarea poate varia. Oferit este un produs al m\u0103rcii de calitate PATONA.<\/p>\n<p><\/span><\/p>\n","protected":false},"excerpt":{"rendered":"<p>Baterie PATONA Platinum BP-U100 pentru Sony PMW-EX1 EX3 F3 F3K F3L FX5 FX7 FX9 PMW-150 cu 2x D-TAP Aceast\u0103 baterie de \u00eenalt\u0103 calitate pentru Sony BP-U100 este din Seria Platinum, populara marc\u0103 german\u0103 PATONA. Seria Platinum a fost dezvoltat\u0103 pentru o pl\u0103cere foto de lung\u0103 durat\u0103. Performanta celulelor incorporate este aproape inepuizabila.In seria PATONA Platinum [&hellip;]<\/p>\n","protected":false},"featured_media":1597,"comment_status":"open","ping_status":"closed","template":"","meta":{"_joinchat":[]},"product_cat":[192],"product_tag":[6445],"class_list":{"0":"post-1685","1":"product","2":"type-product","3":"status-publish","4":"has-post-thumbnail","6":"product_cat-baterii-camere-foto-video","7":"product_tag-a4lrop-1341","8":"product_shipping_class-valoare","10":"first","11":"instock","12":"shipping-taxable","13":"purchasable","14":"product-type-simple"},"yoast_head":"<!-- This site is optimized with the Yoast SEO plugin v22.7 - https:\/\/yoast.com\/wordpress\/plugins\/seo\/ -->\n<title>PATONA Platinum Baterie BP-U100 pt. Sony PMW-EX1 EX3 F3 F3K F3L FX5 FX7 FX9 PMW-150 with 2x D-TAP - All4Laptop.ro<\/title>\n<meta name=\"robots\" content=\"index, follow, max-snippet:-1, max-image-preview:large, max-video-preview:-1\" \/>\n<link rel=\"canonical\" href=\"https:\/\/all4laptop.ro\/store\/produs\/patona-platinum-baterie-bp-u100-pt-sony-pmw-ex1-ex3-f3-f3k-f3l-fx5-fx7-fx9-pmw-150-with-2x-d-tap\/\" \/>\n<meta property=\"og:locale\" content=\"ro_RO\" \/>\n<meta property=\"og:type\" content=\"article\" \/>\n<meta property=\"og:title\" content=\"PATONA Platinum Baterie BP-U100 pt. Sony PMW-EX1 EX3 F3 F3K F3L FX5 FX7 FX9 PMW-150 with 2x D-TAP - All4Laptop.ro\" \/>\n<meta property=\"og:description\" content=\"Baterie PATONA Platinum BP-U100 pentru Sony PMW-EX1 EX3 F3 F3K F3L FX5 FX7 FX9 PMW-150 cu 2x D-TAP Aceast\u0103 baterie de \u00eenalt\u0103 calitate pentru Sony BP-U100 este din Seria Platinum, populara marc\u0103 german\u0103 PATONA. Seria Platinum a fost dezvoltat\u0103 pentru o pl\u0103cere foto de lung\u0103 durat\u0103. Performanta celulelor incorporate este aproape inepuizabila.In seria PATONA Platinum [&hellip;]\" \/>\n<meta property=\"og:url\" content=\"https:\/\/all4laptop.ro\/store\/produs\/patona-platinum-baterie-bp-u100-pt-sony-pmw-ex1-ex3-f3-f3k-f3l-fx5-fx7-fx9-pmw-150-with-2x-d-tap\/\" \/>\n<meta property=\"og:site_name\" content=\"All4Laptop.ro\" \/>\n<meta property=\"article:publisher\" content=\"https:\/\/www.facebook.com\/all4laptop.ro\" \/>\n<meta property=\"article:modified_time\" content=\"2024-06-17T06:34:12+00:00\" \/>\n<meta property=\"og:image\" content=\"https:\/\/all4laptop.ro\/store\/wp-content\/uploads\/2024\/04\/1341-1_1280x1280.jpg\" \/>\n\t<meta property=\"og:image:width\" content=\"1280\" \/>\n\t<meta property=\"og:image:height\" content=\"1162\" \/>\n\t<meta property=\"og:image:type\" content=\"image\/jpeg\" \/>\n<meta name=\"twitter:card\" content=\"summary_large_image\" \/>\n<meta name=\"twitter:label1\" content=\"Timp estimat pentru citire\" \/>\n\t<meta name=\"twitter:data1\" content=\"2 minute\" \/>\n<script type=\"application\/ld+json\" class=\"yoast-schema-graph\">{\"@context\":\"https:\/\/schema.org\",\"@graph\":[{\"@type\":\"WebPage\",\"@id\":\"https:\/\/all4laptop.ro\/store\/produs\/patona-platinum-baterie-bp-u100-pt-sony-pmw-ex1-ex3-f3-f3k-f3l-fx5-fx7-fx9-pmw-150-with-2x-d-tap\/\",\"url\":\"https:\/\/all4laptop.ro\/store\/produs\/patona-platinum-baterie-bp-u100-pt-sony-pmw-ex1-ex3-f3-f3k-f3l-fx5-fx7-fx9-pmw-150-with-2x-d-tap\/\",\"name\":\"PATONA Platinum Baterie BP-U100 pt. Sony PMW-EX1 EX3 F3 F3K F3L FX5 FX7 FX9 PMW-150 with 2x D-TAP - All4Laptop.ro\",\"isPartOf\":{\"@id\":\"https:\/\/all4laptop.ro\/store\/#website\"},\"primaryImageOfPage\":{\"@id\":\"https:\/\/all4laptop.ro\/store\/produs\/patona-platinum-baterie-bp-u100-pt-sony-pmw-ex1-ex3-f3-f3k-f3l-fx5-fx7-fx9-pmw-150-with-2x-d-tap\/#primaryimage\"},\"image\":{\"@id\":\"https:\/\/all4laptop.ro\/store\/produs\/patona-platinum-baterie-bp-u100-pt-sony-pmw-ex1-ex3-f3-f3k-f3l-fx5-fx7-fx9-pmw-150-with-2x-d-tap\/#primaryimage\"},\"thumbnailUrl\":\"https:\/\/all4laptop.ro\/store\/wp-content\/uploads\/2024\/04\/1341-1_1280x1280.jpg\",\"datePublished\":\"2024-04-16T07:25:35+00:00\",\"dateModified\":\"2024-06-17T06:34:12+00:00\",\"breadcrumb\":{\"@id\":\"https:\/\/all4laptop.ro\/store\/produs\/patona-platinum-baterie-bp-u100-pt-sony-pmw-ex1-ex3-f3-f3k-f3l-fx5-fx7-fx9-pmw-150-with-2x-d-tap\/#breadcrumb\"},\"inLanguage\":\"ro-RO\",\"potentialAction\":[{\"@type\":\"ReadAction\",\"target\":[\"https:\/\/all4laptop.ro\/store\/produs\/patona-platinum-baterie-bp-u100-pt-sony-pmw-ex1-ex3-f3-f3k-f3l-fx5-fx7-fx9-pmw-150-with-2x-d-tap\/\"]}]},{\"@type\":\"ImageObject\",\"inLanguage\":\"ro-RO\",\"@id\":\"https:\/\/all4laptop.ro\/store\/produs\/patona-platinum-baterie-bp-u100-pt-sony-pmw-ex1-ex3-f3-f3k-f3l-fx5-fx7-fx9-pmw-150-with-2x-d-tap\/#primaryimage\",\"url\":\"https:\/\/all4laptop.ro\/store\/wp-content\/uploads\/2024\/04\/1341-1_1280x1280.jpg\",\"contentUrl\":\"https:\/\/all4laptop.ro\/store\/wp-content\/uploads\/2024\/04\/1341-1_1280x1280.jpg\",\"width\":1280,\"height\":1162},{\"@type\":\"BreadcrumbList\",\"@id\":\"https:\/\/all4laptop.ro\/store\/produs\/patona-platinum-baterie-bp-u100-pt-sony-pmw-ex1-ex3-f3-f3k-f3l-fx5-fx7-fx9-pmw-150-with-2x-d-tap\/#breadcrumb\",\"itemListElement\":[{\"@type\":\"ListItem\",\"position\":1,\"name\":\"Prima pagin\u0103\",\"item\":\"https:\/\/all4laptop.ro\/store\/\"},{\"@type\":\"ListItem\",\"position\":2,\"name\":\"Magazin\",\"item\":\"https:\/\/all4laptop.ro\/store\/\"},{\"@type\":\"ListItem\",\"position\":3,\"name\":\"PATONA Platinum Baterie BP-U100 pt. Sony PMW-EX1 EX3 F3 F3K F3L FX5 FX7 FX9 PMW-150 with 2x D-TAP\"}]},{\"@type\":\"WebSite\",\"@id\":\"https:\/\/all4laptop.ro\/store\/#website\",\"url\":\"https:\/\/all4laptop.ro\/store\/\",\"name\":\"All4Laptop.ro\",\"description\":\"Baterii, tastaturi, incarcatoare, display-uri, coolere, balamale si piese laptop\",\"publisher\":{\"@id\":\"https:\/\/all4laptop.ro\/store\/#organization\"},\"alternateName\":\"All4Laptop by Mado Solutions\",\"potentialAction\":[{\"@type\":\"SearchAction\",\"target\":{\"@type\":\"EntryPoint\",\"urlTemplate\":\"https:\/\/all4laptop.ro\/store\/?s={search_term_string}\"},\"query-input\":\"required name=search_term_string\"}],\"inLanguage\":\"ro-RO\"},{\"@type\":\"Organization\",\"@id\":\"https:\/\/all4laptop.ro\/store\/#organization\",\"name\":\"Mado Solutions SRL\",\"alternateName\":\"All4Laptop.ro by Mado Solutions SRL\",\"url\":\"https:\/\/all4laptop.ro\/store\/\",\"logo\":{\"@type\":\"ImageObject\",\"inLanguage\":\"ro-RO\",\"@id\":\"https:\/\/all4laptop.ro\/store\/#\/schema\/logo\/image\/\",\"url\":\"https:\/\/all4laptop.ro\/store\/wp-content\/uploads\/2024\/05\/2.jpg\",\"contentUrl\":\"https:\/\/all4laptop.ro\/store\/wp-content\/uploads\/2024\/05\/2.jpg\",\"width\":408,\"height\":318,\"caption\":\"Mado Solutions SRL\"},\"image\":{\"@id\":\"https:\/\/all4laptop.ro\/store\/#\/schema\/logo\/image\/\"},\"sameAs\":[\"https:\/\/www.facebook.com\/all4laptop.ro\"]}]}<\/script>\n<!-- \/ Yoast SEO plugin. -->","yoast_head_json":{"title":"PATONA Platinum Baterie BP-U100 pt. Sony PMW-EX1 EX3 F3 F3K F3L FX5 FX7 FX9 PMW-150 with 2x D-TAP - All4Laptop.ro","robots":{"index":"index","follow":"follow","max-snippet":"max-snippet:-1","max-image-preview":"max-image-preview:large","max-video-preview":"max-video-preview:-1"},"canonical":"https:\/\/all4laptop.ro\/store\/produs\/patona-platinum-baterie-bp-u100-pt-sony-pmw-ex1-ex3-f3-f3k-f3l-fx5-fx7-fx9-pmw-150-with-2x-d-tap\/","og_locale":"ro_RO","og_type":"article","og_title":"PATONA Platinum Baterie BP-U100 pt. Sony PMW-EX1 EX3 F3 F3K F3L FX5 FX7 FX9 PMW-150 with 2x D-TAP - All4Laptop.ro","og_description":"Baterie PATONA Platinum BP-U100 pentru Sony PMW-EX1 EX3 F3 F3K F3L FX5 FX7 FX9 PMW-150 cu 2x D-TAP Aceast\u0103 baterie de \u00eenalt\u0103 calitate pentru Sony BP-U100 este din Seria Platinum, populara marc\u0103 german\u0103 PATONA. Seria Platinum a fost dezvoltat\u0103 pentru o pl\u0103cere foto de lung\u0103 durat\u0103. Performanta celulelor incorporate este aproape inepuizabila.In seria PATONA Platinum [&hellip;]","og_url":"https:\/\/all4laptop.ro\/store\/produs\/patona-platinum-baterie-bp-u100-pt-sony-pmw-ex1-ex3-f3-f3k-f3l-fx5-fx7-fx9-pmw-150-with-2x-d-tap\/","og_site_name":"All4Laptop.ro","article_publisher":"https:\/\/www.facebook.com\/all4laptop.ro","article_modified_time":"2024-06-17T06:34:12+00:00","og_image":[{"width":1280,"height":1162,"url":"https:\/\/all4laptop.ro\/store\/wp-content\/uploads\/2024\/04\/1341-1_1280x1280.jpg","type":"image\/jpeg"}],"twitter_card":"summary_large_image","twitter_misc":{"Timp estimat pentru citire":"2 minute"},"schema":{"@context":"https:\/\/schema.org","@graph":[{"@type":"WebPage","@id":"https:\/\/all4laptop.ro\/store\/produs\/patona-platinum-baterie-bp-u100-pt-sony-pmw-ex1-ex3-f3-f3k-f3l-fx5-fx7-fx9-pmw-150-with-2x-d-tap\/","url":"https:\/\/all4laptop.ro\/store\/produs\/patona-platinum-baterie-bp-u100-pt-sony-pmw-ex1-ex3-f3-f3k-f3l-fx5-fx7-fx9-pmw-150-with-2x-d-tap\/","name":"PATONA Platinum Baterie BP-U100 pt. Sony PMW-EX1 EX3 F3 F3K F3L FX5 FX7 FX9 PMW-150 with 2x D-TAP - All4Laptop.ro","isPartOf":{"@id":"https:\/\/all4laptop.ro\/store\/#website"},"primaryImageOfPage":{"@id":"https:\/\/all4laptop.ro\/store\/produs\/patona-platinum-baterie-bp-u100-pt-sony-pmw-ex1-ex3-f3-f3k-f3l-fx5-fx7-fx9-pmw-150-with-2x-d-tap\/#primaryimage"},"image":{"@id":"https:\/\/all4laptop.ro\/store\/produs\/patona-platinum-baterie-bp-u100-pt-sony-pmw-ex1-ex3-f3-f3k-f3l-fx5-fx7-fx9-pmw-150-with-2x-d-tap\/#primaryimage"},"thumbnailUrl":"https:\/\/all4laptop.ro\/store\/wp-content\/uploads\/2024\/04\/1341-1_1280x1280.jpg","datePublished":"2024-04-16T07:25:35+00:00","dateModified":"2024-06-17T06:34:12+00:00","breadcrumb":{"@id":"https:\/\/all4laptop.ro\/store\/produs\/patona-platinum-baterie-bp-u100-pt-sony-pmw-ex1-ex3-f3-f3k-f3l-fx5-fx7-fx9-pmw-150-with-2x-d-tap\/#breadcrumb"},"inLanguage":"ro-RO","potentialAction":[{"@type":"ReadAction","target":["https:\/\/all4laptop.ro\/store\/produs\/patona-platinum-baterie-bp-u100-pt-sony-pmw-ex1-ex3-f3-f3k-f3l-fx5-fx7-fx9-pmw-150-with-2x-d-tap\/"]}]},{"@type":"ImageObject","inLanguage":"ro-RO","@id":"https:\/\/all4laptop.ro\/store\/produs\/patona-platinum-baterie-bp-u100-pt-sony-pmw-ex1-ex3-f3-f3k-f3l-fx5-fx7-fx9-pmw-150-with-2x-d-tap\/#primaryimage","url":"https:\/\/all4laptop.ro\/store\/wp-content\/uploads\/2024\/04\/1341-1_1280x1280.jpg","contentUrl":"https:\/\/all4laptop.ro\/store\/wp-content\/uploads\/2024\/04\/1341-1_1280x1280.jpg","width":1280,"height":1162},{"@type":"BreadcrumbList","@id":"https:\/\/all4laptop.ro\/store\/produs\/patona-platinum-baterie-bp-u100-pt-sony-pmw-ex1-ex3-f3-f3k-f3l-fx5-fx7-fx9-pmw-150-with-2x-d-tap\/#breadcrumb","itemListElement":[{"@type":"ListItem","position":1,"name":"Prima pagin\u0103","item":"https:\/\/all4laptop.ro\/store\/"},{"@type":"ListItem","position":2,"name":"Magazin","item":"https:\/\/all4laptop.ro\/store\/"},{"@type":"ListItem","position":3,"name":"PATONA Platinum Baterie BP-U100 pt. Sony PMW-EX1 EX3 F3 F3K F3L FX5 FX7 FX9 PMW-150 with 2x D-TAP"}]},{"@type":"WebSite","@id":"https:\/\/all4laptop.ro\/store\/#website","url":"https:\/\/all4laptop.ro\/store\/","name":"All4Laptop.ro","description":"Baterii, tastaturi, incarcatoare, display-uri, coolere, balamale si piese laptop","publisher":{"@id":"https:\/\/all4laptop.ro\/store\/#organization"},"alternateName":"All4Laptop by Mado Solutions","potentialAction":[{"@type":"SearchAction","target":{"@type":"EntryPoint","urlTemplate":"https:\/\/all4laptop.ro\/store\/?s={search_term_string}"},"query-input":"required name=search_term_string"}],"inLanguage":"ro-RO"},{"@type":"Organization","@id":"https:\/\/all4laptop.ro\/store\/#organization","name":"Mado Solutions SRL","alternateName":"All4Laptop.ro by Mado Solutions SRL","url":"https:\/\/all4laptop.ro\/store\/","logo":{"@type":"ImageObject","inLanguage":"ro-RO","@id":"https:\/\/all4laptop.ro\/store\/#\/schema\/logo\/image\/","url":"https:\/\/all4laptop.ro\/store\/wp-content\/uploads\/2024\/05\/2.jpg","contentUrl":"https:\/\/all4laptop.ro\/store\/wp-content\/uploads\/2024\/05\/2.jpg","width":408,"height":318,"caption":"Mado Solutions SRL"},"image":{"@id":"https:\/\/all4laptop.ro\/store\/#\/schema\/logo\/image\/"},"sameAs":["https:\/\/www.facebook.com\/all4laptop.ro"]}]}},"_links":{"self":[{"href":"https:\/\/all4laptop.ro\/store\/wp-json\/wp\/v2\/product\/1685","targetHints":{"allow":["GET"]}}],"collection":[{"href":"https:\/\/all4laptop.ro\/store\/wp-json\/wp\/v2\/product"}],"about":[{"href":"https:\/\/all4laptop.ro\/store\/wp-json\/wp\/v2\/types\/product"}],"replies":[{"embeddable":true,"href":"https:\/\/all4laptop.ro\/store\/wp-json\/wp\/v2\/comments?post=1685"}],"wp:featuredmedia":[{"embeddable":true,"href":"https:\/\/all4laptop.ro\/store\/wp-json\/wp\/v2\/media\/1597"}],"wp:attachment":[{"href":"https:\/\/all4laptop.ro\/store\/wp-json\/wp\/v2\/media?parent=1685"}],"wp:term":[{"taxonomy":"product_cat","embeddable":true,"href":"https:\/\/all4laptop.ro\/store\/wp-json\/wp\/v2\/product_cat?post=1685"},{"taxonomy":"product_tag","embeddable":true,"href":"https:\/\/all4laptop.ro\/store\/wp-json\/wp\/v2\/product_tag?post=1685"}],"curies":[{"name":"wp","href":"https:\/\/api.w.org\/{rel}","templated":true}]}}