{"id":1686,"date":"2024-04-16T07:25:35","date_gmt":"2024-04-16T07:25:35","guid":{"rendered":"https:\/\/dev4.acvision.ro\/store\/produs\/patona-platinum-baterie-v-mount-24a-216wh-15000mah-pt-blackmagic-ursa-mini-red-epic-scarlet-sony-video-4k-digital-cinema-broadcast-dslr-led-light-monitor-hdcam-xdcam\/"},"modified":"2024-06-17T06:34:15","modified_gmt":"2024-06-17T06:34:15","slug":"patona-platinum-baterie-v-mount-24a-216wh-15000mah-pt-blackmagic-ursa-mini-red-epic-scarlet-sony-video-4k-digital-cinema-broadcast-dslr-led-light-monitor-hdcam-xdcam","status":"publish","type":"product","link":"https:\/\/all4laptop.ro\/store\/produs\/patona-platinum-baterie-v-mount-24a-216wh-15000mah-pt-blackmagic-ursa-mini-red-epic-scarlet-sony-video-4k-digital-cinema-broadcast-dslr-led-light-monitor-hdcam-xdcam\/","title":{"rendered":"PATONA Platinum Baterie V-Mount 24A 216Wh 15000mAh pt. Blackmagic Ursa Mini RED EPIC SCARLET Sony Video 4K Digital Cinema Broadcast DSLR LED-Light Monitor HDCAM XDCAM"},"content":{"rendered":"<h2><span data-mce-mark=\"1\">Baterie PATONA Platinum V-Mount 24A 216Wh 15000mAh pt. <\/span>Blackmagic Ursa Mini RED EPIC SCARLET Sony Video 4K Digital Cinema Broadcast DSLR LED-Light Monitor HDCAM XDCAM<\/h2>\n<p><span data-mce-mark=\"1\"><span data-mce-mark= \"1\">Nou \u00een <strong>Seria PATONA Platinum<\/strong> v\u0103 prezent\u0103m bateria V-Mount cu 216Wh.. Rata de desc\u0103rcare continu\u0103 este de 24A.<br \/>Pentru confort suplimentar, bateria are un D-Tap conector, un conector DC (10-16,8V, 3A max.) \u0219i o ie\u0219ire USB \u00eencorporat\u0103. Astfel, se pot conecta \u0219i utiliza dispozitive suplimentare. Un afi\u0219aj LED \u00een 4 trepte v\u0103 informeaz\u0103 despre starea de \u00eenc\u0103rcare a bateriei.<\/p>\n<p> Aceast\u0103 baterie a fost dezvoltat\u0103 pentru o pl\u0103cere foto de lung\u0103 durat\u0103. Performanta celulelor instalate este aproape inepuizabila.<\/p>\n<p>In seria PATONA Platinum au fost montate cele mai avansate celule, care au o calitate nu doar exceptionala, dar si impresionanta in acelasi timp. Seria Platinum este cea mai \u00eenalt\u0103 calitate, cea mai durabil\u0103 \u0219i cea mai inovatoare serie de la PATONA. Odat\u0103 cu achizi\u021bionarea unei baterii din seria PATONA Platinum, ob\u021bine\u021bi un produs excelent, rafinat, care v\u0103 va fascina.<\/span><\/span><\/p>\n<p><span data-mce-mark=\"\">Noi Suntem m\u00e2ndri s\u0103 v\u0103 oferim acest produs de platin\u0103 \u0219i sper\u0103m c\u0103 v\u0103 ve\u021bi bucura de utilizarea lui.<\/p>\n<p><strong>Date tehnice:<\/strong><br \/>Capacitate: 15.000mAh \/ 14,4V \/ 216Wh<br >Ie\u0219ire USB: 5V \/ 2,4A<br \/>Intrare D-Tap: 16,8V \/ 7A max.<br \/>Ie\u0219ire D-Tap: 10-16,8V \/ 240W max.<br \/>Intrare DC: 16,8V 3A max. <br \/>Ie\u0219ire DC: 10V-16,8V 3A max.<br \/>Tip de conexiune: V-Mount<br \/>Tip: Li-Ion<br \/>Num\u0103r de celule: 12<br \/>Max. Curent de \u00eenc\u0103rcare: 6A<br \/>Max. Curent de desc\u0103rcare: 14,3A (16,8V) ~ 24A (10V) <br \/>Greutate: 1545gr<br \/>Dimensiuni: 97x88x146mm<br \/>Marc\u0103: PATONA Platinum <\/p>\n<p><strong>Potrivit pentru urm\u0103toarele tipuri de camere:< br>V-Mount Sony<br \/><\/strong> Camere video SONY HVR-S270C PMW-EX3, PMW-EX330K, PMW-EX330L, PMW-EX330R, PMW-320, PMW-500, PMW-580K, PMW580L, PDW- 680, PDW-700, PDW-850, PMW-TD300, HDW-F900R, HDW-680, HDW-800P, PMW-F55, PMW-F5<br \/><\/span><\/p>\n<p>Potrivit pentru TO\u021aI camere \u0219i lumini LED cu pl\u0103ci de baterie standard cu montare \u00een V, compatibile cu camerele Blackmagic Ursa Mini, RED EPIC, RED SCARLET, Sony Video 4K Digital Cinema Cameras Broadcast DSLR, LED Light, Monitor, HDCAM, XDCAM \u0219i alte camere video care accept\u0103 baterie de tip V .<\/p>\n<p><strong>Num\u0103r de pies\u0103 compatibil:<\/strong><br \/><strong>Sony <\/strong>BP95W, BP-95WS, BPGL65, BP-GL65, BPGL95, BP-GL95, BP150w, BP-150w, BP-190S, BP-190WS, BP-C190S, BP-230W, BP230W, BP-280W, BP280W, BP-290W, BP290W, BP-300W, BP300W<\/p>\n<p><p> mce-mark=&#8221;&#8221;>Imaginile sunt exemple de imagini, articolul livrat poate diferi. Este oferit un produs al m\u0103rcii de calitate PATONA.<\/span><\/p>\n<p><span style=\"color: #ff0000;\">Achtung:<br \/> Aceast\u0103 baterie are mai mult de 100Wh \u0219i este supus\u0103 condi\u021biilor periculoase reglement\u0103rile m\u0103rfurilor GGBefG, GGVSEB, ADR, RID, cod IMDG \u0219i IATA \u0219i pot fi transportate numai \u00een condi\u021bii speciale.<\/span><\/p>\n","protected":false},"excerpt":{"rendered":"<p>Baterie PATONA Platinum V-Mount 24A 216Wh 15000mAh pt. Blackmagic Ursa Mini RED EPIC SCARLET Sony Video 4K Digital Cinema Broadcast DSLR LED-Light Monitor HDCAM XDCAM Nou \u00een Seria PATONA Platinum v\u0103 prezent\u0103m bateria V-Mount cu 216Wh.. Rata de desc\u0103rcare continu\u0103 este de 24A.Pentru confort suplimentar, bateria are un D-Tap conector, un conector DC (10-16,8V, 3A [&hellip;]<\/p>\n","protected":false},"featured_media":1599,"comment_status":"open","ping_status":"closed","template":"","meta":{"_joinchat":[]},"product_cat":[192],"product_tag":[6449],"class_list":{"0":"post-1686","1":"product","2":"type-product","3":"status-publish","4":"has-post-thumbnail","6":"product_cat-baterii-camere-foto-video","7":"product_tag-a4lrop-1350","8":"product_shipping_class-valoare","10":"first","11":"instock","12":"shipping-taxable","13":"purchasable","14":"product-type-simple"},"yoast_head":"<!-- This site is optimized with the Yoast SEO plugin v22.7 - https:\/\/yoast.com\/wordpress\/plugins\/seo\/ -->\n<title>PATONA Platinum Baterie V-Mount 24A 216Wh 15000mAh pt. Blackmagic Ursa Mini RED EPIC SCARLET Sony Video 4K Digital Cinema Broadcast DSLR LED-Light Monitor HDCAM XDCAM - All4Laptop.ro<\/title>\n<meta name=\"robots\" content=\"index, follow, max-snippet:-1, max-image-preview:large, max-video-preview:-1\" \/>\n<link rel=\"canonical\" href=\"https:\/\/all4laptop.ro\/store\/produs\/patona-platinum-baterie-v-mount-24a-216wh-15000mah-pt-blackmagic-ursa-mini-red-epic-scarlet-sony-video-4k-digital-cinema-broadcast-dslr-led-light-monitor-hdcam-xdcam\/\" \/>\n<meta property=\"og:locale\" content=\"ro_RO\" \/>\n<meta property=\"og:type\" content=\"article\" \/>\n<meta property=\"og:title\" content=\"PATONA Platinum Baterie V-Mount 24A 216Wh 15000mAh pt. Blackmagic Ursa Mini RED EPIC SCARLET Sony Video 4K Digital Cinema Broadcast DSLR LED-Light Monitor HDCAM XDCAM - All4Laptop.ro\" \/>\n<meta property=\"og:description\" content=\"Baterie PATONA Platinum V-Mount 24A 216Wh 15000mAh pt. Blackmagic Ursa Mini RED EPIC SCARLET Sony Video 4K Digital Cinema Broadcast DSLR LED-Light Monitor HDCAM XDCAM Nou \u00een Seria PATONA Platinum v\u0103 prezent\u0103m bateria V-Mount cu 216Wh.. Rata de desc\u0103rcare continu\u0103 este de 24A.Pentru confort suplimentar, bateria are un D-Tap conector, un conector DC (10-16,8V, 3A [&hellip;]\" \/>\n<meta property=\"og:url\" content=\"https:\/\/all4laptop.ro\/store\/produs\/patona-platinum-baterie-v-mount-24a-216wh-15000mah-pt-blackmagic-ursa-mini-red-epic-scarlet-sony-video-4k-digital-cinema-broadcast-dslr-led-light-monitor-hdcam-xdcam\/\" \/>\n<meta property=\"og:site_name\" content=\"All4Laptop.ro\" \/>\n<meta property=\"article:publisher\" content=\"https:\/\/www.facebook.com\/all4laptop.ro\" \/>\n<meta property=\"article:modified_time\" content=\"2024-06-17T06:34:15+00:00\" \/>\n<meta property=\"og:image\" content=\"https:\/\/all4laptop.ro\/store\/wp-content\/uploads\/2024\/04\/1350-2_1280x1280.jpg\" \/>\n\t<meta property=\"og:image:width\" content=\"901\" \/>\n\t<meta property=\"og:image:height\" content=\"1280\" \/>\n\t<meta property=\"og:image:type\" content=\"image\/jpeg\" \/>\n<meta name=\"twitter:card\" content=\"summary_large_image\" \/>\n<meta name=\"twitter:label1\" content=\"Timp estimat pentru citire\" \/>\n\t<meta name=\"twitter:data1\" content=\"2 minute\" \/>\n<script type=\"application\/ld+json\" class=\"yoast-schema-graph\">{\"@context\":\"https:\/\/schema.org\",\"@graph\":[{\"@type\":\"WebPage\",\"@id\":\"https:\/\/all4laptop.ro\/store\/produs\/patona-platinum-baterie-v-mount-24a-216wh-15000mah-pt-blackmagic-ursa-mini-red-epic-scarlet-sony-video-4k-digital-cinema-broadcast-dslr-led-light-monitor-hdcam-xdcam\/\",\"url\":\"https:\/\/all4laptop.ro\/store\/produs\/patona-platinum-baterie-v-mount-24a-216wh-15000mah-pt-blackmagic-ursa-mini-red-epic-scarlet-sony-video-4k-digital-cinema-broadcast-dslr-led-light-monitor-hdcam-xdcam\/\",\"name\":\"PATONA Platinum Baterie V-Mount 24A 216Wh 15000mAh pt. Blackmagic Ursa Mini RED EPIC SCARLET Sony Video 4K Digital Cinema Broadcast DSLR LED-Light Monitor HDCAM XDCAM - All4Laptop.ro\",\"isPartOf\":{\"@id\":\"https:\/\/all4laptop.ro\/store\/#website\"},\"primaryImageOfPage\":{\"@id\":\"https:\/\/all4laptop.ro\/store\/produs\/patona-platinum-baterie-v-mount-24a-216wh-15000mah-pt-blackmagic-ursa-mini-red-epic-scarlet-sony-video-4k-digital-cinema-broadcast-dslr-led-light-monitor-hdcam-xdcam\/#primaryimage\"},\"image\":{\"@id\":\"https:\/\/all4laptop.ro\/store\/produs\/patona-platinum-baterie-v-mount-24a-216wh-15000mah-pt-blackmagic-ursa-mini-red-epic-scarlet-sony-video-4k-digital-cinema-broadcast-dslr-led-light-monitor-hdcam-xdcam\/#primaryimage\"},\"thumbnailUrl\":\"https:\/\/all4laptop.ro\/store\/wp-content\/uploads\/2024\/04\/1350-2_1280x1280.jpg\",\"datePublished\":\"2024-04-16T07:25:35+00:00\",\"dateModified\":\"2024-06-17T06:34:15+00:00\",\"breadcrumb\":{\"@id\":\"https:\/\/all4laptop.ro\/store\/produs\/patona-platinum-baterie-v-mount-24a-216wh-15000mah-pt-blackmagic-ursa-mini-red-epic-scarlet-sony-video-4k-digital-cinema-broadcast-dslr-led-light-monitor-hdcam-xdcam\/#breadcrumb\"},\"inLanguage\":\"ro-RO\",\"potentialAction\":[{\"@type\":\"ReadAction\",\"target\":[\"https:\/\/all4laptop.ro\/store\/produs\/patona-platinum-baterie-v-mount-24a-216wh-15000mah-pt-blackmagic-ursa-mini-red-epic-scarlet-sony-video-4k-digital-cinema-broadcast-dslr-led-light-monitor-hdcam-xdcam\/\"]}]},{\"@type\":\"ImageObject\",\"inLanguage\":\"ro-RO\",\"@id\":\"https:\/\/all4laptop.ro\/store\/produs\/patona-platinum-baterie-v-mount-24a-216wh-15000mah-pt-blackmagic-ursa-mini-red-epic-scarlet-sony-video-4k-digital-cinema-broadcast-dslr-led-light-monitor-hdcam-xdcam\/#primaryimage\",\"url\":\"https:\/\/all4laptop.ro\/store\/wp-content\/uploads\/2024\/04\/1350-2_1280x1280.jpg\",\"contentUrl\":\"https:\/\/all4laptop.ro\/store\/wp-content\/uploads\/2024\/04\/1350-2_1280x1280.jpg\",\"width\":901,\"height\":1280},{\"@type\":\"BreadcrumbList\",\"@id\":\"https:\/\/all4laptop.ro\/store\/produs\/patona-platinum-baterie-v-mount-24a-216wh-15000mah-pt-blackmagic-ursa-mini-red-epic-scarlet-sony-video-4k-digital-cinema-broadcast-dslr-led-light-monitor-hdcam-xdcam\/#breadcrumb\",\"itemListElement\":[{\"@type\":\"ListItem\",\"position\":1,\"name\":\"Prima pagin\u0103\",\"item\":\"https:\/\/all4laptop.ro\/store\/\"},{\"@type\":\"ListItem\",\"position\":2,\"name\":\"Magazin\",\"item\":\"https:\/\/all4laptop.ro\/store\/\"},{\"@type\":\"ListItem\",\"position\":3,\"name\":\"PATONA Platinum Baterie V-Mount 24A 216Wh 15000mAh pt. Blackmagic Ursa Mini RED EPIC SCARLET Sony Video 4K Digital Cinema Broadcast DSLR LED-Light Monitor HDCAM XDCAM\"}]},{\"@type\":\"WebSite\",\"@id\":\"https:\/\/all4laptop.ro\/store\/#website\",\"url\":\"https:\/\/all4laptop.ro\/store\/\",\"name\":\"All4Laptop.ro\",\"description\":\"Baterii, tastaturi, incarcatoare, display-uri, coolere, balamale si piese laptop\",\"publisher\":{\"@id\":\"https:\/\/all4laptop.ro\/store\/#organization\"},\"alternateName\":\"All4Laptop by Mado Solutions\",\"potentialAction\":[{\"@type\":\"SearchAction\",\"target\":{\"@type\":\"EntryPoint\",\"urlTemplate\":\"https:\/\/all4laptop.ro\/store\/?s={search_term_string}\"},\"query-input\":\"required name=search_term_string\"}],\"inLanguage\":\"ro-RO\"},{\"@type\":\"Organization\",\"@id\":\"https:\/\/all4laptop.ro\/store\/#organization\",\"name\":\"Mado Solutions SRL\",\"alternateName\":\"All4Laptop.ro by Mado Solutions SRL\",\"url\":\"https:\/\/all4laptop.ro\/store\/\",\"logo\":{\"@type\":\"ImageObject\",\"inLanguage\":\"ro-RO\",\"@id\":\"https:\/\/all4laptop.ro\/store\/#\/schema\/logo\/image\/\",\"url\":\"https:\/\/all4laptop.ro\/store\/wp-content\/uploads\/2024\/05\/2.jpg\",\"contentUrl\":\"https:\/\/all4laptop.ro\/store\/wp-content\/uploads\/2024\/05\/2.jpg\",\"width\":408,\"height\":318,\"caption\":\"Mado Solutions SRL\"},\"image\":{\"@id\":\"https:\/\/all4laptop.ro\/store\/#\/schema\/logo\/image\/\"},\"sameAs\":[\"https:\/\/www.facebook.com\/all4laptop.ro\"]}]}<\/script>\n<!-- \/ Yoast SEO plugin. -->","yoast_head_json":{"title":"PATONA Platinum Baterie V-Mount 24A 216Wh 15000mAh pt. Blackmagic Ursa Mini RED EPIC SCARLET Sony Video 4K Digital Cinema Broadcast DSLR LED-Light Monitor HDCAM XDCAM - All4Laptop.ro","robots":{"index":"index","follow":"follow","max-snippet":"max-snippet:-1","max-image-preview":"max-image-preview:large","max-video-preview":"max-video-preview:-1"},"canonical":"https:\/\/all4laptop.ro\/store\/produs\/patona-platinum-baterie-v-mount-24a-216wh-15000mah-pt-blackmagic-ursa-mini-red-epic-scarlet-sony-video-4k-digital-cinema-broadcast-dslr-led-light-monitor-hdcam-xdcam\/","og_locale":"ro_RO","og_type":"article","og_title":"PATONA Platinum Baterie V-Mount 24A 216Wh 15000mAh pt. Blackmagic Ursa Mini RED EPIC SCARLET Sony Video 4K Digital Cinema Broadcast DSLR LED-Light Monitor HDCAM XDCAM - All4Laptop.ro","og_description":"Baterie PATONA Platinum V-Mount 24A 216Wh 15000mAh pt. Blackmagic Ursa Mini RED EPIC SCARLET Sony Video 4K Digital Cinema Broadcast DSLR LED-Light Monitor HDCAM XDCAM Nou \u00een Seria PATONA Platinum v\u0103 prezent\u0103m bateria V-Mount cu 216Wh.. Rata de desc\u0103rcare continu\u0103 este de 24A.Pentru confort suplimentar, bateria are un D-Tap conector, un conector DC (10-16,8V, 3A [&hellip;]","og_url":"https:\/\/all4laptop.ro\/store\/produs\/patona-platinum-baterie-v-mount-24a-216wh-15000mah-pt-blackmagic-ursa-mini-red-epic-scarlet-sony-video-4k-digital-cinema-broadcast-dslr-led-light-monitor-hdcam-xdcam\/","og_site_name":"All4Laptop.ro","article_publisher":"https:\/\/www.facebook.com\/all4laptop.ro","article_modified_time":"2024-06-17T06:34:15+00:00","og_image":[{"width":901,"height":1280,"url":"https:\/\/all4laptop.ro\/store\/wp-content\/uploads\/2024\/04\/1350-2_1280x1280.jpg","type":"image\/jpeg"}],"twitter_card":"summary_large_image","twitter_misc":{"Timp estimat pentru citire":"2 minute"},"schema":{"@context":"https:\/\/schema.org","@graph":[{"@type":"WebPage","@id":"https:\/\/all4laptop.ro\/store\/produs\/patona-platinum-baterie-v-mount-24a-216wh-15000mah-pt-blackmagic-ursa-mini-red-epic-scarlet-sony-video-4k-digital-cinema-broadcast-dslr-led-light-monitor-hdcam-xdcam\/","url":"https:\/\/all4laptop.ro\/store\/produs\/patona-platinum-baterie-v-mount-24a-216wh-15000mah-pt-blackmagic-ursa-mini-red-epic-scarlet-sony-video-4k-digital-cinema-broadcast-dslr-led-light-monitor-hdcam-xdcam\/","name":"PATONA Platinum Baterie V-Mount 24A 216Wh 15000mAh pt. Blackmagic Ursa Mini RED EPIC SCARLET Sony Video 4K Digital Cinema Broadcast DSLR LED-Light Monitor HDCAM XDCAM - All4Laptop.ro","isPartOf":{"@id":"https:\/\/all4laptop.ro\/store\/#website"},"primaryImageOfPage":{"@id":"https:\/\/all4laptop.ro\/store\/produs\/patona-platinum-baterie-v-mount-24a-216wh-15000mah-pt-blackmagic-ursa-mini-red-epic-scarlet-sony-video-4k-digital-cinema-broadcast-dslr-led-light-monitor-hdcam-xdcam\/#primaryimage"},"image":{"@id":"https:\/\/all4laptop.ro\/store\/produs\/patona-platinum-baterie-v-mount-24a-216wh-15000mah-pt-blackmagic-ursa-mini-red-epic-scarlet-sony-video-4k-digital-cinema-broadcast-dslr-led-light-monitor-hdcam-xdcam\/#primaryimage"},"thumbnailUrl":"https:\/\/all4laptop.ro\/store\/wp-content\/uploads\/2024\/04\/1350-2_1280x1280.jpg","datePublished":"2024-04-16T07:25:35+00:00","dateModified":"2024-06-17T06:34:15+00:00","breadcrumb":{"@id":"https:\/\/all4laptop.ro\/store\/produs\/patona-platinum-baterie-v-mount-24a-216wh-15000mah-pt-blackmagic-ursa-mini-red-epic-scarlet-sony-video-4k-digital-cinema-broadcast-dslr-led-light-monitor-hdcam-xdcam\/#breadcrumb"},"inLanguage":"ro-RO","potentialAction":[{"@type":"ReadAction","target":["https:\/\/all4laptop.ro\/store\/produs\/patona-platinum-baterie-v-mount-24a-216wh-15000mah-pt-blackmagic-ursa-mini-red-epic-scarlet-sony-video-4k-digital-cinema-broadcast-dslr-led-light-monitor-hdcam-xdcam\/"]}]},{"@type":"ImageObject","inLanguage":"ro-RO","@id":"https:\/\/all4laptop.ro\/store\/produs\/patona-platinum-baterie-v-mount-24a-216wh-15000mah-pt-blackmagic-ursa-mini-red-epic-scarlet-sony-video-4k-digital-cinema-broadcast-dslr-led-light-monitor-hdcam-xdcam\/#primaryimage","url":"https:\/\/all4laptop.ro\/store\/wp-content\/uploads\/2024\/04\/1350-2_1280x1280.jpg","contentUrl":"https:\/\/all4laptop.ro\/store\/wp-content\/uploads\/2024\/04\/1350-2_1280x1280.jpg","width":901,"height":1280},{"@type":"BreadcrumbList","@id":"https:\/\/all4laptop.ro\/store\/produs\/patona-platinum-baterie-v-mount-24a-216wh-15000mah-pt-blackmagic-ursa-mini-red-epic-scarlet-sony-video-4k-digital-cinema-broadcast-dslr-led-light-monitor-hdcam-xdcam\/#breadcrumb","itemListElement":[{"@type":"ListItem","position":1,"name":"Prima pagin\u0103","item":"https:\/\/all4laptop.ro\/store\/"},{"@type":"ListItem","position":2,"name":"Magazin","item":"https:\/\/all4laptop.ro\/store\/"},{"@type":"ListItem","position":3,"name":"PATONA Platinum Baterie V-Mount 24A 216Wh 15000mAh pt. Blackmagic Ursa Mini RED EPIC SCARLET Sony Video 4K Digital Cinema Broadcast DSLR LED-Light Monitor HDCAM XDCAM"}]},{"@type":"WebSite","@id":"https:\/\/all4laptop.ro\/store\/#website","url":"https:\/\/all4laptop.ro\/store\/","name":"All4Laptop.ro","description":"Baterii, tastaturi, incarcatoare, display-uri, coolere, balamale si piese laptop","publisher":{"@id":"https:\/\/all4laptop.ro\/store\/#organization"},"alternateName":"All4Laptop by Mado Solutions","potentialAction":[{"@type":"SearchAction","target":{"@type":"EntryPoint","urlTemplate":"https:\/\/all4laptop.ro\/store\/?s={search_term_string}"},"query-input":"required name=search_term_string"}],"inLanguage":"ro-RO"},{"@type":"Organization","@id":"https:\/\/all4laptop.ro\/store\/#organization","name":"Mado Solutions SRL","alternateName":"All4Laptop.ro by Mado Solutions SRL","url":"https:\/\/all4laptop.ro\/store\/","logo":{"@type":"ImageObject","inLanguage":"ro-RO","@id":"https:\/\/all4laptop.ro\/store\/#\/schema\/logo\/image\/","url":"https:\/\/all4laptop.ro\/store\/wp-content\/uploads\/2024\/05\/2.jpg","contentUrl":"https:\/\/all4laptop.ro\/store\/wp-content\/uploads\/2024\/05\/2.jpg","width":408,"height":318,"caption":"Mado Solutions SRL"},"image":{"@id":"https:\/\/all4laptop.ro\/store\/#\/schema\/logo\/image\/"},"sameAs":["https:\/\/www.facebook.com\/all4laptop.ro"]}]}},"_links":{"self":[{"href":"https:\/\/all4laptop.ro\/store\/wp-json\/wp\/v2\/product\/1686","targetHints":{"allow":["GET"]}}],"collection":[{"href":"https:\/\/all4laptop.ro\/store\/wp-json\/wp\/v2\/product"}],"about":[{"href":"https:\/\/all4laptop.ro\/store\/wp-json\/wp\/v2\/types\/product"}],"replies":[{"embeddable":true,"href":"https:\/\/all4laptop.ro\/store\/wp-json\/wp\/v2\/comments?post=1686"}],"wp:featuredmedia":[{"embeddable":true,"href":"https:\/\/all4laptop.ro\/store\/wp-json\/wp\/v2\/media\/1599"}],"wp:attachment":[{"href":"https:\/\/all4laptop.ro\/store\/wp-json\/wp\/v2\/media?parent=1686"}],"wp:term":[{"taxonomy":"product_cat","embeddable":true,"href":"https:\/\/all4laptop.ro\/store\/wp-json\/wp\/v2\/product_cat?post=1686"},{"taxonomy":"product_tag","embeddable":true,"href":"https:\/\/all4laptop.ro\/store\/wp-json\/wp\/v2\/product_tag?post=1686"}],"curies":[{"name":"wp","href":"https:\/\/api.w.org\/{rel}","templated":true}]}}