{"id":1690,"date":"2024-04-16T07:25:36","date_gmt":"2024-04-16T07:25:36","guid":{"rendered":"https:\/\/dev4.acvision.ro\/store\/produs\/patona-platinum-baterie-with-usb-c-input-pt-sony-np-f750-f330-f530-f550-f930-f920\/"},"modified":"2024-06-17T06:34:17","modified_gmt":"2024-06-17T06:34:17","slug":"patona-platinum-baterie-with-usb-c-input-pt-sony-np-f750-f330-f530-f550-f930-f920","status":"publish","type":"product","link":"https:\/\/all4laptop.ro\/store\/produs\/patona-platinum-baterie-with-usb-c-input-pt-sony-np-f750-f330-f530-f550-f930-f920\/","title":{"rendered":"PATONA Platinum Baterie with USB-C Input pt. Sony NP-F750 F330 F530 F550 F930 F920"},"content":{"rendered":"<h2><span>Baterie PATONA Platinum cu intrare USB-C pt. Sony NP-F750 F330 F530 F550 F930 F920<\/span><\/h2>\n<p><strong>Date tehnice:<\/strong><br \/> Capacitate mare 7000mAh \/ 7,2V \/ 50,4Wh<br \/>USB-C Intrare: max. 1,2 A (Curen\u021bii de intrare mai mari sunt redusi automat prin controlul IC al bateriei).<br \/>cu LED de \u00eenc\u0103rcare<br \/> Tip: Li-ion<br \/> Marca: PATONA Platinum<\/p>\n<p>Aceast\u0103 baterie are un USB Intrare -C, deci poate fi \u00eenc\u0103rcat\u0103 \u0219i cu un cablu USB-C (inclus \u00een pachetul de livrare) \u0219i adaptor de alimentare. Pute\u021bi g\u0103si un adaptor de alimentare corespunz\u0103tor \u00een fila \u201eAccesorii\u201d de mai jos.<\/p>\n<p><strong>Num\u0103r de pies\u0103 compatibil:<\/strong><br \/> <strong>Sony<\/strong><br \/> Sony CCD- Seria TR (Hi8): <br \/> CCD-TR1, CCD-TR200, CCD-TR215, CCD-TR3, CCD-TR300, CCD-TR3000, CCD-TR3300, CCD-TR416,CCD-TR500, CCD-TR516, CCD -TR517, CCD-TR57,CCD-TR555, CCD-TR67, CCD-TR716, CCD-TR76, CCD-TR818, CCD-TR87, CCD-TR910, CCD-TR917,CCD-TR930, CCD-TR940, CCD-TRT97 ,CCD-TRV77EG<\/p>\n<p><strong>Seria Sony CCD-TRV (MiniDV):<\/strong> <br \/> CCD-TRV101, CCD-TRV119, CCD-TRV15, CCD-TRV16, CCD-TRV215, CCD-TRV25, CCD-TRV3000, CCD-TRV315, CCD-TRV35, CCD-TRV36, CCD-TRV37, CCD-TRV4, CCD-TRV41,CCD-TRV43, CCD-TRV46, CCD-TRV51, CCD-TRV517,CCD- TRV57, CCD-TRV58, CCD-TRV615, CCD-TRV62,CCD-TRV65, CCD-TRV66, CCD-TRV67, CCD-TRV68,CCD-TRV715, CCD-TRV716, CCD-TRV72, CCD-TRV720,CCD-TRV75, CCD-TRV78E, CCD-TRV81, CCD-TRV815,CCD-TRV82, CCD-TRV85, CCD-TRV87, CCD-TRV88,CCD-TRV90, CCD-TRV91, CCD-TRV93, CCD-TRV95,CCD-TRV98, CCD- TRV99<\/p>\n<p><strong>Seria Sony CCD-SC (Hi8):<\/strong> <br \/> CCD-SC5, CCD-SC55, CCD-SC65<\/p>\n<p><strong>Sony DCR -Seria TR7:<\/strong> <br \/> DCR-TR7000<\/p>\n<p><strong>Seria Sony DCR-TR7:<\/strong> <br \/> DCR-TR7000<\/p>\n<p><strong> Seria Sony DCR-TRV (MiniDV):<\/strong> <br \/> DCR-TRV103, DCR-TRV110, DCR-TRV120, DCR-TRV125E, DCR-TRV130, DCR-TRV210, DCR-TRV310, DCR-TRV315, DCR- TRV320, DCR-TRV5, DCR-TRV510, DCR-TRV520, DCR-TRV525, DCR-TRV7, DCR-TRV720, DCR-TRV820, DCR-TRV9, DCR-TRV900<\/p>\n<p><strong>Sony DCR- Seria TV:<\/strong> <br \/> DCR-TV900, DCR-TV900E<\/p>\n<p><strong>Seria Sony DCR-VX (MiniDV):<\/strong> <br \/> DCR-VX1000, DCR-VX2000 , Seria DCR-VX2100, DCR-VX700, DCR-VX9<\/p>\n<p><strong>Seria Sony DSC-CD:<\/strong> <br \/> DSC-CD100, DSC-CD250, DSC-CD400<\/p >\n<p><strong>Seria Sony DSC-D (Cyber-Shot Point &#038; Shoot):<\/strong> <br \/> DSC-D700, DSC-D770<\/p>\n<p><strong>Seria Sony DSR:< \/strong> <br \/> DSR-200, DSR-300, DSR-PD100A<\/p>\n<p><strong>Seria Sony GV (Video Walkman):<\/strong> <br \/> GV-A500, GV-A500E, GV-D200, GV-D800<\/p>\n<p><strong>Seria Sony MVC-FD (Mavica):<\/strong> <br \/> MVC-FD100, MVC-FD200, MVC-FD5, MVC-FD51, MVC -FD7, MVC-FD71, MVC-FD73, MVC-FD75, MVC-FD81, MVC-FD83, MVC-FD85, MVC-FD87, MVC-FD88, MVC-FD90, MVC-FD91, MVC-FD91AOL, MVC-FD92AOL, MVC , MVC-FD95, MVC-FD97<\/p>\n<p><strong>Model compatibil: <\/strong><br \/> <strong>Sony<br \/><\/strong>NP-530, NP-730, NP-930 , NP-F330, NP-F530, NP-F550, NP-F730, NP-F750, NP-F750SP, NP-F930, NP-F950<\/p>\n<p><span>Imaginile sunt doar cu titlu ilustrativ &#8211; livrare poate varia. Oferit este un produs al m\u0103rcii de calitate PATONA.<\/span><\/p>\n","protected":false},"excerpt":{"rendered":"<p>Baterie PATONA Platinum cu intrare USB-C pt. Sony NP-F750 F330 F530 F550 F930 F920 Date tehnice: Capacitate mare 7000mAh \/ 7,2V \/ 50,4WhUSB-C Intrare: max. 1,2 A (Curen\u021bii de intrare mai mari sunt redusi automat prin controlul IC al bateriei).cu LED de \u00eenc\u0103rcare Tip: Li-ion Marca: PATONA Platinum Aceast\u0103 baterie are un USB Intrare -C, [&hellip;]<\/p>\n","protected":false},"featured_media":1607,"comment_status":"open","ping_status":"closed","template":"","meta":{"_joinchat":[]},"product_cat":[192],"product_tag":[6455],"class_list":{"0":"post-1690","1":"product","2":"type-product","3":"status-publish","4":"has-post-thumbnail","6":"product_cat-baterii-camere-foto-video","7":"product_tag-a4lrop-1376","8":"product_shipping_class-valoare","10":"first","11":"instock","12":"shipping-taxable","13":"purchasable","14":"product-type-simple"},"yoast_head":"<!-- This site is optimized with the Yoast SEO plugin v22.7 - https:\/\/yoast.com\/wordpress\/plugins\/seo\/ -->\n<title>PATONA Platinum Baterie with USB-C Input pt. Sony NP-F750 F330 F530 F550 F930 F920 - All4Laptop.ro<\/title>\n<meta name=\"robots\" content=\"index, follow, max-snippet:-1, max-image-preview:large, max-video-preview:-1\" \/>\n<link rel=\"canonical\" href=\"https:\/\/all4laptop.ro\/store\/produs\/patona-platinum-baterie-with-usb-c-input-pt-sony-np-f750-f330-f530-f550-f930-f920\/\" \/>\n<meta property=\"og:locale\" content=\"ro_RO\" \/>\n<meta property=\"og:type\" content=\"article\" \/>\n<meta property=\"og:title\" content=\"PATONA Platinum Baterie with USB-C Input pt. Sony NP-F750 F330 F530 F550 F930 F920 - All4Laptop.ro\" \/>\n<meta property=\"og:description\" content=\"Baterie PATONA Platinum cu intrare USB-C pt. Sony NP-F750 F330 F530 F550 F930 F920 Date tehnice: Capacitate mare 7000mAh \/ 7,2V \/ 50,4WhUSB-C Intrare: max. 1,2 A (Curen\u021bii de intrare mai mari sunt redusi automat prin controlul IC al bateriei).cu LED de \u00eenc\u0103rcare Tip: Li-ion Marca: PATONA Platinum Aceast\u0103 baterie are un USB Intrare -C, [&hellip;]\" \/>\n<meta property=\"og:url\" content=\"https:\/\/all4laptop.ro\/store\/produs\/patona-platinum-baterie-with-usb-c-input-pt-sony-np-f750-f330-f530-f550-f930-f920\/\" \/>\n<meta property=\"og:site_name\" content=\"All4Laptop.ro\" \/>\n<meta property=\"article:publisher\" content=\"https:\/\/www.facebook.com\/all4laptop.ro\" \/>\n<meta property=\"article:modified_time\" content=\"2024-06-17T06:34:17+00:00\" \/>\n<meta property=\"og:image\" content=\"https:\/\/all4laptop.ro\/store\/wp-content\/uploads\/2024\/04\/1376-1_1280x1280.jpg\" \/>\n\t<meta property=\"og:image:width\" content=\"1280\" \/>\n\t<meta property=\"og:image:height\" content=\"1239\" \/>\n\t<meta property=\"og:image:type\" content=\"image\/jpeg\" \/>\n<meta name=\"twitter:card\" content=\"summary_large_image\" \/>\n<meta name=\"twitter:label1\" content=\"Timp estimat pentru citire\" \/>\n\t<meta name=\"twitter:data1\" content=\"2 minute\" \/>\n<script type=\"application\/ld+json\" class=\"yoast-schema-graph\">{\"@context\":\"https:\/\/schema.org\",\"@graph\":[{\"@type\":\"WebPage\",\"@id\":\"https:\/\/all4laptop.ro\/store\/produs\/patona-platinum-baterie-with-usb-c-input-pt-sony-np-f750-f330-f530-f550-f930-f920\/\",\"url\":\"https:\/\/all4laptop.ro\/store\/produs\/patona-platinum-baterie-with-usb-c-input-pt-sony-np-f750-f330-f530-f550-f930-f920\/\",\"name\":\"PATONA Platinum Baterie with USB-C Input pt. Sony NP-F750 F330 F530 F550 F930 F920 - All4Laptop.ro\",\"isPartOf\":{\"@id\":\"https:\/\/all4laptop.ro\/store\/#website\"},\"primaryImageOfPage\":{\"@id\":\"https:\/\/all4laptop.ro\/store\/produs\/patona-platinum-baterie-with-usb-c-input-pt-sony-np-f750-f330-f530-f550-f930-f920\/#primaryimage\"},\"image\":{\"@id\":\"https:\/\/all4laptop.ro\/store\/produs\/patona-platinum-baterie-with-usb-c-input-pt-sony-np-f750-f330-f530-f550-f930-f920\/#primaryimage\"},\"thumbnailUrl\":\"https:\/\/all4laptop.ro\/store\/wp-content\/uploads\/2024\/04\/1376-1_1280x1280.jpg\",\"datePublished\":\"2024-04-16T07:25:36+00:00\",\"dateModified\":\"2024-06-17T06:34:17+00:00\",\"breadcrumb\":{\"@id\":\"https:\/\/all4laptop.ro\/store\/produs\/patona-platinum-baterie-with-usb-c-input-pt-sony-np-f750-f330-f530-f550-f930-f920\/#breadcrumb\"},\"inLanguage\":\"ro-RO\",\"potentialAction\":[{\"@type\":\"ReadAction\",\"target\":[\"https:\/\/all4laptop.ro\/store\/produs\/patona-platinum-baterie-with-usb-c-input-pt-sony-np-f750-f330-f530-f550-f930-f920\/\"]}]},{\"@type\":\"ImageObject\",\"inLanguage\":\"ro-RO\",\"@id\":\"https:\/\/all4laptop.ro\/store\/produs\/patona-platinum-baterie-with-usb-c-input-pt-sony-np-f750-f330-f530-f550-f930-f920\/#primaryimage\",\"url\":\"https:\/\/all4laptop.ro\/store\/wp-content\/uploads\/2024\/04\/1376-1_1280x1280.jpg\",\"contentUrl\":\"https:\/\/all4laptop.ro\/store\/wp-content\/uploads\/2024\/04\/1376-1_1280x1280.jpg\",\"width\":1280,\"height\":1239},{\"@type\":\"BreadcrumbList\",\"@id\":\"https:\/\/all4laptop.ro\/store\/produs\/patona-platinum-baterie-with-usb-c-input-pt-sony-np-f750-f330-f530-f550-f930-f920\/#breadcrumb\",\"itemListElement\":[{\"@type\":\"ListItem\",\"position\":1,\"name\":\"Prima pagin\u0103\",\"item\":\"https:\/\/all4laptop.ro\/store\/\"},{\"@type\":\"ListItem\",\"position\":2,\"name\":\"Magazin\",\"item\":\"https:\/\/all4laptop.ro\/store\/\"},{\"@type\":\"ListItem\",\"position\":3,\"name\":\"PATONA Platinum Baterie with USB-C Input pt. Sony NP-F750 F330 F530 F550 F930 F920\"}]},{\"@type\":\"WebSite\",\"@id\":\"https:\/\/all4laptop.ro\/store\/#website\",\"url\":\"https:\/\/all4laptop.ro\/store\/\",\"name\":\"All4Laptop.ro\",\"description\":\"Baterii, tastaturi, incarcatoare, display-uri, coolere, balamale si piese laptop\",\"publisher\":{\"@id\":\"https:\/\/all4laptop.ro\/store\/#organization\"},\"alternateName\":\"All4Laptop by Mado Solutions\",\"potentialAction\":[{\"@type\":\"SearchAction\",\"target\":{\"@type\":\"EntryPoint\",\"urlTemplate\":\"https:\/\/all4laptop.ro\/store\/?s={search_term_string}\"},\"query-input\":\"required name=search_term_string\"}],\"inLanguage\":\"ro-RO\"},{\"@type\":\"Organization\",\"@id\":\"https:\/\/all4laptop.ro\/store\/#organization\",\"name\":\"Mado Solutions SRL\",\"alternateName\":\"All4Laptop.ro by Mado Solutions SRL\",\"url\":\"https:\/\/all4laptop.ro\/store\/\",\"logo\":{\"@type\":\"ImageObject\",\"inLanguage\":\"ro-RO\",\"@id\":\"https:\/\/all4laptop.ro\/store\/#\/schema\/logo\/image\/\",\"url\":\"https:\/\/all4laptop.ro\/store\/wp-content\/uploads\/2024\/05\/2.jpg\",\"contentUrl\":\"https:\/\/all4laptop.ro\/store\/wp-content\/uploads\/2024\/05\/2.jpg\",\"width\":408,\"height\":318,\"caption\":\"Mado Solutions SRL\"},\"image\":{\"@id\":\"https:\/\/all4laptop.ro\/store\/#\/schema\/logo\/image\/\"},\"sameAs\":[\"https:\/\/www.facebook.com\/all4laptop.ro\"]}]}<\/script>\n<!-- \/ Yoast SEO plugin. -->","yoast_head_json":{"title":"PATONA Platinum Baterie with USB-C Input pt. Sony NP-F750 F330 F530 F550 F930 F920 - All4Laptop.ro","robots":{"index":"index","follow":"follow","max-snippet":"max-snippet:-1","max-image-preview":"max-image-preview:large","max-video-preview":"max-video-preview:-1"},"canonical":"https:\/\/all4laptop.ro\/store\/produs\/patona-platinum-baterie-with-usb-c-input-pt-sony-np-f750-f330-f530-f550-f930-f920\/","og_locale":"ro_RO","og_type":"article","og_title":"PATONA Platinum Baterie with USB-C Input pt. Sony NP-F750 F330 F530 F550 F930 F920 - All4Laptop.ro","og_description":"Baterie PATONA Platinum cu intrare USB-C pt. Sony NP-F750 F330 F530 F550 F930 F920 Date tehnice: Capacitate mare 7000mAh \/ 7,2V \/ 50,4WhUSB-C Intrare: max. 1,2 A (Curen\u021bii de intrare mai mari sunt redusi automat prin controlul IC al bateriei).cu LED de \u00eenc\u0103rcare Tip: Li-ion Marca: PATONA Platinum Aceast\u0103 baterie are un USB Intrare -C, [&hellip;]","og_url":"https:\/\/all4laptop.ro\/store\/produs\/patona-platinum-baterie-with-usb-c-input-pt-sony-np-f750-f330-f530-f550-f930-f920\/","og_site_name":"All4Laptop.ro","article_publisher":"https:\/\/www.facebook.com\/all4laptop.ro","article_modified_time":"2024-06-17T06:34:17+00:00","og_image":[{"width":1280,"height":1239,"url":"https:\/\/all4laptop.ro\/store\/wp-content\/uploads\/2024\/04\/1376-1_1280x1280.jpg","type":"image\/jpeg"}],"twitter_card":"summary_large_image","twitter_misc":{"Timp estimat pentru citire":"2 minute"},"schema":{"@context":"https:\/\/schema.org","@graph":[{"@type":"WebPage","@id":"https:\/\/all4laptop.ro\/store\/produs\/patona-platinum-baterie-with-usb-c-input-pt-sony-np-f750-f330-f530-f550-f930-f920\/","url":"https:\/\/all4laptop.ro\/store\/produs\/patona-platinum-baterie-with-usb-c-input-pt-sony-np-f750-f330-f530-f550-f930-f920\/","name":"PATONA Platinum Baterie with USB-C Input pt. Sony NP-F750 F330 F530 F550 F930 F920 - All4Laptop.ro","isPartOf":{"@id":"https:\/\/all4laptop.ro\/store\/#website"},"primaryImageOfPage":{"@id":"https:\/\/all4laptop.ro\/store\/produs\/patona-platinum-baterie-with-usb-c-input-pt-sony-np-f750-f330-f530-f550-f930-f920\/#primaryimage"},"image":{"@id":"https:\/\/all4laptop.ro\/store\/produs\/patona-platinum-baterie-with-usb-c-input-pt-sony-np-f750-f330-f530-f550-f930-f920\/#primaryimage"},"thumbnailUrl":"https:\/\/all4laptop.ro\/store\/wp-content\/uploads\/2024\/04\/1376-1_1280x1280.jpg","datePublished":"2024-04-16T07:25:36+00:00","dateModified":"2024-06-17T06:34:17+00:00","breadcrumb":{"@id":"https:\/\/all4laptop.ro\/store\/produs\/patona-platinum-baterie-with-usb-c-input-pt-sony-np-f750-f330-f530-f550-f930-f920\/#breadcrumb"},"inLanguage":"ro-RO","potentialAction":[{"@type":"ReadAction","target":["https:\/\/all4laptop.ro\/store\/produs\/patona-platinum-baterie-with-usb-c-input-pt-sony-np-f750-f330-f530-f550-f930-f920\/"]}]},{"@type":"ImageObject","inLanguage":"ro-RO","@id":"https:\/\/all4laptop.ro\/store\/produs\/patona-platinum-baterie-with-usb-c-input-pt-sony-np-f750-f330-f530-f550-f930-f920\/#primaryimage","url":"https:\/\/all4laptop.ro\/store\/wp-content\/uploads\/2024\/04\/1376-1_1280x1280.jpg","contentUrl":"https:\/\/all4laptop.ro\/store\/wp-content\/uploads\/2024\/04\/1376-1_1280x1280.jpg","width":1280,"height":1239},{"@type":"BreadcrumbList","@id":"https:\/\/all4laptop.ro\/store\/produs\/patona-platinum-baterie-with-usb-c-input-pt-sony-np-f750-f330-f530-f550-f930-f920\/#breadcrumb","itemListElement":[{"@type":"ListItem","position":1,"name":"Prima pagin\u0103","item":"https:\/\/all4laptop.ro\/store\/"},{"@type":"ListItem","position":2,"name":"Magazin","item":"https:\/\/all4laptop.ro\/store\/"},{"@type":"ListItem","position":3,"name":"PATONA Platinum Baterie with USB-C Input pt. Sony NP-F750 F330 F530 F550 F930 F920"}]},{"@type":"WebSite","@id":"https:\/\/all4laptop.ro\/store\/#website","url":"https:\/\/all4laptop.ro\/store\/","name":"All4Laptop.ro","description":"Baterii, tastaturi, incarcatoare, display-uri, coolere, balamale si piese laptop","publisher":{"@id":"https:\/\/all4laptop.ro\/store\/#organization"},"alternateName":"All4Laptop by Mado Solutions","potentialAction":[{"@type":"SearchAction","target":{"@type":"EntryPoint","urlTemplate":"https:\/\/all4laptop.ro\/store\/?s={search_term_string}"},"query-input":"required name=search_term_string"}],"inLanguage":"ro-RO"},{"@type":"Organization","@id":"https:\/\/all4laptop.ro\/store\/#organization","name":"Mado Solutions SRL","alternateName":"All4Laptop.ro by Mado Solutions SRL","url":"https:\/\/all4laptop.ro\/store\/","logo":{"@type":"ImageObject","inLanguage":"ro-RO","@id":"https:\/\/all4laptop.ro\/store\/#\/schema\/logo\/image\/","url":"https:\/\/all4laptop.ro\/store\/wp-content\/uploads\/2024\/05\/2.jpg","contentUrl":"https:\/\/all4laptop.ro\/store\/wp-content\/uploads\/2024\/05\/2.jpg","width":408,"height":318,"caption":"Mado Solutions SRL"},"image":{"@id":"https:\/\/all4laptop.ro\/store\/#\/schema\/logo\/image\/"},"sameAs":["https:\/\/www.facebook.com\/all4laptop.ro"]}]}},"_links":{"self":[{"href":"https:\/\/all4laptop.ro\/store\/wp-json\/wp\/v2\/product\/1690","targetHints":{"allow":["GET"]}}],"collection":[{"href":"https:\/\/all4laptop.ro\/store\/wp-json\/wp\/v2\/product"}],"about":[{"href":"https:\/\/all4laptop.ro\/store\/wp-json\/wp\/v2\/types\/product"}],"replies":[{"embeddable":true,"href":"https:\/\/all4laptop.ro\/store\/wp-json\/wp\/v2\/comments?post=1690"}],"wp:featuredmedia":[{"embeddable":true,"href":"https:\/\/all4laptop.ro\/store\/wp-json\/wp\/v2\/media\/1607"}],"wp:attachment":[{"href":"https:\/\/all4laptop.ro\/store\/wp-json\/wp\/v2\/media?parent=1690"}],"wp:term":[{"taxonomy":"product_cat","embeddable":true,"href":"https:\/\/all4laptop.ro\/store\/wp-json\/wp\/v2\/product_cat?post=1690"},{"taxonomy":"product_tag","embeddable":true,"href":"https:\/\/all4laptop.ro\/store\/wp-json\/wp\/v2\/product_tag?post=1690"}],"curies":[{"name":"wp","href":"https:\/\/api.w.org\/{rel}","templated":true}]}}