{"id":1691,"date":"2024-04-16T07:25:37","date_gmt":"2024-04-16T07:25:37","guid":{"rendered":"https:\/\/dev4.acvision.ro\/store\/produs\/patona-platinum-baterie-pt-sony-np-fv70a-dcr-sr100-dcr-dvd703e-hdr-cx12e-with-usb-c-input\/"},"modified":"2024-06-17T06:33:38","modified_gmt":"2024-06-17T06:33:38","slug":"patona-platinum-baterie-pt-sony-np-fv70a-dcr-sr100-dcr-dvd703e-hdr-cx12e-with-usb-c-input","status":"publish","type":"product","link":"https:\/\/all4laptop.ro\/store\/produs\/patona-platinum-baterie-pt-sony-np-fv70a-dcr-sr100-dcr-dvd703e-hdr-cx12e-with-usb-c-input\/","title":{"rendered":"PATONA Platinum Baterie pt. Sony NP-FV70A DCR-SR100 DCR-DVD703E HDR-CX12E with USB-C Input"},"content":{"rendered":"<p>Seria PATONA<strong>Platinum<\/strong> a fost dezvoltat\u0103 pentru a v\u0103 bucura de o fotografie senza\u021bional de lung\u0103. Performan\u021ba celulelor utilizate este aproape inepuizabil\u0103. Seria a fost dezvoltat\u0103 pentru o distrac\u021bie fotografic\u0103 senza\u021bional de lung\u0103. Performan\u021ba celulelor folosite este aproape inepuizabil\u0103.<br \/> Seria PATONA<strong>Platinum<\/strong> folose\u0219te cele mai avansate celule, care au o calitate nu doar excep\u021bional\u0103, ci \u0219i impresionant\u0103. <\/p>\n<p>Seria Platinum este cea mai de \u00eenalt\u0103 calitate, cea mai durabil\u0103 \u0219i cea mai inovatoare serie de la PATONA. C\u00e2nd cump\u0103ra\u021bi o baterie din seria PATONA <strong>Platinum<\/strong>, cump\u0103ra\u021bi un produs excelent, rafinat, care v\u0103 va fascina.<\/p>\n<p>Aceast\u0103 baterie are o intrare USB-C, astfel \u00eenc\u00e2t s\u0103 poat\u0103 fi \u00eenc\u0103rcat cu un cablu USB-C (inclus) \u0219i adaptor de alimentare. Pute\u021bi g\u0103si un adaptor de alimentare corespunz\u0103tor mai jos, \u00een fila \u201eAccesorii\u201d.<\/p>\n<p><strong>Date tehnice:<br \/><\/strong><\/p>\n<ul>\n<li>Putere: 7,3V <\/li>\n<li>Capacitate: 2060mAh \/ 15,0Wh<\/li>\n<li>Intrare USB-C: max. 1,2 A (curen\u021bii de intrare mai mari sunt redusi automat prin controlul IC al bateriei)<\/li>\n<li>Cu LED de \u00eenc\u0103rcare<\/li>\n<li>Tip de celule: Li-Ion<\/li>\n<li>100% compatibil cu bateria original\u0103 <strong>Sony NP-FV70A<\/strong><\/li>\n<\/ul>\n<p><strong>Livrare:<\/strong><\/p>\n<ul>\n<li>PATONA <strong> Baterie platin\u0103<\/strong> pentru Sony NP-FV70A<\/li>\n<li>Cablu USB de 60 cm (USB-A la USB-C)<\/li>\n<\/ul>\n<p><strong>Bateria este potrivit\u0103 pentru digital modele de camere:<\/strong><\/p>\n<p><strong>Sony<\/strong><br \/> Sony seria DCR-DVD: <br \/> DCR-DVD92 DCR-DVD92E, DCR-DVD103, DCR-DVD105, DCR- DVD105E, DCR-DVD106, DCR-DVD106E, DCR-DVD108, DCR-DVD109, DCR-DVD109E, DCR-DVD110E, DCR-DVD115E, DCR-DVD150E, DCR-DVD202E, DCR-DVD202E, DCR-DVD20, DCR-D30, DCR-DVD20, DCR-DVD20 DCR-DVD205E, DCR-DVD304E, DCR-DVD305, DCR-DVD305E, DCR-DVD306, DCR-DVD306E, DCR-DVD308, DCR-DVD308E, DCR-DVD310E, DCR-DVD403-, DCR-DVDCR-, DCR-DVD308E DVD405, DCR-DVD405E, DCR-DVD406, DCR-DVD406E, DCR-DVD407E, DCR-DVD408, DCR-DVD410E, DCR-DVD450E, DCR-DVD505, DCR-DVD505E, DCR-DVD505E, DCR-DVD8506, DCR-DVD505 DCR-DVD510E, DCR-DVD602, DCR-DVD602E, DCR-DVD605, DCR-DVD605E, DCR-DVD610, DCR-DVD650E, DCR-DVD653, DCR-DVD653E, DCR-DVD703, DCR-DVD03, DCR-DVD650E DVD705E, DCR-DVD708, DCR-DVD708E, DCR-DVD710, DCR-DVD755, DCR-DVD755E, DCR-DVD803, DCR-DVD803E, DCR-DVD805, DCR-DVD805E, DCR-DVD808D8, DCR-DVD80, DCR-DVD808 DCR-DVD905, DCR-DVD905E, DCR-DVD908E, DCR-DVD910,<\/p>\n<p><strong>Seria Sony DCR-HC:<\/strong> <br \/> DCR-HC16, DCR-HC16E, DCR-HC17 , DCR-HC17E, DCR-HC18, DCR-HC18E, DCR-HC19, DCR-HC19E, DCR-HC20, DCR-HC20E, DCR-HC21, DCR-HC21E, DCR-HC22, DCR-HC22E, DCR-HC23E, DCR -HC24E, DCR-HC26, DCR-HC26E, DCR-HC27, DCR-HC27E, DCR-HC28, DCR-HC28E, DCR-HC30, DCR-HC30E, DCR-HC30G, DCR-HC30L, DCR-HC30S, DCR-HC32 , DCR-HC32E, DCR-HC33E, DCR-HC35E, DCR-HC36, DCR-HC36E, DCR-HC37, DCR-HC37E DCR-HC38, DCR-HC38E, DCR-HC39, DCR-HC39E, DCR-HC-40, DCR-HC40E DCR-HC40S, DCR-HC40W, DCR-HC41, DCR-HC42, DCR-HC42E, DCR-HC43E DCR-HC44E, DCR-HC45, DCR-HC45E, DCR-HC46, DCR-HC46E, DCR-HC47, DCR-HC47E, DCR-HC48, DCR-HC48E, DCR-HC51E, DCR-HC52, DCR-HC52E, DCR-HC53E, DCR-HC62, DCR-HC62E, DCR-HC65, DCR-HC85, DCR-HC85E, DCR- HC94E, DCR-HC96, DCR-HC96E,<\/p>\n<p><strong>Seria Sony DCR:<\/strong> <br \/> DCR-30<\/p>\n<p><strong>Seria Sony DCR-SR: <\/strong> <br \/> DCR-SR30E, DCR-SR32E, DCR-SR33E, DCR-SR35E, DCR-SR36E, DCR-SR37E, DCR-SR38E, DCR-SR40, DCR-SR40E, DCR-SR42, DCR-SR42A , DCR-SR42E, DCR-SR45, DCR-SR47E, DCR-SR50, DCR-SR50E, DCR-SR52E, DCR-SR55E, DCR-SR57E, DCR-SR58E, DCR-SR60, DCR-SR60E, DCR-SR62, DCR -SR62E, DCR-SR65, DCR-SR70E, DCR-SR72E, DCR-SR75E, DCR-SR77E, DCR-SR78E, DCR-SR80, DCR-SR80E, DCR-SR82, DCR-SR82C, DCR-SR82E, DCR-SR85 , DCR-SR87, DCR-SR88, DCR-SR90E, DCR-SR100, DCR-SR100E, DCR-SR190E, DCR-SR200, DCR-SR200C, DCR-SR200E, DCR-SR210E, DCR-SR220, DCR-SR220DCR, DCR -SR290E, DCR-SR300, DCR-SR300C, DCR-SR300E,<\/p>\n<p><strong>Seria Sony DCR-SX:<\/strong> <br \/> DCR-SX30E, DCR-SX31E, DCR-SX33E, DCR-SX34E, DCR-SX41, DCR-SX44, DCR-SX50E, DCR-SX53E, DCR-SX63, DCR-SX73E, DCR-SX83<\/p>\n<p><strong>Seria Sony DR-SR:<\/strong > <br \/> DR-SR10D<\/p>\n<p><strong>Seria Sony HDR-CX:<\/strong> <br \/> HDR-CX6, HDR-CX6EK, HDR-CX7, HDR-CX7E, HDR-CX7K\/ E, HDR-CX11E, HDR-CX11VE, HDR-CX12, HDR-CX12E, HDR-CX100, HDR-CX100E, HDR-CX105E, HDR-CX105VE, HDR-CX106E, HDR-CX106VE, HDR-CX1101, HDR-CX110 L, HDR-CX110\/R, HDR-CX115E, HDR-CX115VE, HDR-CX116E, HDR-CX116VE, HDR-CX120, HDR-CX150, HDR-CX155E, HDR-CX155VE, HDR-CX170, HDRCX300, HDRCX300 CX305E, HDR-CX305VE, HDR-CX350, HDR-CX350VE, HDR-CX370V, HDR-CX500, HDR-CX500V, HDR-CX505VE, HDR-CX520, HDR-CX520V, HDR-CX520VCX5, HDR-CX520VCX5 HDR-CX550VE<\/p>\n<p><strong>Seria Sony HDR-HC:<\/strong> <br \/> HDR-HC3, HDR-HC3E, HDR-HC3HK1, HDR-HC5, HDR-HC5E, HDR-HC7, HDR-HC7E, HDR-HC9, HDR-HC9E<\/p>\n<p><strong>Seria Sony HDR-SR (MiniDV):<\/strong> <br \/> HDR-SR5, HDR-SR5C, HDR-SR5E, HDR -SR7, HDR-SR7E, HDR-SR8, HDR-SR8E, HDR-SR10, HDR-SR10D, HDR-SR10E, HDR-SR11, HDR-SR11E, HDR-SR12, HDR-SR12E<\/p>\n<p>< strong>Seria Sony HDR-TG:<\/strong> <br \/> HDR-TG1, HDR-TG1E, HDR-TG3E, HDR-TG5VE,<\/p>\n<p><strong>Seria Sony HDR-UX:<\/strong > <br \/> HDR-UX3E, HDR-UX5, HDR-UX5E, HDR-UX7, HDR-UX7E, HDR-UX9E, HDR-UX10, HDR-UX19E, HDR-UX20, HDR-UX20E<\/p>\n<p> <strong>Seria Sony HDR-XR:<\/strong> <br \/> HDR-XR100, HDR-XR105E, HDR-XR106E, HDR-XR150, HDR-XR150E, HDR-XR155E, HDR-XR200VE, HDR-XR350, HDR- XR350V, HDR-XR350VE, HDR-XR500V, HDR-XR500VE, HDR-XR520V, HDR-XR520VE, HDR-XR550, HDR-XR550V, HDR-XR550VE<\/p>\n<p><strong>Designul bateriilor originale: <\/strong><\/p>\n<p><strong>Sony <br \/><\/strong> NP-FV30, NP-FV40, NP-FV50A, NP-FV70, NP-FV90, NP-FV100, NP-FH30, NP -FH40, NP-FH50<\/p>\n","protected":false},"excerpt":{"rendered":"<p>Seria PATONAPlatinum a fost dezvoltat\u0103 pentru a v\u0103 bucura de o fotografie senza\u021bional de lung\u0103. Performan\u021ba celulelor utilizate este aproape inepuizabil\u0103. Seria a fost dezvoltat\u0103 pentru o distrac\u021bie fotografic\u0103 senza\u021bional de lung\u0103. Performan\u021ba celulelor folosite este aproape inepuizabil\u0103. Seria PATONAPlatinum folose\u0219te cele mai avansate celule, care au o calitate nu doar excep\u021bional\u0103, ci \u0219i impresionant\u0103. [&hellip;]<\/p>\n","protected":false},"featured_media":1609,"comment_status":"open","ping_status":"closed","template":"","meta":{"_joinchat":[]},"product_cat":[192],"product_tag":[6456],"class_list":{"0":"post-1691","1":"product","2":"type-product","3":"status-publish","4":"has-post-thumbnail","6":"product_cat-baterii-camere-foto-video","7":"product_tag-a4lrop-1394","8":"product_shipping_class-valoare","10":"first","11":"instock","12":"shipping-taxable","13":"purchasable","14":"product-type-simple"},"yoast_head":"<!-- This site is optimized with the Yoast SEO plugin v22.7 - https:\/\/yoast.com\/wordpress\/plugins\/seo\/ -->\n<title>PATONA Platinum Baterie pt. Sony NP-FV70A DCR-SR100 DCR-DVD703E HDR-CX12E with USB-C Input - All4Laptop.ro<\/title>\n<meta name=\"robots\" content=\"index, follow, max-snippet:-1, max-image-preview:large, max-video-preview:-1\" \/>\n<link rel=\"canonical\" href=\"https:\/\/all4laptop.ro\/store\/produs\/patona-platinum-baterie-pt-sony-np-fv70a-dcr-sr100-dcr-dvd703e-hdr-cx12e-with-usb-c-input\/\" \/>\n<meta property=\"og:locale\" content=\"ro_RO\" \/>\n<meta property=\"og:type\" content=\"article\" \/>\n<meta property=\"og:title\" content=\"PATONA Platinum Baterie pt. Sony NP-FV70A DCR-SR100 DCR-DVD703E HDR-CX12E with USB-C Input - All4Laptop.ro\" \/>\n<meta property=\"og:description\" content=\"Seria PATONAPlatinum a fost dezvoltat\u0103 pentru a v\u0103 bucura de o fotografie senza\u021bional de lung\u0103. Performan\u021ba celulelor utilizate este aproape inepuizabil\u0103. Seria a fost dezvoltat\u0103 pentru o distrac\u021bie fotografic\u0103 senza\u021bional de lung\u0103. Performan\u021ba celulelor folosite este aproape inepuizabil\u0103. Seria PATONAPlatinum folose\u0219te cele mai avansate celule, care au o calitate nu doar excep\u021bional\u0103, ci \u0219i impresionant\u0103. [&hellip;]\" \/>\n<meta property=\"og:url\" content=\"https:\/\/all4laptop.ro\/store\/produs\/patona-platinum-baterie-pt-sony-np-fv70a-dcr-sr100-dcr-dvd703e-hdr-cx12e-with-usb-c-input\/\" \/>\n<meta property=\"og:site_name\" content=\"All4Laptop.ro\" \/>\n<meta property=\"article:publisher\" content=\"https:\/\/www.facebook.com\/all4laptop.ro\" \/>\n<meta property=\"article:modified_time\" content=\"2024-06-17T06:33:38+00:00\" \/>\n<meta property=\"og:image\" content=\"https:\/\/all4laptop.ro\/store\/wp-content\/uploads\/2024\/04\/1394-1_1280x1280.jpg\" \/>\n\t<meta property=\"og:image:width\" content=\"1280\" \/>\n\t<meta property=\"og:image:height\" content=\"1280\" \/>\n\t<meta property=\"og:image:type\" content=\"image\/jpeg\" \/>\n<meta name=\"twitter:card\" content=\"summary_large_image\" \/>\n<meta name=\"twitter:label1\" content=\"Timp estimat pentru citire\" \/>\n\t<meta name=\"twitter:data1\" content=\"4 minute\" \/>\n<script type=\"application\/ld+json\" class=\"yoast-schema-graph\">{\"@context\":\"https:\/\/schema.org\",\"@graph\":[{\"@type\":\"WebPage\",\"@id\":\"https:\/\/all4laptop.ro\/store\/produs\/patona-platinum-baterie-pt-sony-np-fv70a-dcr-sr100-dcr-dvd703e-hdr-cx12e-with-usb-c-input\/\",\"url\":\"https:\/\/all4laptop.ro\/store\/produs\/patona-platinum-baterie-pt-sony-np-fv70a-dcr-sr100-dcr-dvd703e-hdr-cx12e-with-usb-c-input\/\",\"name\":\"PATONA Platinum Baterie pt. Sony NP-FV70A DCR-SR100 DCR-DVD703E HDR-CX12E with USB-C Input - All4Laptop.ro\",\"isPartOf\":{\"@id\":\"https:\/\/all4laptop.ro\/store\/#website\"},\"primaryImageOfPage\":{\"@id\":\"https:\/\/all4laptop.ro\/store\/produs\/patona-platinum-baterie-pt-sony-np-fv70a-dcr-sr100-dcr-dvd703e-hdr-cx12e-with-usb-c-input\/#primaryimage\"},\"image\":{\"@id\":\"https:\/\/all4laptop.ro\/store\/produs\/patona-platinum-baterie-pt-sony-np-fv70a-dcr-sr100-dcr-dvd703e-hdr-cx12e-with-usb-c-input\/#primaryimage\"},\"thumbnailUrl\":\"https:\/\/all4laptop.ro\/store\/wp-content\/uploads\/2024\/04\/1394-1_1280x1280.jpg\",\"datePublished\":\"2024-04-16T07:25:37+00:00\",\"dateModified\":\"2024-06-17T06:33:38+00:00\",\"breadcrumb\":{\"@id\":\"https:\/\/all4laptop.ro\/store\/produs\/patona-platinum-baterie-pt-sony-np-fv70a-dcr-sr100-dcr-dvd703e-hdr-cx12e-with-usb-c-input\/#breadcrumb\"},\"inLanguage\":\"ro-RO\",\"potentialAction\":[{\"@type\":\"ReadAction\",\"target\":[\"https:\/\/all4laptop.ro\/store\/produs\/patona-platinum-baterie-pt-sony-np-fv70a-dcr-sr100-dcr-dvd703e-hdr-cx12e-with-usb-c-input\/\"]}]},{\"@type\":\"ImageObject\",\"inLanguage\":\"ro-RO\",\"@id\":\"https:\/\/all4laptop.ro\/store\/produs\/patona-platinum-baterie-pt-sony-np-fv70a-dcr-sr100-dcr-dvd703e-hdr-cx12e-with-usb-c-input\/#primaryimage\",\"url\":\"https:\/\/all4laptop.ro\/store\/wp-content\/uploads\/2024\/04\/1394-1_1280x1280.jpg\",\"contentUrl\":\"https:\/\/all4laptop.ro\/store\/wp-content\/uploads\/2024\/04\/1394-1_1280x1280.jpg\",\"width\":1280,\"height\":1280},{\"@type\":\"BreadcrumbList\",\"@id\":\"https:\/\/all4laptop.ro\/store\/produs\/patona-platinum-baterie-pt-sony-np-fv70a-dcr-sr100-dcr-dvd703e-hdr-cx12e-with-usb-c-input\/#breadcrumb\",\"itemListElement\":[{\"@type\":\"ListItem\",\"position\":1,\"name\":\"Prima pagin\u0103\",\"item\":\"https:\/\/all4laptop.ro\/store\/\"},{\"@type\":\"ListItem\",\"position\":2,\"name\":\"Magazin\",\"item\":\"https:\/\/all4laptop.ro\/store\/\"},{\"@type\":\"ListItem\",\"position\":3,\"name\":\"PATONA Platinum Baterie pt. Sony NP-FV70A DCR-SR100 DCR-DVD703E HDR-CX12E with USB-C Input\"}]},{\"@type\":\"WebSite\",\"@id\":\"https:\/\/all4laptop.ro\/store\/#website\",\"url\":\"https:\/\/all4laptop.ro\/store\/\",\"name\":\"All4Laptop.ro\",\"description\":\"Baterii, tastaturi, incarcatoare, display-uri, coolere, balamale si piese laptop\",\"publisher\":{\"@id\":\"https:\/\/all4laptop.ro\/store\/#organization\"},\"alternateName\":\"All4Laptop by Mado Solutions\",\"potentialAction\":[{\"@type\":\"SearchAction\",\"target\":{\"@type\":\"EntryPoint\",\"urlTemplate\":\"https:\/\/all4laptop.ro\/store\/?s={search_term_string}\"},\"query-input\":\"required name=search_term_string\"}],\"inLanguage\":\"ro-RO\"},{\"@type\":\"Organization\",\"@id\":\"https:\/\/all4laptop.ro\/store\/#organization\",\"name\":\"Mado Solutions SRL\",\"alternateName\":\"All4Laptop.ro by Mado Solutions SRL\",\"url\":\"https:\/\/all4laptop.ro\/store\/\",\"logo\":{\"@type\":\"ImageObject\",\"inLanguage\":\"ro-RO\",\"@id\":\"https:\/\/all4laptop.ro\/store\/#\/schema\/logo\/image\/\",\"url\":\"https:\/\/all4laptop.ro\/store\/wp-content\/uploads\/2024\/05\/2.jpg\",\"contentUrl\":\"https:\/\/all4laptop.ro\/store\/wp-content\/uploads\/2024\/05\/2.jpg\",\"width\":408,\"height\":318,\"caption\":\"Mado Solutions SRL\"},\"image\":{\"@id\":\"https:\/\/all4laptop.ro\/store\/#\/schema\/logo\/image\/\"},\"sameAs\":[\"https:\/\/www.facebook.com\/all4laptop.ro\"]}]}<\/script>\n<!-- \/ Yoast SEO plugin. -->","yoast_head_json":{"title":"PATONA Platinum Baterie pt. Sony NP-FV70A DCR-SR100 DCR-DVD703E HDR-CX12E with USB-C Input - All4Laptop.ro","robots":{"index":"index","follow":"follow","max-snippet":"max-snippet:-1","max-image-preview":"max-image-preview:large","max-video-preview":"max-video-preview:-1"},"canonical":"https:\/\/all4laptop.ro\/store\/produs\/patona-platinum-baterie-pt-sony-np-fv70a-dcr-sr100-dcr-dvd703e-hdr-cx12e-with-usb-c-input\/","og_locale":"ro_RO","og_type":"article","og_title":"PATONA Platinum Baterie pt. Sony NP-FV70A DCR-SR100 DCR-DVD703E HDR-CX12E with USB-C Input - All4Laptop.ro","og_description":"Seria PATONAPlatinum a fost dezvoltat\u0103 pentru a v\u0103 bucura de o fotografie senza\u021bional de lung\u0103. Performan\u021ba celulelor utilizate este aproape inepuizabil\u0103. Seria a fost dezvoltat\u0103 pentru o distrac\u021bie fotografic\u0103 senza\u021bional de lung\u0103. Performan\u021ba celulelor folosite este aproape inepuizabil\u0103. Seria PATONAPlatinum folose\u0219te cele mai avansate celule, care au o calitate nu doar excep\u021bional\u0103, ci \u0219i impresionant\u0103. [&hellip;]","og_url":"https:\/\/all4laptop.ro\/store\/produs\/patona-platinum-baterie-pt-sony-np-fv70a-dcr-sr100-dcr-dvd703e-hdr-cx12e-with-usb-c-input\/","og_site_name":"All4Laptop.ro","article_publisher":"https:\/\/www.facebook.com\/all4laptop.ro","article_modified_time":"2024-06-17T06:33:38+00:00","og_image":[{"width":1280,"height":1280,"url":"https:\/\/all4laptop.ro\/store\/wp-content\/uploads\/2024\/04\/1394-1_1280x1280.jpg","type":"image\/jpeg"}],"twitter_card":"summary_large_image","twitter_misc":{"Timp estimat pentru citire":"4 minute"},"schema":{"@context":"https:\/\/schema.org","@graph":[{"@type":"WebPage","@id":"https:\/\/all4laptop.ro\/store\/produs\/patona-platinum-baterie-pt-sony-np-fv70a-dcr-sr100-dcr-dvd703e-hdr-cx12e-with-usb-c-input\/","url":"https:\/\/all4laptop.ro\/store\/produs\/patona-platinum-baterie-pt-sony-np-fv70a-dcr-sr100-dcr-dvd703e-hdr-cx12e-with-usb-c-input\/","name":"PATONA Platinum Baterie pt. Sony NP-FV70A DCR-SR100 DCR-DVD703E HDR-CX12E with USB-C Input - All4Laptop.ro","isPartOf":{"@id":"https:\/\/all4laptop.ro\/store\/#website"},"primaryImageOfPage":{"@id":"https:\/\/all4laptop.ro\/store\/produs\/patona-platinum-baterie-pt-sony-np-fv70a-dcr-sr100-dcr-dvd703e-hdr-cx12e-with-usb-c-input\/#primaryimage"},"image":{"@id":"https:\/\/all4laptop.ro\/store\/produs\/patona-platinum-baterie-pt-sony-np-fv70a-dcr-sr100-dcr-dvd703e-hdr-cx12e-with-usb-c-input\/#primaryimage"},"thumbnailUrl":"https:\/\/all4laptop.ro\/store\/wp-content\/uploads\/2024\/04\/1394-1_1280x1280.jpg","datePublished":"2024-04-16T07:25:37+00:00","dateModified":"2024-06-17T06:33:38+00:00","breadcrumb":{"@id":"https:\/\/all4laptop.ro\/store\/produs\/patona-platinum-baterie-pt-sony-np-fv70a-dcr-sr100-dcr-dvd703e-hdr-cx12e-with-usb-c-input\/#breadcrumb"},"inLanguage":"ro-RO","potentialAction":[{"@type":"ReadAction","target":["https:\/\/all4laptop.ro\/store\/produs\/patona-platinum-baterie-pt-sony-np-fv70a-dcr-sr100-dcr-dvd703e-hdr-cx12e-with-usb-c-input\/"]}]},{"@type":"ImageObject","inLanguage":"ro-RO","@id":"https:\/\/all4laptop.ro\/store\/produs\/patona-platinum-baterie-pt-sony-np-fv70a-dcr-sr100-dcr-dvd703e-hdr-cx12e-with-usb-c-input\/#primaryimage","url":"https:\/\/all4laptop.ro\/store\/wp-content\/uploads\/2024\/04\/1394-1_1280x1280.jpg","contentUrl":"https:\/\/all4laptop.ro\/store\/wp-content\/uploads\/2024\/04\/1394-1_1280x1280.jpg","width":1280,"height":1280},{"@type":"BreadcrumbList","@id":"https:\/\/all4laptop.ro\/store\/produs\/patona-platinum-baterie-pt-sony-np-fv70a-dcr-sr100-dcr-dvd703e-hdr-cx12e-with-usb-c-input\/#breadcrumb","itemListElement":[{"@type":"ListItem","position":1,"name":"Prima pagin\u0103","item":"https:\/\/all4laptop.ro\/store\/"},{"@type":"ListItem","position":2,"name":"Magazin","item":"https:\/\/all4laptop.ro\/store\/"},{"@type":"ListItem","position":3,"name":"PATONA Platinum Baterie pt. Sony NP-FV70A DCR-SR100 DCR-DVD703E HDR-CX12E with USB-C Input"}]},{"@type":"WebSite","@id":"https:\/\/all4laptop.ro\/store\/#website","url":"https:\/\/all4laptop.ro\/store\/","name":"All4Laptop.ro","description":"Baterii, tastaturi, incarcatoare, display-uri, coolere, balamale si piese laptop","publisher":{"@id":"https:\/\/all4laptop.ro\/store\/#organization"},"alternateName":"All4Laptop by Mado Solutions","potentialAction":[{"@type":"SearchAction","target":{"@type":"EntryPoint","urlTemplate":"https:\/\/all4laptop.ro\/store\/?s={search_term_string}"},"query-input":"required name=search_term_string"}],"inLanguage":"ro-RO"},{"@type":"Organization","@id":"https:\/\/all4laptop.ro\/store\/#organization","name":"Mado Solutions SRL","alternateName":"All4Laptop.ro by Mado Solutions SRL","url":"https:\/\/all4laptop.ro\/store\/","logo":{"@type":"ImageObject","inLanguage":"ro-RO","@id":"https:\/\/all4laptop.ro\/store\/#\/schema\/logo\/image\/","url":"https:\/\/all4laptop.ro\/store\/wp-content\/uploads\/2024\/05\/2.jpg","contentUrl":"https:\/\/all4laptop.ro\/store\/wp-content\/uploads\/2024\/05\/2.jpg","width":408,"height":318,"caption":"Mado Solutions SRL"},"image":{"@id":"https:\/\/all4laptop.ro\/store\/#\/schema\/logo\/image\/"},"sameAs":["https:\/\/www.facebook.com\/all4laptop.ro"]}]}},"_links":{"self":[{"href":"https:\/\/all4laptop.ro\/store\/wp-json\/wp\/v2\/product\/1691","targetHints":{"allow":["GET"]}}],"collection":[{"href":"https:\/\/all4laptop.ro\/store\/wp-json\/wp\/v2\/product"}],"about":[{"href":"https:\/\/all4laptop.ro\/store\/wp-json\/wp\/v2\/types\/product"}],"replies":[{"embeddable":true,"href":"https:\/\/all4laptop.ro\/store\/wp-json\/wp\/v2\/comments?post=1691"}],"wp:featuredmedia":[{"embeddable":true,"href":"https:\/\/all4laptop.ro\/store\/wp-json\/wp\/v2\/media\/1609"}],"wp:attachment":[{"href":"https:\/\/all4laptop.ro\/store\/wp-json\/wp\/v2\/media?parent=1691"}],"wp:term":[{"taxonomy":"product_cat","embeddable":true,"href":"https:\/\/all4laptop.ro\/store\/wp-json\/wp\/v2\/product_cat?post=1691"},{"taxonomy":"product_tag","embeddable":true,"href":"https:\/\/all4laptop.ro\/store\/wp-json\/wp\/v2\/product_tag?post=1691"}],"curies":[{"name":"wp","href":"https:\/\/api.w.org\/{rel}","templated":true}]}}