{"id":1692,"date":"2024-04-16T07:25:37","date_gmt":"2024-04-16T07:25:37","guid":{"rendered":"https:\/\/dev4.acvision.ro\/store\/produs\/patona-platinum-baterie-with-pd20w-usb-c-in-out-pt-sony-np-f970-f960-f950-pd20w-usb-a-5v-2a\/"},"modified":"2024-06-17T06:34:19","modified_gmt":"2024-06-17T06:34:19","slug":"patona-platinum-baterie-with-pd20w-usb-c-in-out-pt-sony-np-f970-f960-f950-pd20w-usb-a-5v-2a","status":"publish","type":"product","link":"https:\/\/all4laptop.ro\/store\/produs\/patona-platinum-baterie-with-pd20w-usb-c-in-out-pt-sony-np-f970-f960-f950-pd20w-usb-a-5v-2a\/","title":{"rendered":"PATONA Platinum Baterie with PD20W USB-C in\/out pt. Sony NP-F970 F960 F950 PD20W USB-A 5V\/2A"},"content":{"rendered":"<h2>Baterie PATONA Platinum cu intrare\/ie\u0219ire PD20W USB-C pentru Sony NP-F970 F960 F950 PD20W USB-A 5V\/2A<\/h2>\n<p><span data-mce-mark=\"1\">Nou-nou\u021b <strong>seria noastr\u0103 Platinum <\/strong>v\u0103 prezent\u0103m bateria pentru Sony NP-F970. De asemenea, nou este intrarea Micro-USB integrat\u0103. Acest lucru face posibil\u0103 \u00eenc\u0103rcarea bateriei cu un incarcator USB conven\u021bional. Prin urmare, un incarcator special pentru baterie nu este necesar. Un alt punct culminant este o ie\u0219ire USB de 5V. Acest lucru permite ca bateria s\u0103 fie folosit\u0103 ca power bank. Pentru a-l activa, pur \u0219i simplu ap\u0103sa\u021bi butonul \u201eVerific\u0103\u201d. Un afi\u0219aj v\u0103 informeaz\u0103 despre durata de via\u021b\u0103 r\u0103mas\u0103 a bateriei. <\/p>\n<p> Seria <strong>PATONA<\/strong> Platinum a fost dezvoltat\u0103 pentru o pl\u0103cere foto de lung\u0103 durat\u0103. Performan\u021ba celulelor \u00eencorporate este aproape inepuizabil\u0103. \u00cen seria <strong>PATONA<\/strong> Platinum au fost folosite cele mai avansate celule, care au o calitate nu numai extraordinar\u0103, dar \u0219i impresionant\u0103 \u00een acela\u0219i timp. Seria <strong>PATONA<\/strong> Platinum este cea mai de \u00eenalt\u0103 calitate, cea mai durabil\u0103 \u0219i cea mai inovatoare serie de la PATONA. Odat\u0103 cu achizi\u021bionarea unei baterii din seria <strong>PATONA<\/strong> Platinum, ob\u021bine\u021bi un produs excelent, rafinat, care v\u0103 va fascina.<\/span> <\/p>\n<p><strong>Date tehnice:<\/strong> <\/p>\n<ul>\n<li>Tip: NP-F970<\/li>\n<li>Capacitate: 10500mAh \/ 7.2V \/ 75.6Wh<\/li>\n<li>USB-C-Ausgang: 5V\/3A\u30019V\/2.22A\u300112V\/1.67A<\/li>\n<li>PD (livrare putere): 20W<\/li>\n<li>Intrare\/Ie\u0219ire: func\u021bie de \u00eenc\u0103rcare CV-CC<\/li>\n<li> Ie\u0219ire USB-C: max. 3,6 A<\/li>\n<li>Ie\u0219ire USB-A: max. 3,6 A<\/li>\n<li>Tipul celulei: Celule marca Li-Ion de \u00eenalt\u0103 calitate Grad A<\/li>\n<li>Putere static\u0103: Max. 200 uA<\/li>\n<li>Interval normal de temperatur\u0103 de \u00eenc\u0103rcare: 0 \u2103 \/ 60 \u2103<\/li>\n<li>Interval normal de temperatur\u0103 de desc\u0103rcare: -20 \/ +60 \u2103<\/li>\n<li>Marc\u0103: PATONA Platinum<\/ li> <\/ul>\n<p><strong>Num\u0103r de pies\u0103 compatibil:<\/strong><br \/><span data-mce-mark=\"1\">Sony CCD-SC5, CCD-SC65< \/span><\/p>\n<\/p>\n<p><span data-mce-mark=\"1\"><span data-mce-mark=\"1\">Sony CCD_TR<br \/>CCD-TR1, CCD-TR3, CCD-TR8E, CCD-TR57, CCD-TR67, CCD-TR76, CCD-TR87, CCD-TR200, CCD-TR215, CCD-TR300, CCD-TR416, CCD-TR500, CCD-TR516, CCD- TR517, <br \/>CCD-TR555, CCD-TR716, CCD-TR818, CCD-TR845E, CCD-TR910, CCD-TR917, CCD-TR930, CCD-TR940, CCD-TR3000, CCD-TR3300, DCR-TR8000E, CCD -TRT97<\/span><\/span><\/p>\n<p><span><span>Sony CCD_TRV<br \/>CCD-TRV4, CCD-TRV15, CCD-TRV16, CCD-TRV25, CCD-TRV35, CCD- TRV36, CCD-TRV37, CCD-TRV41, CCD-TRV43, CCD-TRV46, CCD-TRV51, CCD-TRV57, CCD-TRV58, <br \/>CCD-TRV62, CCD-TRV65, CCD-TRV66, CCD-TRV67, CCD -TRV68, CCD-TRV72, CCD-TRV75, CCD-TRV78E, CCD-TRV81, CCD-TRV82, CCD-TRV85, CCD-TRV87, CCD-TRV88, CCD-TRV90, CCD-TRV91, CCD-TRV93, CCD-TRV95 , CCD-TRV98, CCD-TRV99, CCD-TRV101, CCD-TRV119,CCD-TRV215, CCD-TRV315, CCD-TRV517, CCD-TRV615, CCD-TRV715, CCD-TRV716, CCD-TRV720, CCD-TRV815, CCD-TRV815 -TRV3000<\/span><\/span><\/p>\n<p><span><span>Sony DCR-<br \/>DCR-TR7000, DCR-TRV5, DCR-TRV7, DCR-TRV9, DCR-TRV103, DCR -TRV110, DCR-TRV120, DCR-TRV130, DCR-TRV210, DCR-TRV310, DCR-TRV315, DCR-TRV320, DCR-TRV510, DCR-TRV520, DCR-TRV525, DCR-TRV720DCR-TRV2, DCR-TRV720 , DCR-TV900, DCR-TV900E, DCR-VX2000, DCR-VX2100, DCR-VX2100E, seria DCR-VX9, DCR-VX9000<\/span><\/span><\/p>\n<p><span><span> Sony DCS-<br \/>DSC-CD100, DSC-CD250, DSC-CD400, DSC-D700, DSC-D770<\/span><\/span><\/p>\n<p><span><span>Sony DSR-200 , DSR-250, DSR-300, DSR-PD100A, DSR-PD150, DSR-PD170<\/span><\/span><\/p>\n<p><span><span>Sony GV-A500, GV-A500E, GV-D200, GV-D800<\/span><\/span><\/p>\n<p><span><span>Sony HDR-FX1, HDV FX1, HDV Z1<\/span><\/span><\/p>\n<p><span><span>Sony MVC-<br \/>MVC-FD5, MVC-FD7, MVC-FD51, MVC-FD71, MVC-FD73, MVC-FD75, MVC-FD81, MVC-FD83, MVC-FD85 , MVC-FD87, MVC-FD88, <br \/>MVC-FD90, MVC-FD91, MVC-FD91AOL, MVC-FD92, MVC-FD95, MVC-FD97, MVC-FD100, MVC-FD200<\/span><\/p>\n<p><\/span><\/p>\n<p><span><strong>Model compatibil:<\/strong><br \/><\/span><span>NP-F970 NP-F960 NP-F950<\/span> <\/p>\n<p>Imaginile au doar scop ilustrativ! Livrarea poate varia.<\/p>\n","protected":false},"excerpt":{"rendered":"<p>Baterie PATONA Platinum cu intrare\/ie\u0219ire PD20W USB-C pentru Sony NP-F970 F960 F950 PD20W USB-A 5V\/2A Nou-nou\u021b seria noastr\u0103 Platinum v\u0103 prezent\u0103m bateria pentru Sony NP-F970. De asemenea, nou este intrarea Micro-USB integrat\u0103. Acest lucru face posibil\u0103 \u00eenc\u0103rcarea bateriei cu un incarcator USB conven\u021bional. Prin urmare, un incarcator special pentru baterie nu este necesar. Un alt [&hellip;]<\/p>\n","protected":false},"featured_media":1611,"comment_status":"open","ping_status":"closed","template":"","meta":{"_joinchat":[]},"product_cat":[192],"product_tag":[6457],"class_list":{"0":"post-1692","1":"product","2":"type-product","3":"status-publish","4":"has-post-thumbnail","6":"product_cat-baterii-camere-foto-video","7":"product_tag-a4lrop-1377","8":"product_shipping_class-valoare","10":"first","11":"instock","12":"shipping-taxable","13":"purchasable","14":"product-type-simple"},"yoast_head":"<!-- This site is optimized with the Yoast SEO plugin v22.7 - https:\/\/yoast.com\/wordpress\/plugins\/seo\/ -->\n<title>PATONA Platinum Baterie with PD20W USB-C in\/out pt. Sony NP-F970 F960 F950 PD20W USB-A 5V\/2A - All4Laptop.ro<\/title>\n<meta name=\"robots\" content=\"index, follow, max-snippet:-1, max-image-preview:large, max-video-preview:-1\" \/>\n<link rel=\"canonical\" href=\"https:\/\/all4laptop.ro\/store\/produs\/patona-platinum-baterie-with-pd20w-usb-c-in-out-pt-sony-np-f970-f960-f950-pd20w-usb-a-5v-2a\/\" \/>\n<meta property=\"og:locale\" content=\"ro_RO\" \/>\n<meta property=\"og:type\" content=\"article\" \/>\n<meta property=\"og:title\" content=\"PATONA Platinum Baterie with PD20W USB-C in\/out pt. Sony NP-F970 F960 F950 PD20W USB-A 5V\/2A - All4Laptop.ro\" \/>\n<meta property=\"og:description\" content=\"Baterie PATONA Platinum cu intrare\/ie\u0219ire PD20W USB-C pentru Sony NP-F970 F960 F950 PD20W USB-A 5V\/2A Nou-nou\u021b seria noastr\u0103 Platinum v\u0103 prezent\u0103m bateria pentru Sony NP-F970. De asemenea, nou este intrarea Micro-USB integrat\u0103. Acest lucru face posibil\u0103 \u00eenc\u0103rcarea bateriei cu un incarcator USB conven\u021bional. Prin urmare, un incarcator special pentru baterie nu este necesar. Un alt [&hellip;]\" \/>\n<meta property=\"og:url\" content=\"https:\/\/all4laptop.ro\/store\/produs\/patona-platinum-baterie-with-pd20w-usb-c-in-out-pt-sony-np-f970-f960-f950-pd20w-usb-a-5v-2a\/\" \/>\n<meta property=\"og:site_name\" content=\"All4Laptop.ro\" \/>\n<meta property=\"article:publisher\" content=\"https:\/\/www.facebook.com\/all4laptop.ro\" \/>\n<meta property=\"article:modified_time\" content=\"2024-06-17T06:34:19+00:00\" \/>\n<meta property=\"og:image\" content=\"https:\/\/all4laptop.ro\/store\/wp-content\/uploads\/2024\/04\/1377-1_1280x1280.jpg\" \/>\n\t<meta property=\"og:image:width\" content=\"1280\" \/>\n\t<meta property=\"og:image:height\" content=\"1044\" \/>\n\t<meta property=\"og:image:type\" content=\"image\/jpeg\" \/>\n<meta name=\"twitter:card\" content=\"summary_large_image\" \/>\n<meta name=\"twitter:label1\" content=\"Timp estimat pentru citire\" \/>\n\t<meta name=\"twitter:data1\" content=\"2 minute\" \/>\n<script type=\"application\/ld+json\" class=\"yoast-schema-graph\">{\"@context\":\"https:\/\/schema.org\",\"@graph\":[{\"@type\":\"WebPage\",\"@id\":\"https:\/\/all4laptop.ro\/store\/produs\/patona-platinum-baterie-with-pd20w-usb-c-in-out-pt-sony-np-f970-f960-f950-pd20w-usb-a-5v-2a\/\",\"url\":\"https:\/\/all4laptop.ro\/store\/produs\/patona-platinum-baterie-with-pd20w-usb-c-in-out-pt-sony-np-f970-f960-f950-pd20w-usb-a-5v-2a\/\",\"name\":\"PATONA Platinum Baterie with PD20W USB-C in\/out pt. Sony NP-F970 F960 F950 PD20W USB-A 5V\/2A - All4Laptop.ro\",\"isPartOf\":{\"@id\":\"https:\/\/all4laptop.ro\/store\/#website\"},\"primaryImageOfPage\":{\"@id\":\"https:\/\/all4laptop.ro\/store\/produs\/patona-platinum-baterie-with-pd20w-usb-c-in-out-pt-sony-np-f970-f960-f950-pd20w-usb-a-5v-2a\/#primaryimage\"},\"image\":{\"@id\":\"https:\/\/all4laptop.ro\/store\/produs\/patona-platinum-baterie-with-pd20w-usb-c-in-out-pt-sony-np-f970-f960-f950-pd20w-usb-a-5v-2a\/#primaryimage\"},\"thumbnailUrl\":\"https:\/\/all4laptop.ro\/store\/wp-content\/uploads\/2024\/04\/1377-1_1280x1280.jpg\",\"datePublished\":\"2024-04-16T07:25:37+00:00\",\"dateModified\":\"2024-06-17T06:34:19+00:00\",\"breadcrumb\":{\"@id\":\"https:\/\/all4laptop.ro\/store\/produs\/patona-platinum-baterie-with-pd20w-usb-c-in-out-pt-sony-np-f970-f960-f950-pd20w-usb-a-5v-2a\/#breadcrumb\"},\"inLanguage\":\"ro-RO\",\"potentialAction\":[{\"@type\":\"ReadAction\",\"target\":[\"https:\/\/all4laptop.ro\/store\/produs\/patona-platinum-baterie-with-pd20w-usb-c-in-out-pt-sony-np-f970-f960-f950-pd20w-usb-a-5v-2a\/\"]}]},{\"@type\":\"ImageObject\",\"inLanguage\":\"ro-RO\",\"@id\":\"https:\/\/all4laptop.ro\/store\/produs\/patona-platinum-baterie-with-pd20w-usb-c-in-out-pt-sony-np-f970-f960-f950-pd20w-usb-a-5v-2a\/#primaryimage\",\"url\":\"https:\/\/all4laptop.ro\/store\/wp-content\/uploads\/2024\/04\/1377-1_1280x1280.jpg\",\"contentUrl\":\"https:\/\/all4laptop.ro\/store\/wp-content\/uploads\/2024\/04\/1377-1_1280x1280.jpg\",\"width\":1280,\"height\":1044},{\"@type\":\"BreadcrumbList\",\"@id\":\"https:\/\/all4laptop.ro\/store\/produs\/patona-platinum-baterie-with-pd20w-usb-c-in-out-pt-sony-np-f970-f960-f950-pd20w-usb-a-5v-2a\/#breadcrumb\",\"itemListElement\":[{\"@type\":\"ListItem\",\"position\":1,\"name\":\"Prima pagin\u0103\",\"item\":\"https:\/\/all4laptop.ro\/store\/\"},{\"@type\":\"ListItem\",\"position\":2,\"name\":\"Magazin\",\"item\":\"https:\/\/all4laptop.ro\/store\/\"},{\"@type\":\"ListItem\",\"position\":3,\"name\":\"PATONA Platinum Baterie with PD20W USB-C in\/out pt. Sony NP-F970 F960 F950 PD20W USB-A 5V\/2A\"}]},{\"@type\":\"WebSite\",\"@id\":\"https:\/\/all4laptop.ro\/store\/#website\",\"url\":\"https:\/\/all4laptop.ro\/store\/\",\"name\":\"All4Laptop.ro\",\"description\":\"Baterii, tastaturi, incarcatoare, display-uri, coolere, balamale si piese laptop\",\"publisher\":{\"@id\":\"https:\/\/all4laptop.ro\/store\/#organization\"},\"alternateName\":\"All4Laptop by Mado Solutions\",\"potentialAction\":[{\"@type\":\"SearchAction\",\"target\":{\"@type\":\"EntryPoint\",\"urlTemplate\":\"https:\/\/all4laptop.ro\/store\/?s={search_term_string}\"},\"query-input\":\"required name=search_term_string\"}],\"inLanguage\":\"ro-RO\"},{\"@type\":\"Organization\",\"@id\":\"https:\/\/all4laptop.ro\/store\/#organization\",\"name\":\"Mado Solutions SRL\",\"alternateName\":\"All4Laptop.ro by Mado Solutions SRL\",\"url\":\"https:\/\/all4laptop.ro\/store\/\",\"logo\":{\"@type\":\"ImageObject\",\"inLanguage\":\"ro-RO\",\"@id\":\"https:\/\/all4laptop.ro\/store\/#\/schema\/logo\/image\/\",\"url\":\"https:\/\/all4laptop.ro\/store\/wp-content\/uploads\/2024\/05\/2.jpg\",\"contentUrl\":\"https:\/\/all4laptop.ro\/store\/wp-content\/uploads\/2024\/05\/2.jpg\",\"width\":408,\"height\":318,\"caption\":\"Mado Solutions SRL\"},\"image\":{\"@id\":\"https:\/\/all4laptop.ro\/store\/#\/schema\/logo\/image\/\"},\"sameAs\":[\"https:\/\/www.facebook.com\/all4laptop.ro\"]}]}<\/script>\n<!-- \/ Yoast SEO plugin. -->","yoast_head_json":{"title":"PATONA Platinum Baterie with PD20W USB-C in\/out pt. Sony NP-F970 F960 F950 PD20W USB-A 5V\/2A - All4Laptop.ro","robots":{"index":"index","follow":"follow","max-snippet":"max-snippet:-1","max-image-preview":"max-image-preview:large","max-video-preview":"max-video-preview:-1"},"canonical":"https:\/\/all4laptop.ro\/store\/produs\/patona-platinum-baterie-with-pd20w-usb-c-in-out-pt-sony-np-f970-f960-f950-pd20w-usb-a-5v-2a\/","og_locale":"ro_RO","og_type":"article","og_title":"PATONA Platinum Baterie with PD20W USB-C in\/out pt. Sony NP-F970 F960 F950 PD20W USB-A 5V\/2A - All4Laptop.ro","og_description":"Baterie PATONA Platinum cu intrare\/ie\u0219ire PD20W USB-C pentru Sony NP-F970 F960 F950 PD20W USB-A 5V\/2A Nou-nou\u021b seria noastr\u0103 Platinum v\u0103 prezent\u0103m bateria pentru Sony NP-F970. De asemenea, nou este intrarea Micro-USB integrat\u0103. Acest lucru face posibil\u0103 \u00eenc\u0103rcarea bateriei cu un incarcator USB conven\u021bional. Prin urmare, un incarcator special pentru baterie nu este necesar. Un alt [&hellip;]","og_url":"https:\/\/all4laptop.ro\/store\/produs\/patona-platinum-baterie-with-pd20w-usb-c-in-out-pt-sony-np-f970-f960-f950-pd20w-usb-a-5v-2a\/","og_site_name":"All4Laptop.ro","article_publisher":"https:\/\/www.facebook.com\/all4laptop.ro","article_modified_time":"2024-06-17T06:34:19+00:00","og_image":[{"width":1280,"height":1044,"url":"https:\/\/all4laptop.ro\/store\/wp-content\/uploads\/2024\/04\/1377-1_1280x1280.jpg","type":"image\/jpeg"}],"twitter_card":"summary_large_image","twitter_misc":{"Timp estimat pentru citire":"2 minute"},"schema":{"@context":"https:\/\/schema.org","@graph":[{"@type":"WebPage","@id":"https:\/\/all4laptop.ro\/store\/produs\/patona-platinum-baterie-with-pd20w-usb-c-in-out-pt-sony-np-f970-f960-f950-pd20w-usb-a-5v-2a\/","url":"https:\/\/all4laptop.ro\/store\/produs\/patona-platinum-baterie-with-pd20w-usb-c-in-out-pt-sony-np-f970-f960-f950-pd20w-usb-a-5v-2a\/","name":"PATONA Platinum Baterie with PD20W USB-C in\/out pt. Sony NP-F970 F960 F950 PD20W USB-A 5V\/2A - All4Laptop.ro","isPartOf":{"@id":"https:\/\/all4laptop.ro\/store\/#website"},"primaryImageOfPage":{"@id":"https:\/\/all4laptop.ro\/store\/produs\/patona-platinum-baterie-with-pd20w-usb-c-in-out-pt-sony-np-f970-f960-f950-pd20w-usb-a-5v-2a\/#primaryimage"},"image":{"@id":"https:\/\/all4laptop.ro\/store\/produs\/patona-platinum-baterie-with-pd20w-usb-c-in-out-pt-sony-np-f970-f960-f950-pd20w-usb-a-5v-2a\/#primaryimage"},"thumbnailUrl":"https:\/\/all4laptop.ro\/store\/wp-content\/uploads\/2024\/04\/1377-1_1280x1280.jpg","datePublished":"2024-04-16T07:25:37+00:00","dateModified":"2024-06-17T06:34:19+00:00","breadcrumb":{"@id":"https:\/\/all4laptop.ro\/store\/produs\/patona-platinum-baterie-with-pd20w-usb-c-in-out-pt-sony-np-f970-f960-f950-pd20w-usb-a-5v-2a\/#breadcrumb"},"inLanguage":"ro-RO","potentialAction":[{"@type":"ReadAction","target":["https:\/\/all4laptop.ro\/store\/produs\/patona-platinum-baterie-with-pd20w-usb-c-in-out-pt-sony-np-f970-f960-f950-pd20w-usb-a-5v-2a\/"]}]},{"@type":"ImageObject","inLanguage":"ro-RO","@id":"https:\/\/all4laptop.ro\/store\/produs\/patona-platinum-baterie-with-pd20w-usb-c-in-out-pt-sony-np-f970-f960-f950-pd20w-usb-a-5v-2a\/#primaryimage","url":"https:\/\/all4laptop.ro\/store\/wp-content\/uploads\/2024\/04\/1377-1_1280x1280.jpg","contentUrl":"https:\/\/all4laptop.ro\/store\/wp-content\/uploads\/2024\/04\/1377-1_1280x1280.jpg","width":1280,"height":1044},{"@type":"BreadcrumbList","@id":"https:\/\/all4laptop.ro\/store\/produs\/patona-platinum-baterie-with-pd20w-usb-c-in-out-pt-sony-np-f970-f960-f950-pd20w-usb-a-5v-2a\/#breadcrumb","itemListElement":[{"@type":"ListItem","position":1,"name":"Prima pagin\u0103","item":"https:\/\/all4laptop.ro\/store\/"},{"@type":"ListItem","position":2,"name":"Magazin","item":"https:\/\/all4laptop.ro\/store\/"},{"@type":"ListItem","position":3,"name":"PATONA Platinum Baterie with PD20W USB-C in\/out pt. Sony NP-F970 F960 F950 PD20W USB-A 5V\/2A"}]},{"@type":"WebSite","@id":"https:\/\/all4laptop.ro\/store\/#website","url":"https:\/\/all4laptop.ro\/store\/","name":"All4Laptop.ro","description":"Baterii, tastaturi, incarcatoare, display-uri, coolere, balamale si piese laptop","publisher":{"@id":"https:\/\/all4laptop.ro\/store\/#organization"},"alternateName":"All4Laptop by Mado Solutions","potentialAction":[{"@type":"SearchAction","target":{"@type":"EntryPoint","urlTemplate":"https:\/\/all4laptop.ro\/store\/?s={search_term_string}"},"query-input":"required name=search_term_string"}],"inLanguage":"ro-RO"},{"@type":"Organization","@id":"https:\/\/all4laptop.ro\/store\/#organization","name":"Mado Solutions SRL","alternateName":"All4Laptop.ro by Mado Solutions SRL","url":"https:\/\/all4laptop.ro\/store\/","logo":{"@type":"ImageObject","inLanguage":"ro-RO","@id":"https:\/\/all4laptop.ro\/store\/#\/schema\/logo\/image\/","url":"https:\/\/all4laptop.ro\/store\/wp-content\/uploads\/2024\/05\/2.jpg","contentUrl":"https:\/\/all4laptop.ro\/store\/wp-content\/uploads\/2024\/05\/2.jpg","width":408,"height":318,"caption":"Mado Solutions SRL"},"image":{"@id":"https:\/\/all4laptop.ro\/store\/#\/schema\/logo\/image\/"},"sameAs":["https:\/\/www.facebook.com\/all4laptop.ro"]}]}},"_links":{"self":[{"href":"https:\/\/all4laptop.ro\/store\/wp-json\/wp\/v2\/product\/1692","targetHints":{"allow":["GET"]}}],"collection":[{"href":"https:\/\/all4laptop.ro\/store\/wp-json\/wp\/v2\/product"}],"about":[{"href":"https:\/\/all4laptop.ro\/store\/wp-json\/wp\/v2\/types\/product"}],"replies":[{"embeddable":true,"href":"https:\/\/all4laptop.ro\/store\/wp-json\/wp\/v2\/comments?post=1692"}],"wp:featuredmedia":[{"embeddable":true,"href":"https:\/\/all4laptop.ro\/store\/wp-json\/wp\/v2\/media\/1611"}],"wp:attachment":[{"href":"https:\/\/all4laptop.ro\/store\/wp-json\/wp\/v2\/media?parent=1692"}],"wp:term":[{"taxonomy":"product_cat","embeddable":true,"href":"https:\/\/all4laptop.ro\/store\/wp-json\/wp\/v2\/product_cat?post=1692"},{"taxonomy":"product_tag","embeddable":true,"href":"https:\/\/all4laptop.ro\/store\/wp-json\/wp\/v2\/product_tag?post=1692"}],"curies":[{"name":"wp","href":"https:\/\/api.w.org\/{rel}","templated":true}]}}