{"id":1694,"date":"2024-04-16T07:25:38","date_gmt":"2024-04-16T07:25:38","guid":{"rendered":"https:\/\/dev4.acvision.ro\/store\/produs\/patona-platinum-baterie-with-usb-c-input-pt-sony-np-fv100-fdr-ax40-fdr-ax45-fdr-cx680-nex-vg30\/"},"modified":"2024-06-17T06:33:38","modified_gmt":"2024-06-17T06:33:38","slug":"patona-platinum-baterie-with-usb-c-input-pt-sony-np-fv100-fdr-ax40-fdr-ax45-fdr-cx680-nex-vg30","status":"publish","type":"product","link":"https:\/\/all4laptop.ro\/store\/produs\/patona-platinum-baterie-with-usb-c-input-pt-sony-np-fv100-fdr-ax40-fdr-ax45-fdr-cx680-nex-vg30\/","title":{"rendered":"PATONA Platinum Baterie with USB-C input pt. Sony NP-FV100 FDR-AX40 FDR-AX45 FDR-CX680 NEX-VG30"},"content":{"rendered":"<p>Seria PATONA <strong>Platinum<\/strong> a fost dezvoltat\u0103 pentru o bucurie fotografic\u0103 senza\u021bional de lung\u0103. Performanta celulelor folosite este aproape inepuizabila.<br \/>Seria PATONA <strong>Platinum<\/strong> foloseste cele mai avansate celule, care au o calitate nu doar exceptionala, dar si impresionanta. <\/p>\n<p>Seria Platinum este cea mai de \u00eenalt\u0103 calitate, cea mai durabil\u0103 \u0219i cea mai inovatoare serie de la PATONA. C\u00e2nd cump\u0103ra\u021bi o baterie din seria PATONA <strong>Platinum<\/strong>, cump\u0103ra\u021bi un produs excelent, rafinat, care v\u0103 va fascina.<\/p>\n<p>Aceast\u0103 baterie are o intrare USB-C, astfel \u00eenc\u00e2t s\u0103 poat\u0103 fi \u00eenc\u0103rcat cu un cablu USB-C (inclus) \u0219i adaptor de alimentare. Pute\u021bi g\u0103si un adaptor de alimentare corespunz\u0103tor mai jos, \u00een fila \u201eAccesorii\u201d.<\/p>\n<p><strong>Date tehnice:<br \/><\/strong><\/p>\n<ul>\n<li>Putere: 7,4V <\/li>\n<li>Capacitate: 3090 mAh \/ 22,9Wh<\/li>\n<li>Intrare USB-C: max. 1,2 A (curen\u021bii de intrare mai mari sunt redusi automat prin controlul IC al bateriei)<\/li>\n<li>Cu LED de \u00eenc\u0103rcare<\/li>\n<li>Tip de celule: Li-Ion<\/li>\n<li>100% compatibil cu bateria original\u0103 <strong>Sony NP-FV100<\/strong><\/li>\n<\/ul>\n<p><strong>Livrare:<\/strong><\/p>\n<ul>\n<li>PATONA <strong> Baterie platin\u0103<\/strong> pentru Sony NP-FV100<\/li>\n<li>Cablu USB de 60 cm (USB-A la USB-C)<\/li>\n<\/ul>\n<p><strong>Bateria este potrivit\u0103 pentru digital modele de camere:<\/strong><\/p>\n<p><span><span>Seria Sony CX <\/span><br \/>HDR-CX110, HDR-CX170, HDR-CX370, HDR-CX370V,<br \/>HDR -CX150, HDR-CX150E, HDR-CX150E\/B, HDR-CX150R<br \/>HDR-CX300, HDR-CX300E, HDR-CX350, HDR-CX350V<br \/>HDR-CX350V, E HDR-CX350VET, HDRCX50,<br \/> br>HDR-CX550E, HDR-CX550V, HDR-CX550VE<br \/>HDR-CX110E, HDR-CX110L, HDR-CX110R<\/p>\n<p>Seria Sony HC<br \/>HDR-HC3, HDR-HC7<br \/> < br>Seria Sony HX<br \/>DSC-HX1<\/p>\n<p>Seria Sony SR<br \/>DCR-SR68, DCR-SR78, DCR-SR300, DCR-SR62, DCR-SR100<br \/>DCR- SR60, DCR-SR68E, DCR-SR68E\/S, DCR-SR68R<br \/>DCR-SR88, DCR-SR88E <\/p>\n<p>Seria Sony SX<br \/>DCR-SX44, DCR-SX44\/E, DCR-SX44 \/L, DCR-SX44\/R, DCR-SX63, DCR-SX63E<br \/>DCR-SX63E\/S, DCR-SX83, DCR-SX83E, DCR-SX83E\/S <\/p>\n<p>Seria Sony TG<br \/> HDR-TG1, HDR-TG5, HDR-TG5\/E<\/p>\n<p>Seria Sony UX<br \/>HDR-UX5, HDR-UX7<\/p>\n<p>Seria Sony XR<br \/>HDR-XR150, HDR- XR150E, HDR-XR350, HDR-XR350 <br \/><\/span><\/p>\n<p><span><strong>\u00cenlocuie\u0219te urm\u0103toarele baterii originale:<\/strong><br \/><\/span><br \/> < span>Sony NP-FV90, Sony NP-FV100, Sony NP-FV100A <\/span><\/p>\n","protected":false},"excerpt":{"rendered":"<p>Seria PATONA Platinum a fost dezvoltat\u0103 pentru o bucurie fotografic\u0103 senza\u021bional de lung\u0103. Performanta celulelor folosite este aproape inepuizabila.Seria PATONA Platinum foloseste cele mai avansate celule, care au o calitate nu doar exceptionala, dar si impresionanta. Seria Platinum este cea mai de \u00eenalt\u0103 calitate, cea mai durabil\u0103 \u0219i cea mai inovatoare serie de la PATONA. [&hellip;]<\/p>\n","protected":false},"featured_media":1615,"comment_status":"open","ping_status":"closed","template":"","meta":{"_joinchat":[]},"product_cat":[192],"product_tag":[6459],"class_list":{"0":"post-1694","1":"product","2":"type-product","3":"status-publish","4":"has-post-thumbnail","6":"product_cat-baterii-camere-foto-video","7":"product_tag-a4lrop-1395","8":"product_shipping_class-valoare","10":"first","11":"instock","12":"shipping-taxable","13":"purchasable","14":"product-type-simple"},"yoast_head":"<!-- This site is optimized with the Yoast SEO plugin v22.7 - https:\/\/yoast.com\/wordpress\/plugins\/seo\/ -->\n<title>PATONA Platinum Baterie with USB-C input pt. Sony NP-FV100 FDR-AX40 FDR-AX45 FDR-CX680 NEX-VG30 - All4Laptop.ro<\/title>\n<meta name=\"robots\" content=\"index, follow, max-snippet:-1, max-image-preview:large, max-video-preview:-1\" \/>\n<link rel=\"canonical\" href=\"https:\/\/all4laptop.ro\/store\/produs\/patona-platinum-baterie-with-usb-c-input-pt-sony-np-fv100-fdr-ax40-fdr-ax45-fdr-cx680-nex-vg30\/\" \/>\n<meta property=\"og:locale\" content=\"ro_RO\" \/>\n<meta property=\"og:type\" content=\"article\" \/>\n<meta property=\"og:title\" content=\"PATONA Platinum Baterie with USB-C input pt. Sony NP-FV100 FDR-AX40 FDR-AX45 FDR-CX680 NEX-VG30 - All4Laptop.ro\" \/>\n<meta property=\"og:description\" content=\"Seria PATONA Platinum a fost dezvoltat\u0103 pentru o bucurie fotografic\u0103 senza\u021bional de lung\u0103. Performanta celulelor folosite este aproape inepuizabila.Seria PATONA Platinum foloseste cele mai avansate celule, care au o calitate nu doar exceptionala, dar si impresionanta. Seria Platinum este cea mai de \u00eenalt\u0103 calitate, cea mai durabil\u0103 \u0219i cea mai inovatoare serie de la PATONA. [&hellip;]\" \/>\n<meta property=\"og:url\" content=\"https:\/\/all4laptop.ro\/store\/produs\/patona-platinum-baterie-with-usb-c-input-pt-sony-np-fv100-fdr-ax40-fdr-ax45-fdr-cx680-nex-vg30\/\" \/>\n<meta property=\"og:site_name\" content=\"All4Laptop.ro\" \/>\n<meta property=\"article:publisher\" content=\"https:\/\/www.facebook.com\/all4laptop.ro\" \/>\n<meta property=\"article:modified_time\" content=\"2024-06-17T06:33:38+00:00\" \/>\n<meta property=\"og:image\" content=\"https:\/\/all4laptop.ro\/store\/wp-content\/uploads\/2024\/04\/1395-1_1280x1280.jpg\" \/>\n\t<meta property=\"og:image:width\" content=\"1280\" \/>\n\t<meta property=\"og:image:height\" content=\"1280\" \/>\n\t<meta property=\"og:image:type\" content=\"image\/jpeg\" \/>\n<meta name=\"twitter:card\" content=\"summary_large_image\" \/>\n<meta name=\"twitter:label1\" content=\"Timp estimat pentru citire\" \/>\n\t<meta name=\"twitter:data1\" content=\"1 minut\" \/>\n<script type=\"application\/ld+json\" class=\"yoast-schema-graph\">{\"@context\":\"https:\/\/schema.org\",\"@graph\":[{\"@type\":\"WebPage\",\"@id\":\"https:\/\/all4laptop.ro\/store\/produs\/patona-platinum-baterie-with-usb-c-input-pt-sony-np-fv100-fdr-ax40-fdr-ax45-fdr-cx680-nex-vg30\/\",\"url\":\"https:\/\/all4laptop.ro\/store\/produs\/patona-platinum-baterie-with-usb-c-input-pt-sony-np-fv100-fdr-ax40-fdr-ax45-fdr-cx680-nex-vg30\/\",\"name\":\"PATONA Platinum Baterie with USB-C input pt. Sony NP-FV100 FDR-AX40 FDR-AX45 FDR-CX680 NEX-VG30 - All4Laptop.ro\",\"isPartOf\":{\"@id\":\"https:\/\/all4laptop.ro\/store\/#website\"},\"primaryImageOfPage\":{\"@id\":\"https:\/\/all4laptop.ro\/store\/produs\/patona-platinum-baterie-with-usb-c-input-pt-sony-np-fv100-fdr-ax40-fdr-ax45-fdr-cx680-nex-vg30\/#primaryimage\"},\"image\":{\"@id\":\"https:\/\/all4laptop.ro\/store\/produs\/patona-platinum-baterie-with-usb-c-input-pt-sony-np-fv100-fdr-ax40-fdr-ax45-fdr-cx680-nex-vg30\/#primaryimage\"},\"thumbnailUrl\":\"https:\/\/all4laptop.ro\/store\/wp-content\/uploads\/2024\/04\/1395-1_1280x1280.jpg\",\"datePublished\":\"2024-04-16T07:25:38+00:00\",\"dateModified\":\"2024-06-17T06:33:38+00:00\",\"breadcrumb\":{\"@id\":\"https:\/\/all4laptop.ro\/store\/produs\/patona-platinum-baterie-with-usb-c-input-pt-sony-np-fv100-fdr-ax40-fdr-ax45-fdr-cx680-nex-vg30\/#breadcrumb\"},\"inLanguage\":\"ro-RO\",\"potentialAction\":[{\"@type\":\"ReadAction\",\"target\":[\"https:\/\/all4laptop.ro\/store\/produs\/patona-platinum-baterie-with-usb-c-input-pt-sony-np-fv100-fdr-ax40-fdr-ax45-fdr-cx680-nex-vg30\/\"]}]},{\"@type\":\"ImageObject\",\"inLanguage\":\"ro-RO\",\"@id\":\"https:\/\/all4laptop.ro\/store\/produs\/patona-platinum-baterie-with-usb-c-input-pt-sony-np-fv100-fdr-ax40-fdr-ax45-fdr-cx680-nex-vg30\/#primaryimage\",\"url\":\"https:\/\/all4laptop.ro\/store\/wp-content\/uploads\/2024\/04\/1395-1_1280x1280.jpg\",\"contentUrl\":\"https:\/\/all4laptop.ro\/store\/wp-content\/uploads\/2024\/04\/1395-1_1280x1280.jpg\",\"width\":1280,\"height\":1280},{\"@type\":\"BreadcrumbList\",\"@id\":\"https:\/\/all4laptop.ro\/store\/produs\/patona-platinum-baterie-with-usb-c-input-pt-sony-np-fv100-fdr-ax40-fdr-ax45-fdr-cx680-nex-vg30\/#breadcrumb\",\"itemListElement\":[{\"@type\":\"ListItem\",\"position\":1,\"name\":\"Prima pagin\u0103\",\"item\":\"https:\/\/all4laptop.ro\/store\/\"},{\"@type\":\"ListItem\",\"position\":2,\"name\":\"Magazin\",\"item\":\"https:\/\/all4laptop.ro\/store\/\"},{\"@type\":\"ListItem\",\"position\":3,\"name\":\"PATONA Platinum Baterie with USB-C input pt. Sony NP-FV100 FDR-AX40 FDR-AX45 FDR-CX680 NEX-VG30\"}]},{\"@type\":\"WebSite\",\"@id\":\"https:\/\/all4laptop.ro\/store\/#website\",\"url\":\"https:\/\/all4laptop.ro\/store\/\",\"name\":\"All4Laptop.ro\",\"description\":\"Baterii, tastaturi, incarcatoare, display-uri, coolere, balamale si piese laptop\",\"publisher\":{\"@id\":\"https:\/\/all4laptop.ro\/store\/#organization\"},\"alternateName\":\"All4Laptop by Mado Solutions\",\"potentialAction\":[{\"@type\":\"SearchAction\",\"target\":{\"@type\":\"EntryPoint\",\"urlTemplate\":\"https:\/\/all4laptop.ro\/store\/?s={search_term_string}\"},\"query-input\":\"required name=search_term_string\"}],\"inLanguage\":\"ro-RO\"},{\"@type\":\"Organization\",\"@id\":\"https:\/\/all4laptop.ro\/store\/#organization\",\"name\":\"Mado Solutions SRL\",\"alternateName\":\"All4Laptop.ro by Mado Solutions SRL\",\"url\":\"https:\/\/all4laptop.ro\/store\/\",\"logo\":{\"@type\":\"ImageObject\",\"inLanguage\":\"ro-RO\",\"@id\":\"https:\/\/all4laptop.ro\/store\/#\/schema\/logo\/image\/\",\"url\":\"https:\/\/all4laptop.ro\/store\/wp-content\/uploads\/2024\/05\/2.jpg\",\"contentUrl\":\"https:\/\/all4laptop.ro\/store\/wp-content\/uploads\/2024\/05\/2.jpg\",\"width\":408,\"height\":318,\"caption\":\"Mado Solutions SRL\"},\"image\":{\"@id\":\"https:\/\/all4laptop.ro\/store\/#\/schema\/logo\/image\/\"},\"sameAs\":[\"https:\/\/www.facebook.com\/all4laptop.ro\"]}]}<\/script>\n<!-- \/ Yoast SEO plugin. -->","yoast_head_json":{"title":"PATONA Platinum Baterie with USB-C input pt. Sony NP-FV100 FDR-AX40 FDR-AX45 FDR-CX680 NEX-VG30 - All4Laptop.ro","robots":{"index":"index","follow":"follow","max-snippet":"max-snippet:-1","max-image-preview":"max-image-preview:large","max-video-preview":"max-video-preview:-1"},"canonical":"https:\/\/all4laptop.ro\/store\/produs\/patona-platinum-baterie-with-usb-c-input-pt-sony-np-fv100-fdr-ax40-fdr-ax45-fdr-cx680-nex-vg30\/","og_locale":"ro_RO","og_type":"article","og_title":"PATONA Platinum Baterie with USB-C input pt. Sony NP-FV100 FDR-AX40 FDR-AX45 FDR-CX680 NEX-VG30 - All4Laptop.ro","og_description":"Seria PATONA Platinum a fost dezvoltat\u0103 pentru o bucurie fotografic\u0103 senza\u021bional de lung\u0103. Performanta celulelor folosite este aproape inepuizabila.Seria PATONA Platinum foloseste cele mai avansate celule, care au o calitate nu doar exceptionala, dar si impresionanta. Seria Platinum este cea mai de \u00eenalt\u0103 calitate, cea mai durabil\u0103 \u0219i cea mai inovatoare serie de la PATONA. [&hellip;]","og_url":"https:\/\/all4laptop.ro\/store\/produs\/patona-platinum-baterie-with-usb-c-input-pt-sony-np-fv100-fdr-ax40-fdr-ax45-fdr-cx680-nex-vg30\/","og_site_name":"All4Laptop.ro","article_publisher":"https:\/\/www.facebook.com\/all4laptop.ro","article_modified_time":"2024-06-17T06:33:38+00:00","og_image":[{"width":1280,"height":1280,"url":"https:\/\/all4laptop.ro\/store\/wp-content\/uploads\/2024\/04\/1395-1_1280x1280.jpg","type":"image\/jpeg"}],"twitter_card":"summary_large_image","twitter_misc":{"Timp estimat pentru citire":"1 minut"},"schema":{"@context":"https:\/\/schema.org","@graph":[{"@type":"WebPage","@id":"https:\/\/all4laptop.ro\/store\/produs\/patona-platinum-baterie-with-usb-c-input-pt-sony-np-fv100-fdr-ax40-fdr-ax45-fdr-cx680-nex-vg30\/","url":"https:\/\/all4laptop.ro\/store\/produs\/patona-platinum-baterie-with-usb-c-input-pt-sony-np-fv100-fdr-ax40-fdr-ax45-fdr-cx680-nex-vg30\/","name":"PATONA Platinum Baterie with USB-C input pt. Sony NP-FV100 FDR-AX40 FDR-AX45 FDR-CX680 NEX-VG30 - All4Laptop.ro","isPartOf":{"@id":"https:\/\/all4laptop.ro\/store\/#website"},"primaryImageOfPage":{"@id":"https:\/\/all4laptop.ro\/store\/produs\/patona-platinum-baterie-with-usb-c-input-pt-sony-np-fv100-fdr-ax40-fdr-ax45-fdr-cx680-nex-vg30\/#primaryimage"},"image":{"@id":"https:\/\/all4laptop.ro\/store\/produs\/patona-platinum-baterie-with-usb-c-input-pt-sony-np-fv100-fdr-ax40-fdr-ax45-fdr-cx680-nex-vg30\/#primaryimage"},"thumbnailUrl":"https:\/\/all4laptop.ro\/store\/wp-content\/uploads\/2024\/04\/1395-1_1280x1280.jpg","datePublished":"2024-04-16T07:25:38+00:00","dateModified":"2024-06-17T06:33:38+00:00","breadcrumb":{"@id":"https:\/\/all4laptop.ro\/store\/produs\/patona-platinum-baterie-with-usb-c-input-pt-sony-np-fv100-fdr-ax40-fdr-ax45-fdr-cx680-nex-vg30\/#breadcrumb"},"inLanguage":"ro-RO","potentialAction":[{"@type":"ReadAction","target":["https:\/\/all4laptop.ro\/store\/produs\/patona-platinum-baterie-with-usb-c-input-pt-sony-np-fv100-fdr-ax40-fdr-ax45-fdr-cx680-nex-vg30\/"]}]},{"@type":"ImageObject","inLanguage":"ro-RO","@id":"https:\/\/all4laptop.ro\/store\/produs\/patona-platinum-baterie-with-usb-c-input-pt-sony-np-fv100-fdr-ax40-fdr-ax45-fdr-cx680-nex-vg30\/#primaryimage","url":"https:\/\/all4laptop.ro\/store\/wp-content\/uploads\/2024\/04\/1395-1_1280x1280.jpg","contentUrl":"https:\/\/all4laptop.ro\/store\/wp-content\/uploads\/2024\/04\/1395-1_1280x1280.jpg","width":1280,"height":1280},{"@type":"BreadcrumbList","@id":"https:\/\/all4laptop.ro\/store\/produs\/patona-platinum-baterie-with-usb-c-input-pt-sony-np-fv100-fdr-ax40-fdr-ax45-fdr-cx680-nex-vg30\/#breadcrumb","itemListElement":[{"@type":"ListItem","position":1,"name":"Prima pagin\u0103","item":"https:\/\/all4laptop.ro\/store\/"},{"@type":"ListItem","position":2,"name":"Magazin","item":"https:\/\/all4laptop.ro\/store\/"},{"@type":"ListItem","position":3,"name":"PATONA Platinum Baterie with USB-C input pt. Sony NP-FV100 FDR-AX40 FDR-AX45 FDR-CX680 NEX-VG30"}]},{"@type":"WebSite","@id":"https:\/\/all4laptop.ro\/store\/#website","url":"https:\/\/all4laptop.ro\/store\/","name":"All4Laptop.ro","description":"Baterii, tastaturi, incarcatoare, display-uri, coolere, balamale si piese laptop","publisher":{"@id":"https:\/\/all4laptop.ro\/store\/#organization"},"alternateName":"All4Laptop by Mado Solutions","potentialAction":[{"@type":"SearchAction","target":{"@type":"EntryPoint","urlTemplate":"https:\/\/all4laptop.ro\/store\/?s={search_term_string}"},"query-input":"required name=search_term_string"}],"inLanguage":"ro-RO"},{"@type":"Organization","@id":"https:\/\/all4laptop.ro\/store\/#organization","name":"Mado Solutions SRL","alternateName":"All4Laptop.ro by Mado Solutions SRL","url":"https:\/\/all4laptop.ro\/store\/","logo":{"@type":"ImageObject","inLanguage":"ro-RO","@id":"https:\/\/all4laptop.ro\/store\/#\/schema\/logo\/image\/","url":"https:\/\/all4laptop.ro\/store\/wp-content\/uploads\/2024\/05\/2.jpg","contentUrl":"https:\/\/all4laptop.ro\/store\/wp-content\/uploads\/2024\/05\/2.jpg","width":408,"height":318,"caption":"Mado Solutions SRL"},"image":{"@id":"https:\/\/all4laptop.ro\/store\/#\/schema\/logo\/image\/"},"sameAs":["https:\/\/www.facebook.com\/all4laptop.ro"]}]}},"_links":{"self":[{"href":"https:\/\/all4laptop.ro\/store\/wp-json\/wp\/v2\/product\/1694","targetHints":{"allow":["GET"]}}],"collection":[{"href":"https:\/\/all4laptop.ro\/store\/wp-json\/wp\/v2\/product"}],"about":[{"href":"https:\/\/all4laptop.ro\/store\/wp-json\/wp\/v2\/types\/product"}],"replies":[{"embeddable":true,"href":"https:\/\/all4laptop.ro\/store\/wp-json\/wp\/v2\/comments?post=1694"}],"wp:featuredmedia":[{"embeddable":true,"href":"https:\/\/all4laptop.ro\/store\/wp-json\/wp\/v2\/media\/1615"}],"wp:attachment":[{"href":"https:\/\/all4laptop.ro\/store\/wp-json\/wp\/v2\/media?parent=1694"}],"wp:term":[{"taxonomy":"product_cat","embeddable":true,"href":"https:\/\/all4laptop.ro\/store\/wp-json\/wp\/v2\/product_cat?post=1694"},{"taxonomy":"product_tag","embeddable":true,"href":"https:\/\/all4laptop.ro\/store\/wp-json\/wp\/v2\/product_tag?post=1694"}],"curies":[{"name":"wp","href":"https:\/\/api.w.org\/{rel}","templated":true}]}}