{"id":1703,"date":"2024-04-16T07:25:41","date_gmt":"2024-04-16T07:25:41","guid":{"rendered":"https:\/\/dev4.acvision.ro\/store\/produs\/patona-premium-akku-pt-canon-bp-511-5d-40d-10d-d60-powershot-g1-g2-g6\/"},"modified":"2024-06-17T06:33:10","modified_gmt":"2024-06-17T06:33:10","slug":"patona-premium-akku-pt-canon-bp-511-5d-40d-10d-d60-powershot-g1-g2-g6","status":"publish","type":"product","link":"https:\/\/all4laptop.ro\/store\/produs\/patona-premium-akku-pt-canon-bp-511-5d-40d-10d-d60-powershot-g1-g2-g6\/","title":{"rendered":"PATONA Premium AKKU pt. CANON BP-511 5D 40D 10D D60 PowerShot G1 G2 G6"},"content":{"rendered":"<h2>BATERIE PATONA Premium pentru CANON BP-511 5D 40D 10D D60 PowerShot G1 G2 G6<\/font><\/h2>\n<p> Aceasta baterie de \u00eenalt\u0103 calitate pt. <b>Canon BP511<\/b> este din <b>Seria Premium<\/b> a popularei m\u0103rci germane PATONA. A fost dezvoltat pentru a satisface nevoile clien\u021bilor preten\u021bio\u0219i. Noua serie PATONA Premium se adreseaz\u0103, printre altele, fotografilor profesioni\u0219ti \u0219i magazinelor foto. Datorit\u0103 duratei de via\u021b\u0103 deosebit de lung\u0103 a bateriei, aceast\u0103 baterie premium este destinat\u0103 \u0219i oric\u0103rui alt tip de utilizare profesional\u0103.<\/font><\/p>\n<p>E de la sine \u00een\u021beles c\u0103 marca PATONA produce sub cele mai \u00eenalte standarde de calitate devine. Cu toate acestea, pentru a face un pas suplimentar c\u0103tre conducerea calit\u0103\u021bii \u0219i cre\u0219terea satisfac\u021biei clien\u021bilor, con\u0219tientizarea calit\u0103\u021bii la PATONA a fost din nou ascu\u021bit\u0103 \u0219i noua <b>Seria de baterii Premium PATONA<\/b>, de lung\u0103 durat\u0103, a fost adus\u0103 pe pia\u021b\u0103.< \/font><\/p>\n<p>Suntem m\u00e2ndri s\u0103 v\u0103 oferim acest produs premium \u0219i sper\u0103m s\u0103 \u00eel folosi\u021bi cu pl\u0103cere.<\/p>\n<p><b>Date tehnice:<\/b> <br \/>Capacitate: 1600mAh \/ 7,4V \/ 11,8Wh<br \/>Tip: Li-Ion<br \/>Marc\u0103: PATONA<\/p>\n<p><b>Potrivit pentru urm\u0103toarele tipuri de camere:<\/b><br \/>Canon PowerShot G1, G2, G3 , G5<br \/>Canon PowerShot Pro1, Pro 90 IS, EOS 10D, EOS 300D, MV-30, MV-30i, MV-300, MV-300i, MV-400, MV-400i, MV -430i, MV-450, MV-450i, CMV500, MV500i, MV530i, MV550i, MV600, MV600i, MV630i, MV650i, MV700, MV700i, MV 730i, MV750i, MV50i X1, MVX1i, MVX 2i, MVX3i, MVXli<br \/>Canon Optura 10 , Optura 100 MC, Canon Optura 20, Optura 200 MC, Canon Optura Pi<br \/>Canon FV300 KIT, FV40 KIT<br \/>Canon ZR10, ZR20, ZR25MC, ZR30MC, ZR50MC, ZRMC, ZRMC, ZRMC, ZRMC, ZRMC ZR70MC<br \/>Canon EOS 10D , 20D, 20Da, 300 D, EOS 650, D30, EOS 40D<\/p>\n<p><\/font><\/p>\n<p><b> \u00cenlocuie\u0219te urm\u0103toarele baterii originale:<\/b ><br \/><\/font>Canon BP-508, BP-512, BP-522, BP-535<br \/>Hi-Capacity B-9552 , B-9553<br \/>Polaroid PR -511L, PR-522L<br \/>Lenmar DLC511, LIC511<br \/>Energizer ER-C590<br \/>Maxell M7222 <\/font><\/p>\n<p><font face=\" Verdana\"><\/p>\n<p><br ><iframe loading=\"lazy\" width=\"560\" height=\"315\" src=\"\/\/www.youtube.com\/embed\/BFPoWvqmKbw?rel=0\" frameborder=\"0\" allowfullscreen><\/ iframe><\/p>\n<p><b>Demn de \u0219tiut:<\/b><br \/>Bateriile marca PATONA sunt cunoscute pentru calitatea lor foarte bun\u0103 de mul\u021bi ani. Clien\u021bii din toat\u0103 Europa sunt convin\u0219i de bateriile noastre cu cea mai mare stabilitate a ciclului \u0219i subliniaz\u0103 num\u0103rul mare asociat de cicluri posibile de \u00eenc\u0103rcare \u0219i desc\u0103rcare.<\/font><\/p>\n<p>Acest Li-ion. Bateria \u00eenlocuie\u0219te <b>Canon BP511 <\/b> \u0219i are o desc\u0103rcare automat\u0103 sc\u0103zut\u0103 chiar \u0219i atunci c\u00e2nd nu este utilizat\u0103. Aceast\u0103 mic\u0103 pierdere de energie merit\u0103 \u00een trei moduri, deoarece:<br \/>1) bateria poate fi reutilizat\u0103 rapid chiar dac\u0103 nu a fost folosit\u0103 de mult timp<br \/>2) nu trebuie \u00eenc\u0103rcat\u0103 inutil adesea, ceea ce m\u0103re\u0219te durata de via\u021b\u0103 a bateriei \u0219i < br>3) mediul este protejat \u0219i datorit\u0103 pierderii minime de energie<\/font><\/p>\n<p>Preten\u021bia PATONA marca este cel mai \u00eenalt nivel de calitate. Desigur, aceasta include \u0219i standarde extraordinare de siguran\u021b\u0103. Replicile bateriilor perfect compatibile includ \u00een mod firesc m\u0103suri de siguran\u021b\u0103 electronice, cum ar fi protec\u021bia \u00eempotriva supra\u00eenc\u0103lzirii \u0219i \u00eendeplinesc cele mai \u00eenalte standarde europene de calitate.<\/font><\/p>\n<p>PATONA ofer\u0103 \u00eentotdeauna calitate superioar\u0103 la pre\u021buri corecte . Chiar \u0219i noua serie premium a m\u0103rcii poate fi achizi\u021bionat\u0103 la pre\u021buri accesibile. <br \/>Cu noua serie premium de la marca PATONA, toat\u0103 lumea, fie c\u0103 este fotograf profesionist sau amator, poate achizi\u021biona o baterie extrem de puternic\u0103 \u0219i astfel o pies\u0103 de exclusivitate.<br \/><\/font>< br> Imaginile sunt doar imagini de exemplu, articolul livrat poate diferi de imagine.<\/p>\n","protected":false},"excerpt":{"rendered":"<p>BATERIE PATONA Premium pentru CANON BP-511 5D 40D 10D D60 PowerShot G1 G2 G6 Aceasta baterie de \u00eenalt\u0103 calitate pt. Canon BP511 este din Seria Premium a popularei m\u0103rci germane PATONA. A fost dezvoltat pentru a satisface nevoile clien\u021bilor preten\u021bio\u0219i. Noua serie PATONA Premium se adreseaz\u0103, printre altele, fotografilor profesioni\u0219ti \u0219i magazinelor foto. Datorit\u0103 duratei [&hellip;]<\/p>\n","protected":false},"featured_media":1633,"comment_status":"open","ping_status":"closed","template":"","meta":{"_joinchat":[]},"product_cat":[192],"product_tag":[5583],"class_list":{"0":"post-1703","1":"product","2":"type-product","3":"status-publish","4":"has-post-thumbnail","6":"product_cat-baterii-camere-foto-video","7":"product_tag-a4lrop-1210","8":"product_shipping_class-valoare","10":"first","11":"instock","12":"shipping-taxable","13":"purchasable","14":"product-type-simple"},"yoast_head":"<!-- This site is optimized with the Yoast SEO plugin v22.7 - https:\/\/yoast.com\/wordpress\/plugins\/seo\/ -->\n<title>PATONA Premium AKKU pt. CANON BP-511 5D 40D 10D D60 PowerShot G1 G2 G6 - All4Laptop.ro<\/title>\n<meta name=\"robots\" content=\"index, follow, max-snippet:-1, max-image-preview:large, max-video-preview:-1\" \/>\n<link rel=\"canonical\" href=\"https:\/\/all4laptop.ro\/store\/produs\/patona-premium-akku-pt-canon-bp-511-5d-40d-10d-d60-powershot-g1-g2-g6\/\" \/>\n<meta property=\"og:locale\" content=\"ro_RO\" \/>\n<meta property=\"og:type\" content=\"article\" \/>\n<meta property=\"og:title\" content=\"PATONA Premium AKKU pt. CANON BP-511 5D 40D 10D D60 PowerShot G1 G2 G6 - All4Laptop.ro\" \/>\n<meta property=\"og:description\" content=\"BATERIE PATONA Premium pentru CANON BP-511 5D 40D 10D D60 PowerShot G1 G2 G6 Aceasta baterie de \u00eenalt\u0103 calitate pt. Canon BP511 este din Seria Premium a popularei m\u0103rci germane PATONA. A fost dezvoltat pentru a satisface nevoile clien\u021bilor preten\u021bio\u0219i. Noua serie PATONA Premium se adreseaz\u0103, printre altele, fotografilor profesioni\u0219ti \u0219i magazinelor foto. Datorit\u0103 duratei [&hellip;]\" \/>\n<meta property=\"og:url\" content=\"https:\/\/all4laptop.ro\/store\/produs\/patona-premium-akku-pt-canon-bp-511-5d-40d-10d-d60-powershot-g1-g2-g6\/\" \/>\n<meta property=\"og:site_name\" content=\"All4Laptop.ro\" \/>\n<meta property=\"article:publisher\" content=\"https:\/\/www.facebook.com\/all4laptop.ro\" \/>\n<meta property=\"article:modified_time\" content=\"2024-06-17T06:33:10+00:00\" \/>\n<meta property=\"og:image\" content=\"https:\/\/all4laptop.ro\/store\/wp-content\/uploads\/2024\/04\/1210-1_1280x1280.jpg\" \/>\n\t<meta property=\"og:image:width\" content=\"866\" \/>\n\t<meta property=\"og:image:height\" content=\"1000\" \/>\n\t<meta property=\"og:image:type\" content=\"image\/jpeg\" \/>\n<meta name=\"twitter:card\" content=\"summary_large_image\" \/>\n<meta name=\"twitter:label1\" content=\"Timp estimat pentru citire\" \/>\n\t<meta name=\"twitter:data1\" content=\"3 minute\" \/>\n<script type=\"application\/ld+json\" class=\"yoast-schema-graph\">{\"@context\":\"https:\/\/schema.org\",\"@graph\":[{\"@type\":\"WebPage\",\"@id\":\"https:\/\/all4laptop.ro\/store\/produs\/patona-premium-akku-pt-canon-bp-511-5d-40d-10d-d60-powershot-g1-g2-g6\/\",\"url\":\"https:\/\/all4laptop.ro\/store\/produs\/patona-premium-akku-pt-canon-bp-511-5d-40d-10d-d60-powershot-g1-g2-g6\/\",\"name\":\"PATONA Premium AKKU pt. CANON BP-511 5D 40D 10D D60 PowerShot G1 G2 G6 - All4Laptop.ro\",\"isPartOf\":{\"@id\":\"https:\/\/all4laptop.ro\/store\/#website\"},\"primaryImageOfPage\":{\"@id\":\"https:\/\/all4laptop.ro\/store\/produs\/patona-premium-akku-pt-canon-bp-511-5d-40d-10d-d60-powershot-g1-g2-g6\/#primaryimage\"},\"image\":{\"@id\":\"https:\/\/all4laptop.ro\/store\/produs\/patona-premium-akku-pt-canon-bp-511-5d-40d-10d-d60-powershot-g1-g2-g6\/#primaryimage\"},\"thumbnailUrl\":\"https:\/\/all4laptop.ro\/store\/wp-content\/uploads\/2024\/04\/1210-1_1280x1280.jpg\",\"datePublished\":\"2024-04-16T07:25:41+00:00\",\"dateModified\":\"2024-06-17T06:33:10+00:00\",\"breadcrumb\":{\"@id\":\"https:\/\/all4laptop.ro\/store\/produs\/patona-premium-akku-pt-canon-bp-511-5d-40d-10d-d60-powershot-g1-g2-g6\/#breadcrumb\"},\"inLanguage\":\"ro-RO\",\"potentialAction\":[{\"@type\":\"ReadAction\",\"target\":[\"https:\/\/all4laptop.ro\/store\/produs\/patona-premium-akku-pt-canon-bp-511-5d-40d-10d-d60-powershot-g1-g2-g6\/\"]}]},{\"@type\":\"ImageObject\",\"inLanguage\":\"ro-RO\",\"@id\":\"https:\/\/all4laptop.ro\/store\/produs\/patona-premium-akku-pt-canon-bp-511-5d-40d-10d-d60-powershot-g1-g2-g6\/#primaryimage\",\"url\":\"https:\/\/all4laptop.ro\/store\/wp-content\/uploads\/2024\/04\/1210-1_1280x1280.jpg\",\"contentUrl\":\"https:\/\/all4laptop.ro\/store\/wp-content\/uploads\/2024\/04\/1210-1_1280x1280.jpg\",\"width\":866,\"height\":1000},{\"@type\":\"BreadcrumbList\",\"@id\":\"https:\/\/all4laptop.ro\/store\/produs\/patona-premium-akku-pt-canon-bp-511-5d-40d-10d-d60-powershot-g1-g2-g6\/#breadcrumb\",\"itemListElement\":[{\"@type\":\"ListItem\",\"position\":1,\"name\":\"Prima pagin\u0103\",\"item\":\"https:\/\/all4laptop.ro\/store\/\"},{\"@type\":\"ListItem\",\"position\":2,\"name\":\"Magazin\",\"item\":\"https:\/\/all4laptop.ro\/store\/\"},{\"@type\":\"ListItem\",\"position\":3,\"name\":\"PATONA Premium AKKU pt. CANON BP-511 5D 40D 10D D60 PowerShot G1 G2 G6\"}]},{\"@type\":\"WebSite\",\"@id\":\"https:\/\/all4laptop.ro\/store\/#website\",\"url\":\"https:\/\/all4laptop.ro\/store\/\",\"name\":\"All4Laptop.ro\",\"description\":\"Baterii, tastaturi, incarcatoare, display-uri, coolere, balamale si piese laptop\",\"publisher\":{\"@id\":\"https:\/\/all4laptop.ro\/store\/#organization\"},\"alternateName\":\"All4Laptop by Mado Solutions\",\"potentialAction\":[{\"@type\":\"SearchAction\",\"target\":{\"@type\":\"EntryPoint\",\"urlTemplate\":\"https:\/\/all4laptop.ro\/store\/?s={search_term_string}\"},\"query-input\":\"required name=search_term_string\"}],\"inLanguage\":\"ro-RO\"},{\"@type\":\"Organization\",\"@id\":\"https:\/\/all4laptop.ro\/store\/#organization\",\"name\":\"Mado Solutions SRL\",\"alternateName\":\"All4Laptop.ro by Mado Solutions SRL\",\"url\":\"https:\/\/all4laptop.ro\/store\/\",\"logo\":{\"@type\":\"ImageObject\",\"inLanguage\":\"ro-RO\",\"@id\":\"https:\/\/all4laptop.ro\/store\/#\/schema\/logo\/image\/\",\"url\":\"https:\/\/all4laptop.ro\/store\/wp-content\/uploads\/2024\/05\/2.jpg\",\"contentUrl\":\"https:\/\/all4laptop.ro\/store\/wp-content\/uploads\/2024\/05\/2.jpg\",\"width\":408,\"height\":318,\"caption\":\"Mado Solutions SRL\"},\"image\":{\"@id\":\"https:\/\/all4laptop.ro\/store\/#\/schema\/logo\/image\/\"},\"sameAs\":[\"https:\/\/www.facebook.com\/all4laptop.ro\"]}]}<\/script>\n<!-- \/ Yoast SEO plugin. -->","yoast_head_json":{"title":"PATONA Premium AKKU pt. CANON BP-511 5D 40D 10D D60 PowerShot G1 G2 G6 - All4Laptop.ro","robots":{"index":"index","follow":"follow","max-snippet":"max-snippet:-1","max-image-preview":"max-image-preview:large","max-video-preview":"max-video-preview:-1"},"canonical":"https:\/\/all4laptop.ro\/store\/produs\/patona-premium-akku-pt-canon-bp-511-5d-40d-10d-d60-powershot-g1-g2-g6\/","og_locale":"ro_RO","og_type":"article","og_title":"PATONA Premium AKKU pt. CANON BP-511 5D 40D 10D D60 PowerShot G1 G2 G6 - All4Laptop.ro","og_description":"BATERIE PATONA Premium pentru CANON BP-511 5D 40D 10D D60 PowerShot G1 G2 G6 Aceasta baterie de \u00eenalt\u0103 calitate pt. Canon BP511 este din Seria Premium a popularei m\u0103rci germane PATONA. A fost dezvoltat pentru a satisface nevoile clien\u021bilor preten\u021bio\u0219i. Noua serie PATONA Premium se adreseaz\u0103, printre altele, fotografilor profesioni\u0219ti \u0219i magazinelor foto. Datorit\u0103 duratei [&hellip;]","og_url":"https:\/\/all4laptop.ro\/store\/produs\/patona-premium-akku-pt-canon-bp-511-5d-40d-10d-d60-powershot-g1-g2-g6\/","og_site_name":"All4Laptop.ro","article_publisher":"https:\/\/www.facebook.com\/all4laptop.ro","article_modified_time":"2024-06-17T06:33:10+00:00","og_image":[{"width":866,"height":1000,"url":"https:\/\/all4laptop.ro\/store\/wp-content\/uploads\/2024\/04\/1210-1_1280x1280.jpg","type":"image\/jpeg"}],"twitter_card":"summary_large_image","twitter_misc":{"Timp estimat pentru citire":"3 minute"},"schema":{"@context":"https:\/\/schema.org","@graph":[{"@type":"WebPage","@id":"https:\/\/all4laptop.ro\/store\/produs\/patona-premium-akku-pt-canon-bp-511-5d-40d-10d-d60-powershot-g1-g2-g6\/","url":"https:\/\/all4laptop.ro\/store\/produs\/patona-premium-akku-pt-canon-bp-511-5d-40d-10d-d60-powershot-g1-g2-g6\/","name":"PATONA Premium AKKU pt. CANON BP-511 5D 40D 10D D60 PowerShot G1 G2 G6 - All4Laptop.ro","isPartOf":{"@id":"https:\/\/all4laptop.ro\/store\/#website"},"primaryImageOfPage":{"@id":"https:\/\/all4laptop.ro\/store\/produs\/patona-premium-akku-pt-canon-bp-511-5d-40d-10d-d60-powershot-g1-g2-g6\/#primaryimage"},"image":{"@id":"https:\/\/all4laptop.ro\/store\/produs\/patona-premium-akku-pt-canon-bp-511-5d-40d-10d-d60-powershot-g1-g2-g6\/#primaryimage"},"thumbnailUrl":"https:\/\/all4laptop.ro\/store\/wp-content\/uploads\/2024\/04\/1210-1_1280x1280.jpg","datePublished":"2024-04-16T07:25:41+00:00","dateModified":"2024-06-17T06:33:10+00:00","breadcrumb":{"@id":"https:\/\/all4laptop.ro\/store\/produs\/patona-premium-akku-pt-canon-bp-511-5d-40d-10d-d60-powershot-g1-g2-g6\/#breadcrumb"},"inLanguage":"ro-RO","potentialAction":[{"@type":"ReadAction","target":["https:\/\/all4laptop.ro\/store\/produs\/patona-premium-akku-pt-canon-bp-511-5d-40d-10d-d60-powershot-g1-g2-g6\/"]}]},{"@type":"ImageObject","inLanguage":"ro-RO","@id":"https:\/\/all4laptop.ro\/store\/produs\/patona-premium-akku-pt-canon-bp-511-5d-40d-10d-d60-powershot-g1-g2-g6\/#primaryimage","url":"https:\/\/all4laptop.ro\/store\/wp-content\/uploads\/2024\/04\/1210-1_1280x1280.jpg","contentUrl":"https:\/\/all4laptop.ro\/store\/wp-content\/uploads\/2024\/04\/1210-1_1280x1280.jpg","width":866,"height":1000},{"@type":"BreadcrumbList","@id":"https:\/\/all4laptop.ro\/store\/produs\/patona-premium-akku-pt-canon-bp-511-5d-40d-10d-d60-powershot-g1-g2-g6\/#breadcrumb","itemListElement":[{"@type":"ListItem","position":1,"name":"Prima pagin\u0103","item":"https:\/\/all4laptop.ro\/store\/"},{"@type":"ListItem","position":2,"name":"Magazin","item":"https:\/\/all4laptop.ro\/store\/"},{"@type":"ListItem","position":3,"name":"PATONA Premium AKKU pt. CANON BP-511 5D 40D 10D D60 PowerShot G1 G2 G6"}]},{"@type":"WebSite","@id":"https:\/\/all4laptop.ro\/store\/#website","url":"https:\/\/all4laptop.ro\/store\/","name":"All4Laptop.ro","description":"Baterii, tastaturi, incarcatoare, display-uri, coolere, balamale si piese laptop","publisher":{"@id":"https:\/\/all4laptop.ro\/store\/#organization"},"alternateName":"All4Laptop by Mado Solutions","potentialAction":[{"@type":"SearchAction","target":{"@type":"EntryPoint","urlTemplate":"https:\/\/all4laptop.ro\/store\/?s={search_term_string}"},"query-input":"required name=search_term_string"}],"inLanguage":"ro-RO"},{"@type":"Organization","@id":"https:\/\/all4laptop.ro\/store\/#organization","name":"Mado Solutions SRL","alternateName":"All4Laptop.ro by Mado Solutions SRL","url":"https:\/\/all4laptop.ro\/store\/","logo":{"@type":"ImageObject","inLanguage":"ro-RO","@id":"https:\/\/all4laptop.ro\/store\/#\/schema\/logo\/image\/","url":"https:\/\/all4laptop.ro\/store\/wp-content\/uploads\/2024\/05\/2.jpg","contentUrl":"https:\/\/all4laptop.ro\/store\/wp-content\/uploads\/2024\/05\/2.jpg","width":408,"height":318,"caption":"Mado Solutions SRL"},"image":{"@id":"https:\/\/all4laptop.ro\/store\/#\/schema\/logo\/image\/"},"sameAs":["https:\/\/www.facebook.com\/all4laptop.ro"]}]}},"_links":{"self":[{"href":"https:\/\/all4laptop.ro\/store\/wp-json\/wp\/v2\/product\/1703","targetHints":{"allow":["GET"]}}],"collection":[{"href":"https:\/\/all4laptop.ro\/store\/wp-json\/wp\/v2\/product"}],"about":[{"href":"https:\/\/all4laptop.ro\/store\/wp-json\/wp\/v2\/types\/product"}],"replies":[{"embeddable":true,"href":"https:\/\/all4laptop.ro\/store\/wp-json\/wp\/v2\/comments?post=1703"}],"wp:featuredmedia":[{"embeddable":true,"href":"https:\/\/all4laptop.ro\/store\/wp-json\/wp\/v2\/media\/1633"}],"wp:attachment":[{"href":"https:\/\/all4laptop.ro\/store\/wp-json\/wp\/v2\/media?parent=1703"}],"wp:term":[{"taxonomy":"product_cat","embeddable":true,"href":"https:\/\/all4laptop.ro\/store\/wp-json\/wp\/v2\/product_cat?post=1703"},{"taxonomy":"product_tag","embeddable":true,"href":"https:\/\/all4laptop.ro\/store\/wp-json\/wp\/v2\/product_tag?post=1703"}],"curies":[{"name":"wp","href":"https:\/\/api.w.org\/{rel}","templated":true}]}}