{"id":2226,"date":"2024-04-16T07:36:52","date_gmt":"2024-04-16T07:36:52","guid":{"rendered":"https:\/\/dev4.acvision.ro\/store\/produs\/patona-baterie-pt-panasonic-bld10-bld10e-dmc-gf2-gf2\/"},"modified":"2024-06-17T06:32:50","modified_gmt":"2024-06-17T06:32:50","slug":"patona-baterie-pt-panasonic-bld10-bld10e-dmc-gf2-gf2","status":"publish","type":"product","link":"https:\/\/all4laptop.ro\/store\/produs\/patona-baterie-pt-panasonic-bld10-bld10e-dmc-gf2-gf2\/","title":{"rendered":"PATONA Baterie pt. Panasonic BLD10 BLD10E DMC-GF2 GF2"},"content":{"rendered":"<h2>Bateria PATONA pentru Panasonic BLD10 BLD10E DMC-GF2 GF2<\/h2>\n<div><span style=\"font-size: 8pt;\"> <\/span><\/div>\n<div><span style=\"font -size: 8pt; font-weight: bold;\">Date tehnice:<\/span><\/div>\n<div><span style=\"font-size: 8pt;\">Capacitate mare &#8211; 950mAh \/ 7.2V \/ 6.8Wh <br \/>Remarc\u0103: versiunea semidecodificat\u0103 poate func\u021biona numai cu GF2, dar f\u0103r\u0103 a indica starea de \u00eenc\u0103rcare \u0219i timpul<\/span><\/div>\n<div> <\/div>\n<div><span style=\"font-size: 8pt; \"> <\/span><\/div>\n<div><span style=\"font-size: 8pt font-weight: bold;\">Model compatibil:<\/span><\/div>\n<div><span style= \"font-size: 8pt;\">Panasonic DMC-GF2<br \/>(nu func\u021bioneaz\u0103 cu Panasonic G3 \u0219i Panasonic GX1)<\/span><\/div>\n<div><span style=\"font-size: 8pt;\" > <\/span><\/div>\n<div><span style=\"font-size: 8pt; font-weight: bold;\">Numere de piese compatibile:<\/span><\/div>\n<div><span style= \"font-size: 8pt;\">Baterie Panasonic BLD10E, Panasonic BLD10E<\/p>\n<p><\/span><\/div>\n<div><span style=\"font-size: 8pt;\">Imaginile sunt doar cu titlu ilustrativ scopuri! Livrarea poate varia. <\/span><\/div>\n","protected":false},"excerpt":{"rendered":"<p>Bateria PATONA pentru Panasonic BLD10 BLD10E DMC-GF2 GF2 Date tehnice: Capacitate mare &#8211; 950mAh \/ 7.2V \/ 6.8Wh Remarc\u0103: versiunea semidecodificat\u0103 poate func\u021biona numai cu GF2, dar f\u0103r\u0103 a indica starea de \u00eenc\u0103rcare \u0219i timpul Model compatibil: Panasonic DMC-GF2(nu func\u021bioneaz\u0103 cu Panasonic G3 \u0219i Panasonic GX1) Numere de piese compatibile: Baterie Panasonic BLD10E, Panasonic BLD10E [&hellip;]<\/p>\n","protected":false},"featured_media":2225,"comment_status":"open","ping_status":"closed","template":"","meta":{"_joinchat":[]},"product_cat":[192],"product_tag":[6218],"class_list":{"0":"post-2226","1":"product","2":"type-product","3":"status-publish","4":"has-post-thumbnail","6":"product_cat-baterii-camere-foto-video","7":"product_tag-a4lrop-1142","8":"product_shipping_class-valoare","10":"first","11":"instock","12":"shipping-taxable","13":"purchasable","14":"product-type-simple"},"yoast_head":"<!-- This site is optimized with the Yoast SEO plugin v22.7 - https:\/\/yoast.com\/wordpress\/plugins\/seo\/ -->\n<title>PATONA Baterie pt. Panasonic BLD10 BLD10E DMC-GF2 GF2 - All4Laptop.ro<\/title>\n<meta name=\"robots\" content=\"index, follow, max-snippet:-1, max-image-preview:large, max-video-preview:-1\" \/>\n<link rel=\"canonical\" href=\"https:\/\/all4laptop.ro\/store\/produs\/patona-baterie-pt-panasonic-bld10-bld10e-dmc-gf2-gf2\/\" \/>\n<meta property=\"og:locale\" content=\"ro_RO\" \/>\n<meta property=\"og:type\" content=\"article\" \/>\n<meta property=\"og:title\" content=\"PATONA Baterie pt. Panasonic BLD10 BLD10E DMC-GF2 GF2 - All4Laptop.ro\" \/>\n<meta property=\"og:description\" content=\"Bateria PATONA pentru Panasonic BLD10 BLD10E DMC-GF2 GF2 Date tehnice: Capacitate mare &#8211; 950mAh \/ 7.2V \/ 6.8Wh Remarc\u0103: versiunea semidecodificat\u0103 poate func\u021biona numai cu GF2, dar f\u0103r\u0103 a indica starea de \u00eenc\u0103rcare \u0219i timpul Model compatibil: Panasonic DMC-GF2(nu func\u021bioneaz\u0103 cu Panasonic G3 \u0219i Panasonic GX1) Numere de piese compatibile: Baterie Panasonic BLD10E, Panasonic BLD10E [&hellip;]\" \/>\n<meta property=\"og:url\" content=\"https:\/\/all4laptop.ro\/store\/produs\/patona-baterie-pt-panasonic-bld10-bld10e-dmc-gf2-gf2\/\" \/>\n<meta property=\"og:site_name\" content=\"All4Laptop.ro\" \/>\n<meta property=\"article:publisher\" content=\"https:\/\/www.facebook.com\/all4laptop.ro\" \/>\n<meta property=\"article:modified_time\" content=\"2024-06-17T06:32:50+00:00\" \/>\n<meta property=\"og:image\" content=\"https:\/\/all4laptop.ro\/store\/wp-content\/uploads\/2024\/04\/1142-1_1280x1280.jpg\" \/>\n\t<meta property=\"og:image:width\" content=\"771\" \/>\n\t<meta property=\"og:image:height\" content=\"1000\" \/>\n\t<meta property=\"og:image:type\" content=\"image\/jpeg\" \/>\n<meta name=\"twitter:card\" content=\"summary_large_image\" \/>\n<script type=\"application\/ld+json\" class=\"yoast-schema-graph\">{\"@context\":\"https:\/\/schema.org\",\"@graph\":[{\"@type\":\"WebPage\",\"@id\":\"https:\/\/all4laptop.ro\/store\/produs\/patona-baterie-pt-panasonic-bld10-bld10e-dmc-gf2-gf2\/\",\"url\":\"https:\/\/all4laptop.ro\/store\/produs\/patona-baterie-pt-panasonic-bld10-bld10e-dmc-gf2-gf2\/\",\"name\":\"PATONA Baterie pt. Panasonic BLD10 BLD10E DMC-GF2 GF2 - All4Laptop.ro\",\"isPartOf\":{\"@id\":\"https:\/\/all4laptop.ro\/store\/#website\"},\"primaryImageOfPage\":{\"@id\":\"https:\/\/all4laptop.ro\/store\/produs\/patona-baterie-pt-panasonic-bld10-bld10e-dmc-gf2-gf2\/#primaryimage\"},\"image\":{\"@id\":\"https:\/\/all4laptop.ro\/store\/produs\/patona-baterie-pt-panasonic-bld10-bld10e-dmc-gf2-gf2\/#primaryimage\"},\"thumbnailUrl\":\"https:\/\/all4laptop.ro\/store\/wp-content\/uploads\/2024\/04\/1142-1_1280x1280.jpg\",\"datePublished\":\"2024-04-16T07:36:52+00:00\",\"dateModified\":\"2024-06-17T06:32:50+00:00\",\"breadcrumb\":{\"@id\":\"https:\/\/all4laptop.ro\/store\/produs\/patona-baterie-pt-panasonic-bld10-bld10e-dmc-gf2-gf2\/#breadcrumb\"},\"inLanguage\":\"ro-RO\",\"potentialAction\":[{\"@type\":\"ReadAction\",\"target\":[\"https:\/\/all4laptop.ro\/store\/produs\/patona-baterie-pt-panasonic-bld10-bld10e-dmc-gf2-gf2\/\"]}]},{\"@type\":\"ImageObject\",\"inLanguage\":\"ro-RO\",\"@id\":\"https:\/\/all4laptop.ro\/store\/produs\/patona-baterie-pt-panasonic-bld10-bld10e-dmc-gf2-gf2\/#primaryimage\",\"url\":\"https:\/\/all4laptop.ro\/store\/wp-content\/uploads\/2024\/04\/1142-1_1280x1280.jpg\",\"contentUrl\":\"https:\/\/all4laptop.ro\/store\/wp-content\/uploads\/2024\/04\/1142-1_1280x1280.jpg\",\"width\":771,\"height\":1000},{\"@type\":\"BreadcrumbList\",\"@id\":\"https:\/\/all4laptop.ro\/store\/produs\/patona-baterie-pt-panasonic-bld10-bld10e-dmc-gf2-gf2\/#breadcrumb\",\"itemListElement\":[{\"@type\":\"ListItem\",\"position\":1,\"name\":\"Prima pagin\u0103\",\"item\":\"https:\/\/all4laptop.ro\/store\/\"},{\"@type\":\"ListItem\",\"position\":2,\"name\":\"Magazin\",\"item\":\"https:\/\/all4laptop.ro\/store\/\"},{\"@type\":\"ListItem\",\"position\":3,\"name\":\"PATONA Baterie pt. Panasonic BLD10 BLD10E DMC-GF2 GF2\"}]},{\"@type\":\"WebSite\",\"@id\":\"https:\/\/all4laptop.ro\/store\/#website\",\"url\":\"https:\/\/all4laptop.ro\/store\/\",\"name\":\"All4Laptop.ro\",\"description\":\"Baterii, tastaturi, incarcatoare, display-uri, coolere, balamale si piese laptop\",\"publisher\":{\"@id\":\"https:\/\/all4laptop.ro\/store\/#organization\"},\"alternateName\":\"All4Laptop by Mado Solutions\",\"potentialAction\":[{\"@type\":\"SearchAction\",\"target\":{\"@type\":\"EntryPoint\",\"urlTemplate\":\"https:\/\/all4laptop.ro\/store\/?s={search_term_string}\"},\"query-input\":\"required name=search_term_string\"}],\"inLanguage\":\"ro-RO\"},{\"@type\":\"Organization\",\"@id\":\"https:\/\/all4laptop.ro\/store\/#organization\",\"name\":\"Mado Solutions SRL\",\"alternateName\":\"All4Laptop.ro by Mado Solutions SRL\",\"url\":\"https:\/\/all4laptop.ro\/store\/\",\"logo\":{\"@type\":\"ImageObject\",\"inLanguage\":\"ro-RO\",\"@id\":\"https:\/\/all4laptop.ro\/store\/#\/schema\/logo\/image\/\",\"url\":\"https:\/\/all4laptop.ro\/store\/wp-content\/uploads\/2024\/05\/2.jpg\",\"contentUrl\":\"https:\/\/all4laptop.ro\/store\/wp-content\/uploads\/2024\/05\/2.jpg\",\"width\":408,\"height\":318,\"caption\":\"Mado Solutions SRL\"},\"image\":{\"@id\":\"https:\/\/all4laptop.ro\/store\/#\/schema\/logo\/image\/\"},\"sameAs\":[\"https:\/\/www.facebook.com\/all4laptop.ro\"]}]}<\/script>\n<!-- \/ Yoast SEO plugin. -->","yoast_head_json":{"title":"PATONA Baterie pt. Panasonic BLD10 BLD10E DMC-GF2 GF2 - All4Laptop.ro","robots":{"index":"index","follow":"follow","max-snippet":"max-snippet:-1","max-image-preview":"max-image-preview:large","max-video-preview":"max-video-preview:-1"},"canonical":"https:\/\/all4laptop.ro\/store\/produs\/patona-baterie-pt-panasonic-bld10-bld10e-dmc-gf2-gf2\/","og_locale":"ro_RO","og_type":"article","og_title":"PATONA Baterie pt. Panasonic BLD10 BLD10E DMC-GF2 GF2 - All4Laptop.ro","og_description":"Bateria PATONA pentru Panasonic BLD10 BLD10E DMC-GF2 GF2 Date tehnice: Capacitate mare &#8211; 950mAh \/ 7.2V \/ 6.8Wh Remarc\u0103: versiunea semidecodificat\u0103 poate func\u021biona numai cu GF2, dar f\u0103r\u0103 a indica starea de \u00eenc\u0103rcare \u0219i timpul Model compatibil: Panasonic DMC-GF2(nu func\u021bioneaz\u0103 cu Panasonic G3 \u0219i Panasonic GX1) Numere de piese compatibile: Baterie Panasonic BLD10E, Panasonic BLD10E [&hellip;]","og_url":"https:\/\/all4laptop.ro\/store\/produs\/patona-baterie-pt-panasonic-bld10-bld10e-dmc-gf2-gf2\/","og_site_name":"All4Laptop.ro","article_publisher":"https:\/\/www.facebook.com\/all4laptop.ro","article_modified_time":"2024-06-17T06:32:50+00:00","og_image":[{"width":771,"height":1000,"url":"https:\/\/all4laptop.ro\/store\/wp-content\/uploads\/2024\/04\/1142-1_1280x1280.jpg","type":"image\/jpeg"}],"twitter_card":"summary_large_image","schema":{"@context":"https:\/\/schema.org","@graph":[{"@type":"WebPage","@id":"https:\/\/all4laptop.ro\/store\/produs\/patona-baterie-pt-panasonic-bld10-bld10e-dmc-gf2-gf2\/","url":"https:\/\/all4laptop.ro\/store\/produs\/patona-baterie-pt-panasonic-bld10-bld10e-dmc-gf2-gf2\/","name":"PATONA Baterie pt. Panasonic BLD10 BLD10E DMC-GF2 GF2 - All4Laptop.ro","isPartOf":{"@id":"https:\/\/all4laptop.ro\/store\/#website"},"primaryImageOfPage":{"@id":"https:\/\/all4laptop.ro\/store\/produs\/patona-baterie-pt-panasonic-bld10-bld10e-dmc-gf2-gf2\/#primaryimage"},"image":{"@id":"https:\/\/all4laptop.ro\/store\/produs\/patona-baterie-pt-panasonic-bld10-bld10e-dmc-gf2-gf2\/#primaryimage"},"thumbnailUrl":"https:\/\/all4laptop.ro\/store\/wp-content\/uploads\/2024\/04\/1142-1_1280x1280.jpg","datePublished":"2024-04-16T07:36:52+00:00","dateModified":"2024-06-17T06:32:50+00:00","breadcrumb":{"@id":"https:\/\/all4laptop.ro\/store\/produs\/patona-baterie-pt-panasonic-bld10-bld10e-dmc-gf2-gf2\/#breadcrumb"},"inLanguage":"ro-RO","potentialAction":[{"@type":"ReadAction","target":["https:\/\/all4laptop.ro\/store\/produs\/patona-baterie-pt-panasonic-bld10-bld10e-dmc-gf2-gf2\/"]}]},{"@type":"ImageObject","inLanguage":"ro-RO","@id":"https:\/\/all4laptop.ro\/store\/produs\/patona-baterie-pt-panasonic-bld10-bld10e-dmc-gf2-gf2\/#primaryimage","url":"https:\/\/all4laptop.ro\/store\/wp-content\/uploads\/2024\/04\/1142-1_1280x1280.jpg","contentUrl":"https:\/\/all4laptop.ro\/store\/wp-content\/uploads\/2024\/04\/1142-1_1280x1280.jpg","width":771,"height":1000},{"@type":"BreadcrumbList","@id":"https:\/\/all4laptop.ro\/store\/produs\/patona-baterie-pt-panasonic-bld10-bld10e-dmc-gf2-gf2\/#breadcrumb","itemListElement":[{"@type":"ListItem","position":1,"name":"Prima pagin\u0103","item":"https:\/\/all4laptop.ro\/store\/"},{"@type":"ListItem","position":2,"name":"Magazin","item":"https:\/\/all4laptop.ro\/store\/"},{"@type":"ListItem","position":3,"name":"PATONA Baterie pt. Panasonic BLD10 BLD10E DMC-GF2 GF2"}]},{"@type":"WebSite","@id":"https:\/\/all4laptop.ro\/store\/#website","url":"https:\/\/all4laptop.ro\/store\/","name":"All4Laptop.ro","description":"Baterii, tastaturi, incarcatoare, display-uri, coolere, balamale si piese laptop","publisher":{"@id":"https:\/\/all4laptop.ro\/store\/#organization"},"alternateName":"All4Laptop by Mado Solutions","potentialAction":[{"@type":"SearchAction","target":{"@type":"EntryPoint","urlTemplate":"https:\/\/all4laptop.ro\/store\/?s={search_term_string}"},"query-input":"required name=search_term_string"}],"inLanguage":"ro-RO"},{"@type":"Organization","@id":"https:\/\/all4laptop.ro\/store\/#organization","name":"Mado Solutions SRL","alternateName":"All4Laptop.ro by Mado Solutions SRL","url":"https:\/\/all4laptop.ro\/store\/","logo":{"@type":"ImageObject","inLanguage":"ro-RO","@id":"https:\/\/all4laptop.ro\/store\/#\/schema\/logo\/image\/","url":"https:\/\/all4laptop.ro\/store\/wp-content\/uploads\/2024\/05\/2.jpg","contentUrl":"https:\/\/all4laptop.ro\/store\/wp-content\/uploads\/2024\/05\/2.jpg","width":408,"height":318,"caption":"Mado Solutions SRL"},"image":{"@id":"https:\/\/all4laptop.ro\/store\/#\/schema\/logo\/image\/"},"sameAs":["https:\/\/www.facebook.com\/all4laptop.ro"]}]}},"_links":{"self":[{"href":"https:\/\/all4laptop.ro\/store\/wp-json\/wp\/v2\/product\/2226","targetHints":{"allow":["GET"]}}],"collection":[{"href":"https:\/\/all4laptop.ro\/store\/wp-json\/wp\/v2\/product"}],"about":[{"href":"https:\/\/all4laptop.ro\/store\/wp-json\/wp\/v2\/types\/product"}],"replies":[{"embeddable":true,"href":"https:\/\/all4laptop.ro\/store\/wp-json\/wp\/v2\/comments?post=2226"}],"wp:featuredmedia":[{"embeddable":true,"href":"https:\/\/all4laptop.ro\/store\/wp-json\/wp\/v2\/media\/2225"}],"wp:attachment":[{"href":"https:\/\/all4laptop.ro\/store\/wp-json\/wp\/v2\/media?parent=2226"}],"wp:term":[{"taxonomy":"product_cat","embeddable":true,"href":"https:\/\/all4laptop.ro\/store\/wp-json\/wp\/v2\/product_cat?post=2226"},{"taxonomy":"product_tag","embeddable":true,"href":"https:\/\/all4laptop.ro\/store\/wp-json\/wp\/v2\/product_tag?post=2226"}],"curies":[{"name":"wp","href":"https:\/\/api.w.org\/{rel}","templated":true}]}}