{"id":3732,"date":"2024-04-16T08:09:07","date_gmt":"2024-04-16T08:09:07","guid":{"rendered":"https:\/\/dev4.acvision.ro\/store\/produs\/patona-premium-baterie-pt-xs-max-a1921-a2101-a2102-a2103-a2104-616-00502-616-00507-incl-power-tool-set\/"},"modified":"2024-06-17T06:33:36","modified_gmt":"2024-06-17T06:33:36","slug":"patona-premium-baterie-pt-xs-max-a1921-a2101-a2102-a2103-a2104-616-00502-616-00507-incl-power-tool-set","status":"publish","type":"product","link":"https:\/\/all4laptop.ro\/store\/produs\/patona-premium-baterie-pt-xs-max-a1921-a2101-a2102-a2103-a2104-616-00502-616-00507-incl-power-tool-set\/","title":{"rendered":"PATONA Premium Baterie pt. XS Max A1921 A2101 A2102 A2103 A2104 616-00502 616-00507 incl. power tool set"},"content":{"rendered":"<h2>PATONA Premium Baterie pt. XS Max A1921 A2101 A2102 A2103 A2104 616-00502 616-00507 incl. set de scule electrice<\/h2>\n<p>Ne face pl\u0103cere s\u0103 v\u0103 prezent\u0103m bateriile noastre pentru smartphone, care sunt complet noi \u00een seria PATONA Premium. Aceast\u0103 serie a fost dezvoltat\u0103 pentru profesioni\u0219ti \u0219i utilizatori frecventi pentru o utilizare durabil\u0103 \u0219i flexibil\u0103, cu performan\u021be deosebit de ridicate. Ve\u021bi primi un set complet de repara\u021bii \u00eentr-un ambalaj atractiv format din bateria PATONA Premium \u0219i setul de scule corespunz\u0103tor. De asemenea, oferim videoclipuri YouTube ca suport pentru \u00eenlocuirea bateriei.<br \/> Este de la sine \u00een\u021beles c\u0103 marca PATONA este produs\u0103 la cele mai \u00eenalte standarde de calitate. Cu toate acestea, pentru a face un pas \u00een plus c\u0103tre conducerea calit\u0103\u021bii \u0219i pentru a cre\u0219te satisfac\u021bia clien\u021bilor, con\u0219tientizarea calit\u0103\u021bii PATONA a fost din nou ascu\u021bit\u0103 \u0219i noua serie de baterii PATONA Premium de lung\u0103 durat\u0103 a fost lansat\u0103 pe pia\u021b\u0103. Suntem m\u00e2ndri s\u0103 v\u0103 oferim acest produs premium \u0219i v\u0103 dorim mult\u0103 distrac\u021bie folosindu-l. <\/p>\n<p><strong>Baterii<\/strong> datorit\u0103 potrivirii personalizate, inclusiv protec\u021bie la supra\u00eenc\u0103rcare \u0219i scurtcircuit.<\/p>\n<p><strong>Data tehnice:<br \/> <\/strong>Capacitate: 3220mAh \/ 12,24Wh<br \/> Tensiune: 3,8 Vol\u021bi<br \/> Tip celule: Li-Polymer<br \/> Marca: PATONA<\/p>\n<p><strong>Bateria este potrivit\u0103 pentru urm\u0103toarele modele:<\/strong><\/p>\n<p><strong>Apple iPhone <\/strong><br \/> XS Max<\/p>\n<p> <strong>Aceast\u0103 baterie \u00eenlocuie\u0219te urm\u0103toarele tipuri de baterii originale:<\/strong> <\/p>\n<p>A1921, A2101, A2102, A2103, A2104, 616-00502, 616-00507<\/p>\n<p><span><br \/>Preten\u021bia m\u0103rcii PATONA este cel mai \u00eenalt nivel de calitate. Desigur, aceasta include \u0219i standarde extraordinare de siguran\u021b\u0103. Replicile bateriilor perfect compatibile includ \u00een mod natural m\u0103suri de siguran\u021b\u0103 electronice, cum ar fi protec\u021bia \u00eempotriva supra\u00eenc\u0103lzirii \u0219i \u00eendeplinesc cele mai \u00eenalte standarde europene de calitate. PATONA ofer\u0103 \u00eentotdeauna calitate superioar\u0103 la pre\u021buri corecte. Chiar \u0219i noua serie premium a m\u0103rcii poate fi achizi\u021bionat\u0103 la pre\u021buri accesibile. Cu noua serie Premium a m\u0103rcii PATONA, oricine, fie el profesionist sau hobby, poate dob\u00e2ndi o baterie extrem de puternic\u0103 \u0219i astfel o pies\u0103 de exclusivitate.<\/span><\/p>\n<p><span style=\"color: # ff0000;\"><strong>Not\u0103 pentru dealerii no\u0219tri: este posibil ca acest produs s\u0103 nu fie oferit spre v\u00e2nzare pe Amazon.<\/strong><\/span><\/p>\n<p>Imaginile au doar scop ilustrativ &#8211; livrarea poate varia. Este oferit un produs marca de calitate PATONA.<\/p>\n","protected":false},"excerpt":{"rendered":"<p>PATONA Premium Baterie pt. XS Max A1921 A2101 A2102 A2103 A2104 616-00502 616-00507 incl. set de scule electrice Ne face pl\u0103cere s\u0103 v\u0103 prezent\u0103m bateriile noastre pentru smartphone, care sunt complet noi \u00een seria PATONA Premium. Aceast\u0103 serie a fost dezvoltat\u0103 pentru profesioni\u0219ti \u0219i utilizatori frecventi pentru o utilizare durabil\u0103 \u0219i flexibil\u0103, cu performan\u021be deosebit [&hellip;]<\/p>\n","protected":false},"featured_media":3731,"comment_status":"open","ping_status":"closed","template":"","meta":{"_joinchat":[]},"product_cat":[207],"product_tag":[5428],"class_list":{"0":"post-3732","1":"product","2":"type-product","3":"status-publish","4":"has-post-thumbnail","6":"product_cat-baterii-smartphonesmartwatch","7":"product_tag-a4lrop-3254","8":"product_shipping_class-valoare","10":"first","11":"instock","12":"shipping-taxable","13":"purchasable","14":"product-type-simple"},"yoast_head":"<!-- This site is optimized with the Yoast SEO plugin v22.7 - https:\/\/yoast.com\/wordpress\/plugins\/seo\/ -->\n<title>PATONA Premium Baterie pt. XS Max A1921 A2101 A2102 A2103 A2104 616-00502 616-00507 incl. power tool set - All4Laptop.ro<\/title>\n<meta name=\"robots\" content=\"index, follow, max-snippet:-1, max-image-preview:large, max-video-preview:-1\" \/>\n<link rel=\"canonical\" href=\"https:\/\/all4laptop.ro\/store\/produs\/patona-premium-baterie-pt-xs-max-a1921-a2101-a2102-a2103-a2104-616-00502-616-00507-incl-power-tool-set\/\" \/>\n<meta property=\"og:locale\" content=\"ro_RO\" \/>\n<meta property=\"og:type\" content=\"article\" \/>\n<meta property=\"og:title\" content=\"PATONA Premium Baterie pt. XS Max A1921 A2101 A2102 A2103 A2104 616-00502 616-00507 incl. power tool set - All4Laptop.ro\" \/>\n<meta property=\"og:description\" content=\"PATONA Premium Baterie pt. XS Max A1921 A2101 A2102 A2103 A2104 616-00502 616-00507 incl. set de scule electrice Ne face pl\u0103cere s\u0103 v\u0103 prezent\u0103m bateriile noastre pentru smartphone, care sunt complet noi \u00een seria PATONA Premium. Aceast\u0103 serie a fost dezvoltat\u0103 pentru profesioni\u0219ti \u0219i utilizatori frecventi pentru o utilizare durabil\u0103 \u0219i flexibil\u0103, cu performan\u021be deosebit [&hellip;]\" \/>\n<meta property=\"og:url\" content=\"https:\/\/all4laptop.ro\/store\/produs\/patona-premium-baterie-pt-xs-max-a1921-a2101-a2102-a2103-a2104-616-00502-616-00507-incl-power-tool-set\/\" \/>\n<meta property=\"og:site_name\" content=\"All4Laptop.ro\" \/>\n<meta property=\"article:publisher\" content=\"https:\/\/www.facebook.com\/all4laptop.ro\" \/>\n<meta property=\"article:modified_time\" content=\"2024-06-17T06:33:36+00:00\" \/>\n<meta property=\"og:image\" content=\"https:\/\/all4laptop.ro\/store\/wp-content\/uploads\/2024\/04\/3254-1_1280x1280.jpg\" \/>\n\t<meta property=\"og:image:width\" content=\"1280\" \/>\n\t<meta property=\"og:image:height\" content=\"657\" \/>\n\t<meta property=\"og:image:type\" content=\"image\/jpeg\" \/>\n<meta name=\"twitter:card\" content=\"summary_large_image\" \/>\n<meta name=\"twitter:label1\" content=\"Timp estimat pentru citire\" \/>\n\t<meta name=\"twitter:data1\" content=\"2 minute\" \/>\n<script type=\"application\/ld+json\" class=\"yoast-schema-graph\">{\"@context\":\"https:\/\/schema.org\",\"@graph\":[{\"@type\":\"WebPage\",\"@id\":\"https:\/\/all4laptop.ro\/store\/produs\/patona-premium-baterie-pt-xs-max-a1921-a2101-a2102-a2103-a2104-616-00502-616-00507-incl-power-tool-set\/\",\"url\":\"https:\/\/all4laptop.ro\/store\/produs\/patona-premium-baterie-pt-xs-max-a1921-a2101-a2102-a2103-a2104-616-00502-616-00507-incl-power-tool-set\/\",\"name\":\"PATONA Premium Baterie pt. XS Max A1921 A2101 A2102 A2103 A2104 616-00502 616-00507 incl. power tool set - All4Laptop.ro\",\"isPartOf\":{\"@id\":\"https:\/\/all4laptop.ro\/store\/#website\"},\"primaryImageOfPage\":{\"@id\":\"https:\/\/all4laptop.ro\/store\/produs\/patona-premium-baterie-pt-xs-max-a1921-a2101-a2102-a2103-a2104-616-00502-616-00507-incl-power-tool-set\/#primaryimage\"},\"image\":{\"@id\":\"https:\/\/all4laptop.ro\/store\/produs\/patona-premium-baterie-pt-xs-max-a1921-a2101-a2102-a2103-a2104-616-00502-616-00507-incl-power-tool-set\/#primaryimage\"},\"thumbnailUrl\":\"https:\/\/all4laptop.ro\/store\/wp-content\/uploads\/2024\/04\/3254-1_1280x1280.jpg\",\"datePublished\":\"2024-04-16T08:09:07+00:00\",\"dateModified\":\"2024-06-17T06:33:36+00:00\",\"breadcrumb\":{\"@id\":\"https:\/\/all4laptop.ro\/store\/produs\/patona-premium-baterie-pt-xs-max-a1921-a2101-a2102-a2103-a2104-616-00502-616-00507-incl-power-tool-set\/#breadcrumb\"},\"inLanguage\":\"ro-RO\",\"potentialAction\":[{\"@type\":\"ReadAction\",\"target\":[\"https:\/\/all4laptop.ro\/store\/produs\/patona-premium-baterie-pt-xs-max-a1921-a2101-a2102-a2103-a2104-616-00502-616-00507-incl-power-tool-set\/\"]}]},{\"@type\":\"ImageObject\",\"inLanguage\":\"ro-RO\",\"@id\":\"https:\/\/all4laptop.ro\/store\/produs\/patona-premium-baterie-pt-xs-max-a1921-a2101-a2102-a2103-a2104-616-00502-616-00507-incl-power-tool-set\/#primaryimage\",\"url\":\"https:\/\/all4laptop.ro\/store\/wp-content\/uploads\/2024\/04\/3254-1_1280x1280.jpg\",\"contentUrl\":\"https:\/\/all4laptop.ro\/store\/wp-content\/uploads\/2024\/04\/3254-1_1280x1280.jpg\",\"width\":1280,\"height\":657},{\"@type\":\"BreadcrumbList\",\"@id\":\"https:\/\/all4laptop.ro\/store\/produs\/patona-premium-baterie-pt-xs-max-a1921-a2101-a2102-a2103-a2104-616-00502-616-00507-incl-power-tool-set\/#breadcrumb\",\"itemListElement\":[{\"@type\":\"ListItem\",\"position\":1,\"name\":\"Prima pagin\u0103\",\"item\":\"https:\/\/all4laptop.ro\/store\/\"},{\"@type\":\"ListItem\",\"position\":2,\"name\":\"Magazin\",\"item\":\"https:\/\/all4laptop.ro\/store\/\"},{\"@type\":\"ListItem\",\"position\":3,\"name\":\"PATONA Premium Baterie pt. XS Max A1921 A2101 A2102 A2103 A2104 616-00502 616-00507 incl. power tool set\"}]},{\"@type\":\"WebSite\",\"@id\":\"https:\/\/all4laptop.ro\/store\/#website\",\"url\":\"https:\/\/all4laptop.ro\/store\/\",\"name\":\"All4Laptop.ro\",\"description\":\"Baterii, tastaturi, incarcatoare, display-uri, coolere, balamale si piese laptop\",\"publisher\":{\"@id\":\"https:\/\/all4laptop.ro\/store\/#organization\"},\"alternateName\":\"All4Laptop by Mado Solutions\",\"potentialAction\":[{\"@type\":\"SearchAction\",\"target\":{\"@type\":\"EntryPoint\",\"urlTemplate\":\"https:\/\/all4laptop.ro\/store\/?s={search_term_string}\"},\"query-input\":\"required name=search_term_string\"}],\"inLanguage\":\"ro-RO\"},{\"@type\":\"Organization\",\"@id\":\"https:\/\/all4laptop.ro\/store\/#organization\",\"name\":\"Mado Solutions SRL\",\"alternateName\":\"All4Laptop.ro by Mado Solutions SRL\",\"url\":\"https:\/\/all4laptop.ro\/store\/\",\"logo\":{\"@type\":\"ImageObject\",\"inLanguage\":\"ro-RO\",\"@id\":\"https:\/\/all4laptop.ro\/store\/#\/schema\/logo\/image\/\",\"url\":\"https:\/\/all4laptop.ro\/store\/wp-content\/uploads\/2024\/05\/2.jpg\",\"contentUrl\":\"https:\/\/all4laptop.ro\/store\/wp-content\/uploads\/2024\/05\/2.jpg\",\"width\":408,\"height\":318,\"caption\":\"Mado Solutions SRL\"},\"image\":{\"@id\":\"https:\/\/all4laptop.ro\/store\/#\/schema\/logo\/image\/\"},\"sameAs\":[\"https:\/\/www.facebook.com\/all4laptop.ro\"]}]}<\/script>\n<!-- \/ Yoast SEO plugin. -->","yoast_head_json":{"title":"PATONA Premium Baterie pt. XS Max A1921 A2101 A2102 A2103 A2104 616-00502 616-00507 incl. power tool set - All4Laptop.ro","robots":{"index":"index","follow":"follow","max-snippet":"max-snippet:-1","max-image-preview":"max-image-preview:large","max-video-preview":"max-video-preview:-1"},"canonical":"https:\/\/all4laptop.ro\/store\/produs\/patona-premium-baterie-pt-xs-max-a1921-a2101-a2102-a2103-a2104-616-00502-616-00507-incl-power-tool-set\/","og_locale":"ro_RO","og_type":"article","og_title":"PATONA Premium Baterie pt. XS Max A1921 A2101 A2102 A2103 A2104 616-00502 616-00507 incl. power tool set - All4Laptop.ro","og_description":"PATONA Premium Baterie pt. XS Max A1921 A2101 A2102 A2103 A2104 616-00502 616-00507 incl. set de scule electrice Ne face pl\u0103cere s\u0103 v\u0103 prezent\u0103m bateriile noastre pentru smartphone, care sunt complet noi \u00een seria PATONA Premium. Aceast\u0103 serie a fost dezvoltat\u0103 pentru profesioni\u0219ti \u0219i utilizatori frecventi pentru o utilizare durabil\u0103 \u0219i flexibil\u0103, cu performan\u021be deosebit [&hellip;]","og_url":"https:\/\/all4laptop.ro\/store\/produs\/patona-premium-baterie-pt-xs-max-a1921-a2101-a2102-a2103-a2104-616-00502-616-00507-incl-power-tool-set\/","og_site_name":"All4Laptop.ro","article_publisher":"https:\/\/www.facebook.com\/all4laptop.ro","article_modified_time":"2024-06-17T06:33:36+00:00","og_image":[{"width":1280,"height":657,"url":"https:\/\/all4laptop.ro\/store\/wp-content\/uploads\/2024\/04\/3254-1_1280x1280.jpg","type":"image\/jpeg"}],"twitter_card":"summary_large_image","twitter_misc":{"Timp estimat pentru citire":"2 minute"},"schema":{"@context":"https:\/\/schema.org","@graph":[{"@type":"WebPage","@id":"https:\/\/all4laptop.ro\/store\/produs\/patona-premium-baterie-pt-xs-max-a1921-a2101-a2102-a2103-a2104-616-00502-616-00507-incl-power-tool-set\/","url":"https:\/\/all4laptop.ro\/store\/produs\/patona-premium-baterie-pt-xs-max-a1921-a2101-a2102-a2103-a2104-616-00502-616-00507-incl-power-tool-set\/","name":"PATONA Premium Baterie pt. XS Max A1921 A2101 A2102 A2103 A2104 616-00502 616-00507 incl. power tool set - All4Laptop.ro","isPartOf":{"@id":"https:\/\/all4laptop.ro\/store\/#website"},"primaryImageOfPage":{"@id":"https:\/\/all4laptop.ro\/store\/produs\/patona-premium-baterie-pt-xs-max-a1921-a2101-a2102-a2103-a2104-616-00502-616-00507-incl-power-tool-set\/#primaryimage"},"image":{"@id":"https:\/\/all4laptop.ro\/store\/produs\/patona-premium-baterie-pt-xs-max-a1921-a2101-a2102-a2103-a2104-616-00502-616-00507-incl-power-tool-set\/#primaryimage"},"thumbnailUrl":"https:\/\/all4laptop.ro\/store\/wp-content\/uploads\/2024\/04\/3254-1_1280x1280.jpg","datePublished":"2024-04-16T08:09:07+00:00","dateModified":"2024-06-17T06:33:36+00:00","breadcrumb":{"@id":"https:\/\/all4laptop.ro\/store\/produs\/patona-premium-baterie-pt-xs-max-a1921-a2101-a2102-a2103-a2104-616-00502-616-00507-incl-power-tool-set\/#breadcrumb"},"inLanguage":"ro-RO","potentialAction":[{"@type":"ReadAction","target":["https:\/\/all4laptop.ro\/store\/produs\/patona-premium-baterie-pt-xs-max-a1921-a2101-a2102-a2103-a2104-616-00502-616-00507-incl-power-tool-set\/"]}]},{"@type":"ImageObject","inLanguage":"ro-RO","@id":"https:\/\/all4laptop.ro\/store\/produs\/patona-premium-baterie-pt-xs-max-a1921-a2101-a2102-a2103-a2104-616-00502-616-00507-incl-power-tool-set\/#primaryimage","url":"https:\/\/all4laptop.ro\/store\/wp-content\/uploads\/2024\/04\/3254-1_1280x1280.jpg","contentUrl":"https:\/\/all4laptop.ro\/store\/wp-content\/uploads\/2024\/04\/3254-1_1280x1280.jpg","width":1280,"height":657},{"@type":"BreadcrumbList","@id":"https:\/\/all4laptop.ro\/store\/produs\/patona-premium-baterie-pt-xs-max-a1921-a2101-a2102-a2103-a2104-616-00502-616-00507-incl-power-tool-set\/#breadcrumb","itemListElement":[{"@type":"ListItem","position":1,"name":"Prima pagin\u0103","item":"https:\/\/all4laptop.ro\/store\/"},{"@type":"ListItem","position":2,"name":"Magazin","item":"https:\/\/all4laptop.ro\/store\/"},{"@type":"ListItem","position":3,"name":"PATONA Premium Baterie pt. XS Max A1921 A2101 A2102 A2103 A2104 616-00502 616-00507 incl. power tool set"}]},{"@type":"WebSite","@id":"https:\/\/all4laptop.ro\/store\/#website","url":"https:\/\/all4laptop.ro\/store\/","name":"All4Laptop.ro","description":"Baterii, tastaturi, incarcatoare, display-uri, coolere, balamale si piese laptop","publisher":{"@id":"https:\/\/all4laptop.ro\/store\/#organization"},"alternateName":"All4Laptop by Mado Solutions","potentialAction":[{"@type":"SearchAction","target":{"@type":"EntryPoint","urlTemplate":"https:\/\/all4laptop.ro\/store\/?s={search_term_string}"},"query-input":"required name=search_term_string"}],"inLanguage":"ro-RO"},{"@type":"Organization","@id":"https:\/\/all4laptop.ro\/store\/#organization","name":"Mado Solutions SRL","alternateName":"All4Laptop.ro by Mado Solutions SRL","url":"https:\/\/all4laptop.ro\/store\/","logo":{"@type":"ImageObject","inLanguage":"ro-RO","@id":"https:\/\/all4laptop.ro\/store\/#\/schema\/logo\/image\/","url":"https:\/\/all4laptop.ro\/store\/wp-content\/uploads\/2024\/05\/2.jpg","contentUrl":"https:\/\/all4laptop.ro\/store\/wp-content\/uploads\/2024\/05\/2.jpg","width":408,"height":318,"caption":"Mado Solutions SRL"},"image":{"@id":"https:\/\/all4laptop.ro\/store\/#\/schema\/logo\/image\/"},"sameAs":["https:\/\/www.facebook.com\/all4laptop.ro"]}]}},"_links":{"self":[{"href":"https:\/\/all4laptop.ro\/store\/wp-json\/wp\/v2\/product\/3732","targetHints":{"allow":["GET"]}}],"collection":[{"href":"https:\/\/all4laptop.ro\/store\/wp-json\/wp\/v2\/product"}],"about":[{"href":"https:\/\/all4laptop.ro\/store\/wp-json\/wp\/v2\/types\/product"}],"replies":[{"embeddable":true,"href":"https:\/\/all4laptop.ro\/store\/wp-json\/wp\/v2\/comments?post=3732"}],"wp:featuredmedia":[{"embeddable":true,"href":"https:\/\/all4laptop.ro\/store\/wp-json\/wp\/v2\/media\/3731"}],"wp:attachment":[{"href":"https:\/\/all4laptop.ro\/store\/wp-json\/wp\/v2\/media?parent=3732"}],"wp:term":[{"taxonomy":"product_cat","embeddable":true,"href":"https:\/\/all4laptop.ro\/store\/wp-json\/wp\/v2\/product_cat?post=3732"},{"taxonomy":"product_tag","embeddable":true,"href":"https:\/\/all4laptop.ro\/store\/wp-json\/wp\/v2\/product_tag?post=3732"}],"curies":[{"name":"wp","href":"https:\/\/api.w.org\/{rel}","templated":true}]}}