{"id":4086,"date":"2024-04-16T08:24:53","date_gmt":"2024-04-16T08:24:53","guid":{"rendered":"https:\/\/dev4.acvision.ro\/store\/produs\/patona-premium-incarcator-19v-474a-90w-pt-acer-travelmate-2400-2410-2430-2440-2490\/"},"modified":"2024-06-17T06:33:26","modified_gmt":"2024-06-17T06:33:26","slug":"patona-premium-incarcator-19v-474a-90w-pt-acer-travelmate-2400-2410-2430-2440-2490","status":"publish","type":"product","link":"https:\/\/all4laptop.ro\/store\/produs\/patona-premium-incarcator-19v-474a-90w-pt-acer-travelmate-2400-2410-2430-2440-2490\/","title":{"rendered":"PATONA Premium Incarcator 19V 4,74A 90W pt. Acer Travelmate 2400 2410 2430 2440 2490"},"content":{"rendered":"<h2><span>Incarcator PATONA Premium 19V 4,74A 90W pt. Acer Travelmate 2400 2410 2430 2440 2490 <\/span><\/h2>\n<p>Ca un alt produs al seriei noastre PATONA Premium, v\u0103 prezent\u0103m sursele noastre de alimentare pentru notebook-uri de calitate premium. Acestea au fost special dezvoltate pentru a asigura o siguran\u021b\u0103 ridicat\u0103, calitate \u0219i fiabilitate absolut\u0103. Sunt ideale pentru utilizatori profesioni\u0219ti \u0219i frecventi pentru utilizare permanent\u0103 \u0219i flexibil\u0103, cu performan\u021be ridicate \u0219i durat\u0103 lung\u0103 de via\u021b\u0103.<\/p>\n<p> Preten\u021bia m\u0103rcii PATONA este cel mai \u00eenalt nivel de calitate. Desigur, aceasta include \u0219i standarde extraordinare de siguran\u021b\u0103. Sursele de alimentare replica perfect compatibile includ \u00een mod firesc toate m\u0103surile de siguran\u021b\u0103 electronice, cum ar fi limitarea curentului de \u00eenc\u0103rcare, protec\u021bia la temperatur\u0103 \u0219i supracurent a surselor de alimentare originale \u0219i \u00eendeplinesc cele mai \u00eenalte standarde de calitate europene.<br \/> PATONA ofer\u0103 \u00eentotdeauna calitate superioar\u0103 la pre\u021buri corecte. Chiar \u0219i noua serie premium a m\u0103rcii poate fi achizi\u021bionat\u0103 la pre\u021buri accesibile. Cu noua serie Premium a m\u0103rcii PATONA, oricine, fie el profesionist sau hobby, poate achizi\u021biona un produs extrem de puternic \u0219i astfel o pies\u0103 de exclusivitate.<\/p>\n<p><span><strong>Date tehnice:<br \/> <\/strong>Fi\u0219\u0103 rotund\u0103 cu diametrul exterior: 5,5mm, diametrul interior 1,7mm, lungimea mufei 12mm (v\u0103 rug\u0103m s\u0103 compara\u021bi cu vechea surs\u0103 de alimentare deoarece exist\u0103 diferite variante de priz\u0103 pentru aceast\u0103 surs\u0103 de alimentare) <\/span><br \/> <span >Intrare: 100~240V &#8211; 50 Hz<\/span><br \/> <span>Ie\u0219ire: 19V<\/span><br \/> <span>Putere: 4,74A \/ 90W<\/span><\/p>\n<p> <span><strong><br \/>Model compatibil:<\/strong> <br \/><\/span><\/p>\n<p><span><strong>\u00cen func\u021bie de disponibilitate, ne rezerv\u0103m dreptul de a furniza direct sau mufe \u00een unghi.<\/p>\n<p><\/strong>Seria Acer Aspire<br \/>Acer Aspire 1360, 3010, 3020, 3040, 3100, 3620, 3640, 3690, 4220G, 4320G, 45210G, 44710G, 44710G, 44710G , 4720G, 4920G, 5020, 5040, 5110, 5520G, 5540, 5550, 5560, 5590, 5600, 5610, 5610Z, 5620, 5630, 5630, 5650, 5650, 5650, 5600, 5610 10ZG, 5720G, 5910G, 5920G, 6920, 6930 , 6930G, 6935, 7000, 7110, 7220, 7230, 7520, 7520G, 7720, 7720G, 7730, 7730G, 8920, 8930, 9100, 9100, 910, 910, 910, 910, 910 0Z, 9420, 9500, 9510, 9520.< \/span><\/p>\n<p><span>Seria Acer Ferrari<br \/>Acer Ferrari 5000, 5005, 5005WLMis, 5000-5832, 5000-5852S<\/span><\/p>\n<p><span>Acer TravelMate Seria<br \/>Acer Travelmate C110, C200, C300, C310, 380, 2100, 2200, 2310, 2350, 2400, 2410, 2430, 2440, 2490, 2600, 300, 200, 200, 200, 200, 2300 3220, 3230, 3240, 3280, 3290, 3900, 4200, 4210, 4220, 4230, 4260, 4270, 4280, 4400, 4670, 5110, 5220G, 5510, 5610, 5610, 5610 G 5720G, 6410, 6460, 6500, 6592G, 7220, 7220G, 7510, 7520, 7520G, 7720G, 8200, 8210<\/span><\/p>\n<p><span><strong><br \/><\/strong>AP.09001.002, AP.09001.005, AP.09001.09001. , AP.09001.012, AP.09003.011, AP.09006.004, AP.09006.006, AP.06503.008, LC.ADT01.007, AP12AD02, PA-1900-24, ADP-1900-24, ADP-90 de construc\u021bie. \/span><\/span><\/p>\n<p><span>Imaginile au doar scop ilustrativ! Livrarea poate varia.<\/span><\/p>\n<\/p>\n<p><span style=\"color: #ff0000;\"><strong>Aten\u021bie: Este posibil ca aceast\u0103 baterie s\u0103 nu fie oferit\u0103 spre v\u00e2nzare pe eBay \u0219i Amazon.<\/strong><\/span><\/p>\n<p>Imaginile au doar scop ilustrativ &#8211; livrarea poate varia. Este oferit un produs marca de calitate PATONA.<\/p>\n","protected":false},"excerpt":{"rendered":"<p>Incarcator PATONA Premium 19V 4,74A 90W pt. Acer Travelmate 2400 2410 2430 2440 2490 Ca un alt produs al seriei noastre PATONA Premium, v\u0103 prezent\u0103m sursele noastre de alimentare pentru notebook-uri de calitate premium. Acestea au fost special dezvoltate pentru a asigura o siguran\u021b\u0103 ridicat\u0103, calitate \u0219i fiabilitate absolut\u0103. Sunt ideale pentru utilizatori profesioni\u0219ti \u0219i [&hellip;]<\/p>\n","protected":false},"featured_media":4085,"comment_status":"open","ping_status":"closed","template":"","meta":{"_joinchat":[]},"product_cat":[203],"product_tag":[],"class_list":{"0":"post-4086","1":"product","2":"type-product","3":"status-publish","4":"has-post-thumbnail","6":"product_cat-incarcatoare-laptop-incarcatoare-laptop","7":"product_shipping_class-valoare","9":"first","10":"instock","11":"shipping-taxable","12":"purchasable","13":"product-type-simple"},"yoast_head":"<!-- This site is optimized with the Yoast SEO plugin v22.7 - https:\/\/yoast.com\/wordpress\/plugins\/seo\/ -->\n<title>PATONA Premium Incarcator 19V 4,74A 90W pt. Acer Travelmate 2400 2410 2430 2440 2490 - All4Laptop.ro<\/title>\n<meta name=\"robots\" content=\"index, follow, max-snippet:-1, max-image-preview:large, max-video-preview:-1\" \/>\n<link rel=\"canonical\" href=\"https:\/\/all4laptop.ro\/store\/produs\/patona-premium-incarcator-19v-474a-90w-pt-acer-travelmate-2400-2410-2430-2440-2490\/\" \/>\n<meta property=\"og:locale\" content=\"ro_RO\" \/>\n<meta property=\"og:type\" content=\"article\" \/>\n<meta property=\"og:title\" content=\"PATONA Premium Incarcator 19V 4,74A 90W pt. Acer Travelmate 2400 2410 2430 2440 2490 - All4Laptop.ro\" \/>\n<meta property=\"og:description\" content=\"Incarcator PATONA Premium 19V 4,74A 90W pt. Acer Travelmate 2400 2410 2430 2440 2490 Ca un alt produs al seriei noastre PATONA Premium, v\u0103 prezent\u0103m sursele noastre de alimentare pentru notebook-uri de calitate premium. Acestea au fost special dezvoltate pentru a asigura o siguran\u021b\u0103 ridicat\u0103, calitate \u0219i fiabilitate absolut\u0103. Sunt ideale pentru utilizatori profesioni\u0219ti \u0219i [&hellip;]\" \/>\n<meta property=\"og:url\" content=\"https:\/\/all4laptop.ro\/store\/produs\/patona-premium-incarcator-19v-474a-90w-pt-acer-travelmate-2400-2410-2430-2440-2490\/\" \/>\n<meta property=\"og:site_name\" content=\"All4Laptop.ro\" \/>\n<meta property=\"article:publisher\" content=\"https:\/\/www.facebook.com\/all4laptop.ro\" \/>\n<meta property=\"article:modified_time\" content=\"2024-06-17T06:33:26+00:00\" \/>\n<meta property=\"og:image\" content=\"https:\/\/all4laptop.ro\/store\/wp-content\/uploads\/2024\/04\/2569-1_1280x1280.jpg\" \/>\n\t<meta property=\"og:image:width\" content=\"1280\" \/>\n\t<meta property=\"og:image:height\" content=\"730\" \/>\n\t<meta property=\"og:image:type\" content=\"image\/jpeg\" \/>\n<meta name=\"twitter:card\" content=\"summary_large_image\" \/>\n<meta name=\"twitter:label1\" content=\"Timp estimat pentru citire\" \/>\n\t<meta name=\"twitter:data1\" content=\"2 minute\" \/>\n<script type=\"application\/ld+json\" class=\"yoast-schema-graph\">{\"@context\":\"https:\/\/schema.org\",\"@graph\":[{\"@type\":\"WebPage\",\"@id\":\"https:\/\/all4laptop.ro\/store\/produs\/patona-premium-incarcator-19v-474a-90w-pt-acer-travelmate-2400-2410-2430-2440-2490\/\",\"url\":\"https:\/\/all4laptop.ro\/store\/produs\/patona-premium-incarcator-19v-474a-90w-pt-acer-travelmate-2400-2410-2430-2440-2490\/\",\"name\":\"PATONA Premium Incarcator 19V 4,74A 90W pt. Acer Travelmate 2400 2410 2430 2440 2490 - All4Laptop.ro\",\"isPartOf\":{\"@id\":\"https:\/\/all4laptop.ro\/store\/#website\"},\"primaryImageOfPage\":{\"@id\":\"https:\/\/all4laptop.ro\/store\/produs\/patona-premium-incarcator-19v-474a-90w-pt-acer-travelmate-2400-2410-2430-2440-2490\/#primaryimage\"},\"image\":{\"@id\":\"https:\/\/all4laptop.ro\/store\/produs\/patona-premium-incarcator-19v-474a-90w-pt-acer-travelmate-2400-2410-2430-2440-2490\/#primaryimage\"},\"thumbnailUrl\":\"https:\/\/all4laptop.ro\/store\/wp-content\/uploads\/2024\/04\/2569-1_1280x1280.jpg\",\"datePublished\":\"2024-04-16T08:24:53+00:00\",\"dateModified\":\"2024-06-17T06:33:26+00:00\",\"breadcrumb\":{\"@id\":\"https:\/\/all4laptop.ro\/store\/produs\/patona-premium-incarcator-19v-474a-90w-pt-acer-travelmate-2400-2410-2430-2440-2490\/#breadcrumb\"},\"inLanguage\":\"ro-RO\",\"potentialAction\":[{\"@type\":\"ReadAction\",\"target\":[\"https:\/\/all4laptop.ro\/store\/produs\/patona-premium-incarcator-19v-474a-90w-pt-acer-travelmate-2400-2410-2430-2440-2490\/\"]}]},{\"@type\":\"ImageObject\",\"inLanguage\":\"ro-RO\",\"@id\":\"https:\/\/all4laptop.ro\/store\/produs\/patona-premium-incarcator-19v-474a-90w-pt-acer-travelmate-2400-2410-2430-2440-2490\/#primaryimage\",\"url\":\"https:\/\/all4laptop.ro\/store\/wp-content\/uploads\/2024\/04\/2569-1_1280x1280.jpg\",\"contentUrl\":\"https:\/\/all4laptop.ro\/store\/wp-content\/uploads\/2024\/04\/2569-1_1280x1280.jpg\",\"width\":1280,\"height\":730},{\"@type\":\"BreadcrumbList\",\"@id\":\"https:\/\/all4laptop.ro\/store\/produs\/patona-premium-incarcator-19v-474a-90w-pt-acer-travelmate-2400-2410-2430-2440-2490\/#breadcrumb\",\"itemListElement\":[{\"@type\":\"ListItem\",\"position\":1,\"name\":\"Prima pagin\u0103\",\"item\":\"https:\/\/all4laptop.ro\/store\/\"},{\"@type\":\"ListItem\",\"position\":2,\"name\":\"Magazin\",\"item\":\"https:\/\/all4laptop.ro\/store\/\"},{\"@type\":\"ListItem\",\"position\":3,\"name\":\"PATONA Premium Incarcator 19V 4,74A 90W pt. Acer Travelmate 2400 2410 2430 2440 2490\"}]},{\"@type\":\"WebSite\",\"@id\":\"https:\/\/all4laptop.ro\/store\/#website\",\"url\":\"https:\/\/all4laptop.ro\/store\/\",\"name\":\"All4Laptop.ro\",\"description\":\"Baterii, tastaturi, incarcatoare, display-uri, coolere, balamale si piese laptop\",\"publisher\":{\"@id\":\"https:\/\/all4laptop.ro\/store\/#organization\"},\"alternateName\":\"All4Laptop by Mado Solutions\",\"potentialAction\":[{\"@type\":\"SearchAction\",\"target\":{\"@type\":\"EntryPoint\",\"urlTemplate\":\"https:\/\/all4laptop.ro\/store\/?s={search_term_string}\"},\"query-input\":\"required name=search_term_string\"}],\"inLanguage\":\"ro-RO\"},{\"@type\":\"Organization\",\"@id\":\"https:\/\/all4laptop.ro\/store\/#organization\",\"name\":\"Mado Solutions SRL\",\"alternateName\":\"All4Laptop.ro by Mado Solutions SRL\",\"url\":\"https:\/\/all4laptop.ro\/store\/\",\"logo\":{\"@type\":\"ImageObject\",\"inLanguage\":\"ro-RO\",\"@id\":\"https:\/\/all4laptop.ro\/store\/#\/schema\/logo\/image\/\",\"url\":\"https:\/\/all4laptop.ro\/store\/wp-content\/uploads\/2024\/05\/2.jpg\",\"contentUrl\":\"https:\/\/all4laptop.ro\/store\/wp-content\/uploads\/2024\/05\/2.jpg\",\"width\":408,\"height\":318,\"caption\":\"Mado Solutions SRL\"},\"image\":{\"@id\":\"https:\/\/all4laptop.ro\/store\/#\/schema\/logo\/image\/\"},\"sameAs\":[\"https:\/\/www.facebook.com\/all4laptop.ro\"]}]}<\/script>\n<!-- \/ Yoast SEO plugin. -->","yoast_head_json":{"title":"PATONA Premium Incarcator 19V 4,74A 90W pt. Acer Travelmate 2400 2410 2430 2440 2490 - All4Laptop.ro","robots":{"index":"index","follow":"follow","max-snippet":"max-snippet:-1","max-image-preview":"max-image-preview:large","max-video-preview":"max-video-preview:-1"},"canonical":"https:\/\/all4laptop.ro\/store\/produs\/patona-premium-incarcator-19v-474a-90w-pt-acer-travelmate-2400-2410-2430-2440-2490\/","og_locale":"ro_RO","og_type":"article","og_title":"PATONA Premium Incarcator 19V 4,74A 90W pt. Acer Travelmate 2400 2410 2430 2440 2490 - All4Laptop.ro","og_description":"Incarcator PATONA Premium 19V 4,74A 90W pt. Acer Travelmate 2400 2410 2430 2440 2490 Ca un alt produs al seriei noastre PATONA Premium, v\u0103 prezent\u0103m sursele noastre de alimentare pentru notebook-uri de calitate premium. Acestea au fost special dezvoltate pentru a asigura o siguran\u021b\u0103 ridicat\u0103, calitate \u0219i fiabilitate absolut\u0103. Sunt ideale pentru utilizatori profesioni\u0219ti \u0219i [&hellip;]","og_url":"https:\/\/all4laptop.ro\/store\/produs\/patona-premium-incarcator-19v-474a-90w-pt-acer-travelmate-2400-2410-2430-2440-2490\/","og_site_name":"All4Laptop.ro","article_publisher":"https:\/\/www.facebook.com\/all4laptop.ro","article_modified_time":"2024-06-17T06:33:26+00:00","og_image":[{"width":1280,"height":730,"url":"https:\/\/all4laptop.ro\/store\/wp-content\/uploads\/2024\/04\/2569-1_1280x1280.jpg","type":"image\/jpeg"}],"twitter_card":"summary_large_image","twitter_misc":{"Timp estimat pentru citire":"2 minute"},"schema":{"@context":"https:\/\/schema.org","@graph":[{"@type":"WebPage","@id":"https:\/\/all4laptop.ro\/store\/produs\/patona-premium-incarcator-19v-474a-90w-pt-acer-travelmate-2400-2410-2430-2440-2490\/","url":"https:\/\/all4laptop.ro\/store\/produs\/patona-premium-incarcator-19v-474a-90w-pt-acer-travelmate-2400-2410-2430-2440-2490\/","name":"PATONA Premium Incarcator 19V 4,74A 90W pt. Acer Travelmate 2400 2410 2430 2440 2490 - All4Laptop.ro","isPartOf":{"@id":"https:\/\/all4laptop.ro\/store\/#website"},"primaryImageOfPage":{"@id":"https:\/\/all4laptop.ro\/store\/produs\/patona-premium-incarcator-19v-474a-90w-pt-acer-travelmate-2400-2410-2430-2440-2490\/#primaryimage"},"image":{"@id":"https:\/\/all4laptop.ro\/store\/produs\/patona-premium-incarcator-19v-474a-90w-pt-acer-travelmate-2400-2410-2430-2440-2490\/#primaryimage"},"thumbnailUrl":"https:\/\/all4laptop.ro\/store\/wp-content\/uploads\/2024\/04\/2569-1_1280x1280.jpg","datePublished":"2024-04-16T08:24:53+00:00","dateModified":"2024-06-17T06:33:26+00:00","breadcrumb":{"@id":"https:\/\/all4laptop.ro\/store\/produs\/patona-premium-incarcator-19v-474a-90w-pt-acer-travelmate-2400-2410-2430-2440-2490\/#breadcrumb"},"inLanguage":"ro-RO","potentialAction":[{"@type":"ReadAction","target":["https:\/\/all4laptop.ro\/store\/produs\/patona-premium-incarcator-19v-474a-90w-pt-acer-travelmate-2400-2410-2430-2440-2490\/"]}]},{"@type":"ImageObject","inLanguage":"ro-RO","@id":"https:\/\/all4laptop.ro\/store\/produs\/patona-premium-incarcator-19v-474a-90w-pt-acer-travelmate-2400-2410-2430-2440-2490\/#primaryimage","url":"https:\/\/all4laptop.ro\/store\/wp-content\/uploads\/2024\/04\/2569-1_1280x1280.jpg","contentUrl":"https:\/\/all4laptop.ro\/store\/wp-content\/uploads\/2024\/04\/2569-1_1280x1280.jpg","width":1280,"height":730},{"@type":"BreadcrumbList","@id":"https:\/\/all4laptop.ro\/store\/produs\/patona-premium-incarcator-19v-474a-90w-pt-acer-travelmate-2400-2410-2430-2440-2490\/#breadcrumb","itemListElement":[{"@type":"ListItem","position":1,"name":"Prima pagin\u0103","item":"https:\/\/all4laptop.ro\/store\/"},{"@type":"ListItem","position":2,"name":"Magazin","item":"https:\/\/all4laptop.ro\/store\/"},{"@type":"ListItem","position":3,"name":"PATONA Premium Incarcator 19V 4,74A 90W pt. Acer Travelmate 2400 2410 2430 2440 2490"}]},{"@type":"WebSite","@id":"https:\/\/all4laptop.ro\/store\/#website","url":"https:\/\/all4laptop.ro\/store\/","name":"All4Laptop.ro","description":"Baterii, tastaturi, incarcatoare, display-uri, coolere, balamale si piese laptop","publisher":{"@id":"https:\/\/all4laptop.ro\/store\/#organization"},"alternateName":"All4Laptop by Mado Solutions","potentialAction":[{"@type":"SearchAction","target":{"@type":"EntryPoint","urlTemplate":"https:\/\/all4laptop.ro\/store\/?s={search_term_string}"},"query-input":"required name=search_term_string"}],"inLanguage":"ro-RO"},{"@type":"Organization","@id":"https:\/\/all4laptop.ro\/store\/#organization","name":"Mado Solutions SRL","alternateName":"All4Laptop.ro by Mado Solutions SRL","url":"https:\/\/all4laptop.ro\/store\/","logo":{"@type":"ImageObject","inLanguage":"ro-RO","@id":"https:\/\/all4laptop.ro\/store\/#\/schema\/logo\/image\/","url":"https:\/\/all4laptop.ro\/store\/wp-content\/uploads\/2024\/05\/2.jpg","contentUrl":"https:\/\/all4laptop.ro\/store\/wp-content\/uploads\/2024\/05\/2.jpg","width":408,"height":318,"caption":"Mado Solutions SRL"},"image":{"@id":"https:\/\/all4laptop.ro\/store\/#\/schema\/logo\/image\/"},"sameAs":["https:\/\/www.facebook.com\/all4laptop.ro"]}]}},"_links":{"self":[{"href":"https:\/\/all4laptop.ro\/store\/wp-json\/wp\/v2\/product\/4086","targetHints":{"allow":["GET"]}}],"collection":[{"href":"https:\/\/all4laptop.ro\/store\/wp-json\/wp\/v2\/product"}],"about":[{"href":"https:\/\/all4laptop.ro\/store\/wp-json\/wp\/v2\/types\/product"}],"replies":[{"embeddable":true,"href":"https:\/\/all4laptop.ro\/store\/wp-json\/wp\/v2\/comments?post=4086"}],"wp:featuredmedia":[{"embeddable":true,"href":"https:\/\/all4laptop.ro\/store\/wp-json\/wp\/v2\/media\/4085"}],"wp:attachment":[{"href":"https:\/\/all4laptop.ro\/store\/wp-json\/wp\/v2\/media?parent=4086"}],"wp:term":[{"taxonomy":"product_cat","embeddable":true,"href":"https:\/\/all4laptop.ro\/store\/wp-json\/wp\/v2\/product_cat?post=4086"},{"taxonomy":"product_tag","embeddable":true,"href":"https:\/\/all4laptop.ro\/store\/wp-json\/wp\/v2\/product_tag?post=4086"}],"curies":[{"name":"wp","href":"https:\/\/api.w.org\/{rel}","templated":true}]}}