{"id":4102,"date":"2024-04-16T08:25:17","date_gmt":"2024-04-16T08:25:17","guid":{"rendered":"https:\/\/dev4.acvision.ro\/store\/produs\/patona-premium-incarcator-20v-45a-90w-square-tip-pt-lenovo-thinkpad-t470p-t460p-t440p-x1-carbon\/"},"modified":"2024-06-17T06:33:34","modified_gmt":"2024-06-17T06:33:34","slug":"patona-premium-incarcator-20v-45a-90w-square-tip-pt-lenovo-thinkpad-t470p-t460p-t440p-x1-carbon","status":"publish","type":"product","link":"https:\/\/all4laptop.ro\/store\/produs\/patona-premium-incarcator-20v-45a-90w-square-tip-pt-lenovo-thinkpad-t470p-t460p-t440p-x1-carbon\/","title":{"rendered":"PATONA Premium Incarcator 20V 4,5A 90W Square Tip pt. Lenovo ThinkPad T470P T460P T440P X1 Carbon"},"content":{"rendered":"<h2><span>Incarcator PATONA Premium 20V 4,5A 90W Varf p\u0103trat pt. Lenovo ThinkPad T470P T460P T440P X1 Carbon<\/span><\/h2>\n<p>Ca un alt produs al seriei noastre PATONA Premium, v\u0103 prezent\u0103m sursele noastre de alimentare pentru notebook-uri de calitate premium. Acestea au fost special dezvoltate pentru a asigura o siguran\u021b\u0103 ridicat\u0103, calitate \u0219i fiabilitate absolut\u0103. Sunt ideale pentru utilizatori profesioni\u0219ti \u0219i frecventi pentru utilizare permanent\u0103 \u0219i flexibil\u0103, cu performan\u021be ridicate \u0219i durat\u0103 lung\u0103 de via\u021b\u0103.<\/p>\n<p> Preten\u021bia m\u0103rcii PATONA este cel mai \u00eenalt nivel de calitate. Desigur, aceasta include \u0219i standarde extraordinare de siguran\u021b\u0103. Sursele de alimentare replica perfect compatibile includ \u00een mod firesc toate m\u0103surile de siguran\u021b\u0103 electronice, cum ar fi limitarea curentului de \u00eenc\u0103rcare, protec\u021bia la temperatur\u0103 \u0219i supracurent a surselor de alimentare originale \u0219i \u00eendeplinesc cele mai \u00eenalte standarde de calitate europene.<br \/> PATONA ofer\u0103 \u00eentotdeauna calitate superioar\u0103 la pre\u021buri corecte. Chiar \u0219i noua serie premium a m\u0103rcii poate fi achizi\u021bionat\u0103 la pre\u021buri accesibile. Cu noua serie Premium a m\u0103rcii PATONA, oricine, fie el profesionist sau hobby, poate achizi\u021biona un produs extrem de puternic \u0219i, prin urmare, o pies\u0103 de exclusivitate.<\/p>\n<p><span><strong>Date tehnice:<br \/> <\/strong><\/span><span>Tip priz\u0103: V\u00e2rf p\u0103trat 11,0 x 4,5 mm<br \/>Dimensiuni priz\u0103 \u00een exterior: 11,0 x 4,5mm <br \/>Dimensiuni mufa \u00een interior: 6,5 x 2,8mm<\/ span><br \/> <span>Intrare: 100~240V<br \/>Ie\u0219ire: 20V<br \/>Putere: 4,5A \/ 90W<\/span><\/p>\n<p><span><strong>Compatibil cu urm\u0103toarele dispozitive: <br \/><\/strong>Lenovo ThinkPad: <br \/>T470P, T460P, T440P X1 Carbon, Yoga 720, 730, 720-15IKB, 730-15IKB, ADLX90NCC3A, ADLX90NDC3A, ADLX90NDC3A, ADLX90NLC><br \/><\/3A <span> ><\/span><\/p>\n<p><span style=\"color: #ff0000;\"><strong>Not\u0103 pentru dealerii no\u0219tri: Este posibil ca aceast\u0103 baterie s\u0103 nu fie oferit\u0103 spre v\u00e2nzare pe eBay \u0219i Amazon.<\/strong>< \/span><\/p>\n<p><span>Imaginile au doar scop ilustrativ &#8211; livrarea poate varia. Oferit este un produs al m\u0103rcii de calitate PATONA.<\/span><\/p>\n","protected":false},"excerpt":{"rendered":"<p>Incarcator PATONA Premium 20V 4,5A 90W Varf p\u0103trat pt. Lenovo ThinkPad T470P T460P T440P X1 Carbon Ca un alt produs al seriei noastre PATONA Premium, v\u0103 prezent\u0103m sursele noastre de alimentare pentru notebook-uri de calitate premium. Acestea au fost special dezvoltate pentru a asigura o siguran\u021b\u0103 ridicat\u0103, calitate \u0219i fiabilitate absolut\u0103. Sunt ideale pentru utilizatori [&hellip;]<\/p>\n","protected":false},"featured_media":4101,"comment_status":"open","ping_status":"closed","template":"","meta":{"_joinchat":[]},"product_cat":[203],"product_tag":[],"class_list":{"0":"post-4102","1":"product","2":"type-product","3":"status-publish","4":"has-post-thumbnail","6":"product_cat-incarcatoare-laptop-incarcatoare-laptop","7":"product_shipping_class-valoare","9":"first","10":"instock","11":"shipping-taxable","12":"purchasable","13":"product-type-simple"},"yoast_head":"<!-- This site is optimized with the Yoast SEO plugin v22.7 - https:\/\/yoast.com\/wordpress\/plugins\/seo\/ -->\n<title>PATONA Premium Incarcator 20V 4,5A 90W Square Tip pt. Lenovo ThinkPad T470P T460P T440P X1 Carbon - All4Laptop.ro<\/title>\n<meta name=\"robots\" content=\"index, follow, max-snippet:-1, max-image-preview:large, max-video-preview:-1\" \/>\n<link rel=\"canonical\" href=\"https:\/\/all4laptop.ro\/store\/produs\/patona-premium-incarcator-20v-45a-90w-square-tip-pt-lenovo-thinkpad-t470p-t460p-t440p-x1-carbon\/\" \/>\n<meta property=\"og:locale\" content=\"ro_RO\" \/>\n<meta property=\"og:type\" content=\"article\" \/>\n<meta property=\"og:title\" content=\"PATONA Premium Incarcator 20V 4,5A 90W Square Tip pt. Lenovo ThinkPad T470P T460P T440P X1 Carbon - All4Laptop.ro\" \/>\n<meta property=\"og:description\" content=\"Incarcator PATONA Premium 20V 4,5A 90W Varf p\u0103trat pt. Lenovo ThinkPad T470P T460P T440P X1 Carbon Ca un alt produs al seriei noastre PATONA Premium, v\u0103 prezent\u0103m sursele noastre de alimentare pentru notebook-uri de calitate premium. Acestea au fost special dezvoltate pentru a asigura o siguran\u021b\u0103 ridicat\u0103, calitate \u0219i fiabilitate absolut\u0103. Sunt ideale pentru utilizatori [&hellip;]\" \/>\n<meta property=\"og:url\" content=\"https:\/\/all4laptop.ro\/store\/produs\/patona-premium-incarcator-20v-45a-90w-square-tip-pt-lenovo-thinkpad-t470p-t460p-t440p-x1-carbon\/\" \/>\n<meta property=\"og:site_name\" content=\"All4Laptop.ro\" \/>\n<meta property=\"article:publisher\" content=\"https:\/\/www.facebook.com\/all4laptop.ro\" \/>\n<meta property=\"article:modified_time\" content=\"2024-06-17T06:33:34+00:00\" \/>\n<meta property=\"og:image\" content=\"https:\/\/all4laptop.ro\/store\/wp-content\/uploads\/2024\/04\/2580-1_1280x1280.jpg\" \/>\n\t<meta property=\"og:image:width\" content=\"1280\" \/>\n\t<meta property=\"og:image:height\" content=\"821\" \/>\n\t<meta property=\"og:image:type\" content=\"image\/jpeg\" \/>\n<meta name=\"twitter:card\" content=\"summary_large_image\" \/>\n<meta name=\"twitter:label1\" content=\"Timp estimat pentru citire\" \/>\n\t<meta name=\"twitter:data1\" content=\"1 minut\" \/>\n<script type=\"application\/ld+json\" class=\"yoast-schema-graph\">{\"@context\":\"https:\/\/schema.org\",\"@graph\":[{\"@type\":\"WebPage\",\"@id\":\"https:\/\/all4laptop.ro\/store\/produs\/patona-premium-incarcator-20v-45a-90w-square-tip-pt-lenovo-thinkpad-t470p-t460p-t440p-x1-carbon\/\",\"url\":\"https:\/\/all4laptop.ro\/store\/produs\/patona-premium-incarcator-20v-45a-90w-square-tip-pt-lenovo-thinkpad-t470p-t460p-t440p-x1-carbon\/\",\"name\":\"PATONA Premium Incarcator 20V 4,5A 90W Square Tip pt. Lenovo ThinkPad T470P T460P T440P X1 Carbon - All4Laptop.ro\",\"isPartOf\":{\"@id\":\"https:\/\/all4laptop.ro\/store\/#website\"},\"primaryImageOfPage\":{\"@id\":\"https:\/\/all4laptop.ro\/store\/produs\/patona-premium-incarcator-20v-45a-90w-square-tip-pt-lenovo-thinkpad-t470p-t460p-t440p-x1-carbon\/#primaryimage\"},\"image\":{\"@id\":\"https:\/\/all4laptop.ro\/store\/produs\/patona-premium-incarcator-20v-45a-90w-square-tip-pt-lenovo-thinkpad-t470p-t460p-t440p-x1-carbon\/#primaryimage\"},\"thumbnailUrl\":\"https:\/\/all4laptop.ro\/store\/wp-content\/uploads\/2024\/04\/2580-1_1280x1280.jpg\",\"datePublished\":\"2024-04-16T08:25:17+00:00\",\"dateModified\":\"2024-06-17T06:33:34+00:00\",\"breadcrumb\":{\"@id\":\"https:\/\/all4laptop.ro\/store\/produs\/patona-premium-incarcator-20v-45a-90w-square-tip-pt-lenovo-thinkpad-t470p-t460p-t440p-x1-carbon\/#breadcrumb\"},\"inLanguage\":\"ro-RO\",\"potentialAction\":[{\"@type\":\"ReadAction\",\"target\":[\"https:\/\/all4laptop.ro\/store\/produs\/patona-premium-incarcator-20v-45a-90w-square-tip-pt-lenovo-thinkpad-t470p-t460p-t440p-x1-carbon\/\"]}]},{\"@type\":\"ImageObject\",\"inLanguage\":\"ro-RO\",\"@id\":\"https:\/\/all4laptop.ro\/store\/produs\/patona-premium-incarcator-20v-45a-90w-square-tip-pt-lenovo-thinkpad-t470p-t460p-t440p-x1-carbon\/#primaryimage\",\"url\":\"https:\/\/all4laptop.ro\/store\/wp-content\/uploads\/2024\/04\/2580-1_1280x1280.jpg\",\"contentUrl\":\"https:\/\/all4laptop.ro\/store\/wp-content\/uploads\/2024\/04\/2580-1_1280x1280.jpg\",\"width\":1280,\"height\":821},{\"@type\":\"BreadcrumbList\",\"@id\":\"https:\/\/all4laptop.ro\/store\/produs\/patona-premium-incarcator-20v-45a-90w-square-tip-pt-lenovo-thinkpad-t470p-t460p-t440p-x1-carbon\/#breadcrumb\",\"itemListElement\":[{\"@type\":\"ListItem\",\"position\":1,\"name\":\"Prima pagin\u0103\",\"item\":\"https:\/\/all4laptop.ro\/store\/\"},{\"@type\":\"ListItem\",\"position\":2,\"name\":\"Magazin\",\"item\":\"https:\/\/all4laptop.ro\/store\/\"},{\"@type\":\"ListItem\",\"position\":3,\"name\":\"PATONA Premium Incarcator 20V 4,5A 90W Square Tip pt. Lenovo ThinkPad T470P T460P T440P X1 Carbon\"}]},{\"@type\":\"WebSite\",\"@id\":\"https:\/\/all4laptop.ro\/store\/#website\",\"url\":\"https:\/\/all4laptop.ro\/store\/\",\"name\":\"All4Laptop.ro\",\"description\":\"Baterii, tastaturi, incarcatoare, display-uri, coolere, balamale si piese laptop\",\"publisher\":{\"@id\":\"https:\/\/all4laptop.ro\/store\/#organization\"},\"alternateName\":\"All4Laptop by Mado Solutions\",\"potentialAction\":[{\"@type\":\"SearchAction\",\"target\":{\"@type\":\"EntryPoint\",\"urlTemplate\":\"https:\/\/all4laptop.ro\/store\/?s={search_term_string}\"},\"query-input\":\"required name=search_term_string\"}],\"inLanguage\":\"ro-RO\"},{\"@type\":\"Organization\",\"@id\":\"https:\/\/all4laptop.ro\/store\/#organization\",\"name\":\"Mado Solutions SRL\",\"alternateName\":\"All4Laptop.ro by Mado Solutions SRL\",\"url\":\"https:\/\/all4laptop.ro\/store\/\",\"logo\":{\"@type\":\"ImageObject\",\"inLanguage\":\"ro-RO\",\"@id\":\"https:\/\/all4laptop.ro\/store\/#\/schema\/logo\/image\/\",\"url\":\"https:\/\/all4laptop.ro\/store\/wp-content\/uploads\/2024\/05\/2.jpg\",\"contentUrl\":\"https:\/\/all4laptop.ro\/store\/wp-content\/uploads\/2024\/05\/2.jpg\",\"width\":408,\"height\":318,\"caption\":\"Mado Solutions SRL\"},\"image\":{\"@id\":\"https:\/\/all4laptop.ro\/store\/#\/schema\/logo\/image\/\"},\"sameAs\":[\"https:\/\/www.facebook.com\/all4laptop.ro\"]}]}<\/script>\n<!-- \/ Yoast SEO plugin. -->","yoast_head_json":{"title":"PATONA Premium Incarcator 20V 4,5A 90W Square Tip pt. Lenovo ThinkPad T470P T460P T440P X1 Carbon - All4Laptop.ro","robots":{"index":"index","follow":"follow","max-snippet":"max-snippet:-1","max-image-preview":"max-image-preview:large","max-video-preview":"max-video-preview:-1"},"canonical":"https:\/\/all4laptop.ro\/store\/produs\/patona-premium-incarcator-20v-45a-90w-square-tip-pt-lenovo-thinkpad-t470p-t460p-t440p-x1-carbon\/","og_locale":"ro_RO","og_type":"article","og_title":"PATONA Premium Incarcator 20V 4,5A 90W Square Tip pt. Lenovo ThinkPad T470P T460P T440P X1 Carbon - All4Laptop.ro","og_description":"Incarcator PATONA Premium 20V 4,5A 90W Varf p\u0103trat pt. Lenovo ThinkPad T470P T460P T440P X1 Carbon Ca un alt produs al seriei noastre PATONA Premium, v\u0103 prezent\u0103m sursele noastre de alimentare pentru notebook-uri de calitate premium. Acestea au fost special dezvoltate pentru a asigura o siguran\u021b\u0103 ridicat\u0103, calitate \u0219i fiabilitate absolut\u0103. Sunt ideale pentru utilizatori [&hellip;]","og_url":"https:\/\/all4laptop.ro\/store\/produs\/patona-premium-incarcator-20v-45a-90w-square-tip-pt-lenovo-thinkpad-t470p-t460p-t440p-x1-carbon\/","og_site_name":"All4Laptop.ro","article_publisher":"https:\/\/www.facebook.com\/all4laptop.ro","article_modified_time":"2024-06-17T06:33:34+00:00","og_image":[{"width":1280,"height":821,"url":"https:\/\/all4laptop.ro\/store\/wp-content\/uploads\/2024\/04\/2580-1_1280x1280.jpg","type":"image\/jpeg"}],"twitter_card":"summary_large_image","twitter_misc":{"Timp estimat pentru citire":"1 minut"},"schema":{"@context":"https:\/\/schema.org","@graph":[{"@type":"WebPage","@id":"https:\/\/all4laptop.ro\/store\/produs\/patona-premium-incarcator-20v-45a-90w-square-tip-pt-lenovo-thinkpad-t470p-t460p-t440p-x1-carbon\/","url":"https:\/\/all4laptop.ro\/store\/produs\/patona-premium-incarcator-20v-45a-90w-square-tip-pt-lenovo-thinkpad-t470p-t460p-t440p-x1-carbon\/","name":"PATONA Premium Incarcator 20V 4,5A 90W Square Tip pt. Lenovo ThinkPad T470P T460P T440P X1 Carbon - All4Laptop.ro","isPartOf":{"@id":"https:\/\/all4laptop.ro\/store\/#website"},"primaryImageOfPage":{"@id":"https:\/\/all4laptop.ro\/store\/produs\/patona-premium-incarcator-20v-45a-90w-square-tip-pt-lenovo-thinkpad-t470p-t460p-t440p-x1-carbon\/#primaryimage"},"image":{"@id":"https:\/\/all4laptop.ro\/store\/produs\/patona-premium-incarcator-20v-45a-90w-square-tip-pt-lenovo-thinkpad-t470p-t460p-t440p-x1-carbon\/#primaryimage"},"thumbnailUrl":"https:\/\/all4laptop.ro\/store\/wp-content\/uploads\/2024\/04\/2580-1_1280x1280.jpg","datePublished":"2024-04-16T08:25:17+00:00","dateModified":"2024-06-17T06:33:34+00:00","breadcrumb":{"@id":"https:\/\/all4laptop.ro\/store\/produs\/patona-premium-incarcator-20v-45a-90w-square-tip-pt-lenovo-thinkpad-t470p-t460p-t440p-x1-carbon\/#breadcrumb"},"inLanguage":"ro-RO","potentialAction":[{"@type":"ReadAction","target":["https:\/\/all4laptop.ro\/store\/produs\/patona-premium-incarcator-20v-45a-90w-square-tip-pt-lenovo-thinkpad-t470p-t460p-t440p-x1-carbon\/"]}]},{"@type":"ImageObject","inLanguage":"ro-RO","@id":"https:\/\/all4laptop.ro\/store\/produs\/patona-premium-incarcator-20v-45a-90w-square-tip-pt-lenovo-thinkpad-t470p-t460p-t440p-x1-carbon\/#primaryimage","url":"https:\/\/all4laptop.ro\/store\/wp-content\/uploads\/2024\/04\/2580-1_1280x1280.jpg","contentUrl":"https:\/\/all4laptop.ro\/store\/wp-content\/uploads\/2024\/04\/2580-1_1280x1280.jpg","width":1280,"height":821},{"@type":"BreadcrumbList","@id":"https:\/\/all4laptop.ro\/store\/produs\/patona-premium-incarcator-20v-45a-90w-square-tip-pt-lenovo-thinkpad-t470p-t460p-t440p-x1-carbon\/#breadcrumb","itemListElement":[{"@type":"ListItem","position":1,"name":"Prima pagin\u0103","item":"https:\/\/all4laptop.ro\/store\/"},{"@type":"ListItem","position":2,"name":"Magazin","item":"https:\/\/all4laptop.ro\/store\/"},{"@type":"ListItem","position":3,"name":"PATONA Premium Incarcator 20V 4,5A 90W Square Tip pt. Lenovo ThinkPad T470P T460P T440P X1 Carbon"}]},{"@type":"WebSite","@id":"https:\/\/all4laptop.ro\/store\/#website","url":"https:\/\/all4laptop.ro\/store\/","name":"All4Laptop.ro","description":"Baterii, tastaturi, incarcatoare, display-uri, coolere, balamale si piese laptop","publisher":{"@id":"https:\/\/all4laptop.ro\/store\/#organization"},"alternateName":"All4Laptop by Mado Solutions","potentialAction":[{"@type":"SearchAction","target":{"@type":"EntryPoint","urlTemplate":"https:\/\/all4laptop.ro\/store\/?s={search_term_string}"},"query-input":"required name=search_term_string"}],"inLanguage":"ro-RO"},{"@type":"Organization","@id":"https:\/\/all4laptop.ro\/store\/#organization","name":"Mado Solutions SRL","alternateName":"All4Laptop.ro by Mado Solutions SRL","url":"https:\/\/all4laptop.ro\/store\/","logo":{"@type":"ImageObject","inLanguage":"ro-RO","@id":"https:\/\/all4laptop.ro\/store\/#\/schema\/logo\/image\/","url":"https:\/\/all4laptop.ro\/store\/wp-content\/uploads\/2024\/05\/2.jpg","contentUrl":"https:\/\/all4laptop.ro\/store\/wp-content\/uploads\/2024\/05\/2.jpg","width":408,"height":318,"caption":"Mado Solutions SRL"},"image":{"@id":"https:\/\/all4laptop.ro\/store\/#\/schema\/logo\/image\/"},"sameAs":["https:\/\/www.facebook.com\/all4laptop.ro"]}]}},"_links":{"self":[{"href":"https:\/\/all4laptop.ro\/store\/wp-json\/wp\/v2\/product\/4102","targetHints":{"allow":["GET"]}}],"collection":[{"href":"https:\/\/all4laptop.ro\/store\/wp-json\/wp\/v2\/product"}],"about":[{"href":"https:\/\/all4laptop.ro\/store\/wp-json\/wp\/v2\/types\/product"}],"replies":[{"embeddable":true,"href":"https:\/\/all4laptop.ro\/store\/wp-json\/wp\/v2\/comments?post=4102"}],"wp:featuredmedia":[{"embeddable":true,"href":"https:\/\/all4laptop.ro\/store\/wp-json\/wp\/v2\/media\/4101"}],"wp:attachment":[{"href":"https:\/\/all4laptop.ro\/store\/wp-json\/wp\/v2\/media?parent=4102"}],"wp:term":[{"taxonomy":"product_cat","embeddable":true,"href":"https:\/\/all4laptop.ro\/store\/wp-json\/wp\/v2\/product_cat?post=4102"},{"taxonomy":"product_tag","embeddable":true,"href":"https:\/\/all4laptop.ro\/store\/wp-json\/wp\/v2\/product_tag?post=4102"}],"curies":[{"name":"wp","href":"https:\/\/api.w.org\/{rel}","templated":true}]}}