{"id":4216,"date":"2024-04-16T08:53:54","date_gmt":"2024-04-16T08:53:54","guid":{"rendered":"https:\/\/dev4.acvision.ro\/store\/produs\/patona-batterie-pt-e-scooter-patona-pt12-1-6400mah-with-sanyo-cells\/"},"modified":"2024-06-17T06:34:12","modified_gmt":"2024-06-17T06:34:12","slug":"patona-batterie-pt-e-scooter-patona-pt12-1-6400mah-with-sanyo-cells","status":"publish","type":"product","link":"https:\/\/all4laptop.ro\/store\/produs\/patona-batterie-pt-e-scooter-patona-pt12-1-6400mah-with-sanyo-cells\/","title":{"rendered":"PATONA Batterie pt. E-Scooter PATONA PT12-1 6400mAh with Sanyo Cells"},"content":{"rendered":"<h2>Baterie PATONA pt. E-Scooter PATONA PT12-1 6400mAh cu celule Sanyo<\/h2>\n<p>Cu aceast\u0103 baterie de \u00eenalt\u0103 calitate cu celule Sanyo pute\u021bi extinde raza de ac\u021biune a e-scooterului nostru PATONA PT12-1 cu aproximativ 20-25%. Bateria poate fi \u00eenlocuit\u0103 cu u\u0219urin\u021b\u0103 prin c\u00e2\u021biva pa\u0219i simpli.<\/p>\n<p><strong>Data tehnice:<\/strong><br \/>\nCapacitate: 6400mAh<br \/>\nTensiune: 36V DC<br \/>\nDimensiuni: 483 mm x 51 mm (L x \u00d8)<\/p>\n<p><span style=\"color: #ff0000\"><strong>Not\u0103 pentru dealerii no\u0219tri: Este posibil ca aceast\u0103 baterie s\u0103 nu fie oferit\u0103 spre v\u00e2nzare pe eBay, Amazon \u0219i real.<\/strong><\/span><\/p>\n<p><span style=\"color: #ff0000\">Aten\u021bie: <\/span><br \/>\n<span style=\"color: #ff0000\">Aceast\u0103 baterie are mai mult de 100 Wh \u0219i face obiectul ordonan\u021bei privind m\u0103rfurile periculoase GGBefG, GGVSEB, ADR, RID, IMDG-Code \u0219i IATA \u0219i poate fi transportat numai \u00een condi\u021bii speciale.<\/span><\/p>\n<p>Imaginile sunt doar cu titlu ilustrativ. scopuri &#8211; livrarea poate varia. Este oferit un produs marca de calitate PATONA.<\/p>\n","protected":false},"excerpt":{"rendered":"<p>Baterie PATONA pt. E-Scooter PATONA PT12-1 6400mAh cu celule Sanyo Cu aceast\u0103 baterie de \u00eenalt\u0103 calitate cu celule Sanyo pute\u021bi extinde raza de ac\u021biune a e-scooterului nostru PATONA PT12-1 cu aproximativ 20-25%. Bateria poate fi \u00eenlocuit\u0103 cu u\u0219urin\u021b\u0103 prin c\u00e2\u021biva pa\u0219i simpli. Data tehnice: Capacitate: 6400mAh Tensiune: 36V DC Dimensiuni: 483 mm x 51 mm [&hellip;]<\/p>\n","protected":false},"featured_media":4215,"comment_status":"open","ping_status":"closed","template":"","meta":{"_joinchat":[]},"product_cat":[195],"product_tag":[],"class_list":{"0":"post-4216","1":"product","2":"type-product","3":"status-publish","4":"has-post-thumbnail","6":"product_cat-e-mobility","7":"product_shipping_class-valoare","9":"first","10":"instock","11":"shipping-taxable","12":"purchasable","13":"product-type-simple"},"yoast_head":"<!-- This site is optimized with the Yoast SEO plugin v22.7 - https:\/\/yoast.com\/wordpress\/plugins\/seo\/ -->\n<title>PATONA Batterie pt. E-Scooter PATONA PT12-1 6400mAh with Sanyo Cells - All4Laptop.ro<\/title>\n<meta name=\"robots\" content=\"index, follow, max-snippet:-1, max-image-preview:large, max-video-preview:-1\" \/>\n<link rel=\"canonical\" href=\"https:\/\/all4laptop.ro\/store\/produs\/patona-batterie-pt-e-scooter-patona-pt12-1-6400mah-with-sanyo-cells\/\" \/>\n<meta property=\"og:locale\" content=\"ro_RO\" \/>\n<meta property=\"og:type\" content=\"article\" \/>\n<meta property=\"og:title\" content=\"PATONA Batterie pt. E-Scooter PATONA PT12-1 6400mAh with Sanyo Cells - All4Laptop.ro\" \/>\n<meta property=\"og:description\" content=\"Baterie PATONA pt. E-Scooter PATONA PT12-1 6400mAh cu celule Sanyo Cu aceast\u0103 baterie de \u00eenalt\u0103 calitate cu celule Sanyo pute\u021bi extinde raza de ac\u021biune a e-scooterului nostru PATONA PT12-1 cu aproximativ 20-25%. Bateria poate fi \u00eenlocuit\u0103 cu u\u0219urin\u021b\u0103 prin c\u00e2\u021biva pa\u0219i simpli. Data tehnice: Capacitate: 6400mAh Tensiune: 36V DC Dimensiuni: 483 mm x 51 mm [&hellip;]\" \/>\n<meta property=\"og:url\" content=\"https:\/\/all4laptop.ro\/store\/produs\/patona-batterie-pt-e-scooter-patona-pt12-1-6400mah-with-sanyo-cells\/\" \/>\n<meta property=\"og:site_name\" content=\"All4Laptop.ro\" \/>\n<meta property=\"article:publisher\" content=\"https:\/\/www.facebook.com\/all4laptop.ro\" \/>\n<meta property=\"article:modified_time\" content=\"2024-06-17T06:34:12+00:00\" \/>\n<meta property=\"og:image\" content=\"https:\/\/all4laptop.ro\/store\/wp-content\/uploads\/2024\/04\/7807-2_1280x1280.jpg\" \/>\n\t<meta property=\"og:image:width\" content=\"1280\" \/>\n\t<meta property=\"og:image:height\" content=\"464\" \/>\n\t<meta property=\"og:image:type\" content=\"image\/jpeg\" \/>\n<meta name=\"twitter:card\" content=\"summary_large_image\" \/>\n<meta name=\"twitter:label1\" content=\"Timp estimat pentru citire\" \/>\n\t<meta name=\"twitter:data1\" content=\"1 minut\" \/>\n<script type=\"application\/ld+json\" class=\"yoast-schema-graph\">{\"@context\":\"https:\/\/schema.org\",\"@graph\":[{\"@type\":\"WebPage\",\"@id\":\"https:\/\/all4laptop.ro\/store\/produs\/patona-batterie-pt-e-scooter-patona-pt12-1-6400mah-with-sanyo-cells\/\",\"url\":\"https:\/\/all4laptop.ro\/store\/produs\/patona-batterie-pt-e-scooter-patona-pt12-1-6400mah-with-sanyo-cells\/\",\"name\":\"PATONA Batterie pt. E-Scooter PATONA PT12-1 6400mAh with Sanyo Cells - All4Laptop.ro\",\"isPartOf\":{\"@id\":\"https:\/\/all4laptop.ro\/store\/#website\"},\"primaryImageOfPage\":{\"@id\":\"https:\/\/all4laptop.ro\/store\/produs\/patona-batterie-pt-e-scooter-patona-pt12-1-6400mah-with-sanyo-cells\/#primaryimage\"},\"image\":{\"@id\":\"https:\/\/all4laptop.ro\/store\/produs\/patona-batterie-pt-e-scooter-patona-pt12-1-6400mah-with-sanyo-cells\/#primaryimage\"},\"thumbnailUrl\":\"https:\/\/all4laptop.ro\/store\/wp-content\/uploads\/2024\/04\/7807-2_1280x1280.jpg\",\"datePublished\":\"2024-04-16T08:53:54+00:00\",\"dateModified\":\"2024-06-17T06:34:12+00:00\",\"breadcrumb\":{\"@id\":\"https:\/\/all4laptop.ro\/store\/produs\/patona-batterie-pt-e-scooter-patona-pt12-1-6400mah-with-sanyo-cells\/#breadcrumb\"},\"inLanguage\":\"ro-RO\",\"potentialAction\":[{\"@type\":\"ReadAction\",\"target\":[\"https:\/\/all4laptop.ro\/store\/produs\/patona-batterie-pt-e-scooter-patona-pt12-1-6400mah-with-sanyo-cells\/\"]}]},{\"@type\":\"ImageObject\",\"inLanguage\":\"ro-RO\",\"@id\":\"https:\/\/all4laptop.ro\/store\/produs\/patona-batterie-pt-e-scooter-patona-pt12-1-6400mah-with-sanyo-cells\/#primaryimage\",\"url\":\"https:\/\/all4laptop.ro\/store\/wp-content\/uploads\/2024\/04\/7807-2_1280x1280.jpg\",\"contentUrl\":\"https:\/\/all4laptop.ro\/store\/wp-content\/uploads\/2024\/04\/7807-2_1280x1280.jpg\",\"width\":1280,\"height\":464},{\"@type\":\"BreadcrumbList\",\"@id\":\"https:\/\/all4laptop.ro\/store\/produs\/patona-batterie-pt-e-scooter-patona-pt12-1-6400mah-with-sanyo-cells\/#breadcrumb\",\"itemListElement\":[{\"@type\":\"ListItem\",\"position\":1,\"name\":\"Prima pagin\u0103\",\"item\":\"https:\/\/all4laptop.ro\/store\/\"},{\"@type\":\"ListItem\",\"position\":2,\"name\":\"Magazin\",\"item\":\"https:\/\/all4laptop.ro\/store\/\"},{\"@type\":\"ListItem\",\"position\":3,\"name\":\"PATONA Batterie pt. E-Scooter PATONA PT12-1 6400mAh with Sanyo Cells\"}]},{\"@type\":\"WebSite\",\"@id\":\"https:\/\/all4laptop.ro\/store\/#website\",\"url\":\"https:\/\/all4laptop.ro\/store\/\",\"name\":\"All4Laptop.ro\",\"description\":\"Baterii, tastaturi, incarcatoare, display-uri, coolere, balamale si piese laptop\",\"publisher\":{\"@id\":\"https:\/\/all4laptop.ro\/store\/#organization\"},\"alternateName\":\"All4Laptop by Mado Solutions\",\"potentialAction\":[{\"@type\":\"SearchAction\",\"target\":{\"@type\":\"EntryPoint\",\"urlTemplate\":\"https:\/\/all4laptop.ro\/store\/?s={search_term_string}\"},\"query-input\":\"required name=search_term_string\"}],\"inLanguage\":\"ro-RO\"},{\"@type\":\"Organization\",\"@id\":\"https:\/\/all4laptop.ro\/store\/#organization\",\"name\":\"Mado Solutions SRL\",\"alternateName\":\"All4Laptop.ro by Mado Solutions SRL\",\"url\":\"https:\/\/all4laptop.ro\/store\/\",\"logo\":{\"@type\":\"ImageObject\",\"inLanguage\":\"ro-RO\",\"@id\":\"https:\/\/all4laptop.ro\/store\/#\/schema\/logo\/image\/\",\"url\":\"https:\/\/all4laptop.ro\/store\/wp-content\/uploads\/2024\/05\/2.jpg\",\"contentUrl\":\"https:\/\/all4laptop.ro\/store\/wp-content\/uploads\/2024\/05\/2.jpg\",\"width\":408,\"height\":318,\"caption\":\"Mado Solutions SRL\"},\"image\":{\"@id\":\"https:\/\/all4laptop.ro\/store\/#\/schema\/logo\/image\/\"},\"sameAs\":[\"https:\/\/www.facebook.com\/all4laptop.ro\"]}]}<\/script>\n<!-- \/ Yoast SEO plugin. -->","yoast_head_json":{"title":"PATONA Batterie pt. E-Scooter PATONA PT12-1 6400mAh with Sanyo Cells - All4Laptop.ro","robots":{"index":"index","follow":"follow","max-snippet":"max-snippet:-1","max-image-preview":"max-image-preview:large","max-video-preview":"max-video-preview:-1"},"canonical":"https:\/\/all4laptop.ro\/store\/produs\/patona-batterie-pt-e-scooter-patona-pt12-1-6400mah-with-sanyo-cells\/","og_locale":"ro_RO","og_type":"article","og_title":"PATONA Batterie pt. E-Scooter PATONA PT12-1 6400mAh with Sanyo Cells - All4Laptop.ro","og_description":"Baterie PATONA pt. E-Scooter PATONA PT12-1 6400mAh cu celule Sanyo Cu aceast\u0103 baterie de \u00eenalt\u0103 calitate cu celule Sanyo pute\u021bi extinde raza de ac\u021biune a e-scooterului nostru PATONA PT12-1 cu aproximativ 20-25%. Bateria poate fi \u00eenlocuit\u0103 cu u\u0219urin\u021b\u0103 prin c\u00e2\u021biva pa\u0219i simpli. Data tehnice: Capacitate: 6400mAh Tensiune: 36V DC Dimensiuni: 483 mm x 51 mm [&hellip;]","og_url":"https:\/\/all4laptop.ro\/store\/produs\/patona-batterie-pt-e-scooter-patona-pt12-1-6400mah-with-sanyo-cells\/","og_site_name":"All4Laptop.ro","article_publisher":"https:\/\/www.facebook.com\/all4laptop.ro","article_modified_time":"2024-06-17T06:34:12+00:00","og_image":[{"width":1280,"height":464,"url":"https:\/\/all4laptop.ro\/store\/wp-content\/uploads\/2024\/04\/7807-2_1280x1280.jpg","type":"image\/jpeg"}],"twitter_card":"summary_large_image","twitter_misc":{"Timp estimat pentru citire":"1 minut"},"schema":{"@context":"https:\/\/schema.org","@graph":[{"@type":"WebPage","@id":"https:\/\/all4laptop.ro\/store\/produs\/patona-batterie-pt-e-scooter-patona-pt12-1-6400mah-with-sanyo-cells\/","url":"https:\/\/all4laptop.ro\/store\/produs\/patona-batterie-pt-e-scooter-patona-pt12-1-6400mah-with-sanyo-cells\/","name":"PATONA Batterie pt. E-Scooter PATONA PT12-1 6400mAh with Sanyo Cells - All4Laptop.ro","isPartOf":{"@id":"https:\/\/all4laptop.ro\/store\/#website"},"primaryImageOfPage":{"@id":"https:\/\/all4laptop.ro\/store\/produs\/patona-batterie-pt-e-scooter-patona-pt12-1-6400mah-with-sanyo-cells\/#primaryimage"},"image":{"@id":"https:\/\/all4laptop.ro\/store\/produs\/patona-batterie-pt-e-scooter-patona-pt12-1-6400mah-with-sanyo-cells\/#primaryimage"},"thumbnailUrl":"https:\/\/all4laptop.ro\/store\/wp-content\/uploads\/2024\/04\/7807-2_1280x1280.jpg","datePublished":"2024-04-16T08:53:54+00:00","dateModified":"2024-06-17T06:34:12+00:00","breadcrumb":{"@id":"https:\/\/all4laptop.ro\/store\/produs\/patona-batterie-pt-e-scooter-patona-pt12-1-6400mah-with-sanyo-cells\/#breadcrumb"},"inLanguage":"ro-RO","potentialAction":[{"@type":"ReadAction","target":["https:\/\/all4laptop.ro\/store\/produs\/patona-batterie-pt-e-scooter-patona-pt12-1-6400mah-with-sanyo-cells\/"]}]},{"@type":"ImageObject","inLanguage":"ro-RO","@id":"https:\/\/all4laptop.ro\/store\/produs\/patona-batterie-pt-e-scooter-patona-pt12-1-6400mah-with-sanyo-cells\/#primaryimage","url":"https:\/\/all4laptop.ro\/store\/wp-content\/uploads\/2024\/04\/7807-2_1280x1280.jpg","contentUrl":"https:\/\/all4laptop.ro\/store\/wp-content\/uploads\/2024\/04\/7807-2_1280x1280.jpg","width":1280,"height":464},{"@type":"BreadcrumbList","@id":"https:\/\/all4laptop.ro\/store\/produs\/patona-batterie-pt-e-scooter-patona-pt12-1-6400mah-with-sanyo-cells\/#breadcrumb","itemListElement":[{"@type":"ListItem","position":1,"name":"Prima pagin\u0103","item":"https:\/\/all4laptop.ro\/store\/"},{"@type":"ListItem","position":2,"name":"Magazin","item":"https:\/\/all4laptop.ro\/store\/"},{"@type":"ListItem","position":3,"name":"PATONA Batterie pt. E-Scooter PATONA PT12-1 6400mAh with Sanyo Cells"}]},{"@type":"WebSite","@id":"https:\/\/all4laptop.ro\/store\/#website","url":"https:\/\/all4laptop.ro\/store\/","name":"All4Laptop.ro","description":"Baterii, tastaturi, incarcatoare, display-uri, coolere, balamale si piese laptop","publisher":{"@id":"https:\/\/all4laptop.ro\/store\/#organization"},"alternateName":"All4Laptop by Mado Solutions","potentialAction":[{"@type":"SearchAction","target":{"@type":"EntryPoint","urlTemplate":"https:\/\/all4laptop.ro\/store\/?s={search_term_string}"},"query-input":"required name=search_term_string"}],"inLanguage":"ro-RO"},{"@type":"Organization","@id":"https:\/\/all4laptop.ro\/store\/#organization","name":"Mado Solutions SRL","alternateName":"All4Laptop.ro by Mado Solutions SRL","url":"https:\/\/all4laptop.ro\/store\/","logo":{"@type":"ImageObject","inLanguage":"ro-RO","@id":"https:\/\/all4laptop.ro\/store\/#\/schema\/logo\/image\/","url":"https:\/\/all4laptop.ro\/store\/wp-content\/uploads\/2024\/05\/2.jpg","contentUrl":"https:\/\/all4laptop.ro\/store\/wp-content\/uploads\/2024\/05\/2.jpg","width":408,"height":318,"caption":"Mado Solutions SRL"},"image":{"@id":"https:\/\/all4laptop.ro\/store\/#\/schema\/logo\/image\/"},"sameAs":["https:\/\/www.facebook.com\/all4laptop.ro"]}]}},"_links":{"self":[{"href":"https:\/\/all4laptop.ro\/store\/wp-json\/wp\/v2\/product\/4216","targetHints":{"allow":["GET"]}}],"collection":[{"href":"https:\/\/all4laptop.ro\/store\/wp-json\/wp\/v2\/product"}],"about":[{"href":"https:\/\/all4laptop.ro\/store\/wp-json\/wp\/v2\/types\/product"}],"replies":[{"embeddable":true,"href":"https:\/\/all4laptop.ro\/store\/wp-json\/wp\/v2\/comments?post=4216"}],"wp:featuredmedia":[{"embeddable":true,"href":"https:\/\/all4laptop.ro\/store\/wp-json\/wp\/v2\/media\/4215"}],"wp:attachment":[{"href":"https:\/\/all4laptop.ro\/store\/wp-json\/wp\/v2\/media?parent=4216"}],"wp:term":[{"taxonomy":"product_cat","embeddable":true,"href":"https:\/\/all4laptop.ro\/store\/wp-json\/wp\/v2\/product_cat?post=4216"},{"taxonomy":"product_tag","embeddable":true,"href":"https:\/\/all4laptop.ro\/store\/wp-json\/wp\/v2\/product_tag?post=4216"}],"curies":[{"name":"wp","href":"https:\/\/api.w.org\/{rel}","templated":true}]}}