{"id":4224,"date":"2024-04-16T08:54:04","date_gmt":"2024-04-16T08:54:04","guid":{"rendered":"https:\/\/dev4.acvision.ro\/store\/produs\/incarcator-pt-patona-e-scooter-pt12-and-pt13\/"},"modified":"2024-06-17T06:34:16","modified_gmt":"2024-06-17T06:34:16","slug":"incarcator-pt-patona-e-scooter-pt12-and-pt13","status":"publish","type":"product","link":"https:\/\/all4laptop.ro\/store\/produs\/incarcator-pt-patona-e-scooter-pt12-and-pt13\/","title":{"rendered":"Incarcator pt. PATONA E-Scooter PT12 and PT13"},"content":{"rendered":"<h2>Incarcator pentru scutere electrice PATONA PT12 \u0219i PT13<\/h2>\n<p>Incarcator pentru scuterele noastre electrice PATONA PT12 \u0219i PT13. Utilizabil ca prim sau al doilea incarcator.<\/p>\n<p> Preten\u021bia m\u0103rcii PATONA este cel mai \u00eenalt nivel de calitate. Desigur, aceasta include \u0219i standarde extraordinare de siguran\u021b\u0103. Sursele de alimentare replica perfect compatibile includ \u00een mod natural toate m\u0103surile de siguran\u021b\u0103 electronice, cum ar fi limitarea curentului de \u00eenc\u0103rcare, protec\u021bia la temperatur\u0103 \u0219i supracurent a surselor de alimentare originale \u0219i \u00eendeplinesc cele mai \u00eenalte standarde de calitate europene.<br \/> Numai materiale plastice, cabluri de \u00eenalt\u0103 calitate \u0219i testate la calitate. iar componentele electronice sunt folosite. PATONA ofer\u0103 \u00eentotdeauna calitate superioar\u0103 la pre\u021buri corecte.<\/p>\n<p><strong>Data tehnice:<\/strong><br \/>Intrare: 100-240V AC 50-60Hz<br \/>Livrare: unitate de alimentare, putere cablu<\/p>\n<p><strong>Incarcatorul este potrivit pentru:<\/p>\n<p>PATONA<\/strong> E-Scooter PT12 \/ PT12-1<br \/><strong>PATONA< \/strong> E-Scooter PT13 \/ PT13-1<\/p>\n<p>Imaginile sunt exemple de imagini, articolul livrat poate diferi. Este oferit un produs marca de calitate PATONA.<\/p>\n","protected":false},"excerpt":{"rendered":"<p>Incarcator pentru scutere electrice PATONA PT12 \u0219i PT13 Incarcator pentru scuterele noastre electrice PATONA PT12 \u0219i PT13. Utilizabil ca prim sau al doilea incarcator. Preten\u021bia m\u0103rcii PATONA este cel mai \u00eenalt nivel de calitate. Desigur, aceasta include \u0219i standarde extraordinare de siguran\u021b\u0103. Sursele de alimentare replica perfect compatibile includ \u00een mod natural toate m\u0103surile de [&hellip;]<\/p>\n","protected":false},"featured_media":4223,"comment_status":"open","ping_status":"closed","template":"","meta":{"_joinchat":[]},"product_cat":[195],"product_tag":[],"class_list":{"0":"post-4224","1":"product","2":"type-product","3":"status-publish","4":"has-post-thumbnail","6":"product_cat-e-mobility","7":"product_shipping_class-valoare","9":"first","10":"instock","11":"shipping-taxable","12":"purchasable","13":"product-type-simple"},"yoast_head":"<!-- This site is optimized with the Yoast SEO plugin v22.7 - https:\/\/yoast.com\/wordpress\/plugins\/seo\/ -->\n<title>Incarcator pt. PATONA E-Scooter PT12 and PT13 - All4Laptop.ro<\/title>\n<meta name=\"robots\" content=\"index, follow, max-snippet:-1, max-image-preview:large, max-video-preview:-1\" \/>\n<link rel=\"canonical\" href=\"https:\/\/all4laptop.ro\/store\/produs\/incarcator-pt-patona-e-scooter-pt12-and-pt13\/\" \/>\n<meta property=\"og:locale\" content=\"ro_RO\" \/>\n<meta property=\"og:type\" content=\"article\" \/>\n<meta property=\"og:title\" content=\"Incarcator pt. PATONA E-Scooter PT12 and PT13 - All4Laptop.ro\" \/>\n<meta property=\"og:description\" content=\"Incarcator pentru scutere electrice PATONA PT12 \u0219i PT13 Incarcator pentru scuterele noastre electrice PATONA PT12 \u0219i PT13. Utilizabil ca prim sau al doilea incarcator. Preten\u021bia m\u0103rcii PATONA este cel mai \u00eenalt nivel de calitate. Desigur, aceasta include \u0219i standarde extraordinare de siguran\u021b\u0103. Sursele de alimentare replica perfect compatibile includ \u00een mod natural toate m\u0103surile de [&hellip;]\" \/>\n<meta property=\"og:url\" content=\"https:\/\/all4laptop.ro\/store\/produs\/incarcator-pt-patona-e-scooter-pt12-and-pt13\/\" \/>\n<meta property=\"og:site_name\" content=\"All4Laptop.ro\" \/>\n<meta property=\"article:publisher\" content=\"https:\/\/www.facebook.com\/all4laptop.ro\" \/>\n<meta property=\"article:modified_time\" content=\"2024-06-17T06:34:16+00:00\" \/>\n<meta property=\"og:image\" content=\"https:\/\/all4laptop.ro\/store\/wp-content\/uploads\/2024\/04\/7821-1_1280x1280.jpg\" \/>\n\t<meta property=\"og:image:width\" content=\"1280\" \/>\n\t<meta property=\"og:image:height\" content=\"945\" \/>\n\t<meta property=\"og:image:type\" content=\"image\/jpeg\" \/>\n<meta name=\"twitter:card\" content=\"summary_large_image\" \/>\n<meta name=\"twitter:label1\" content=\"Timp estimat pentru citire\" \/>\n\t<meta name=\"twitter:data1\" content=\"1 minut\" \/>\n<script type=\"application\/ld+json\" class=\"yoast-schema-graph\">{\"@context\":\"https:\/\/schema.org\",\"@graph\":[{\"@type\":\"WebPage\",\"@id\":\"https:\/\/all4laptop.ro\/store\/produs\/incarcator-pt-patona-e-scooter-pt12-and-pt13\/\",\"url\":\"https:\/\/all4laptop.ro\/store\/produs\/incarcator-pt-patona-e-scooter-pt12-and-pt13\/\",\"name\":\"Incarcator pt. PATONA E-Scooter PT12 and PT13 - All4Laptop.ro\",\"isPartOf\":{\"@id\":\"https:\/\/all4laptop.ro\/store\/#website\"},\"primaryImageOfPage\":{\"@id\":\"https:\/\/all4laptop.ro\/store\/produs\/incarcator-pt-patona-e-scooter-pt12-and-pt13\/#primaryimage\"},\"image\":{\"@id\":\"https:\/\/all4laptop.ro\/store\/produs\/incarcator-pt-patona-e-scooter-pt12-and-pt13\/#primaryimage\"},\"thumbnailUrl\":\"https:\/\/all4laptop.ro\/store\/wp-content\/uploads\/2024\/04\/7821-1_1280x1280.jpg\",\"datePublished\":\"2024-04-16T08:54:04+00:00\",\"dateModified\":\"2024-06-17T06:34:16+00:00\",\"breadcrumb\":{\"@id\":\"https:\/\/all4laptop.ro\/store\/produs\/incarcator-pt-patona-e-scooter-pt12-and-pt13\/#breadcrumb\"},\"inLanguage\":\"ro-RO\",\"potentialAction\":[{\"@type\":\"ReadAction\",\"target\":[\"https:\/\/all4laptop.ro\/store\/produs\/incarcator-pt-patona-e-scooter-pt12-and-pt13\/\"]}]},{\"@type\":\"ImageObject\",\"inLanguage\":\"ro-RO\",\"@id\":\"https:\/\/all4laptop.ro\/store\/produs\/incarcator-pt-patona-e-scooter-pt12-and-pt13\/#primaryimage\",\"url\":\"https:\/\/all4laptop.ro\/store\/wp-content\/uploads\/2024\/04\/7821-1_1280x1280.jpg\",\"contentUrl\":\"https:\/\/all4laptop.ro\/store\/wp-content\/uploads\/2024\/04\/7821-1_1280x1280.jpg\",\"width\":1280,\"height\":945},{\"@type\":\"BreadcrumbList\",\"@id\":\"https:\/\/all4laptop.ro\/store\/produs\/incarcator-pt-patona-e-scooter-pt12-and-pt13\/#breadcrumb\",\"itemListElement\":[{\"@type\":\"ListItem\",\"position\":1,\"name\":\"Prima pagin\u0103\",\"item\":\"https:\/\/all4laptop.ro\/store\/\"},{\"@type\":\"ListItem\",\"position\":2,\"name\":\"Magazin\",\"item\":\"https:\/\/all4laptop.ro\/store\/\"},{\"@type\":\"ListItem\",\"position\":3,\"name\":\"Incarcator pt. PATONA E-Scooter PT12 and PT13\"}]},{\"@type\":\"WebSite\",\"@id\":\"https:\/\/all4laptop.ro\/store\/#website\",\"url\":\"https:\/\/all4laptop.ro\/store\/\",\"name\":\"All4Laptop.ro\",\"description\":\"Baterii, tastaturi, incarcatoare, display-uri, coolere, balamale si piese laptop\",\"publisher\":{\"@id\":\"https:\/\/all4laptop.ro\/store\/#organization\"},\"alternateName\":\"All4Laptop by Mado Solutions\",\"potentialAction\":[{\"@type\":\"SearchAction\",\"target\":{\"@type\":\"EntryPoint\",\"urlTemplate\":\"https:\/\/all4laptop.ro\/store\/?s={search_term_string}\"},\"query-input\":\"required name=search_term_string\"}],\"inLanguage\":\"ro-RO\"},{\"@type\":\"Organization\",\"@id\":\"https:\/\/all4laptop.ro\/store\/#organization\",\"name\":\"Mado Solutions SRL\",\"alternateName\":\"All4Laptop.ro by Mado Solutions SRL\",\"url\":\"https:\/\/all4laptop.ro\/store\/\",\"logo\":{\"@type\":\"ImageObject\",\"inLanguage\":\"ro-RO\",\"@id\":\"https:\/\/all4laptop.ro\/store\/#\/schema\/logo\/image\/\",\"url\":\"https:\/\/all4laptop.ro\/store\/wp-content\/uploads\/2024\/05\/2.jpg\",\"contentUrl\":\"https:\/\/all4laptop.ro\/store\/wp-content\/uploads\/2024\/05\/2.jpg\",\"width\":408,\"height\":318,\"caption\":\"Mado Solutions SRL\"},\"image\":{\"@id\":\"https:\/\/all4laptop.ro\/store\/#\/schema\/logo\/image\/\"},\"sameAs\":[\"https:\/\/www.facebook.com\/all4laptop.ro\"]}]}<\/script>\n<!-- \/ Yoast SEO plugin. -->","yoast_head_json":{"title":"Incarcator pt. PATONA E-Scooter PT12 and PT13 - All4Laptop.ro","robots":{"index":"index","follow":"follow","max-snippet":"max-snippet:-1","max-image-preview":"max-image-preview:large","max-video-preview":"max-video-preview:-1"},"canonical":"https:\/\/all4laptop.ro\/store\/produs\/incarcator-pt-patona-e-scooter-pt12-and-pt13\/","og_locale":"ro_RO","og_type":"article","og_title":"Incarcator pt. PATONA E-Scooter PT12 and PT13 - All4Laptop.ro","og_description":"Incarcator pentru scutere electrice PATONA PT12 \u0219i PT13 Incarcator pentru scuterele noastre electrice PATONA PT12 \u0219i PT13. Utilizabil ca prim sau al doilea incarcator. Preten\u021bia m\u0103rcii PATONA este cel mai \u00eenalt nivel de calitate. Desigur, aceasta include \u0219i standarde extraordinare de siguran\u021b\u0103. Sursele de alimentare replica perfect compatibile includ \u00een mod natural toate m\u0103surile de [&hellip;]","og_url":"https:\/\/all4laptop.ro\/store\/produs\/incarcator-pt-patona-e-scooter-pt12-and-pt13\/","og_site_name":"All4Laptop.ro","article_publisher":"https:\/\/www.facebook.com\/all4laptop.ro","article_modified_time":"2024-06-17T06:34:16+00:00","og_image":[{"width":1280,"height":945,"url":"https:\/\/all4laptop.ro\/store\/wp-content\/uploads\/2024\/04\/7821-1_1280x1280.jpg","type":"image\/jpeg"}],"twitter_card":"summary_large_image","twitter_misc":{"Timp estimat pentru citire":"1 minut"},"schema":{"@context":"https:\/\/schema.org","@graph":[{"@type":"WebPage","@id":"https:\/\/all4laptop.ro\/store\/produs\/incarcator-pt-patona-e-scooter-pt12-and-pt13\/","url":"https:\/\/all4laptop.ro\/store\/produs\/incarcator-pt-patona-e-scooter-pt12-and-pt13\/","name":"Incarcator pt. PATONA E-Scooter PT12 and PT13 - All4Laptop.ro","isPartOf":{"@id":"https:\/\/all4laptop.ro\/store\/#website"},"primaryImageOfPage":{"@id":"https:\/\/all4laptop.ro\/store\/produs\/incarcator-pt-patona-e-scooter-pt12-and-pt13\/#primaryimage"},"image":{"@id":"https:\/\/all4laptop.ro\/store\/produs\/incarcator-pt-patona-e-scooter-pt12-and-pt13\/#primaryimage"},"thumbnailUrl":"https:\/\/all4laptop.ro\/store\/wp-content\/uploads\/2024\/04\/7821-1_1280x1280.jpg","datePublished":"2024-04-16T08:54:04+00:00","dateModified":"2024-06-17T06:34:16+00:00","breadcrumb":{"@id":"https:\/\/all4laptop.ro\/store\/produs\/incarcator-pt-patona-e-scooter-pt12-and-pt13\/#breadcrumb"},"inLanguage":"ro-RO","potentialAction":[{"@type":"ReadAction","target":["https:\/\/all4laptop.ro\/store\/produs\/incarcator-pt-patona-e-scooter-pt12-and-pt13\/"]}]},{"@type":"ImageObject","inLanguage":"ro-RO","@id":"https:\/\/all4laptop.ro\/store\/produs\/incarcator-pt-patona-e-scooter-pt12-and-pt13\/#primaryimage","url":"https:\/\/all4laptop.ro\/store\/wp-content\/uploads\/2024\/04\/7821-1_1280x1280.jpg","contentUrl":"https:\/\/all4laptop.ro\/store\/wp-content\/uploads\/2024\/04\/7821-1_1280x1280.jpg","width":1280,"height":945},{"@type":"BreadcrumbList","@id":"https:\/\/all4laptop.ro\/store\/produs\/incarcator-pt-patona-e-scooter-pt12-and-pt13\/#breadcrumb","itemListElement":[{"@type":"ListItem","position":1,"name":"Prima pagin\u0103","item":"https:\/\/all4laptop.ro\/store\/"},{"@type":"ListItem","position":2,"name":"Magazin","item":"https:\/\/all4laptop.ro\/store\/"},{"@type":"ListItem","position":3,"name":"Incarcator pt. PATONA E-Scooter PT12 and PT13"}]},{"@type":"WebSite","@id":"https:\/\/all4laptop.ro\/store\/#website","url":"https:\/\/all4laptop.ro\/store\/","name":"All4Laptop.ro","description":"Baterii, tastaturi, incarcatoare, display-uri, coolere, balamale si piese laptop","publisher":{"@id":"https:\/\/all4laptop.ro\/store\/#organization"},"alternateName":"All4Laptop by Mado Solutions","potentialAction":[{"@type":"SearchAction","target":{"@type":"EntryPoint","urlTemplate":"https:\/\/all4laptop.ro\/store\/?s={search_term_string}"},"query-input":"required name=search_term_string"}],"inLanguage":"ro-RO"},{"@type":"Organization","@id":"https:\/\/all4laptop.ro\/store\/#organization","name":"Mado Solutions SRL","alternateName":"All4Laptop.ro by Mado Solutions SRL","url":"https:\/\/all4laptop.ro\/store\/","logo":{"@type":"ImageObject","inLanguage":"ro-RO","@id":"https:\/\/all4laptop.ro\/store\/#\/schema\/logo\/image\/","url":"https:\/\/all4laptop.ro\/store\/wp-content\/uploads\/2024\/05\/2.jpg","contentUrl":"https:\/\/all4laptop.ro\/store\/wp-content\/uploads\/2024\/05\/2.jpg","width":408,"height":318,"caption":"Mado Solutions SRL"},"image":{"@id":"https:\/\/all4laptop.ro\/store\/#\/schema\/logo\/image\/"},"sameAs":["https:\/\/www.facebook.com\/all4laptop.ro"]}]}},"_links":{"self":[{"href":"https:\/\/all4laptop.ro\/store\/wp-json\/wp\/v2\/product\/4224","targetHints":{"allow":["GET"]}}],"collection":[{"href":"https:\/\/all4laptop.ro\/store\/wp-json\/wp\/v2\/product"}],"about":[{"href":"https:\/\/all4laptop.ro\/store\/wp-json\/wp\/v2\/types\/product"}],"replies":[{"embeddable":true,"href":"https:\/\/all4laptop.ro\/store\/wp-json\/wp\/v2\/comments?post=4224"}],"wp:featuredmedia":[{"embeddable":true,"href":"https:\/\/all4laptop.ro\/store\/wp-json\/wp\/v2\/media\/4223"}],"wp:attachment":[{"href":"https:\/\/all4laptop.ro\/store\/wp-json\/wp\/v2\/media?parent=4224"}],"wp:term":[{"taxonomy":"product_cat","embeddable":true,"href":"https:\/\/all4laptop.ro\/store\/wp-json\/wp\/v2\/product_cat?post=4224"},{"taxonomy":"product_tag","embeddable":true,"href":"https:\/\/all4laptop.ro\/store\/wp-json\/wp\/v2\/product_tag?post=4224"}],"curies":[{"name":"wp","href":"https:\/\/api.w.org\/{rel}","templated":true}]}}