{"id":4228,"date":"2024-04-16T08:54:08","date_gmt":"2024-04-16T08:54:08","guid":{"rendered":"https:\/\/dev4.acvision.ro\/store\/produs\/patona-usb-3-1-typ-c-plug-to-micro-usb-socket-converter-adapter\/"},"modified":"2024-06-17T06:33:03","modified_gmt":"2024-06-17T06:33:03","slug":"patona-usb-3-1-typ-c-plug-to-micro-usb-socket-converter-adapter","status":"publish","type":"product","link":"https:\/\/all4laptop.ro\/store\/produs\/patona-usb-3-1-typ-c-plug-to-micro-usb-socket-converter-adapter\/","title":{"rendered":"PATONA USB 3.1 Typ C-Plug to Micro-USB-Socket Converter Adapter"},"content":{"rendered":"<h2 style=\"font-family: Verdana;\">Adaptor convertor PATONA USB 3.1 Typ C-Plug la Micro-USB-Socket<\/h2>\n<p><span style=\"font-family: Verdana;\">Cu Convertor PATONA Micro-USB la USB-C, pute\u021bi folosi toate vechile Micro-USB-Incarcator cu dispozitivele dumneavoastr\u0103 USB-C noi. \u00cen plus, pute\u021bi \u00eenc\u0103rca diferite tipuri de dispozitive cu acela\u0219i cablu.<br \/>Spre deosebire de multe produse f\u0103r\u0103 nume, cu adaptorul nostru transferul de date este posibil f\u0103r\u0103 probleme.<\/p>\n<p><strong>Data tehnice:<\/strong>< \/span><strong><br style=\"font-family: Verdana;\"><\/strong><span style=\"font-family: Verdana;\">Dimensiune: 23&#215;9,6&#215;4,9mm<br \/>Accept\u0103 \u00eenc\u0103rcare \u0219i date transfer<\/p>\n<p><strong>Compatibil cu:<br \/><\/strong>Google Nexus 5X\/6P, Microsoft Smartphones, Letv Smartphones, ZUK Z1 , Xiaomi 4C, Nokia N1 Tablet \u0219i multe altele<\/p>\n<p> <strong><span>Anmerkung: <\/span><\/strong>Nu este compatibil cu laptopurile Apple cu priz\u0103 de tip C.<\/span><\/p>\n","protected":false},"excerpt":{"rendered":"<p>Adaptor convertor PATONA USB 3.1 Typ C-Plug la Micro-USB-Socket Cu Convertor PATONA Micro-USB la USB-C, pute\u021bi folosi toate vechile Micro-USB-Incarcator cu dispozitivele dumneavoastr\u0103 USB-C noi. \u00cen plus, pute\u021bi \u00eenc\u0103rca diferite tipuri de dispozitive cu acela\u0219i cablu.Spre deosebire de multe produse f\u0103r\u0103 nume, cu adaptorul nostru transferul de date este posibil f\u0103r\u0103 probleme. Data tehnice:< \/span>Dimensiune: [&hellip;]<\/p>\n","protected":false},"featured_media":4227,"comment_status":"open","ping_status":"closed","template":"","meta":{"_joinchat":[]},"product_cat":[196],"product_tag":[],"class_list":{"0":"post-4228","1":"product","2":"type-product","3":"status-publish","4":"has-post-thumbnail","6":"product_cat-cabluri-si-adaptoare","7":"product_shipping_class-valoare","9":"first","10":"instock","11":"shipping-taxable","12":"purchasable","13":"product-type-simple"},"yoast_head":"<!-- This site is optimized with the Yoast SEO plugin v22.7 - https:\/\/yoast.com\/wordpress\/plugins\/seo\/ -->\n<title>PATONA USB 3.1 Typ C-Plug to Micro-USB-Socket Converter Adapter - All4Laptop.ro<\/title>\n<meta name=\"robots\" content=\"index, follow, max-snippet:-1, max-image-preview:large, max-video-preview:-1\" \/>\n<link rel=\"canonical\" href=\"https:\/\/all4laptop.ro\/store\/produs\/patona-usb-3-1-typ-c-plug-to-micro-usb-socket-converter-adapter\/\" \/>\n<meta property=\"og:locale\" content=\"ro_RO\" \/>\n<meta property=\"og:type\" content=\"article\" \/>\n<meta property=\"og:title\" content=\"PATONA USB 3.1 Typ C-Plug to Micro-USB-Socket Converter Adapter - All4Laptop.ro\" \/>\n<meta property=\"og:description\" content=\"Adaptor convertor PATONA USB 3.1 Typ C-Plug la Micro-USB-Socket Cu Convertor PATONA Micro-USB la USB-C, pute\u021bi folosi toate vechile Micro-USB-Incarcator cu dispozitivele dumneavoastr\u0103 USB-C noi. \u00cen plus, pute\u021bi \u00eenc\u0103rca diferite tipuri de dispozitive cu acela\u0219i cablu.Spre deosebire de multe produse f\u0103r\u0103 nume, cu adaptorul nostru transferul de date este posibil f\u0103r\u0103 probleme. Data tehnice:&lt; \/span&gt;Dimensiune: [&hellip;]\" \/>\n<meta property=\"og:url\" content=\"https:\/\/all4laptop.ro\/store\/produs\/patona-usb-3-1-typ-c-plug-to-micro-usb-socket-converter-adapter\/\" \/>\n<meta property=\"og:site_name\" content=\"All4Laptop.ro\" \/>\n<meta property=\"article:publisher\" content=\"https:\/\/www.facebook.com\/all4laptop.ro\" \/>\n<meta property=\"article:modified_time\" content=\"2024-06-17T06:33:03+00:00\" \/>\n<meta property=\"og:image\" content=\"https:\/\/all4laptop.ro\/store\/wp-content\/uploads\/2024\/04\/5018-1_1280x1280.jpg\" \/>\n\t<meta property=\"og:image:width\" content=\"1000\" \/>\n\t<meta property=\"og:image:height\" content=\"685\" \/>\n\t<meta property=\"og:image:type\" content=\"image\/jpeg\" \/>\n<meta name=\"twitter:card\" content=\"summary_large_image\" \/>\n<meta name=\"twitter:label1\" content=\"Timp estimat pentru citire\" \/>\n\t<meta name=\"twitter:data1\" content=\"1 minut\" \/>\n<script type=\"application\/ld+json\" class=\"yoast-schema-graph\">{\"@context\":\"https:\/\/schema.org\",\"@graph\":[{\"@type\":\"WebPage\",\"@id\":\"https:\/\/all4laptop.ro\/store\/produs\/patona-usb-3-1-typ-c-plug-to-micro-usb-socket-converter-adapter\/\",\"url\":\"https:\/\/all4laptop.ro\/store\/produs\/patona-usb-3-1-typ-c-plug-to-micro-usb-socket-converter-adapter\/\",\"name\":\"PATONA USB 3.1 Typ C-Plug to Micro-USB-Socket Converter Adapter - All4Laptop.ro\",\"isPartOf\":{\"@id\":\"https:\/\/all4laptop.ro\/store\/#website\"},\"primaryImageOfPage\":{\"@id\":\"https:\/\/all4laptop.ro\/store\/produs\/patona-usb-3-1-typ-c-plug-to-micro-usb-socket-converter-adapter\/#primaryimage\"},\"image\":{\"@id\":\"https:\/\/all4laptop.ro\/store\/produs\/patona-usb-3-1-typ-c-plug-to-micro-usb-socket-converter-adapter\/#primaryimage\"},\"thumbnailUrl\":\"https:\/\/all4laptop.ro\/store\/wp-content\/uploads\/2024\/04\/5018-1_1280x1280.jpg\",\"datePublished\":\"2024-04-16T08:54:08+00:00\",\"dateModified\":\"2024-06-17T06:33:03+00:00\",\"breadcrumb\":{\"@id\":\"https:\/\/all4laptop.ro\/store\/produs\/patona-usb-3-1-typ-c-plug-to-micro-usb-socket-converter-adapter\/#breadcrumb\"},\"inLanguage\":\"ro-RO\",\"potentialAction\":[{\"@type\":\"ReadAction\",\"target\":[\"https:\/\/all4laptop.ro\/store\/produs\/patona-usb-3-1-typ-c-plug-to-micro-usb-socket-converter-adapter\/\"]}]},{\"@type\":\"ImageObject\",\"inLanguage\":\"ro-RO\",\"@id\":\"https:\/\/all4laptop.ro\/store\/produs\/patona-usb-3-1-typ-c-plug-to-micro-usb-socket-converter-adapter\/#primaryimage\",\"url\":\"https:\/\/all4laptop.ro\/store\/wp-content\/uploads\/2024\/04\/5018-1_1280x1280.jpg\",\"contentUrl\":\"https:\/\/all4laptop.ro\/store\/wp-content\/uploads\/2024\/04\/5018-1_1280x1280.jpg\",\"width\":1000,\"height\":685},{\"@type\":\"BreadcrumbList\",\"@id\":\"https:\/\/all4laptop.ro\/store\/produs\/patona-usb-3-1-typ-c-plug-to-micro-usb-socket-converter-adapter\/#breadcrumb\",\"itemListElement\":[{\"@type\":\"ListItem\",\"position\":1,\"name\":\"Prima pagin\u0103\",\"item\":\"https:\/\/all4laptop.ro\/store\/\"},{\"@type\":\"ListItem\",\"position\":2,\"name\":\"Magazin\",\"item\":\"https:\/\/all4laptop.ro\/store\/\"},{\"@type\":\"ListItem\",\"position\":3,\"name\":\"PATONA USB 3.1 Typ C-Plug to Micro-USB-Socket Converter Adapter\"}]},{\"@type\":\"WebSite\",\"@id\":\"https:\/\/all4laptop.ro\/store\/#website\",\"url\":\"https:\/\/all4laptop.ro\/store\/\",\"name\":\"All4Laptop.ro\",\"description\":\"Baterii, tastaturi, incarcatoare, display-uri, coolere, balamale si piese laptop\",\"publisher\":{\"@id\":\"https:\/\/all4laptop.ro\/store\/#organization\"},\"alternateName\":\"All4Laptop by Mado Solutions\",\"potentialAction\":[{\"@type\":\"SearchAction\",\"target\":{\"@type\":\"EntryPoint\",\"urlTemplate\":\"https:\/\/all4laptop.ro\/store\/?s={search_term_string}\"},\"query-input\":\"required name=search_term_string\"}],\"inLanguage\":\"ro-RO\"},{\"@type\":\"Organization\",\"@id\":\"https:\/\/all4laptop.ro\/store\/#organization\",\"name\":\"Mado Solutions SRL\",\"alternateName\":\"All4Laptop.ro by Mado Solutions SRL\",\"url\":\"https:\/\/all4laptop.ro\/store\/\",\"logo\":{\"@type\":\"ImageObject\",\"inLanguage\":\"ro-RO\",\"@id\":\"https:\/\/all4laptop.ro\/store\/#\/schema\/logo\/image\/\",\"url\":\"https:\/\/all4laptop.ro\/store\/wp-content\/uploads\/2024\/05\/2.jpg\",\"contentUrl\":\"https:\/\/all4laptop.ro\/store\/wp-content\/uploads\/2024\/05\/2.jpg\",\"width\":408,\"height\":318,\"caption\":\"Mado Solutions SRL\"},\"image\":{\"@id\":\"https:\/\/all4laptop.ro\/store\/#\/schema\/logo\/image\/\"},\"sameAs\":[\"https:\/\/www.facebook.com\/all4laptop.ro\"]}]}<\/script>\n<!-- \/ Yoast SEO plugin. -->","yoast_head_json":{"title":"PATONA USB 3.1 Typ C-Plug to Micro-USB-Socket Converter Adapter - All4Laptop.ro","robots":{"index":"index","follow":"follow","max-snippet":"max-snippet:-1","max-image-preview":"max-image-preview:large","max-video-preview":"max-video-preview:-1"},"canonical":"https:\/\/all4laptop.ro\/store\/produs\/patona-usb-3-1-typ-c-plug-to-micro-usb-socket-converter-adapter\/","og_locale":"ro_RO","og_type":"article","og_title":"PATONA USB 3.1 Typ C-Plug to Micro-USB-Socket Converter Adapter - All4Laptop.ro","og_description":"Adaptor convertor PATONA USB 3.1 Typ C-Plug la Micro-USB-Socket Cu Convertor PATONA Micro-USB la USB-C, pute\u021bi folosi toate vechile Micro-USB-Incarcator cu dispozitivele dumneavoastr\u0103 USB-C noi. \u00cen plus, pute\u021bi \u00eenc\u0103rca diferite tipuri de dispozitive cu acela\u0219i cablu.Spre deosebire de multe produse f\u0103r\u0103 nume, cu adaptorul nostru transferul de date este posibil f\u0103r\u0103 probleme. Data tehnice:< \/span>Dimensiune: [&hellip;]","og_url":"https:\/\/all4laptop.ro\/store\/produs\/patona-usb-3-1-typ-c-plug-to-micro-usb-socket-converter-adapter\/","og_site_name":"All4Laptop.ro","article_publisher":"https:\/\/www.facebook.com\/all4laptop.ro","article_modified_time":"2024-06-17T06:33:03+00:00","og_image":[{"width":1000,"height":685,"url":"https:\/\/all4laptop.ro\/store\/wp-content\/uploads\/2024\/04\/5018-1_1280x1280.jpg","type":"image\/jpeg"}],"twitter_card":"summary_large_image","twitter_misc":{"Timp estimat pentru citire":"1 minut"},"schema":{"@context":"https:\/\/schema.org","@graph":[{"@type":"WebPage","@id":"https:\/\/all4laptop.ro\/store\/produs\/patona-usb-3-1-typ-c-plug-to-micro-usb-socket-converter-adapter\/","url":"https:\/\/all4laptop.ro\/store\/produs\/patona-usb-3-1-typ-c-plug-to-micro-usb-socket-converter-adapter\/","name":"PATONA USB 3.1 Typ C-Plug to Micro-USB-Socket Converter Adapter - All4Laptop.ro","isPartOf":{"@id":"https:\/\/all4laptop.ro\/store\/#website"},"primaryImageOfPage":{"@id":"https:\/\/all4laptop.ro\/store\/produs\/patona-usb-3-1-typ-c-plug-to-micro-usb-socket-converter-adapter\/#primaryimage"},"image":{"@id":"https:\/\/all4laptop.ro\/store\/produs\/patona-usb-3-1-typ-c-plug-to-micro-usb-socket-converter-adapter\/#primaryimage"},"thumbnailUrl":"https:\/\/all4laptop.ro\/store\/wp-content\/uploads\/2024\/04\/5018-1_1280x1280.jpg","datePublished":"2024-04-16T08:54:08+00:00","dateModified":"2024-06-17T06:33:03+00:00","breadcrumb":{"@id":"https:\/\/all4laptop.ro\/store\/produs\/patona-usb-3-1-typ-c-plug-to-micro-usb-socket-converter-adapter\/#breadcrumb"},"inLanguage":"ro-RO","potentialAction":[{"@type":"ReadAction","target":["https:\/\/all4laptop.ro\/store\/produs\/patona-usb-3-1-typ-c-plug-to-micro-usb-socket-converter-adapter\/"]}]},{"@type":"ImageObject","inLanguage":"ro-RO","@id":"https:\/\/all4laptop.ro\/store\/produs\/patona-usb-3-1-typ-c-plug-to-micro-usb-socket-converter-adapter\/#primaryimage","url":"https:\/\/all4laptop.ro\/store\/wp-content\/uploads\/2024\/04\/5018-1_1280x1280.jpg","contentUrl":"https:\/\/all4laptop.ro\/store\/wp-content\/uploads\/2024\/04\/5018-1_1280x1280.jpg","width":1000,"height":685},{"@type":"BreadcrumbList","@id":"https:\/\/all4laptop.ro\/store\/produs\/patona-usb-3-1-typ-c-plug-to-micro-usb-socket-converter-adapter\/#breadcrumb","itemListElement":[{"@type":"ListItem","position":1,"name":"Prima pagin\u0103","item":"https:\/\/all4laptop.ro\/store\/"},{"@type":"ListItem","position":2,"name":"Magazin","item":"https:\/\/all4laptop.ro\/store\/"},{"@type":"ListItem","position":3,"name":"PATONA USB 3.1 Typ C-Plug to Micro-USB-Socket Converter Adapter"}]},{"@type":"WebSite","@id":"https:\/\/all4laptop.ro\/store\/#website","url":"https:\/\/all4laptop.ro\/store\/","name":"All4Laptop.ro","description":"Baterii, tastaturi, incarcatoare, display-uri, coolere, balamale si piese laptop","publisher":{"@id":"https:\/\/all4laptop.ro\/store\/#organization"},"alternateName":"All4Laptop by Mado Solutions","potentialAction":[{"@type":"SearchAction","target":{"@type":"EntryPoint","urlTemplate":"https:\/\/all4laptop.ro\/store\/?s={search_term_string}"},"query-input":"required name=search_term_string"}],"inLanguage":"ro-RO"},{"@type":"Organization","@id":"https:\/\/all4laptop.ro\/store\/#organization","name":"Mado Solutions SRL","alternateName":"All4Laptop.ro by Mado Solutions SRL","url":"https:\/\/all4laptop.ro\/store\/","logo":{"@type":"ImageObject","inLanguage":"ro-RO","@id":"https:\/\/all4laptop.ro\/store\/#\/schema\/logo\/image\/","url":"https:\/\/all4laptop.ro\/store\/wp-content\/uploads\/2024\/05\/2.jpg","contentUrl":"https:\/\/all4laptop.ro\/store\/wp-content\/uploads\/2024\/05\/2.jpg","width":408,"height":318,"caption":"Mado Solutions SRL"},"image":{"@id":"https:\/\/all4laptop.ro\/store\/#\/schema\/logo\/image\/"},"sameAs":["https:\/\/www.facebook.com\/all4laptop.ro"]}]}},"_links":{"self":[{"href":"https:\/\/all4laptop.ro\/store\/wp-json\/wp\/v2\/product\/4228","targetHints":{"allow":["GET"]}}],"collection":[{"href":"https:\/\/all4laptop.ro\/store\/wp-json\/wp\/v2\/product"}],"about":[{"href":"https:\/\/all4laptop.ro\/store\/wp-json\/wp\/v2\/types\/product"}],"replies":[{"embeddable":true,"href":"https:\/\/all4laptop.ro\/store\/wp-json\/wp\/v2\/comments?post=4228"}],"wp:featuredmedia":[{"embeddable":true,"href":"https:\/\/all4laptop.ro\/store\/wp-json\/wp\/v2\/media\/4227"}],"wp:attachment":[{"href":"https:\/\/all4laptop.ro\/store\/wp-json\/wp\/v2\/media?parent=4228"}],"wp:term":[{"taxonomy":"product_cat","embeddable":true,"href":"https:\/\/all4laptop.ro\/store\/wp-json\/wp\/v2\/product_cat?post=4228"},{"taxonomy":"product_tag","embeddable":true,"href":"https:\/\/all4laptop.ro\/store\/wp-json\/wp\/v2\/product_tag?post=4228"}],"curies":[{"name":"wp","href":"https:\/\/api.w.org\/{rel}","templated":true}]}}