{"id":4232,"date":"2024-04-16T08:54:12","date_gmt":"2024-04-16T08:54:12","guid":{"rendered":"https:\/\/dev4.acvision.ro\/store\/produs\/patona-3-poliges-stromkabel-pt-netzteile-laptop-mickymaus\/"},"modified":"2024-06-17T06:33:05","modified_gmt":"2024-06-17T06:33:05","slug":"patona-3-poliges-stromkabel-pt-netzteile-laptop-mickymaus","status":"publish","type":"product","link":"https:\/\/all4laptop.ro\/store\/produs\/patona-3-poliges-stromkabel-pt-netzteile-laptop-mickymaus\/","title":{"rendered":"PATONA 3-poliges Stromkabel pt. Netzteile Laptop Mickymaus"},"content":{"rendered":"<div style=\"text-align: left; font-family: VERDANA;\">\n<h2><span >PATONA cablu de alimentare cu 3 pini surse laptop Mickey Mouse<\/span><\/h2>\n<p>Conexiune : muf\u0103 Schuko <br \/>Conexiune (alt cap\u0103t de cablu): muf\u0103 IEC 320-C5<br \/> Lungime cablu: 100 cm <br \/>Potrivit pentru diverse notebook-uri, inclusiv pt. Acer, Apple iMac, Dell, HP, IBM etc.<br \/> < br><br \/> <span ><span ><span >Ce trebuie s\u0103 \u0219ti\u021bi:<\/span><\/span><\/span> <\/p>\n<p style=\"margin-bottom: 0.05cm; text-align: left; font-family: VERDANA;\">Cu acest cablu de alimentare achizi\u021biona\u021bi un <span>produs de calitate<\/span>. Cablurile de alimentare sunt fabricate conform celor mai \u00eenalte standarde europene de calitate \u0219i se caracterizeaz\u0103 printr-o <span>longevitate extrem\u0103<\/span>. <\/p>\n<p>Imaginile sunt doar imagini de exemplu, articolul livrat poate diferi de imagine.<\/p>\n<\/p><\/div>\n","protected":false},"excerpt":{"rendered":"<p>PATONA cablu de alimentare cu 3 pini surse laptop Mickey Mouse Conexiune : muf\u0103 Schuko Conexiune (alt cap\u0103t de cablu): muf\u0103 IEC 320-C5 Lungime cablu: 100 cm Potrivit pentru diverse notebook-uri, inclusiv pt. Acer, Apple iMac, Dell, HP, IBM etc. < br> Ce trebuie s\u0103 \u0219ti\u021bi: Cu acest cablu de alimentare achizi\u021biona\u021bi un produs de [&hellip;]<\/p>\n","protected":false},"featured_media":4231,"comment_status":"open","ping_status":"closed","template":"","meta":{"_joinchat":[]},"product_cat":[196],"product_tag":[],"class_list":{"0":"post-4232","1":"product","2":"type-product","3":"status-publish","4":"has-post-thumbnail","6":"product_cat-cabluri-si-adaptoare","7":"product_shipping_class-valoare","9":"first","10":"instock","11":"shipping-taxable","12":"purchasable","13":"product-type-simple"},"yoast_head":"<!-- This site is optimized with the Yoast SEO plugin v22.7 - https:\/\/yoast.com\/wordpress\/plugins\/seo\/ -->\n<title>PATONA 3-poliges Stromkabel pt. Netzteile Laptop Mickymaus - All4Laptop.ro<\/title>\n<meta name=\"robots\" content=\"index, follow, max-snippet:-1, max-image-preview:large, max-video-preview:-1\" \/>\n<link rel=\"canonical\" href=\"https:\/\/all4laptop.ro\/store\/produs\/patona-3-poliges-stromkabel-pt-netzteile-laptop-mickymaus\/\" \/>\n<meta property=\"og:locale\" content=\"ro_RO\" \/>\n<meta property=\"og:type\" content=\"article\" \/>\n<meta property=\"og:title\" content=\"PATONA 3-poliges Stromkabel pt. Netzteile Laptop Mickymaus - All4Laptop.ro\" \/>\n<meta property=\"og:description\" content=\"PATONA cablu de alimentare cu 3 pini surse laptop Mickey Mouse Conexiune : muf\u0103 Schuko Conexiune (alt cap\u0103t de cablu): muf\u0103 IEC 320-C5 Lungime cablu: 100 cm Potrivit pentru diverse notebook-uri, inclusiv pt. Acer, Apple iMac, Dell, HP, IBM etc. &lt; br&gt; Ce trebuie s\u0103 \u0219ti\u021bi: Cu acest cablu de alimentare achizi\u021biona\u021bi un produs de [&hellip;]\" \/>\n<meta property=\"og:url\" content=\"https:\/\/all4laptop.ro\/store\/produs\/patona-3-poliges-stromkabel-pt-netzteile-laptop-mickymaus\/\" \/>\n<meta property=\"og:site_name\" content=\"All4Laptop.ro\" \/>\n<meta property=\"article:publisher\" content=\"https:\/\/www.facebook.com\/all4laptop.ro\" \/>\n<meta property=\"article:modified_time\" content=\"2024-06-17T06:33:05+00:00\" \/>\n<meta property=\"og:image\" content=\"https:\/\/all4laptop.ro\/store\/wp-content\/uploads\/2024\/04\/5004-1_1280x1280.jpg\" \/>\n\t<meta property=\"og:image:width\" content=\"1000\" \/>\n\t<meta property=\"og:image:height\" content=\"909\" \/>\n\t<meta property=\"og:image:type\" content=\"image\/jpeg\" \/>\n<meta name=\"twitter:card\" content=\"summary_large_image\" \/>\n<script type=\"application\/ld+json\" class=\"yoast-schema-graph\">{\"@context\":\"https:\/\/schema.org\",\"@graph\":[{\"@type\":\"WebPage\",\"@id\":\"https:\/\/all4laptop.ro\/store\/produs\/patona-3-poliges-stromkabel-pt-netzteile-laptop-mickymaus\/\",\"url\":\"https:\/\/all4laptop.ro\/store\/produs\/patona-3-poliges-stromkabel-pt-netzteile-laptop-mickymaus\/\",\"name\":\"PATONA 3-poliges Stromkabel pt. Netzteile Laptop Mickymaus - All4Laptop.ro\",\"isPartOf\":{\"@id\":\"https:\/\/all4laptop.ro\/store\/#website\"},\"primaryImageOfPage\":{\"@id\":\"https:\/\/all4laptop.ro\/store\/produs\/patona-3-poliges-stromkabel-pt-netzteile-laptop-mickymaus\/#primaryimage\"},\"image\":{\"@id\":\"https:\/\/all4laptop.ro\/store\/produs\/patona-3-poliges-stromkabel-pt-netzteile-laptop-mickymaus\/#primaryimage\"},\"thumbnailUrl\":\"https:\/\/all4laptop.ro\/store\/wp-content\/uploads\/2024\/04\/5004-1_1280x1280.jpg\",\"datePublished\":\"2024-04-16T08:54:12+00:00\",\"dateModified\":\"2024-06-17T06:33:05+00:00\",\"breadcrumb\":{\"@id\":\"https:\/\/all4laptop.ro\/store\/produs\/patona-3-poliges-stromkabel-pt-netzteile-laptop-mickymaus\/#breadcrumb\"},\"inLanguage\":\"ro-RO\",\"potentialAction\":[{\"@type\":\"ReadAction\",\"target\":[\"https:\/\/all4laptop.ro\/store\/produs\/patona-3-poliges-stromkabel-pt-netzteile-laptop-mickymaus\/\"]}]},{\"@type\":\"ImageObject\",\"inLanguage\":\"ro-RO\",\"@id\":\"https:\/\/all4laptop.ro\/store\/produs\/patona-3-poliges-stromkabel-pt-netzteile-laptop-mickymaus\/#primaryimage\",\"url\":\"https:\/\/all4laptop.ro\/store\/wp-content\/uploads\/2024\/04\/5004-1_1280x1280.jpg\",\"contentUrl\":\"https:\/\/all4laptop.ro\/store\/wp-content\/uploads\/2024\/04\/5004-1_1280x1280.jpg\",\"width\":1000,\"height\":909},{\"@type\":\"BreadcrumbList\",\"@id\":\"https:\/\/all4laptop.ro\/store\/produs\/patona-3-poliges-stromkabel-pt-netzteile-laptop-mickymaus\/#breadcrumb\",\"itemListElement\":[{\"@type\":\"ListItem\",\"position\":1,\"name\":\"Prima pagin\u0103\",\"item\":\"https:\/\/all4laptop.ro\/store\/\"},{\"@type\":\"ListItem\",\"position\":2,\"name\":\"Magazin\",\"item\":\"https:\/\/all4laptop.ro\/store\/\"},{\"@type\":\"ListItem\",\"position\":3,\"name\":\"PATONA 3-poliges Stromkabel pt. Netzteile Laptop Mickymaus\"}]},{\"@type\":\"WebSite\",\"@id\":\"https:\/\/all4laptop.ro\/store\/#website\",\"url\":\"https:\/\/all4laptop.ro\/store\/\",\"name\":\"All4Laptop.ro\",\"description\":\"Baterii, tastaturi, incarcatoare, display-uri, coolere, balamale si piese laptop\",\"publisher\":{\"@id\":\"https:\/\/all4laptop.ro\/store\/#organization\"},\"alternateName\":\"All4Laptop by Mado Solutions\",\"potentialAction\":[{\"@type\":\"SearchAction\",\"target\":{\"@type\":\"EntryPoint\",\"urlTemplate\":\"https:\/\/all4laptop.ro\/store\/?s={search_term_string}\"},\"query-input\":\"required name=search_term_string\"}],\"inLanguage\":\"ro-RO\"},{\"@type\":\"Organization\",\"@id\":\"https:\/\/all4laptop.ro\/store\/#organization\",\"name\":\"Mado Solutions SRL\",\"alternateName\":\"All4Laptop.ro by Mado Solutions SRL\",\"url\":\"https:\/\/all4laptop.ro\/store\/\",\"logo\":{\"@type\":\"ImageObject\",\"inLanguage\":\"ro-RO\",\"@id\":\"https:\/\/all4laptop.ro\/store\/#\/schema\/logo\/image\/\",\"url\":\"https:\/\/all4laptop.ro\/store\/wp-content\/uploads\/2024\/05\/2.jpg\",\"contentUrl\":\"https:\/\/all4laptop.ro\/store\/wp-content\/uploads\/2024\/05\/2.jpg\",\"width\":408,\"height\":318,\"caption\":\"Mado Solutions SRL\"},\"image\":{\"@id\":\"https:\/\/all4laptop.ro\/store\/#\/schema\/logo\/image\/\"},\"sameAs\":[\"https:\/\/www.facebook.com\/all4laptop.ro\"]}]}<\/script>\n<!-- \/ Yoast SEO plugin. -->","yoast_head_json":{"title":"PATONA 3-poliges Stromkabel pt. Netzteile Laptop Mickymaus - All4Laptop.ro","robots":{"index":"index","follow":"follow","max-snippet":"max-snippet:-1","max-image-preview":"max-image-preview:large","max-video-preview":"max-video-preview:-1"},"canonical":"https:\/\/all4laptop.ro\/store\/produs\/patona-3-poliges-stromkabel-pt-netzteile-laptop-mickymaus\/","og_locale":"ro_RO","og_type":"article","og_title":"PATONA 3-poliges Stromkabel pt. Netzteile Laptop Mickymaus - All4Laptop.ro","og_description":"PATONA cablu de alimentare cu 3 pini surse laptop Mickey Mouse Conexiune : muf\u0103 Schuko Conexiune (alt cap\u0103t de cablu): muf\u0103 IEC 320-C5 Lungime cablu: 100 cm Potrivit pentru diverse notebook-uri, inclusiv pt. Acer, Apple iMac, Dell, HP, IBM etc. < br> Ce trebuie s\u0103 \u0219ti\u021bi: Cu acest cablu de alimentare achizi\u021biona\u021bi un produs de [&hellip;]","og_url":"https:\/\/all4laptop.ro\/store\/produs\/patona-3-poliges-stromkabel-pt-netzteile-laptop-mickymaus\/","og_site_name":"All4Laptop.ro","article_publisher":"https:\/\/www.facebook.com\/all4laptop.ro","article_modified_time":"2024-06-17T06:33:05+00:00","og_image":[{"width":1000,"height":909,"url":"https:\/\/all4laptop.ro\/store\/wp-content\/uploads\/2024\/04\/5004-1_1280x1280.jpg","type":"image\/jpeg"}],"twitter_card":"summary_large_image","schema":{"@context":"https:\/\/schema.org","@graph":[{"@type":"WebPage","@id":"https:\/\/all4laptop.ro\/store\/produs\/patona-3-poliges-stromkabel-pt-netzteile-laptop-mickymaus\/","url":"https:\/\/all4laptop.ro\/store\/produs\/patona-3-poliges-stromkabel-pt-netzteile-laptop-mickymaus\/","name":"PATONA 3-poliges Stromkabel pt. Netzteile Laptop Mickymaus - All4Laptop.ro","isPartOf":{"@id":"https:\/\/all4laptop.ro\/store\/#website"},"primaryImageOfPage":{"@id":"https:\/\/all4laptop.ro\/store\/produs\/patona-3-poliges-stromkabel-pt-netzteile-laptop-mickymaus\/#primaryimage"},"image":{"@id":"https:\/\/all4laptop.ro\/store\/produs\/patona-3-poliges-stromkabel-pt-netzteile-laptop-mickymaus\/#primaryimage"},"thumbnailUrl":"https:\/\/all4laptop.ro\/store\/wp-content\/uploads\/2024\/04\/5004-1_1280x1280.jpg","datePublished":"2024-04-16T08:54:12+00:00","dateModified":"2024-06-17T06:33:05+00:00","breadcrumb":{"@id":"https:\/\/all4laptop.ro\/store\/produs\/patona-3-poliges-stromkabel-pt-netzteile-laptop-mickymaus\/#breadcrumb"},"inLanguage":"ro-RO","potentialAction":[{"@type":"ReadAction","target":["https:\/\/all4laptop.ro\/store\/produs\/patona-3-poliges-stromkabel-pt-netzteile-laptop-mickymaus\/"]}]},{"@type":"ImageObject","inLanguage":"ro-RO","@id":"https:\/\/all4laptop.ro\/store\/produs\/patona-3-poliges-stromkabel-pt-netzteile-laptop-mickymaus\/#primaryimage","url":"https:\/\/all4laptop.ro\/store\/wp-content\/uploads\/2024\/04\/5004-1_1280x1280.jpg","contentUrl":"https:\/\/all4laptop.ro\/store\/wp-content\/uploads\/2024\/04\/5004-1_1280x1280.jpg","width":1000,"height":909},{"@type":"BreadcrumbList","@id":"https:\/\/all4laptop.ro\/store\/produs\/patona-3-poliges-stromkabel-pt-netzteile-laptop-mickymaus\/#breadcrumb","itemListElement":[{"@type":"ListItem","position":1,"name":"Prima pagin\u0103","item":"https:\/\/all4laptop.ro\/store\/"},{"@type":"ListItem","position":2,"name":"Magazin","item":"https:\/\/all4laptop.ro\/store\/"},{"@type":"ListItem","position":3,"name":"PATONA 3-poliges Stromkabel pt. Netzteile Laptop Mickymaus"}]},{"@type":"WebSite","@id":"https:\/\/all4laptop.ro\/store\/#website","url":"https:\/\/all4laptop.ro\/store\/","name":"All4Laptop.ro","description":"Baterii, tastaturi, incarcatoare, display-uri, coolere, balamale si piese laptop","publisher":{"@id":"https:\/\/all4laptop.ro\/store\/#organization"},"alternateName":"All4Laptop by Mado Solutions","potentialAction":[{"@type":"SearchAction","target":{"@type":"EntryPoint","urlTemplate":"https:\/\/all4laptop.ro\/store\/?s={search_term_string}"},"query-input":"required name=search_term_string"}],"inLanguage":"ro-RO"},{"@type":"Organization","@id":"https:\/\/all4laptop.ro\/store\/#organization","name":"Mado Solutions SRL","alternateName":"All4Laptop.ro by Mado Solutions SRL","url":"https:\/\/all4laptop.ro\/store\/","logo":{"@type":"ImageObject","inLanguage":"ro-RO","@id":"https:\/\/all4laptop.ro\/store\/#\/schema\/logo\/image\/","url":"https:\/\/all4laptop.ro\/store\/wp-content\/uploads\/2024\/05\/2.jpg","contentUrl":"https:\/\/all4laptop.ro\/store\/wp-content\/uploads\/2024\/05\/2.jpg","width":408,"height":318,"caption":"Mado Solutions SRL"},"image":{"@id":"https:\/\/all4laptop.ro\/store\/#\/schema\/logo\/image\/"},"sameAs":["https:\/\/www.facebook.com\/all4laptop.ro"]}]}},"_links":{"self":[{"href":"https:\/\/all4laptop.ro\/store\/wp-json\/wp\/v2\/product\/4232","targetHints":{"allow":["GET"]}}],"collection":[{"href":"https:\/\/all4laptop.ro\/store\/wp-json\/wp\/v2\/product"}],"about":[{"href":"https:\/\/all4laptop.ro\/store\/wp-json\/wp\/v2\/types\/product"}],"replies":[{"embeddable":true,"href":"https:\/\/all4laptop.ro\/store\/wp-json\/wp\/v2\/comments?post=4232"}],"wp:featuredmedia":[{"embeddable":true,"href":"https:\/\/all4laptop.ro\/store\/wp-json\/wp\/v2\/media\/4231"}],"wp:attachment":[{"href":"https:\/\/all4laptop.ro\/store\/wp-json\/wp\/v2\/media?parent=4232"}],"wp:term":[{"taxonomy":"product_cat","embeddable":true,"href":"https:\/\/all4laptop.ro\/store\/wp-json\/wp\/v2\/product_cat?post=4232"},{"taxonomy":"product_tag","embeddable":true,"href":"https:\/\/all4laptop.ro\/store\/wp-json\/wp\/v2\/product_tag?post=4232"}],"curies":[{"name":"wp","href":"https:\/\/api.w.org\/{rel}","templated":true}]}}