{"id":4244,"date":"2024-04-16T08:54:33","date_gmt":"2024-04-16T08:54:33","guid":{"rendered":"https:\/\/dev4.acvision.ro\/store\/produs\/patona-premium-pd-100w-usb-c-to-usb-c-cable-e-marker-chip-100cm-usb2-0-480mbps\/"},"modified":"2024-06-17T06:33:39","modified_gmt":"2024-06-17T06:33:39","slug":"patona-premium-pd-100w-usb-c-to-usb-c-cable-e-marker-chip-100cm-usb2-0-480mbps","status":"publish","type":"product","link":"https:\/\/all4laptop.ro\/store\/produs\/patona-premium-pd-100w-usb-c-to-usb-c-cable-e-marker-chip-100cm-usb2-0-480mbps\/","title":{"rendered":"PATONA Premium PD 100W USB-C to USB-C Cable E-Marker Chip 100cm USB2.0\/480MBPS"},"content":{"rendered":"<p><span>Cu cablul nostru USB-C la USB-C cu 100W Power Delivery (PD), nu numai c\u0103 pute\u021bi \u00eenc\u0103rca toate dispozitivele obi\u0219nuite care au un port USB-C, dar pute\u021bi \u0219i utiliza cu u\u0219urin\u021b\u0103 cablul pentru a v\u0103 transfera datele.<br \/>Oferim adaptoare adecvate la sf\u00e2r\u0219itul ofertei \u00een fila \u201eAccesorii\u201d.<\/p>\n<p><\/span><\/p>\n<p><span style=\"text-decoration : subliniere; culoare: #339966 font-size: x-large;\"><strong>Date tehnice:<\/strong><\/span><\/p>\n<ul>\n<li>Typ: USB-C to USB- Cablu C<\/li>\n<li>PD: 100W Livrare energie: 5V 3A \/ 9V 3A \/ 12V 2.5A \/ 15V 2A \/ 20V 1.5A<\/li>\n<li>Rata datelor: USB2.0 \/ 480MPBS<\/li>\n<li>Cipul E-marker<\/li>\n<li>Firme de cupru: 80 fire de la 0,08mm 2 + 16 fire de la 0,08mm 4<\/li>\n<li>Culoare: negru\/verde<\/li>\n<li >Lungime: 100cm<\/li>\n<li>Brand: PATONA<\/li>\n<\/ul>\n<p><span>Imaginile sunt exemple de imagini, articolul livrat poate diferi. Oferim un produs marca de calitate PATONA.<\/span><\/p>\n","protected":false},"excerpt":{"rendered":"<p>Cu cablul nostru USB-C la USB-C cu 100W Power Delivery (PD), nu numai c\u0103 pute\u021bi \u00eenc\u0103rca toate dispozitivele obi\u0219nuite care au un port USB-C, dar pute\u021bi \u0219i utiliza cu u\u0219urin\u021b\u0103 cablul pentru a v\u0103 transfera datele.Oferim adaptoare adecvate la sf\u00e2r\u0219itul ofertei \u00een fila \u201eAccesorii\u201d. Date tehnice: Typ: USB-C to USB- Cablu C PD: 100W Livrare [&hellip;]<\/p>\n","protected":false},"featured_media":4243,"comment_status":"open","ping_status":"closed","template":"","meta":{"_joinchat":[]},"product_cat":[196],"product_tag":[],"class_list":{"0":"post-4244","1":"product","2":"type-product","3":"status-publish","4":"has-post-thumbnail","6":"product_cat-cabluri-si-adaptoare","7":"product_shipping_class-valoare","9":"first","10":"instock","11":"shipping-taxable","12":"purchasable","13":"product-type-simple"},"yoast_head":"<!-- This site is optimized with the Yoast SEO plugin v22.7 - https:\/\/yoast.com\/wordpress\/plugins\/seo\/ -->\n<title>PATONA Premium PD 100W USB-C to USB-C Cable E-Marker Chip 100cm USB2.0\/480MBPS - All4Laptop.ro<\/title>\n<meta name=\"robots\" content=\"index, follow, max-snippet:-1, max-image-preview:large, max-video-preview:-1\" \/>\n<link rel=\"canonical\" href=\"https:\/\/all4laptop.ro\/store\/produs\/patona-premium-pd-100w-usb-c-to-usb-c-cable-e-marker-chip-100cm-usb2-0-480mbps\/\" \/>\n<meta property=\"og:locale\" content=\"ro_RO\" \/>\n<meta property=\"og:type\" content=\"article\" \/>\n<meta property=\"og:title\" content=\"PATONA Premium PD 100W USB-C to USB-C Cable E-Marker Chip 100cm USB2.0\/480MBPS - All4Laptop.ro\" \/>\n<meta property=\"og:description\" content=\"Cu cablul nostru USB-C la USB-C cu 100W Power Delivery (PD), nu numai c\u0103 pute\u021bi \u00eenc\u0103rca toate dispozitivele obi\u0219nuite care au un port USB-C, dar pute\u021bi \u0219i utiliza cu u\u0219urin\u021b\u0103 cablul pentru a v\u0103 transfera datele.Oferim adaptoare adecvate la sf\u00e2r\u0219itul ofertei \u00een fila \u201eAccesorii\u201d. Date tehnice: Typ: USB-C to USB- Cablu C PD: 100W Livrare [&hellip;]\" \/>\n<meta property=\"og:url\" content=\"https:\/\/all4laptop.ro\/store\/produs\/patona-premium-pd-100w-usb-c-to-usb-c-cable-e-marker-chip-100cm-usb2-0-480mbps\/\" \/>\n<meta property=\"og:site_name\" content=\"All4Laptop.ro\" \/>\n<meta property=\"article:publisher\" content=\"https:\/\/www.facebook.com\/all4laptop.ro\" \/>\n<meta property=\"article:modified_time\" content=\"2024-06-17T06:33:39+00:00\" \/>\n<meta property=\"og:image\" content=\"https:\/\/all4laptop.ro\/store\/wp-content\/uploads\/2024\/04\/1733-1acUFWbBMoWpbx_1280x1280.jpg\" \/>\n\t<meta property=\"og:image:width\" content=\"1280\" \/>\n\t<meta property=\"og:image:height\" content=\"1280\" \/>\n\t<meta property=\"og:image:type\" content=\"image\/jpeg\" \/>\n<meta name=\"twitter:card\" content=\"summary_large_image\" \/>\n<meta name=\"twitter:label1\" content=\"Timp estimat pentru citire\" \/>\n\t<meta name=\"twitter:data1\" content=\"1 minut\" \/>\n<script type=\"application\/ld+json\" class=\"yoast-schema-graph\">{\"@context\":\"https:\/\/schema.org\",\"@graph\":[{\"@type\":\"WebPage\",\"@id\":\"https:\/\/all4laptop.ro\/store\/produs\/patona-premium-pd-100w-usb-c-to-usb-c-cable-e-marker-chip-100cm-usb2-0-480mbps\/\",\"url\":\"https:\/\/all4laptop.ro\/store\/produs\/patona-premium-pd-100w-usb-c-to-usb-c-cable-e-marker-chip-100cm-usb2-0-480mbps\/\",\"name\":\"PATONA Premium PD 100W USB-C to USB-C Cable E-Marker Chip 100cm USB2.0\/480MBPS - All4Laptop.ro\",\"isPartOf\":{\"@id\":\"https:\/\/all4laptop.ro\/store\/#website\"},\"primaryImageOfPage\":{\"@id\":\"https:\/\/all4laptop.ro\/store\/produs\/patona-premium-pd-100w-usb-c-to-usb-c-cable-e-marker-chip-100cm-usb2-0-480mbps\/#primaryimage\"},\"image\":{\"@id\":\"https:\/\/all4laptop.ro\/store\/produs\/patona-premium-pd-100w-usb-c-to-usb-c-cable-e-marker-chip-100cm-usb2-0-480mbps\/#primaryimage\"},\"thumbnailUrl\":\"https:\/\/all4laptop.ro\/store\/wp-content\/uploads\/2024\/04\/1733-1acUFWbBMoWpbx_1280x1280.jpg\",\"datePublished\":\"2024-04-16T08:54:33+00:00\",\"dateModified\":\"2024-06-17T06:33:39+00:00\",\"breadcrumb\":{\"@id\":\"https:\/\/all4laptop.ro\/store\/produs\/patona-premium-pd-100w-usb-c-to-usb-c-cable-e-marker-chip-100cm-usb2-0-480mbps\/#breadcrumb\"},\"inLanguage\":\"ro-RO\",\"potentialAction\":[{\"@type\":\"ReadAction\",\"target\":[\"https:\/\/all4laptop.ro\/store\/produs\/patona-premium-pd-100w-usb-c-to-usb-c-cable-e-marker-chip-100cm-usb2-0-480mbps\/\"]}]},{\"@type\":\"ImageObject\",\"inLanguage\":\"ro-RO\",\"@id\":\"https:\/\/all4laptop.ro\/store\/produs\/patona-premium-pd-100w-usb-c-to-usb-c-cable-e-marker-chip-100cm-usb2-0-480mbps\/#primaryimage\",\"url\":\"https:\/\/all4laptop.ro\/store\/wp-content\/uploads\/2024\/04\/1733-1acUFWbBMoWpbx_1280x1280.jpg\",\"contentUrl\":\"https:\/\/all4laptop.ro\/store\/wp-content\/uploads\/2024\/04\/1733-1acUFWbBMoWpbx_1280x1280.jpg\",\"width\":1280,\"height\":1280},{\"@type\":\"BreadcrumbList\",\"@id\":\"https:\/\/all4laptop.ro\/store\/produs\/patona-premium-pd-100w-usb-c-to-usb-c-cable-e-marker-chip-100cm-usb2-0-480mbps\/#breadcrumb\",\"itemListElement\":[{\"@type\":\"ListItem\",\"position\":1,\"name\":\"Prima pagin\u0103\",\"item\":\"https:\/\/all4laptop.ro\/store\/\"},{\"@type\":\"ListItem\",\"position\":2,\"name\":\"Magazin\",\"item\":\"https:\/\/all4laptop.ro\/store\/\"},{\"@type\":\"ListItem\",\"position\":3,\"name\":\"PATONA Premium PD 100W USB-C to USB-C Cable E-Marker Chip 100cm USB2.0\/480MBPS\"}]},{\"@type\":\"WebSite\",\"@id\":\"https:\/\/all4laptop.ro\/store\/#website\",\"url\":\"https:\/\/all4laptop.ro\/store\/\",\"name\":\"All4Laptop.ro\",\"description\":\"Baterii, tastaturi, incarcatoare, display-uri, coolere, balamale si piese laptop\",\"publisher\":{\"@id\":\"https:\/\/all4laptop.ro\/store\/#organization\"},\"alternateName\":\"All4Laptop by Mado Solutions\",\"potentialAction\":[{\"@type\":\"SearchAction\",\"target\":{\"@type\":\"EntryPoint\",\"urlTemplate\":\"https:\/\/all4laptop.ro\/store\/?s={search_term_string}\"},\"query-input\":\"required name=search_term_string\"}],\"inLanguage\":\"ro-RO\"},{\"@type\":\"Organization\",\"@id\":\"https:\/\/all4laptop.ro\/store\/#organization\",\"name\":\"Mado Solutions SRL\",\"alternateName\":\"All4Laptop.ro by Mado Solutions SRL\",\"url\":\"https:\/\/all4laptop.ro\/store\/\",\"logo\":{\"@type\":\"ImageObject\",\"inLanguage\":\"ro-RO\",\"@id\":\"https:\/\/all4laptop.ro\/store\/#\/schema\/logo\/image\/\",\"url\":\"https:\/\/all4laptop.ro\/store\/wp-content\/uploads\/2024\/05\/2.jpg\",\"contentUrl\":\"https:\/\/all4laptop.ro\/store\/wp-content\/uploads\/2024\/05\/2.jpg\",\"width\":408,\"height\":318,\"caption\":\"Mado Solutions SRL\"},\"image\":{\"@id\":\"https:\/\/all4laptop.ro\/store\/#\/schema\/logo\/image\/\"},\"sameAs\":[\"https:\/\/www.facebook.com\/all4laptop.ro\"]}]}<\/script>\n<!-- \/ Yoast SEO plugin. -->","yoast_head_json":{"title":"PATONA Premium PD 100W USB-C to USB-C Cable E-Marker Chip 100cm USB2.0\/480MBPS - All4Laptop.ro","robots":{"index":"index","follow":"follow","max-snippet":"max-snippet:-1","max-image-preview":"max-image-preview:large","max-video-preview":"max-video-preview:-1"},"canonical":"https:\/\/all4laptop.ro\/store\/produs\/patona-premium-pd-100w-usb-c-to-usb-c-cable-e-marker-chip-100cm-usb2-0-480mbps\/","og_locale":"ro_RO","og_type":"article","og_title":"PATONA Premium PD 100W USB-C to USB-C Cable E-Marker Chip 100cm USB2.0\/480MBPS - All4Laptop.ro","og_description":"Cu cablul nostru USB-C la USB-C cu 100W Power Delivery (PD), nu numai c\u0103 pute\u021bi \u00eenc\u0103rca toate dispozitivele obi\u0219nuite care au un port USB-C, dar pute\u021bi \u0219i utiliza cu u\u0219urin\u021b\u0103 cablul pentru a v\u0103 transfera datele.Oferim adaptoare adecvate la sf\u00e2r\u0219itul ofertei \u00een fila \u201eAccesorii\u201d. Date tehnice: Typ: USB-C to USB- Cablu C PD: 100W Livrare [&hellip;]","og_url":"https:\/\/all4laptop.ro\/store\/produs\/patona-premium-pd-100w-usb-c-to-usb-c-cable-e-marker-chip-100cm-usb2-0-480mbps\/","og_site_name":"All4Laptop.ro","article_publisher":"https:\/\/www.facebook.com\/all4laptop.ro","article_modified_time":"2024-06-17T06:33:39+00:00","og_image":[{"width":1280,"height":1280,"url":"https:\/\/all4laptop.ro\/store\/wp-content\/uploads\/2024\/04\/1733-1acUFWbBMoWpbx_1280x1280.jpg","type":"image\/jpeg"}],"twitter_card":"summary_large_image","twitter_misc":{"Timp estimat pentru citire":"1 minut"},"schema":{"@context":"https:\/\/schema.org","@graph":[{"@type":"WebPage","@id":"https:\/\/all4laptop.ro\/store\/produs\/patona-premium-pd-100w-usb-c-to-usb-c-cable-e-marker-chip-100cm-usb2-0-480mbps\/","url":"https:\/\/all4laptop.ro\/store\/produs\/patona-premium-pd-100w-usb-c-to-usb-c-cable-e-marker-chip-100cm-usb2-0-480mbps\/","name":"PATONA Premium PD 100W USB-C to USB-C Cable E-Marker Chip 100cm USB2.0\/480MBPS - All4Laptop.ro","isPartOf":{"@id":"https:\/\/all4laptop.ro\/store\/#website"},"primaryImageOfPage":{"@id":"https:\/\/all4laptop.ro\/store\/produs\/patona-premium-pd-100w-usb-c-to-usb-c-cable-e-marker-chip-100cm-usb2-0-480mbps\/#primaryimage"},"image":{"@id":"https:\/\/all4laptop.ro\/store\/produs\/patona-premium-pd-100w-usb-c-to-usb-c-cable-e-marker-chip-100cm-usb2-0-480mbps\/#primaryimage"},"thumbnailUrl":"https:\/\/all4laptop.ro\/store\/wp-content\/uploads\/2024\/04\/1733-1acUFWbBMoWpbx_1280x1280.jpg","datePublished":"2024-04-16T08:54:33+00:00","dateModified":"2024-06-17T06:33:39+00:00","breadcrumb":{"@id":"https:\/\/all4laptop.ro\/store\/produs\/patona-premium-pd-100w-usb-c-to-usb-c-cable-e-marker-chip-100cm-usb2-0-480mbps\/#breadcrumb"},"inLanguage":"ro-RO","potentialAction":[{"@type":"ReadAction","target":["https:\/\/all4laptop.ro\/store\/produs\/patona-premium-pd-100w-usb-c-to-usb-c-cable-e-marker-chip-100cm-usb2-0-480mbps\/"]}]},{"@type":"ImageObject","inLanguage":"ro-RO","@id":"https:\/\/all4laptop.ro\/store\/produs\/patona-premium-pd-100w-usb-c-to-usb-c-cable-e-marker-chip-100cm-usb2-0-480mbps\/#primaryimage","url":"https:\/\/all4laptop.ro\/store\/wp-content\/uploads\/2024\/04\/1733-1acUFWbBMoWpbx_1280x1280.jpg","contentUrl":"https:\/\/all4laptop.ro\/store\/wp-content\/uploads\/2024\/04\/1733-1acUFWbBMoWpbx_1280x1280.jpg","width":1280,"height":1280},{"@type":"BreadcrumbList","@id":"https:\/\/all4laptop.ro\/store\/produs\/patona-premium-pd-100w-usb-c-to-usb-c-cable-e-marker-chip-100cm-usb2-0-480mbps\/#breadcrumb","itemListElement":[{"@type":"ListItem","position":1,"name":"Prima pagin\u0103","item":"https:\/\/all4laptop.ro\/store\/"},{"@type":"ListItem","position":2,"name":"Magazin","item":"https:\/\/all4laptop.ro\/store\/"},{"@type":"ListItem","position":3,"name":"PATONA Premium PD 100W USB-C to USB-C Cable E-Marker Chip 100cm USB2.0\/480MBPS"}]},{"@type":"WebSite","@id":"https:\/\/all4laptop.ro\/store\/#website","url":"https:\/\/all4laptop.ro\/store\/","name":"All4Laptop.ro","description":"Baterii, tastaturi, incarcatoare, display-uri, coolere, balamale si piese laptop","publisher":{"@id":"https:\/\/all4laptop.ro\/store\/#organization"},"alternateName":"All4Laptop by Mado Solutions","potentialAction":[{"@type":"SearchAction","target":{"@type":"EntryPoint","urlTemplate":"https:\/\/all4laptop.ro\/store\/?s={search_term_string}"},"query-input":"required name=search_term_string"}],"inLanguage":"ro-RO"},{"@type":"Organization","@id":"https:\/\/all4laptop.ro\/store\/#organization","name":"Mado Solutions SRL","alternateName":"All4Laptop.ro by Mado Solutions SRL","url":"https:\/\/all4laptop.ro\/store\/","logo":{"@type":"ImageObject","inLanguage":"ro-RO","@id":"https:\/\/all4laptop.ro\/store\/#\/schema\/logo\/image\/","url":"https:\/\/all4laptop.ro\/store\/wp-content\/uploads\/2024\/05\/2.jpg","contentUrl":"https:\/\/all4laptop.ro\/store\/wp-content\/uploads\/2024\/05\/2.jpg","width":408,"height":318,"caption":"Mado Solutions SRL"},"image":{"@id":"https:\/\/all4laptop.ro\/store\/#\/schema\/logo\/image\/"},"sameAs":["https:\/\/www.facebook.com\/all4laptop.ro"]}]}},"_links":{"self":[{"href":"https:\/\/all4laptop.ro\/store\/wp-json\/wp\/v2\/product\/4244","targetHints":{"allow":["GET"]}}],"collection":[{"href":"https:\/\/all4laptop.ro\/store\/wp-json\/wp\/v2\/product"}],"about":[{"href":"https:\/\/all4laptop.ro\/store\/wp-json\/wp\/v2\/types\/product"}],"replies":[{"embeddable":true,"href":"https:\/\/all4laptop.ro\/store\/wp-json\/wp\/v2\/comments?post=4244"}],"wp:featuredmedia":[{"embeddable":true,"href":"https:\/\/all4laptop.ro\/store\/wp-json\/wp\/v2\/media\/4243"}],"wp:attachment":[{"href":"https:\/\/all4laptop.ro\/store\/wp-json\/wp\/v2\/media?parent=4244"}],"wp:term":[{"taxonomy":"product_cat","embeddable":true,"href":"https:\/\/all4laptop.ro\/store\/wp-json\/wp\/v2\/product_cat?post=4244"},{"taxonomy":"product_tag","embeddable":true,"href":"https:\/\/all4laptop.ro\/store\/wp-json\/wp\/v2\/product_tag?post=4244"}],"curies":[{"name":"wp","href":"https:\/\/api.w.org\/{rel}","templated":true}]}}