{"id":6400,"date":"2024-04-16T09:44:21","date_gmt":"2024-04-16T09:44:21","guid":{"rendered":"https:\/\/dev4.acvision.ro\/store\/produs\/patona-e-scooter-pt13-1-with-road-approval-height-adjustable-8-inch\/"},"modified":"2024-06-17T06:33:30","modified_gmt":"2024-06-17T06:33:30","slug":"patona-e-scooter-pt13-1-with-road-approval-height-adjustable-8-inch","status":"publish","type":"product","link":"https:\/\/all4laptop.ro\/store\/produs\/patona-e-scooter-pt13-1-with-road-approval-height-adjustable-8-inch\/","title":{"rendered":"PATONA E-Scooter PT13-1 with road approval height adjustable 8 inch"},"content":{"rendered":"<h2>Scooter electric PATONA PT13-1 cu \u00een\u0103l\u021bime reglabil\u0103 de 8 inchi pe omologare de drum<\/h2>\n<p>Suntem m\u00e2ndri s\u0103 v\u0103 prezent\u0103m noul nostru trotinet electric PT13-1. \u00cen calitate de companie lider de marc\u0103 pentru bateriile Digicam \u00een Europa \u0219i ca angrosist de succes la nivel global, avem toate cuno\u0219tin\u021bele noastre \u00eencorporate \u00een trotinetele noastre inovatoare PATONA. Avem expertiza maxim\u0103 pentru electromobilitate.<\/p>\n<p>Fii rapid, f\u0103r\u0103 stres, prietenos cu mediul \u0219i fii mobil cu mult\u0103 distrac\u021bie. Pentru distan\u021be scurte\/medii: universitate, \u0219coal\u0103, serviciu, cump\u0103r\u0103turi &#8211; Trotinetele noastre electronice sunt concepute pentru utilizarea de zi cu zi.<\/p>\n<p><a title=\"PT13 info page\" href=\"https:\/\/pts-trading. .de\/en\/pts-en-e-scooter-pt13\" target=\"_self\" rel=\"noopener\"><img loading=\"lazy\" decoding=\"async\" id=\"tinymce-editor-image-13c60e2d-444c-473e-a230-631ebaee9b7a\" class=\"tinymce-editor-image tinymce-editor-image-13c60e2d-444c-473e-a230-631ebaee9b7a\" src=\"{media path='media\/image\/b2b-zur-pt13-landingpage-en.jpg'}\" alt=\"b2b-zur-pt13 -landingpage-en\" width=\"416\" height=\"134\" data-src=\"media\/image\/b2b-zur-pt13-landingpage-en.jpg\" \/><\/a><\/p>\n<p><strong> Repere:<\/strong><\/p>\n<ul>\n<li>suspensie fa\u021b\u0103<\/li>\n<li>Anvelope atractive din cauciuc complet tip fagure<\/li>\n<li>\u00een\u0103l\u021bime reglabil\u0103<\/li>\n<li>Procesare robust\u0103 \u0219i stabil\u0103<\/li>\n<li>Transportare u\u0219oar\u0103 datorit\u0103 func\u021biei simple de pliere<\/li>\n<li>Tragere rapid\u0103 \u0219i puternic\u0103 la pornire<\/li>\n<li>Faruri LED puternice fa\u021b\u0103 \u0219i spate<\/li>\n<li>trei independent circuite de fr\u00e2nare separate: fa\u021b\u0103: fr\u00e2n\u0103 cu tambur cu \u00eentre\u021binere redus\u0103; spate: fr\u00e2n\u0103 electric\u0103 \u0219i fr\u00e2n\u0103 metalic\u0103 pentru ap\u0103r\u0103tori de noroi<\/li>\n<li>pl\u0103ci de rulare cauciucate foarte mari pentru o aderen\u021b\u0103 mai bun\u0103 \u0219i un confort sporit de condus<\/li>\n<li>greutate redus\u0103<\/li>\n<li>afi\u0219aj multifunc\u021bional clar cu starea bateriei, viteza, kilometraj, contor de parcurs<\/li>\n<li>Mod motor triplu: ECO, Normal, Rapid<\/li>\n<li>Bateria de 5200mAh inclus\u0103 \u00een livrare<\/li>\n<\/ul>\n<p><strong>Date tehnice: <\/strong><\/p>\n<ul>\n<li>Material: aliaj usor de magneziu-aluminiu cu strat de protectie anticoroziva<\/li>\n<li>Baterie (instalata permanent): 36 V \/ 5.2 Ah \/ 180 Wh \/ 18650 celule<\/li>\n<li>LED<\/li>\n<li>Dimensiuni (deschis): 1020-1170 x 432 x 450 mm<\/li>\n<li>Dimensiuni (pliat): 1019 x 470 x 450 mm&lt;\/li &gt;<\/li>\n<li>Dimensiuni \u00een\u0103l\u021bimea ghidonului de la picior: 920 \/ 970 \/ 1020 mm (aprox.)<\/li>\n<li>Dimensiuni bord: 470 x 150mm (aprox.)<\/li>\n<li>\u00cen\u0103l\u021bimea ghidonului reglabil\u0103<\/li>\n<li>li&gt;<\/li>\n<li>Viteza maxima: 20 km\/h<\/li>\n<li>Raza de actiune: aprox. 15-20 km<\/li>\n<li>Putere maxim\u0103: 250 W<\/li>\n<li>Capacitate maxim\u0103 de \u00eenc\u0103rcare: 100 kg<\/li>\n<li>Tipul anvelopei: anvelope din cauciuc plin tip fagure de 8 inchi<\/li>\n<li>&lt; li&gt;Tensiune de intrare unitate de \u00eenc\u0103rcare: 100-240 V ~, 50 \/ 60Hz<\/li>\n<li>Timp de \u00eenc\u0103rcare: aprox. 3 ore<\/li>\n<li>Metoda de fr\u00e2nare: fr\u00e2n\u0103 electric\u0103\/tambur<\/li>\n<li>Lumina fa\u021b\u0103\/spate: LED<\/li>\n<li>Greutate f\u0103r\u0103 ambalaj: 13 kg<\/li>\n<li>Greutate cu ambalaj: 16 kg<\/li>\n<li>Protejat \u00eempotriva stropilor de ap\u0103<\/li>\n<li>Conform StVZO<\/li>\n<\/ul>\n<p><strong>Livrare: <\/strong>&lt; \/p&gt;<\/p>\n<ul>\n<li>E-scooter, incarcator, manual, ABE pentru omologare rutier\u0103<\/li>\n<\/ul>\n<p><strong>Dimensiuni ambalaj:<\/strong><\/p>\n<p>&lt; br&gt;Cutie de expediere PT13:<\/p>\n<ul>\n<li>\u00cen\u0103l\u021bime: 40,2 cm<\/li>\n<li>Latime: 110,5 cm<\/li>\n<li>Ad\u00e2ncime: 18,0 cm&lt;\/ li&gt;<\/li>\n<\/ul>\n<p>Ambalaj de v\u00e2nzare PT13 (original):<\/p>\n<ul>\n<li style=\"list-style-type: none;\">\n<ul>\n<li>\u00cen\u0103l\u021bime: 39,2 cm<\/li>\n<li>Latime: 109,5 cm<\/li>\n<\/ul>\n<\/li>\n<\/ul>\n<p>&lt; li&gt;Ad\u00e2ncime: 17,0 cm<\/p>\n<p><span style=\"color: #ff0000;\"><strong>Reduceri atractive disponibile pentru dealeri &#8211; v\u0103 rug\u0103m s\u0103 contacta\u021bi managerul de cont pentru detalii .<br \/>\nLa cerere, este posibil\u0103 o configura\u021bie conform specifica\u021biilor dumneavoastr\u0103 &#8211; v\u0103 rug\u0103m s\u0103 ne contacta\u021bi.<\/p>\n<p>Not\u0103 pentru dealerii no\u0219tri: trotineta noastr\u0103 PT13-1 poate s\u0103 nu fie oferit\u0103 spre v\u00e2nzare pe eBay, Amazon \u0219i Real.<\/strong><\/span><\/p>\n","protected":false},"excerpt":{"rendered":"<p>Scooter electric PATONA PT13-1 cu \u00een\u0103l\u021bime reglabil\u0103 de 8 inchi pe omologare de drum Suntem m\u00e2ndri s\u0103 v\u0103 prezent\u0103m noul nostru trotinet electric PT13-1. \u00cen calitate de companie lider de marc\u0103 pentru bateriile Digicam \u00een Europa \u0219i ca angrosist de succes la nivel global, avem toate cuno\u0219tin\u021bele noastre \u00eencorporate \u00een trotinetele noastre inovatoare PATONA. Avem [&hellip;]<\/p>\n","protected":false},"featured_media":6399,"comment_status":"open","ping_status":"closed","template":"","meta":{"_joinchat":[]},"product_cat":[195],"product_tag":[],"class_list":{"0":"post-6400","1":"product","2":"type-product","3":"status-publish","4":"has-post-thumbnail","6":"product_cat-e-mobility","7":"product_shipping_class-valoare","9":"first","10":"outofstock","11":"shipping-taxable","12":"purchasable","13":"product-type-simple"},"yoast_head":"<!-- This site is optimized with the Yoast SEO plugin v22.7 - https:\/\/yoast.com\/wordpress\/plugins\/seo\/ -->\n<title>PATONA E-Scooter PT13-1 with road approval height adjustable 8 inch - All4Laptop.ro<\/title>\n<meta name=\"robots\" content=\"index, follow, max-snippet:-1, max-image-preview:large, max-video-preview:-1\" \/>\n<link rel=\"canonical\" href=\"https:\/\/all4laptop.ro\/store\/produs\/patona-e-scooter-pt13-1-with-road-approval-height-adjustable-8-inch\/\" \/>\n<meta property=\"og:locale\" content=\"ro_RO\" \/>\n<meta property=\"og:type\" content=\"article\" \/>\n<meta property=\"og:title\" content=\"PATONA E-Scooter PT13-1 with road approval height adjustable 8 inch - All4Laptop.ro\" \/>\n<meta property=\"og:description\" content=\"Scooter electric PATONA PT13-1 cu \u00een\u0103l\u021bime reglabil\u0103 de 8 inchi pe omologare de drum Suntem m\u00e2ndri s\u0103 v\u0103 prezent\u0103m noul nostru trotinet electric PT13-1. \u00cen calitate de companie lider de marc\u0103 pentru bateriile Digicam \u00een Europa \u0219i ca angrosist de succes la nivel global, avem toate cuno\u0219tin\u021bele noastre \u00eencorporate \u00een trotinetele noastre inovatoare PATONA. Avem [&hellip;]\" \/>\n<meta property=\"og:url\" content=\"https:\/\/all4laptop.ro\/store\/produs\/patona-e-scooter-pt13-1-with-road-approval-height-adjustable-8-inch\/\" \/>\n<meta property=\"og:site_name\" content=\"All4Laptop.ro\" \/>\n<meta property=\"article:publisher\" content=\"https:\/\/www.facebook.com\/all4laptop.ro\" \/>\n<meta property=\"article:modified_time\" content=\"2024-06-17T06:33:30+00:00\" \/>\n<meta property=\"og:image\" content=\"https:\/\/all4laptop.ro\/store\/wp-content\/uploads\/2024\/04\/7788-6_1280x1280.jpg\" \/>\n\t<meta property=\"og:image:width\" content=\"1141\" \/>\n\t<meta property=\"og:image:height\" content=\"1280\" \/>\n\t<meta property=\"og:image:type\" content=\"image\/jpeg\" \/>\n<meta name=\"twitter:card\" content=\"summary_large_image\" \/>\n<meta name=\"twitter:label1\" content=\"Timp estimat pentru citire\" \/>\n\t<meta name=\"twitter:data1\" content=\"2 minute\" \/>\n<script type=\"application\/ld+json\" class=\"yoast-schema-graph\">{\"@context\":\"https:\/\/schema.org\",\"@graph\":[{\"@type\":\"WebPage\",\"@id\":\"https:\/\/all4laptop.ro\/store\/produs\/patona-e-scooter-pt13-1-with-road-approval-height-adjustable-8-inch\/\",\"url\":\"https:\/\/all4laptop.ro\/store\/produs\/patona-e-scooter-pt13-1-with-road-approval-height-adjustable-8-inch\/\",\"name\":\"PATONA E-Scooter PT13-1 with road approval height adjustable 8 inch - All4Laptop.ro\",\"isPartOf\":{\"@id\":\"https:\/\/all4laptop.ro\/store\/#website\"},\"primaryImageOfPage\":{\"@id\":\"https:\/\/all4laptop.ro\/store\/produs\/patona-e-scooter-pt13-1-with-road-approval-height-adjustable-8-inch\/#primaryimage\"},\"image\":{\"@id\":\"https:\/\/all4laptop.ro\/store\/produs\/patona-e-scooter-pt13-1-with-road-approval-height-adjustable-8-inch\/#primaryimage\"},\"thumbnailUrl\":\"https:\/\/all4laptop.ro\/store\/wp-content\/uploads\/2024\/04\/7788-6_1280x1280.jpg\",\"datePublished\":\"2024-04-16T09:44:21+00:00\",\"dateModified\":\"2024-06-17T06:33:30+00:00\",\"breadcrumb\":{\"@id\":\"https:\/\/all4laptop.ro\/store\/produs\/patona-e-scooter-pt13-1-with-road-approval-height-adjustable-8-inch\/#breadcrumb\"},\"inLanguage\":\"ro-RO\",\"potentialAction\":[{\"@type\":\"ReadAction\",\"target\":[\"https:\/\/all4laptop.ro\/store\/produs\/patona-e-scooter-pt13-1-with-road-approval-height-adjustable-8-inch\/\"]}]},{\"@type\":\"ImageObject\",\"inLanguage\":\"ro-RO\",\"@id\":\"https:\/\/all4laptop.ro\/store\/produs\/patona-e-scooter-pt13-1-with-road-approval-height-adjustable-8-inch\/#primaryimage\",\"url\":\"https:\/\/all4laptop.ro\/store\/wp-content\/uploads\/2024\/04\/7788-6_1280x1280.jpg\",\"contentUrl\":\"https:\/\/all4laptop.ro\/store\/wp-content\/uploads\/2024\/04\/7788-6_1280x1280.jpg\",\"width\":1141,\"height\":1280},{\"@type\":\"BreadcrumbList\",\"@id\":\"https:\/\/all4laptop.ro\/store\/produs\/patona-e-scooter-pt13-1-with-road-approval-height-adjustable-8-inch\/#breadcrumb\",\"itemListElement\":[{\"@type\":\"ListItem\",\"position\":1,\"name\":\"Prima pagin\u0103\",\"item\":\"https:\/\/all4laptop.ro\/store\/\"},{\"@type\":\"ListItem\",\"position\":2,\"name\":\"Magazin\",\"item\":\"https:\/\/all4laptop.ro\/store\/\"},{\"@type\":\"ListItem\",\"position\":3,\"name\":\"PATONA E-Scooter PT13-1 with road approval height adjustable 8 inch\"}]},{\"@type\":\"WebSite\",\"@id\":\"https:\/\/all4laptop.ro\/store\/#website\",\"url\":\"https:\/\/all4laptop.ro\/store\/\",\"name\":\"All4Laptop.ro\",\"description\":\"Baterii, tastaturi, incarcatoare, display-uri, coolere, balamale si piese laptop\",\"publisher\":{\"@id\":\"https:\/\/all4laptop.ro\/store\/#organization\"},\"alternateName\":\"All4Laptop by Mado Solutions\",\"potentialAction\":[{\"@type\":\"SearchAction\",\"target\":{\"@type\":\"EntryPoint\",\"urlTemplate\":\"https:\/\/all4laptop.ro\/store\/?s={search_term_string}\"},\"query-input\":\"required name=search_term_string\"}],\"inLanguage\":\"ro-RO\"},{\"@type\":\"Organization\",\"@id\":\"https:\/\/all4laptop.ro\/store\/#organization\",\"name\":\"Mado Solutions SRL\",\"alternateName\":\"All4Laptop.ro by Mado Solutions SRL\",\"url\":\"https:\/\/all4laptop.ro\/store\/\",\"logo\":{\"@type\":\"ImageObject\",\"inLanguage\":\"ro-RO\",\"@id\":\"https:\/\/all4laptop.ro\/store\/#\/schema\/logo\/image\/\",\"url\":\"https:\/\/all4laptop.ro\/store\/wp-content\/uploads\/2024\/05\/2.jpg\",\"contentUrl\":\"https:\/\/all4laptop.ro\/store\/wp-content\/uploads\/2024\/05\/2.jpg\",\"width\":408,\"height\":318,\"caption\":\"Mado Solutions SRL\"},\"image\":{\"@id\":\"https:\/\/all4laptop.ro\/store\/#\/schema\/logo\/image\/\"},\"sameAs\":[\"https:\/\/www.facebook.com\/all4laptop.ro\"]}]}<\/script>\n<!-- \/ Yoast SEO plugin. -->","yoast_head_json":{"title":"PATONA E-Scooter PT13-1 with road approval height adjustable 8 inch - All4Laptop.ro","robots":{"index":"index","follow":"follow","max-snippet":"max-snippet:-1","max-image-preview":"max-image-preview:large","max-video-preview":"max-video-preview:-1"},"canonical":"https:\/\/all4laptop.ro\/store\/produs\/patona-e-scooter-pt13-1-with-road-approval-height-adjustable-8-inch\/","og_locale":"ro_RO","og_type":"article","og_title":"PATONA E-Scooter PT13-1 with road approval height adjustable 8 inch - All4Laptop.ro","og_description":"Scooter electric PATONA PT13-1 cu \u00een\u0103l\u021bime reglabil\u0103 de 8 inchi pe omologare de drum Suntem m\u00e2ndri s\u0103 v\u0103 prezent\u0103m noul nostru trotinet electric PT13-1. \u00cen calitate de companie lider de marc\u0103 pentru bateriile Digicam \u00een Europa \u0219i ca angrosist de succes la nivel global, avem toate cuno\u0219tin\u021bele noastre \u00eencorporate \u00een trotinetele noastre inovatoare PATONA. Avem [&hellip;]","og_url":"https:\/\/all4laptop.ro\/store\/produs\/patona-e-scooter-pt13-1-with-road-approval-height-adjustable-8-inch\/","og_site_name":"All4Laptop.ro","article_publisher":"https:\/\/www.facebook.com\/all4laptop.ro","article_modified_time":"2024-06-17T06:33:30+00:00","og_image":[{"width":1141,"height":1280,"url":"https:\/\/all4laptop.ro\/store\/wp-content\/uploads\/2024\/04\/7788-6_1280x1280.jpg","type":"image\/jpeg"}],"twitter_card":"summary_large_image","twitter_misc":{"Timp estimat pentru citire":"2 minute"},"schema":{"@context":"https:\/\/schema.org","@graph":[{"@type":"WebPage","@id":"https:\/\/all4laptop.ro\/store\/produs\/patona-e-scooter-pt13-1-with-road-approval-height-adjustable-8-inch\/","url":"https:\/\/all4laptop.ro\/store\/produs\/patona-e-scooter-pt13-1-with-road-approval-height-adjustable-8-inch\/","name":"PATONA E-Scooter PT13-1 with road approval height adjustable 8 inch - All4Laptop.ro","isPartOf":{"@id":"https:\/\/all4laptop.ro\/store\/#website"},"primaryImageOfPage":{"@id":"https:\/\/all4laptop.ro\/store\/produs\/patona-e-scooter-pt13-1-with-road-approval-height-adjustable-8-inch\/#primaryimage"},"image":{"@id":"https:\/\/all4laptop.ro\/store\/produs\/patona-e-scooter-pt13-1-with-road-approval-height-adjustable-8-inch\/#primaryimage"},"thumbnailUrl":"https:\/\/all4laptop.ro\/store\/wp-content\/uploads\/2024\/04\/7788-6_1280x1280.jpg","datePublished":"2024-04-16T09:44:21+00:00","dateModified":"2024-06-17T06:33:30+00:00","breadcrumb":{"@id":"https:\/\/all4laptop.ro\/store\/produs\/patona-e-scooter-pt13-1-with-road-approval-height-adjustable-8-inch\/#breadcrumb"},"inLanguage":"ro-RO","potentialAction":[{"@type":"ReadAction","target":["https:\/\/all4laptop.ro\/store\/produs\/patona-e-scooter-pt13-1-with-road-approval-height-adjustable-8-inch\/"]}]},{"@type":"ImageObject","inLanguage":"ro-RO","@id":"https:\/\/all4laptop.ro\/store\/produs\/patona-e-scooter-pt13-1-with-road-approval-height-adjustable-8-inch\/#primaryimage","url":"https:\/\/all4laptop.ro\/store\/wp-content\/uploads\/2024\/04\/7788-6_1280x1280.jpg","contentUrl":"https:\/\/all4laptop.ro\/store\/wp-content\/uploads\/2024\/04\/7788-6_1280x1280.jpg","width":1141,"height":1280},{"@type":"BreadcrumbList","@id":"https:\/\/all4laptop.ro\/store\/produs\/patona-e-scooter-pt13-1-with-road-approval-height-adjustable-8-inch\/#breadcrumb","itemListElement":[{"@type":"ListItem","position":1,"name":"Prima pagin\u0103","item":"https:\/\/all4laptop.ro\/store\/"},{"@type":"ListItem","position":2,"name":"Magazin","item":"https:\/\/all4laptop.ro\/store\/"},{"@type":"ListItem","position":3,"name":"PATONA E-Scooter PT13-1 with road approval height adjustable 8 inch"}]},{"@type":"WebSite","@id":"https:\/\/all4laptop.ro\/store\/#website","url":"https:\/\/all4laptop.ro\/store\/","name":"All4Laptop.ro","description":"Baterii, tastaturi, incarcatoare, display-uri, coolere, balamale si piese laptop","publisher":{"@id":"https:\/\/all4laptop.ro\/store\/#organization"},"alternateName":"All4Laptop by Mado Solutions","potentialAction":[{"@type":"SearchAction","target":{"@type":"EntryPoint","urlTemplate":"https:\/\/all4laptop.ro\/store\/?s={search_term_string}"},"query-input":"required name=search_term_string"}],"inLanguage":"ro-RO"},{"@type":"Organization","@id":"https:\/\/all4laptop.ro\/store\/#organization","name":"Mado Solutions SRL","alternateName":"All4Laptop.ro by Mado Solutions SRL","url":"https:\/\/all4laptop.ro\/store\/","logo":{"@type":"ImageObject","inLanguage":"ro-RO","@id":"https:\/\/all4laptop.ro\/store\/#\/schema\/logo\/image\/","url":"https:\/\/all4laptop.ro\/store\/wp-content\/uploads\/2024\/05\/2.jpg","contentUrl":"https:\/\/all4laptop.ro\/store\/wp-content\/uploads\/2024\/05\/2.jpg","width":408,"height":318,"caption":"Mado Solutions SRL"},"image":{"@id":"https:\/\/all4laptop.ro\/store\/#\/schema\/logo\/image\/"},"sameAs":["https:\/\/www.facebook.com\/all4laptop.ro"]}]}},"_links":{"self":[{"href":"https:\/\/all4laptop.ro\/store\/wp-json\/wp\/v2\/product\/6400","targetHints":{"allow":["GET"]}}],"collection":[{"href":"https:\/\/all4laptop.ro\/store\/wp-json\/wp\/v2\/product"}],"about":[{"href":"https:\/\/all4laptop.ro\/store\/wp-json\/wp\/v2\/types\/product"}],"replies":[{"embeddable":true,"href":"https:\/\/all4laptop.ro\/store\/wp-json\/wp\/v2\/comments?post=6400"}],"wp:featuredmedia":[{"embeddable":true,"href":"https:\/\/all4laptop.ro\/store\/wp-json\/wp\/v2\/media\/6399"}],"wp:attachment":[{"href":"https:\/\/all4laptop.ro\/store\/wp-json\/wp\/v2\/media?parent=6400"}],"wp:term":[{"taxonomy":"product_cat","embeddable":true,"href":"https:\/\/all4laptop.ro\/store\/wp-json\/wp\/v2\/product_cat?post=6400"},{"taxonomy":"product_tag","embeddable":true,"href":"https:\/\/all4laptop.ro\/store\/wp-json\/wp\/v2\/product_tag?post=6400"}],"curies":[{"name":"wp","href":"https:\/\/api.w.org\/{rel}","templated":true}]}}