{"id":6412,"date":"2024-04-16T09:44:37","date_gmt":"2024-04-16T09:44:37","guid":{"rendered":"https:\/\/dev4.acvision.ro\/store\/produs\/powerbank-pt-2x-gopro-hero-3-batteries-incl-usb-output-by-patona\/"},"modified":"2024-06-17T06:33:11","modified_gmt":"2024-06-17T06:33:11","slug":"powerbank-pt-2x-gopro-hero-3-batteries-incl-usb-output-by-patona","status":"publish","type":"product","link":"https:\/\/all4laptop.ro\/store\/produs\/powerbank-pt-2x-gopro-hero-3-batteries-incl-usb-output-by-patona\/","title":{"rendered":"Powerbank pt. 2x GoPro Hero 3 batteries incl. USB-Output by PATONA"},"content":{"rendered":"<h2> Powerbank pt. 2x baterii GoPro Hero 3 incl. Ie\u0219ire USB de la PATONA<\/h2>\n<p> Cu PATONA Powerbank pute\u021bi \u00eenc\u0103rca simultan dou\u0103 baterii Hero 3. Nu ve\u021bi mai pierde niciun moment din cauza unei baterii goale din nou.<\/p>\n<p> Powerbank este capabil s\u0103 \u00eencarce un dispozitiv USB, chiar \u0219i \u00een acela\u0219i timp cu p\u00e2n\u0103 la 2 baterii Hero 3. Astfel, pute\u021bi s\u0103 v\u0103 \u00eenc\u0103rca\u021bi Smartphone-ul din mers.<\/p>\n<p> Cu lanterna LED integrat\u0103 v\u0103 ve\u021bi g\u0103si \u00eentotdeauna drumul dac\u0103 este \u00eentuneric.<\/p>\n<p><strong>Date tehnice:< \/strong> <\/p>\n<ul>\n<li>Capacitate: 7500mAh<\/li>\n<li>Intrare: DC 5V \/ 1A<\/li>\n<li>Ie\u0219ire: DC 5V \/ 2A max (USB) <\/li>\n<p>< li>Ie\u0219ire: DC 5V \/ 0,5A (CH1 \/ CH2) <\/li>\n<li>Latern\u0103 LED \u00eencorporat\u0103<\/li>\n<li>Dimensiune: 130 x 23 x 63 cm<\/li>\n<li>Contact: Micro USB (intrare), USB (ie\u0219ire), 2 t\u0103vi de \u00eenc\u0103rcare (ie\u0219ire) <\/li>\n<\/ul>\n<\/h2>\n","protected":false},"excerpt":{"rendered":"<p>Powerbank pt. 2x baterii GoPro Hero 3 incl. Ie\u0219ire USB de la PATONA Cu PATONA Powerbank pute\u021bi \u00eenc\u0103rca simultan dou\u0103 baterii Hero 3. Nu ve\u021bi mai pierde niciun moment din cauza unei baterii goale din nou. Powerbank este capabil s\u0103 \u00eencarce un dispozitiv USB, chiar \u0219i \u00een acela\u0219i timp cu p\u00e2n\u0103 la 2 baterii Hero [&hellip;]<\/p>\n","protected":false},"featured_media":6411,"comment_status":"open","ping_status":"closed","template":"","meta":{"_joinchat":[]},"product_cat":[192],"product_tag":[],"class_list":{"0":"post-6412","1":"product","2":"type-product","3":"status-publish","4":"has-post-thumbnail","6":"product_cat-baterii-camere-foto-video","7":"product_shipping_class-valoare","9":"first","10":"instock","11":"shipping-taxable","12":"purchasable","13":"product-type-simple"},"yoast_head":"<!-- This site is optimized with the Yoast SEO plugin v22.7 - https:\/\/yoast.com\/wordpress\/plugins\/seo\/ -->\n<title>Powerbank pt. 2x GoPro Hero 3 batteries incl. USB-Output by PATONA - All4Laptop.ro<\/title>\n<meta name=\"robots\" content=\"index, follow, max-snippet:-1, max-image-preview:large, max-video-preview:-1\" \/>\n<link rel=\"canonical\" href=\"https:\/\/all4laptop.ro\/store\/produs\/powerbank-pt-2x-gopro-hero-3-batteries-incl-usb-output-by-patona\/\" \/>\n<meta property=\"og:locale\" content=\"ro_RO\" \/>\n<meta property=\"og:type\" content=\"article\" \/>\n<meta property=\"og:title\" content=\"Powerbank pt. 2x GoPro Hero 3 batteries incl. USB-Output by PATONA - All4Laptop.ro\" \/>\n<meta property=\"og:description\" content=\"Powerbank pt. 2x baterii GoPro Hero 3 incl. Ie\u0219ire USB de la PATONA Cu PATONA Powerbank pute\u021bi \u00eenc\u0103rca simultan dou\u0103 baterii Hero 3. Nu ve\u021bi mai pierde niciun moment din cauza unei baterii goale din nou. Powerbank este capabil s\u0103 \u00eencarce un dispozitiv USB, chiar \u0219i \u00een acela\u0219i timp cu p\u00e2n\u0103 la 2 baterii Hero [&hellip;]\" \/>\n<meta property=\"og:url\" content=\"https:\/\/all4laptop.ro\/store\/produs\/powerbank-pt-2x-gopro-hero-3-batteries-incl-usb-output-by-patona\/\" \/>\n<meta property=\"og:site_name\" content=\"All4Laptop.ro\" \/>\n<meta property=\"article:publisher\" content=\"https:\/\/www.facebook.com\/all4laptop.ro\" \/>\n<meta property=\"article:modified_time\" content=\"2024-06-17T06:33:11+00:00\" \/>\n<meta property=\"og:image\" content=\"https:\/\/all4laptop.ro\/store\/wp-content\/uploads\/2024\/04\/1988-159adaad0f05a0_1280x1280.jpg\" \/>\n\t<meta property=\"og:image:width\" content=\"1000\" \/>\n\t<meta property=\"og:image:height\" content=\"597\" \/>\n\t<meta property=\"og:image:type\" content=\"image\/jpeg\" \/>\n<meta name=\"twitter:card\" content=\"summary_large_image\" \/>\n<meta name=\"twitter:label1\" content=\"Timp estimat pentru citire\" \/>\n\t<meta name=\"twitter:data1\" content=\"1 minut\" \/>\n<script type=\"application\/ld+json\" class=\"yoast-schema-graph\">{\"@context\":\"https:\/\/schema.org\",\"@graph\":[{\"@type\":\"WebPage\",\"@id\":\"https:\/\/all4laptop.ro\/store\/produs\/powerbank-pt-2x-gopro-hero-3-batteries-incl-usb-output-by-patona\/\",\"url\":\"https:\/\/all4laptop.ro\/store\/produs\/powerbank-pt-2x-gopro-hero-3-batteries-incl-usb-output-by-patona\/\",\"name\":\"Powerbank pt. 2x GoPro Hero 3 batteries incl. USB-Output by PATONA - All4Laptop.ro\",\"isPartOf\":{\"@id\":\"https:\/\/all4laptop.ro\/store\/#website\"},\"primaryImageOfPage\":{\"@id\":\"https:\/\/all4laptop.ro\/store\/produs\/powerbank-pt-2x-gopro-hero-3-batteries-incl-usb-output-by-patona\/#primaryimage\"},\"image\":{\"@id\":\"https:\/\/all4laptop.ro\/store\/produs\/powerbank-pt-2x-gopro-hero-3-batteries-incl-usb-output-by-patona\/#primaryimage\"},\"thumbnailUrl\":\"https:\/\/all4laptop.ro\/store\/wp-content\/uploads\/2024\/04\/1988-159adaad0f05a0_1280x1280.jpg\",\"datePublished\":\"2024-04-16T09:44:37+00:00\",\"dateModified\":\"2024-06-17T06:33:11+00:00\",\"breadcrumb\":{\"@id\":\"https:\/\/all4laptop.ro\/store\/produs\/powerbank-pt-2x-gopro-hero-3-batteries-incl-usb-output-by-patona\/#breadcrumb\"},\"inLanguage\":\"ro-RO\",\"potentialAction\":[{\"@type\":\"ReadAction\",\"target\":[\"https:\/\/all4laptop.ro\/store\/produs\/powerbank-pt-2x-gopro-hero-3-batteries-incl-usb-output-by-patona\/\"]}]},{\"@type\":\"ImageObject\",\"inLanguage\":\"ro-RO\",\"@id\":\"https:\/\/all4laptop.ro\/store\/produs\/powerbank-pt-2x-gopro-hero-3-batteries-incl-usb-output-by-patona\/#primaryimage\",\"url\":\"https:\/\/all4laptop.ro\/store\/wp-content\/uploads\/2024\/04\/1988-159adaad0f05a0_1280x1280.jpg\",\"contentUrl\":\"https:\/\/all4laptop.ro\/store\/wp-content\/uploads\/2024\/04\/1988-159adaad0f05a0_1280x1280.jpg\",\"width\":1000,\"height\":597},{\"@type\":\"BreadcrumbList\",\"@id\":\"https:\/\/all4laptop.ro\/store\/produs\/powerbank-pt-2x-gopro-hero-3-batteries-incl-usb-output-by-patona\/#breadcrumb\",\"itemListElement\":[{\"@type\":\"ListItem\",\"position\":1,\"name\":\"Prima pagin\u0103\",\"item\":\"https:\/\/all4laptop.ro\/store\/\"},{\"@type\":\"ListItem\",\"position\":2,\"name\":\"Magazin\",\"item\":\"https:\/\/all4laptop.ro\/store\/\"},{\"@type\":\"ListItem\",\"position\":3,\"name\":\"Powerbank pt. 2x GoPro Hero 3 batteries incl. USB-Output by PATONA\"}]},{\"@type\":\"WebSite\",\"@id\":\"https:\/\/all4laptop.ro\/store\/#website\",\"url\":\"https:\/\/all4laptop.ro\/store\/\",\"name\":\"All4Laptop.ro\",\"description\":\"Baterii, tastaturi, incarcatoare, display-uri, coolere, balamale si piese laptop\",\"publisher\":{\"@id\":\"https:\/\/all4laptop.ro\/store\/#organization\"},\"alternateName\":\"All4Laptop by Mado Solutions\",\"potentialAction\":[{\"@type\":\"SearchAction\",\"target\":{\"@type\":\"EntryPoint\",\"urlTemplate\":\"https:\/\/all4laptop.ro\/store\/?s={search_term_string}\"},\"query-input\":\"required name=search_term_string\"}],\"inLanguage\":\"ro-RO\"},{\"@type\":\"Organization\",\"@id\":\"https:\/\/all4laptop.ro\/store\/#organization\",\"name\":\"Mado Solutions SRL\",\"alternateName\":\"All4Laptop.ro by Mado Solutions SRL\",\"url\":\"https:\/\/all4laptop.ro\/store\/\",\"logo\":{\"@type\":\"ImageObject\",\"inLanguage\":\"ro-RO\",\"@id\":\"https:\/\/all4laptop.ro\/store\/#\/schema\/logo\/image\/\",\"url\":\"https:\/\/all4laptop.ro\/store\/wp-content\/uploads\/2024\/05\/2.jpg\",\"contentUrl\":\"https:\/\/all4laptop.ro\/store\/wp-content\/uploads\/2024\/05\/2.jpg\",\"width\":408,\"height\":318,\"caption\":\"Mado Solutions SRL\"},\"image\":{\"@id\":\"https:\/\/all4laptop.ro\/store\/#\/schema\/logo\/image\/\"},\"sameAs\":[\"https:\/\/www.facebook.com\/all4laptop.ro\"]}]}<\/script>\n<!-- \/ Yoast SEO plugin. -->","yoast_head_json":{"title":"Powerbank pt. 2x GoPro Hero 3 batteries incl. USB-Output by PATONA - All4Laptop.ro","robots":{"index":"index","follow":"follow","max-snippet":"max-snippet:-1","max-image-preview":"max-image-preview:large","max-video-preview":"max-video-preview:-1"},"canonical":"https:\/\/all4laptop.ro\/store\/produs\/powerbank-pt-2x-gopro-hero-3-batteries-incl-usb-output-by-patona\/","og_locale":"ro_RO","og_type":"article","og_title":"Powerbank pt. 2x GoPro Hero 3 batteries incl. USB-Output by PATONA - All4Laptop.ro","og_description":"Powerbank pt. 2x baterii GoPro Hero 3 incl. Ie\u0219ire USB de la PATONA Cu PATONA Powerbank pute\u021bi \u00eenc\u0103rca simultan dou\u0103 baterii Hero 3. Nu ve\u021bi mai pierde niciun moment din cauza unei baterii goale din nou. Powerbank este capabil s\u0103 \u00eencarce un dispozitiv USB, chiar \u0219i \u00een acela\u0219i timp cu p\u00e2n\u0103 la 2 baterii Hero [&hellip;]","og_url":"https:\/\/all4laptop.ro\/store\/produs\/powerbank-pt-2x-gopro-hero-3-batteries-incl-usb-output-by-patona\/","og_site_name":"All4Laptop.ro","article_publisher":"https:\/\/www.facebook.com\/all4laptop.ro","article_modified_time":"2024-06-17T06:33:11+00:00","og_image":[{"width":1000,"height":597,"url":"https:\/\/all4laptop.ro\/store\/wp-content\/uploads\/2024\/04\/1988-159adaad0f05a0_1280x1280.jpg","type":"image\/jpeg"}],"twitter_card":"summary_large_image","twitter_misc":{"Timp estimat pentru citire":"1 minut"},"schema":{"@context":"https:\/\/schema.org","@graph":[{"@type":"WebPage","@id":"https:\/\/all4laptop.ro\/store\/produs\/powerbank-pt-2x-gopro-hero-3-batteries-incl-usb-output-by-patona\/","url":"https:\/\/all4laptop.ro\/store\/produs\/powerbank-pt-2x-gopro-hero-3-batteries-incl-usb-output-by-patona\/","name":"Powerbank pt. 2x GoPro Hero 3 batteries incl. USB-Output by PATONA - All4Laptop.ro","isPartOf":{"@id":"https:\/\/all4laptop.ro\/store\/#website"},"primaryImageOfPage":{"@id":"https:\/\/all4laptop.ro\/store\/produs\/powerbank-pt-2x-gopro-hero-3-batteries-incl-usb-output-by-patona\/#primaryimage"},"image":{"@id":"https:\/\/all4laptop.ro\/store\/produs\/powerbank-pt-2x-gopro-hero-3-batteries-incl-usb-output-by-patona\/#primaryimage"},"thumbnailUrl":"https:\/\/all4laptop.ro\/store\/wp-content\/uploads\/2024\/04\/1988-159adaad0f05a0_1280x1280.jpg","datePublished":"2024-04-16T09:44:37+00:00","dateModified":"2024-06-17T06:33:11+00:00","breadcrumb":{"@id":"https:\/\/all4laptop.ro\/store\/produs\/powerbank-pt-2x-gopro-hero-3-batteries-incl-usb-output-by-patona\/#breadcrumb"},"inLanguage":"ro-RO","potentialAction":[{"@type":"ReadAction","target":["https:\/\/all4laptop.ro\/store\/produs\/powerbank-pt-2x-gopro-hero-3-batteries-incl-usb-output-by-patona\/"]}]},{"@type":"ImageObject","inLanguage":"ro-RO","@id":"https:\/\/all4laptop.ro\/store\/produs\/powerbank-pt-2x-gopro-hero-3-batteries-incl-usb-output-by-patona\/#primaryimage","url":"https:\/\/all4laptop.ro\/store\/wp-content\/uploads\/2024\/04\/1988-159adaad0f05a0_1280x1280.jpg","contentUrl":"https:\/\/all4laptop.ro\/store\/wp-content\/uploads\/2024\/04\/1988-159adaad0f05a0_1280x1280.jpg","width":1000,"height":597},{"@type":"BreadcrumbList","@id":"https:\/\/all4laptop.ro\/store\/produs\/powerbank-pt-2x-gopro-hero-3-batteries-incl-usb-output-by-patona\/#breadcrumb","itemListElement":[{"@type":"ListItem","position":1,"name":"Prima pagin\u0103","item":"https:\/\/all4laptop.ro\/store\/"},{"@type":"ListItem","position":2,"name":"Magazin","item":"https:\/\/all4laptop.ro\/store\/"},{"@type":"ListItem","position":3,"name":"Powerbank pt. 2x GoPro Hero 3 batteries incl. USB-Output by PATONA"}]},{"@type":"WebSite","@id":"https:\/\/all4laptop.ro\/store\/#website","url":"https:\/\/all4laptop.ro\/store\/","name":"All4Laptop.ro","description":"Baterii, tastaturi, incarcatoare, display-uri, coolere, balamale si piese laptop","publisher":{"@id":"https:\/\/all4laptop.ro\/store\/#organization"},"alternateName":"All4Laptop by Mado Solutions","potentialAction":[{"@type":"SearchAction","target":{"@type":"EntryPoint","urlTemplate":"https:\/\/all4laptop.ro\/store\/?s={search_term_string}"},"query-input":"required name=search_term_string"}],"inLanguage":"ro-RO"},{"@type":"Organization","@id":"https:\/\/all4laptop.ro\/store\/#organization","name":"Mado Solutions SRL","alternateName":"All4Laptop.ro by Mado Solutions SRL","url":"https:\/\/all4laptop.ro\/store\/","logo":{"@type":"ImageObject","inLanguage":"ro-RO","@id":"https:\/\/all4laptop.ro\/store\/#\/schema\/logo\/image\/","url":"https:\/\/all4laptop.ro\/store\/wp-content\/uploads\/2024\/05\/2.jpg","contentUrl":"https:\/\/all4laptop.ro\/store\/wp-content\/uploads\/2024\/05\/2.jpg","width":408,"height":318,"caption":"Mado Solutions SRL"},"image":{"@id":"https:\/\/all4laptop.ro\/store\/#\/schema\/logo\/image\/"},"sameAs":["https:\/\/www.facebook.com\/all4laptop.ro"]}]}},"_links":{"self":[{"href":"https:\/\/all4laptop.ro\/store\/wp-json\/wp\/v2\/product\/6412","targetHints":{"allow":["GET"]}}],"collection":[{"href":"https:\/\/all4laptop.ro\/store\/wp-json\/wp\/v2\/product"}],"about":[{"href":"https:\/\/all4laptop.ro\/store\/wp-json\/wp\/v2\/types\/product"}],"replies":[{"embeddable":true,"href":"https:\/\/all4laptop.ro\/store\/wp-json\/wp\/v2\/comments?post=6412"}],"wp:featuredmedia":[{"embeddable":true,"href":"https:\/\/all4laptop.ro\/store\/wp-json\/wp\/v2\/media\/6411"}],"wp:attachment":[{"href":"https:\/\/all4laptop.ro\/store\/wp-json\/wp\/v2\/media?parent=6412"}],"wp:term":[{"taxonomy":"product_cat","embeddable":true,"href":"https:\/\/all4laptop.ro\/store\/wp-json\/wp\/v2\/product_cat?post=6412"},{"taxonomy":"product_tag","embeddable":true,"href":"https:\/\/all4laptop.ro\/store\/wp-json\/wp\/v2\/product_tag?post=6412"}],"curies":[{"name":"wp","href":"https:\/\/api.w.org\/{rel}","templated":true}]}}